{"id":1147,"date":"2014-04-26T17:00:43","date_gmt":"2014-04-26T17:00:43","guid":{"rendered":"https:\/\/amigosdeltercertercio.com\/web\/?page_id=1147"},"modified":"2025-12-02T13:51:05","modified_gmt":"2025-12-02T13:51:05","slug":"jefes-del-tercio-banderas","status":"publish","type":"page","link":"https:\/\/amigosdeltercertercio.com\/web\/jefes-del-tercio-banderas\/","title":{"rendered":"Jefes del Tercio \/ Banderas"},"content":{"rendered":"<p style=\"text-align: right;\"><a href=\"https:\/\/amigosdeltercertercio.com\/web\/wp-content\/uploads\/2014\/04\/guiones.jpg\"><img loading=\"lazy\" decoding=\"async\" class=\"aligncenter size-full wp-image-1175\" src=\"https:\/\/amigosdeltercertercio.com\/web\/wp-content\/uploads\/2014\/04\/guiones.jpg\" alt=\"guiones\" width=\"288\" height=\"108\" \/><\/a><\/p>\n<p align=\"center\"><span style=\"font-size: x-large;\">TERCIO \u00abD. JUAN DE AUSTRIA\u00bb<\/span><\/p>\n<p align=\"center\"><span style=\"font-size: x-large;\"> 3\u00ba DE LA LEGI\u00d3N<\/span><\/p>\n<p style=\"text-align: justify;\">\u00a0Por orden del Ministerio del Ej\u00e9rcito del 21 de diciembre de 1939 la Legi\u00f3n, que solo contaba con dos Tercios, se reestructur\u00f3 cre\u00e1ndose el 3er Tercio a partir del 1 de enero de 1940 en <i>Larache<\/i> (Marruecos), con las VII y IX Banderas procedentes del 2\u00ba Tercio (<i>Dar-Riffien<\/i>, pr\u00f3ximo a Ceuta), y la VIII Bandera que ven\u00eda del 1\u00ba (<i>Tahuima<\/i>, en la zona de Melilla). En la lista de revista del 1\u00ba de enero de 1940 figuraban 85 Jefes-Oficiales, 111 Suboficiales y 2.523 de tropa, lo que hac\u00eda un total de 2.719 hombres, entre mandos y legionarios.<\/p>\n<h3 align=\"center\"><em>JEFES DEL TERCIO<\/em><\/h3>\n<h3 align=\"center\"><em>Y<\/em><\/h3>\n<h3 align=\"center\"><em>BANDERAS<\/em><\/h3>\n<h3><\/h3>\n<p align=\"justify\"><span style=\"color: #ff0000;\"><em><b> <span style=\"font-size: large;\">Jefes de Unidad en Larache<\/span><\/b><\/em><\/span><\/p>\n<p align=\"justify\"><span style=\"color: #0000ff;\"><em><span style=\"font-weight: bold;\"> Coroneles:<\/span><\/em><\/span><\/p>\n<p align=\"justify\">D.<i> <\/i> Jos\u00e9 Vierna de Tr\u00e1paga (21 dic 39 \u2013 10 feb 44)<\/p>\n<p align=\"justify\">D. Crescencio P\u00e9rez Burumburu 14 feb 44 \u2013 26 sep 49)<\/p>\n<p align=\"justify\">D. Juan Morales Jim\u00e9nez (19 oct 49 \u2013 20 ene 54)<\/p>\n<p align=\"justify\">D. Luis Carvajal Arrieta (18 mar 54 \u2013 17 abril 56)<\/p>\n<p align=\"justify\">D. Francisco Javier de As\u00faa y Sejournat (8 may 56 \u2013 3 ago 59). Fue el \u00faltimo Coronel en Larache; se ocup\u00f3 del traslado a Aai\u00fan, siendo el primer Coronel del Tercio Sahariano D. Juan de Austria.<\/p>\n<p align=\"justify\"><em><span style=\"color: #0000ff;\"><b>Tenientes Coroneles<\/b><\/span><b>:<\/b><\/em><\/p>\n<p align=\"justify\">Tcol.\u00a0Pav\u00f3n, fue Tcol. Mayor en los primeros a\u00f1os.<\/p>\n<p align=\"justify\">Tcol.\u00a0Su\u00e1rez, fue Jefe de Instrucci\u00f3n hasta 1948.<\/p>\n<p align=\"justify\">Tcol.\u00a0Hoces, fue Jefe de Instrucci\u00f3n desde 1948.<\/p>\n<p align=\"justify\">Tcol.\u00a0Vallesp\u00edn, antiguo Cadete en 1936; ascendi\u00f3 por m\u00e9ritos de guerra en Rusia, Divisi\u00f3n Azul; siendo General de Brigada mand\u00f3 la AGM; fue como Teniente General Presidente de la Junta de Jefes de Estado Mayor.<\/p>\n<p align=\"justify\">Tcol.\u00a0Molina, como Jefe de Instrucci\u00f3n qued\u00f3 al Mando de la Agrupaci\u00f3n de Banderas al salir de Larache y hasta su integraci\u00f3n en el 2\u00ba Tercio; continu\u00f3 en Aai\u00fan con su cometido.<\/p>\n<p align=\"justify\">Tcol.\u00a0Quesada, fue Tcol. Mayor en Larache.<\/p>\n<p align=\"justify\">Tcol.\u00a0Valls-Moreno, fue Tcol. Mayor en Larache y Aai\u00fan.<\/p>\n<p align=\"justify\"><em><span style=\"font-weight: bold;\"><span style=\"color: #0000ff;\"> Comandantes<\/span>:<\/span><\/em><\/p>\n<p align=\"justify\">Cte.\u00a0Gassol, mand\u00f3 la VII Bandera hasta 1947.<\/p>\n<p align=\"justify\">Cte. Quiles Navarro, fue Jefe de la VIII Bandera hasta 1945.<\/p>\n<p align=\"justify\">Cte.\u00a0Carvajal, fue Jefe de la VIII desde 1945.<\/p>\n<p align=\"justify\">Cte.\u00a0Pati\u00f1o, antiguo Cadete en 1936, Medalla Militar Individual obtenida en Rusia, Divisi\u00f3n Azul. Mand\u00f3 la IX Bandera hasta su ascenso (1956-7).<\/p>\n<p align=\"justify\">Cte.\u00a0Fern\u00e1ndez, antiguo cadete en 1936; mand\u00f3 la VII en 1947 que se hizo cargo de la IX Bandera. que segu\u00eda mandando en 1952 en el momento de la creaci\u00f3n de la XII del 4\u00ba Tercio en Villasanjurjo (1952); hasta su ascenso fue Comandante Ayudante del Tercio.<\/p>\n<p align=\"justify\"><span style=\"color: #ff0000;\"><em><b> <span style=\"font-size: large;\">Jefes de Unidad en <\/span><\/b> <span style=\"font-size: large;\"><b>el Sahara<\/b><\/span><\/em><\/span><\/p>\n<p align=\"justify\"><em><span style=\"font-weight: bold;\"><span style=\"color: #0000ff;\"> Coroneles<\/span>:<\/span><\/em><\/p>\n<p align=\"justify\">D. Francisco Javier de As\u00faa y Sejournat (may 56 &#8211; ago 59).<\/p>\n<p align=\"justify\">D. Francisco Coloma Gallego (oct 59 &#8211; ene 61).<\/p>\n<p align=\"justify\">D. Antonio Galindo Casellas (sep 61 -mar 65).<\/p>\n<p align=\"justify\">D. Nicol\u00e1s Alonso Doval (mar 65 &#8211; mar 67).<\/p>\n<p align=\"justify\">D. Fernando\u00a0 Sanjurjo de Carriarte (may 67 &#8211; ago 69).<\/p>\n<p align=\"justify\">D. Jos\u00e9 Mar\u00eda Tim\u00f3n Lara ( oct 69 &#8211; nov 75).<\/p>\n<p align=\"justify\"><em><b><span style=\"color: #0000ff;\"> Jefes de la VII Bandera<\/span>:<\/b><\/em><\/p>\n<p align=\"justify\">Cte. Mu\u00f1oz (dic 58 &#8211; sep59).<\/p>\n<p align=\"justify\">Cte. Tim\u00f3n Lara (sep 59 &#8211; jun 60).<\/p>\n<p align=\"justify\">Cte. Brangua (jun 60 &#8211; feb 62).<\/p>\n<p align=\"justify\"><span style=\"font-size: small;\"> Cte. <\/span>Sanz \u00a0(feb 62 &#8211; sep 62).<\/p>\n<p>Cte. Barrientos (sep 62 &#8211; mar 63).<\/p>\n<p>Tcol.Lago \u00a0(mar 63 &#8211; ago 67).<\/p>\n<p align=\"justify\">Tcol. Castro (nov 72 &#8211; abr 75).<\/p>\n<p align=\"justify\">Tcol. Tapia (may 75 &#8211; jul 76).<\/p>\n<p align=\"justify\"><em><b><span style=\"color: #0000ff;\"> Jefes de la VIII Bandera<\/span>:<\/b><\/em><\/p>\n<p align=\"justify\">Cte. de Paz Garnelo (feb 58 &#8211; abr 60).<\/p>\n<p align=\"justify\">Cte. Ubi\u00f1a ( abr 60 &#8211; jun 62).<\/p>\n<p align=\"justify\">Cte. Sanz \u00a0( jun 62 &#8211; may 63),<\/p>\n<p align=\"justify\">Tcol. de las Casas (may 63 &#8211; may 64).<\/p>\n<p align=\"justify\">Tcol. Rodr\u00edguez \u00a0(may 64 &#8211; jun 66).<\/p>\n<p align=\"justify\">Tcol. Mu\u00f1oz (jun 66 &#8211; may 67).<\/p>\n<p align=\"justify\">Tcol. Rodriguez \u00a0(ago 67 &#8211; abr 70).<\/p>\n<p align=\"justify\">Tcol. Espejo \u00a0(abr 70 &#8211; ene 75).<\/p>\n<p align=\"justify\">Tcol. \u00a0L\u00f3pez \u00a0(ene 75 &#8211; mar 76).<\/p>\n<p align=\"justify\"><em><strong><span style=\"color: #0000ff;\"> Jefes del Grupo Ligero de Caballer\u00eda<\/span>:<\/strong><\/em><\/p>\n<p align=\"justify\">Tcol. Bulnes \u00a0(1958-64).<\/p>\n<p align=\"justify\">Tcol. Clavero \u00a0(1964-66).<\/p>\n<p align=\"justify\">Tcol. Represa (1967-70).<\/p>\n<p align=\"justify\">Tcol. Valencia (1970-71).<\/p>\n<p align=\"justify\">Tcol. de Travesado \u00a0(1971-73).<\/p>\n<p align=\"justify\">Tcol. Blanco \u00a0(1973-75).<\/p>\n<p align=\"justify\"><em><span style=\"font-weight: bold;\"><span style=\"color: #0000ff;\"> Jefes de la Bater\u00eda de Artiller\u00eda<\/span>:<\/span><\/em><\/p>\n<p align=\"justify\">Cap. Fort\u00fa \u00a0(1958-59).<\/p>\n<p align=\"justify\">Cap. Vargas-Machuca (1959-63).<\/p>\n<p align=\"justify\">Cap. Perea \u00a0(jul 63 &#8211; dic 63).<\/p>\n<p align=\"justify\"><em><span style=\"font-weight: bold;\"><span style=\"color: #0000ff;\"> Jefe de la Compa\u00f1\u00eda de Carros Bakali<\/span>:<\/span><\/em><\/p>\n<p align=\"justify\">Cap. Rodr\u00edguez del Cerro, su primer u \u00fanico jefe (1970-75).<\/p>\n<p><span style=\"color: #ff0000;\"><em><b><span style=\"font-size: large;\">Jefes de Unidad en Fuerteventura<\/span><\/b><\/em><\/span><\/p>\n<p><em><span style=\"font-weight: bold;\"><span style=\"color: #0000ff;\"> Coroneles<\/span>:<\/span><\/em><\/p>\n<p>D. Tom\u00e1s Pall\u00e1s Sierra (ene 76-jul 78).<\/p>\n<p>D. Jos\u00e9 Mar\u00eda Gonz\u00e1lez del Hierro Villota (ago 78-jul 80).<\/p>\n<p>D. Luis Quintas Gil (oct 80-oct 83).<\/p>\n<p>D. Pedro Soto del R\u00edo (ene 84-ene 86).<\/p>\n<p>D. Manuel Calero Bejar (ene 86-dic 87).<\/p>\n<p>D. Gilberto Marquina L\u00f3pez (dic 87-jun 89).<\/p>\n<p>D. Rafael Reig de la Vega (sep 89-sep 91).<\/p>\n<p>D. \u00c1ngel Morales D\u00edaz-Otero (sep 91-oct 93).<\/p>\n<p>D. Joaqu\u00edn Calleja P\u00e9rez (oct 93-oct 95).<\/p>\n<p>D. Pedro Mar\u00eda Andreu Gallardo (oct 95-oct 97).<\/p>\n<p><span style=\"color: #0000ff;\"><em><span style=\"font-weight: bold;\"> Tenientes Coroneles Jefes de la PLMM<\/span><\/em><\/span><\/p>\n<p>Tcol. Tapia (Enero 1976 a 1978).<\/p>\n<p>Tcol. Lorenzo \u00a0(1976, ausencia de Tapia).<\/p>\n<p>Tcol.\u00a0Aznar \u00a0(1978).<\/p>\n<p>Tcol.\u00a0C\u00e9spedes d (1981).<\/p>\n<p>Tcol.\u00a0Carrasco \u00a0(1982).<\/p>\n<p>Tcol. Pic\u00f3n (1982).<\/p>\n<p>Tcol.\u00a0L\u00e1zaro \u00a0(1986).<\/p>\n<p>Tcol.\u00a0Cano \u00a0(1989).<\/p>\n<p>Tcol.\u00a0Servera (1989).<\/p>\n<p>Tcol. Pardo (1990).<\/p>\n<p>Tcol. Cerezo \u00a0(1992).<\/p>\n<p>Tcol.\u00a0Mayoral \u00a0(1992-1995).<\/p>\n<p><em><span style=\"font-weight: bold;\"><span style=\"color: #0000ff;\"> Comandantes Jefes Accidentales de la PLMM<\/span>.<\/span><\/em><\/p>\n<p>Cte.\u00a0Aznar \u00a0(1977).<\/p>\n<p>Cte.\u00a0de la Brena (1977).<\/p>\n<p>Cte.\u00a0Holgu\u00edn \u00a0(1978).<\/p>\n<p>Cte.\u00a0Avila \u00a0(1978).<\/p>\n<p>Cte.\u00a0Gallego \u00a0(1979).<\/p>\n<p>Cte.Calleja \u00a0(1981).<\/p>\n<p>Cte.\u00a0Repoll\u00e9s a (1982).<\/p>\n<p>Cte.\u00a0Ranera (1982).<\/p>\n<p><em><span style=\"font-weight: bold;\"> T<span style=\"color: #0000ff;\">enientes Coroneles de la VII Bandera<\/span><\/span><\/em><\/p>\n<p>Tcol.\u00a0Tapia \u00a0(may 75-jul 76).<\/p>\n<p>Tcol.\u00a0L\u00f3pez (jul 76-jul 78).<\/p>\n<p>Tcol.\u00a0Gonz\u00e1lez (jul 78-feb 83)<\/p>\n<p>Tcol. L\u00f3pez (jun 83-abr 84).<\/p>\n<p>Tcol.\u00a0Holgu\u00edn (abr 84-may 87).<\/p>\n<p>Tcol.\u00a0Ranera \u00a0(ene 88-ene 89).<\/p>\n<p>Tcol.\u00a0Garc\u00eda \u00a0(ene 89-oct 89).<\/p>\n<p>Tcol.\u00a0Prado \u00a0(oct 89-ene 91).<\/p>\n<p>Tcol.\u00a0Rubio \u00a0(ene 91-sep 91).<\/p>\n<p>Tcol.\u00a0Mayoral \u00a0(dic 91-may 94).<\/p>\n<p>Tcol.\u00a0Rodr\u00edguez (may 94-1996).<\/p>\n<p><span style=\"color: #0000ff;\"><em><span style=\"font-weight: bold;\"> Tenientes Coroneles de la VIII Bandera<\/span><\/em><\/span><\/p>\n<p>Tcol.\u00a0L\u00f3pez \u00a0(01 ene 75-mar 76).<\/p>\n<p>Tcol. Suarez \u00a0(13 mar 76-oct77).<\/p>\n<p>Tcol.\u00a0de C\u00e9spedes \u00a0(29 oct 77-ene 79).<\/p>\n<p>Tcol.\u00a0\u00c1vila \u00a0(31 ene 79-oct 81).<\/p>\n<p>Tcol.\u00a0Carrasco \u00a0(27 feb 82-may 83).<\/p>\n<p>Tcol.\u00a0Mo\u00f1ita \u00a0(05 may 83-23 jun 83-18 julio 83).<\/p>\n<p>Tcol.\u00a0L\u00e1zaro \u00a0(19 dic 83-nov 85).<\/p>\n<p>Tcol.\u00a0Pic\u00f3n \u00a0(12 ene 86-jun 87).<\/p>\n<p>Tcol.\u00a0Cano \u00a0(2 sep 87-feb 89).<\/p>\n<p>Tcol.\u00a0Mato(21 feb 89-jun 92).<\/p>\n<p>Tcol.\u00a0Castro (01 jun 92-feb94).<\/p>\n<p>Tcol.\u00a0Su\u00e1rez \u00a0(09 may 94-95)<\/p>\n<p><span style=\"color: #0000ff;\"><em><span style=\"font-weight: bold;\"> Tenientes Coroneles del Grupo Ligero de Caballer\u00eda<\/span><\/em><\/span><\/p>\n<p>Tcol.\u00a0Casa de la Vega (1975-79).<\/p>\n<p>Tcol.\u00a0D\u00edaz \u00a0(1979-82).<\/p>\n<p>Tcol.\u00a0Sanz \u00a0(1982-85).<\/p>\n<p>Tcol.\u00a0Alonso (1985-88).El \u00faltimo Jefe del Grupo, (cuando \u00e9ste ya pas\u00f3 a pertenecer al 4\u00ba Tercio en Ronda).<\/p>\n<p><span style=\"color: #ff0000;\"><em><b><span style=\"font-size: large;\">Jefes de Unidad en Almer\u00eda<\/span><\/b><\/em><\/span><\/p>\n<p><span style=\"color: #0000ff;\"><em><span style=\"font-weight: bold;\"> Coroneles<\/span><\/em><\/span><\/p>\n<p>D. Pedro Mar\u00eda Andreu Gallardo (oct 95-oct 97).<\/p>\n<p>D. Manuel Juli\u00e1n Garc\u00eda Moreno (oct 97-oct 99).<\/p>\n<p>D. Francisco Manuel Morala Albadalejo (oct 99-dic 01).<\/p>\n<p>D. Vicente Bataller Alventosa (dic 01-dic 03).<\/p>\n<p>D. Adolfo Or\u00f3zco L\u00f3pez (dic03-dic05).<\/p>\n<p>D. Jos\u00e9 Antonio Alonso Miranda (dic05-dic07).<\/p>\n<p>D. Pedro P\u00e9rez Garc\u00eda (dic07-dic09).<\/p>\n<p>D. Jos\u00e9 Rodr\u00edguez Garc\u00eda (dic 09-nov 11).<\/p>\n<p>D. Demetrio Mu\u00f1oz Garc\u00eda (nov 11-dic 13).<\/p>\n<p>D. Antonio Esteban L\u00f3pez (dic 13-dic15).<\/p>\n<p>D. Victor Bados Nieto (dic15-dic17).<\/p>\n<p>D. Luis Francisco Cepeda Lucas (dic17-dic19).<\/p>\n<p>D. Pablo G\u00f3mez Lera (dic19-dic21).<\/p>\n<p>D. Enrique Gom\u00e1riz Devesa (dic21-dic23).<\/p>\n<p>D. Javier Mackinlay de Castilla (dic23-dic25).<\/p>\n<p>D. Jos\u00e9 Manuel Sanchez Arribas (dic25-dic&#8230;)<\/p>\n<p><span style=\"color: #0000ff;\"><em><span style=\"font-weight: bold;\"> Tenientes Coroneles Jefes PLMM<\/span><\/em><\/span><\/p>\n<p>Tcol. Mayoral \u00a0(1996-97).<\/p>\n<p>Tcol. \u00a0Alem\u00e1n \u00a0(1997-98).<\/p>\n<p>Tcol. \u00a0Palomino \u00a0(1997-98).<\/p>\n<p>Tcol. \u00a0Alem\u00e1n \u00a0(1998).<\/p>\n<p>Tcol \u00a0Alvarez \u00a0(2000).<\/p>\n<p>Tcol. \u00a0Garc\u00eda \u00a0(2000-01).<\/p>\n<p>Tcol. Palomino \u00a0(2001-02).<\/p>\n<p>Tcol. \u00a0Rubio \u00a0(2002-06).<\/p>\n<p>Tcol. \u00dabeda (2006-11).<\/p>\n<p>Tcol. \u00a0Garc\u00eda Navarro (2011-18).<\/p>\n<p>Tcol. Martel (2018-20).<\/p>\n<p>Cte. Garc\u00eda G. Jefe Interino (2020-21).<\/p>\n<p>Tcol. P\u00e9rez Mart\u00edn (agos2021-agos24).<\/p>\n<p>Cte. Perales Mico\u00a0 Jefe Interino (agos2024-agos25).<\/p>\n<p>Tcol. Macias Pinilla (agos2025-&#8230;.).<\/p>\n<p><span style=\"color: #0000ff;\"><em><span style=\"font-weight: bold;\"> Tenientes Coroneles Jefes VII Bandera<\/span><\/em><\/span><\/p>\n<p>Tcol. \u00a0Rodr\u00edguez \u00a0(1996-97).<\/p>\n<p>Tcol. Garc\u00eda Val\u00f3n (1997-00).<\/p>\n<p>Tcol. l \u00c1lvarez \u00a0(2000- jul03).<\/p>\n<p>Tcol. Garc\u00eda Val\u00f3n (jul03 &#8211; nov03).<\/p>\n<p>Tcol. \u00a0Ruiz \u00a0(nov03 &#8211; ago06).<\/p>\n<p>Tcol. Romero \u00a0(sep06 &#8211; ene10).<\/p>\n<p>Tcol. Echevarria (ene10 &#8211; jun13).<\/p>\n<p>Tcol. \u00a0Armada \u00a0(jun13-\u00a0sep16).<\/p>\n<p>Tcol. Mackinlay (sep16- sep19).<\/p>\n<p>Tcol. R\u00edos Blanco (sep19 -oct22).<\/p>\n<p>Tcol. Hilario Santiago (oct22-sep25).<\/p>\n<p>Tcol. Carlos Espinosa Rubio (sep25-sep&#8230;)<\/p>\n<p><span style=\"color: #0000ff;\"><em><span style=\"font-weight: bold;\"> Tenientes Coroneles Jefes de VIII Bandera<\/span><\/em><\/span><\/p>\n<p>Tcol. Palomino\u00a0(sep00 &#8211; 2003)<\/p>\n<p>Tcol. Gonz\u00e1lez El\u00fal (sep03 &#8211; 2006).<\/p>\n<p>Tcol. Vega (2006 &#8211; jul09).<\/p>\n<p>Tcol. \u00a0Salgado \u00a0(jul09 &#8211; sep13).<\/p>\n<p>Tcol. \u00a0Cepeda \u00a0(sep13 &#8211; sep15).<\/p>\n<p>Tcol. Navarro Gonzalez (sep15-sep18).<\/p>\n<p>Tcol. R\u00edos P. (sep18 -sep21).<\/p>\n<p>Tcol. Olivares Narvaez (sep21-sep24).<\/p>\n<p>Tcol. Puertas Velarde (sep24-sep&#8230;).<\/p>\n","protected":false},"excerpt":{"rendered":"<p>TERCIO \u00abD. JUAN DE AUSTRIA\u00bb 3\u00ba DE LA LEGI\u00d3N \u00a0Por orden del Ministerio del Ej\u00e9rcito del 21 de diciembre de 1939 la Legi\u00f3n, que solo contaba con dos Tercios, se reestructur\u00f3 cre\u00e1ndose el 3er Tercio a partir del 1 de enero de 1940 en Larache (Marruecos), con las VII y IX Banderas procedentes del 2\u00ba [&hellip;]<\/p>\n","protected":false},"author":1,"featured_media":0,"parent":0,"menu_order":0,"comment_status":"closed","ping_status":"closed","template":"","meta":{"ocean_post_layout":"","ocean_both_sidebars_style":"","ocean_both_sidebars_content_width":0,"ocean_both_sidebars_sidebars_width":0,"ocean_sidebar":"0","ocean_second_sidebar":"0","ocean_disable_margins":"enable","ocean_add_body_class":"","ocean_shortcode_before_top_bar":"","ocean_shortcode_after_top_bar":"","ocean_shortcode_before_header":"","ocean_shortcode_after_header":"","ocean_has_shortcode":"","ocean_shortcode_after_title":"","ocean_shortcode_before_footer_widgets":"","ocean_shortcode_after_footer_widgets":"","ocean_shortcode_before_footer_bottom":"","ocean_shortcode_after_footer_bottom":"","ocean_display_top_bar":"default","ocean_display_header":"default","ocean_header_style":"","ocean_center_header_left_menu":"0","ocean_custom_header_template":"0","ocean_custom_logo":0,"ocean_custom_retina_logo":0,"ocean_custom_logo_max_width":0,"ocean_custom_logo_tablet_max_width":0,"ocean_custom_logo_mobile_max_width":0,"ocean_custom_logo_max_height":0,"ocean_custom_logo_tablet_max_height":0,"ocean_custom_logo_mobile_max_height":0,"ocean_header_custom_menu":"0","ocean_menu_typo_font_family":"0","ocean_menu_typo_font_subset":"","ocean_menu_typo_font_size":0,"ocean_menu_typo_font_size_tablet":0,"ocean_menu_typo_font_size_mobile":0,"ocean_menu_typo_font_size_unit":"px","ocean_menu_typo_font_weight":"","ocean_menu_typo_font_weight_tablet":"","ocean_menu_typo_font_weight_mobile":"","ocean_menu_typo_transform":"","ocean_menu_typo_transform_tablet":"","ocean_menu_typo_transform_mobile":"","ocean_menu_typo_line_height":0,"ocean_menu_typo_line_height_tablet":0,"ocean_menu_typo_line_height_mobile":0,"ocean_menu_typo_line_height_unit":"","ocean_menu_typo_spacing":0,"ocean_menu_typo_spacing_tablet":0,"ocean_menu_typo_spacing_mobile":0,"ocean_menu_typo_spacing_unit":"","ocean_menu_link_color":"","ocean_menu_link_color_hover":"","ocean_menu_link_color_active":"","ocean_menu_link_background":"","ocean_menu_link_hover_background":"","ocean_menu_link_active_background":"","ocean_menu_social_links_bg":"","ocean_menu_social_hover_links_bg":"","ocean_menu_social_links_color":"","ocean_menu_social_hover_links_color":"","ocean_disable_title":"default","ocean_disable_heading":"default","ocean_post_title":"","ocean_post_subheading":"","ocean_post_title_style":"","ocean_post_title_background_color":"","ocean_post_title_background":0,"ocean_post_title_bg_image_position":"","ocean_post_title_bg_image_attachment":"","ocean_post_title_bg_image_repeat":"","ocean_post_title_bg_image_size":"","ocean_post_title_height":0,"ocean_post_title_bg_overlay":0.5,"ocean_post_title_bg_overlay_color":"","ocean_disable_breadcrumbs":"default","ocean_breadcrumbs_color":"","ocean_breadcrumbs_separator_color":"","ocean_breadcrumbs_links_color":"","ocean_breadcrumbs_links_hover_color":"","ocean_display_footer_widgets":"default","ocean_display_footer_bottom":"default","ocean_custom_footer_template":"0","footnotes":""},"class_list":["post-1147","page","type-page","status-publish","hentry","entry"],"yoast_head":"<!-- This site is optimized with the Yoast SEO plugin v27.5 - https:\/\/yoast.com\/product\/yoast-seo-wordpress\/ -->\n<title>Jefes del Tercio \/ Banderas -<\/title>\n<meta name=\"robots\" content=\"index, follow, max-snippet:-1, max-image-preview:large, max-video-preview:-1\" \/>\n<link rel=\"canonical\" href=\"https:\/\/amigosdeltercertercio.com\/web\/jefes-del-tercio-banderas\/\" \/>\n<meta property=\"og:locale\" content=\"es_ES\" \/>\n<meta property=\"og:type\" content=\"article\" \/>\n<meta property=\"og:title\" content=\"Jefes del Tercio \/ Banderas -\" \/>\n<meta property=\"og:description\" content=\"TERCIO \u00abD. JUAN DE AUSTRIA\u00bb 3\u00ba DE LA LEGI\u00d3N \u00a0Por orden del Ministerio del Ej\u00e9rcito del 21 de diciembre de 1939 la Legi\u00f3n, que solo contaba con dos Tercios, se reestructur\u00f3 cre\u00e1ndose el 3er Tercio a partir del 1 de enero de 1940 en Larache (Marruecos), con las VII y IX Banderas procedentes del 2\u00ba [&hellip;]\" \/>\n<meta property=\"og:url\" content=\"https:\/\/amigosdeltercertercio.com\/web\/jefes-del-tercio-banderas\/\" \/>\n<meta property=\"article:modified_time\" content=\"2025-12-02T13:51:05+00:00\" \/>\n<meta property=\"og:image\" content=\"https:\/\/amigosdeltercertercio.com\/web\/wp-content\/uploads\/2014\/04\/guiones.jpg\" \/>\n\t<meta property=\"og:image:width\" content=\"288\" \/>\n\t<meta property=\"og:image:height\" content=\"108\" \/>\n\t<meta property=\"og:image:type\" content=\"image\/jpeg\" \/>\n<meta name=\"twitter:card\" content=\"summary_large_image\" \/>\n<meta name=\"twitter:label1\" content=\"Tiempo de lectura\" \/>\n\t<meta name=\"twitter:data1\" content=\"6 minutos\" \/>\n<script type=\"application\/ld+json\" class=\"yoast-schema-graph\">{\"@context\":\"https:\\\/\\\/schema.org\",\"@graph\":[{\"@type\":\"WebPage\",\"@id\":\"https:\\\/\\\/amigosdeltercertercio.com\\\/web\\\/jefes-del-tercio-banderas\\\/\",\"url\":\"https:\\\/\\\/amigosdeltercertercio.com\\\/web\\\/jefes-del-tercio-banderas\\\/\",\"name\":\"Jefes del Tercio \\\/ Banderas -\",\"isPartOf\":{\"@id\":\"https:\\\/\\\/amigosdeltercertercio.com\\\/web\\\/#website\"},\"primaryImageOfPage\":{\"@id\":\"https:\\\/\\\/amigosdeltercertercio.com\\\/web\\\/jefes-del-tercio-banderas\\\/#primaryimage\"},\"image\":{\"@id\":\"https:\\\/\\\/amigosdeltercertercio.com\\\/web\\\/jefes-del-tercio-banderas\\\/#primaryimage\"},\"thumbnailUrl\":\"https:\\\/\\\/amigosdeltercertercio.com\\\/web\\\/wp-content\\\/uploads\\\/2014\\\/04\\\/guiones.jpg\",\"datePublished\":\"2014-04-26T17:00:43+00:00\",\"dateModified\":\"2025-12-02T13:51:05+00:00\",\"breadcrumb\":{\"@id\":\"https:\\\/\\\/amigosdeltercertercio.com\\\/web\\\/jefes-del-tercio-banderas\\\/#breadcrumb\"},\"inLanguage\":\"es\",\"potentialAction\":[{\"@type\":\"ReadAction\",\"target\":[\"https:\\\/\\\/amigosdeltercertercio.com\\\/web\\\/jefes-del-tercio-banderas\\\/\"]}]},{\"@type\":\"ImageObject\",\"inLanguage\":\"es\",\"@id\":\"https:\\\/\\\/amigosdeltercertercio.com\\\/web\\\/jefes-del-tercio-banderas\\\/#primaryimage\",\"url\":\"https:\\\/\\\/amigosdeltercertercio.com\\\/web\\\/wp-content\\\/uploads\\\/2014\\\/04\\\/guiones.jpg\",\"contentUrl\":\"https:\\\/\\\/amigosdeltercertercio.com\\\/web\\\/wp-content\\\/uploads\\\/2014\\\/04\\\/guiones.jpg\",\"width\":288,\"height\":108},{\"@type\":\"BreadcrumbList\",\"@id\":\"https:\\\/\\\/amigosdeltercertercio.com\\\/web\\\/jefes-del-tercio-banderas\\\/#breadcrumb\",\"itemListElement\":[{\"@type\":\"ListItem\",\"position\":1,\"name\":\"Home\",\"item\":\"https:\\\/\\\/amigosdeltercertercio.com\\\/web\\\/\"},{\"@type\":\"ListItem\",\"position\":2,\"name\":\"Jefes del Tercio \\\/ Banderas\"}]},{\"@type\":\"WebSite\",\"@id\":\"https:\\\/\\\/amigosdeltercertercio.com\\\/web\\\/#website\",\"url\":\"https:\\\/\\\/amigosdeltercertercio.com\\\/web\\\/\",\"name\":\"\",\"description\":\"\",\"potentialAction\":[{\"@type\":\"SearchAction\",\"target\":{\"@type\":\"EntryPoint\",\"urlTemplate\":\"https:\\\/\\\/amigosdeltercertercio.com\\\/web\\\/?s={search_term_string}\"},\"query-input\":{\"@type\":\"PropertyValueSpecification\",\"valueRequired\":true,\"valueName\":\"search_term_string\"}}],\"inLanguage\":\"es\"}]}<\/script>\n<!-- \/ Yoast SEO plugin. -->","yoast_head_json":{"title":"Jefes del Tercio \/ Banderas -","robots":{"index":"index","follow":"follow","max-snippet":"max-snippet:-1","max-image-preview":"max-image-preview:large","max-video-preview":"max-video-preview:-1"},"canonical":"https:\/\/amigosdeltercertercio.com\/web\/jefes-del-tercio-banderas\/","og_locale":"es_ES","og_type":"article","og_title":"Jefes del Tercio \/ Banderas -","og_description":"TERCIO \u00abD. JUAN DE AUSTRIA\u00bb 3\u00ba DE LA LEGI\u00d3N \u00a0Por orden del Ministerio del Ej\u00e9rcito del 21 de diciembre de 1939 la Legi\u00f3n, que solo contaba con dos Tercios, se reestructur\u00f3 cre\u00e1ndose el 3er Tercio a partir del 1 de enero de 1940 en Larache (Marruecos), con las VII y IX Banderas procedentes del 2\u00ba [&hellip;]","og_url":"https:\/\/amigosdeltercertercio.com\/web\/jefes-del-tercio-banderas\/","article_modified_time":"2025-12-02T13:51:05+00:00","og_image":[{"width":288,"height":108,"url":"https:\/\/amigosdeltercertercio.com\/web\/wp-content\/uploads\/2014\/04\/guiones.jpg","type":"image\/jpeg"}],"twitter_card":"summary_large_image","twitter_misc":{"Tiempo de lectura":"6 minutos"},"schema":{"@context":"https:\/\/schema.org","@graph":[{"@type":"WebPage","@id":"https:\/\/amigosdeltercertercio.com\/web\/jefes-del-tercio-banderas\/","url":"https:\/\/amigosdeltercertercio.com\/web\/jefes-del-tercio-banderas\/","name":"Jefes del Tercio \/ Banderas -","isPartOf":{"@id":"https:\/\/amigosdeltercertercio.com\/web\/#website"},"primaryImageOfPage":{"@id":"https:\/\/amigosdeltercertercio.com\/web\/jefes-del-tercio-banderas\/#primaryimage"},"image":{"@id":"https:\/\/amigosdeltercertercio.com\/web\/jefes-del-tercio-banderas\/#primaryimage"},"thumbnailUrl":"https:\/\/amigosdeltercertercio.com\/web\/wp-content\/uploads\/2014\/04\/guiones.jpg","datePublished":"2014-04-26T17:00:43+00:00","dateModified":"2025-12-02T13:51:05+00:00","breadcrumb":{"@id":"https:\/\/amigosdeltercertercio.com\/web\/jefes-del-tercio-banderas\/#breadcrumb"},"inLanguage":"es","potentialAction":[{"@type":"ReadAction","target":["https:\/\/amigosdeltercertercio.com\/web\/jefes-del-tercio-banderas\/"]}]},{"@type":"ImageObject","inLanguage":"es","@id":"https:\/\/amigosdeltercertercio.com\/web\/jefes-del-tercio-banderas\/#primaryimage","url":"https:\/\/amigosdeltercertercio.com\/web\/wp-content\/uploads\/2014\/04\/guiones.jpg","contentUrl":"https:\/\/amigosdeltercertercio.com\/web\/wp-content\/uploads\/2014\/04\/guiones.jpg","width":288,"height":108},{"@type":"BreadcrumbList","@id":"https:\/\/amigosdeltercertercio.com\/web\/jefes-del-tercio-banderas\/#breadcrumb","itemListElement":[{"@type":"ListItem","position":1,"name":"Home","item":"https:\/\/amigosdeltercertercio.com\/web\/"},{"@type":"ListItem","position":2,"name":"Jefes del Tercio \/ Banderas"}]},{"@type":"WebSite","@id":"https:\/\/amigosdeltercertercio.com\/web\/#website","url":"https:\/\/amigosdeltercertercio.com\/web\/","name":"","description":"","potentialAction":[{"@type":"SearchAction","target":{"@type":"EntryPoint","urlTemplate":"https:\/\/amigosdeltercertercio.com\/web\/?s={search_term_string}"},"query-input":{"@type":"PropertyValueSpecification","valueRequired":true,"valueName":"search_term_string"}}],"inLanguage":"es"}]}},"_links":{"self":[{"href":"https:\/\/amigosdeltercertercio.com\/web\/wp-json\/wp\/v2\/pages\/1147","targetHints":{"allow":["GET"]}}],"collection":[{"href":"https:\/\/amigosdeltercertercio.com\/web\/wp-json\/wp\/v2\/pages"}],"about":[{"href":"https:\/\/amigosdeltercertercio.com\/web\/wp-json\/wp\/v2\/types\/page"}],"author":[{"embeddable":true,"href":"https:\/\/amigosdeltercertercio.com\/web\/wp-json\/wp\/v2\/users\/1"}],"replies":[{"embeddable":true,"href":"https:\/\/amigosdeltercertercio.com\/web\/wp-json\/wp\/v2\/comments?post=1147"}],"version-history":[{"count":48,"href":"https:\/\/amigosdeltercertercio.com\/web\/wp-json\/wp\/v2\/pages\/1147\/revisions"}],"predecessor-version":[{"id":6944,"href":"https:\/\/amigosdeltercertercio.com\/web\/wp-json\/wp\/v2\/pages\/1147\/revisions\/6944"}],"wp:attachment":[{"href":"https:\/\/amigosdeltercertercio.com\/web\/wp-json\/wp\/v2\/media?parent=1147"}],"curies":[{"name":"wp","href":"https:\/\/api.w.org\/{rel}","templated":true}]}}