{"id":118,"date":"2014-04-10T21:24:53","date_gmt":"2014-04-10T21:24:53","guid":{"rendered":"https:\/\/amigosdeltercertercio.com\/web\/?page_id=118"},"modified":"2016-02-03T19:05:38","modified_gmt":"2016-02-03T19:05:38","slug":"esperamos-tu-colaboracion","status":"publish","type":"page","link":"https:\/\/amigosdeltercertercio.com\/web\/esperamos-tu-colaboracion\/","title":{"rendered":"Colabora"},"content":{"rendered":"<p style=\"text-align: justify;\" align=\"center\"><span style=\"font-family: Tahoma;\">Necesitamos vuestra colaboraci\u00f3n para engrandecer esta WEB, vuestra WEB, la del 3\u00ba TERCIO \u00abD. JUAN DE AUSTRIA\u00bb, la de todos los que perteneciendo a ella, familiares de estos, o simplemente simpatizantes de esta Gran Unidad, perteneciente a La Legi\u00f3n y que quieran colaborar con nosotros mediante informaci\u00f3n escrita, gr\u00e1fica (V\u00eddeos\/Fotos) u objetos, ser\u00e1n acogidos en la misma, haciendo entre todos, con nuestros recuerdos, comentarios y aportaciones, mas grande a esta humilde, pero Legionaria Unidad, con lo que ello conlleva consigo de entrega, dureza, abnegaci\u00f3n&#8230;<\/span><\/p>\n<p style=\"text-align: justify;\" align=\"center\"><span style=\"font-family: Tahoma;\">IMPORTANTE: Con la finalidad de mejorar esta p\u00e1gina, os animamos a que aport\u00e9is documentos gr\u00e1ficos, informaci\u00f3n escrita, &#8230;, an\u00e9cdotas, etc., relativos a la historia de\u00a0\u00a0 este Tercio y de sus Banderas. Vuestra aportaci\u00f3n contribuir\u00e1 a la divulgaci\u00f3n de las cualidades y caracter\u00edsticas de este \u00abvuestro Tercer Tercio\u00bb.<\/span><\/p>\n<p style=\"text-align: justify;\" align=\"center\"><span style=\"font-family: Tahoma;\">Pod\u00e9is mandarnos dicha informaci\u00f3n al correo electr\u00f3nico de la Unidad o bien por correo ordinario a las siguientes direcciones:<\/span><\/p>\n<p style=\"text-align: justify;\" align=\"left\"><span style=\"font-family: Tahoma; font-size: small;\">\u00a0 <b>Por correo electr\u00f3nico:<\/b><\/span><\/p>\n<p style=\"text-align: justify;\" align=\"left\"><span style=\"font-family: Arial;\">\u00a0\u00a0\u00a0<span style=\"font-size: small;\">\u00a0 \u00a0 \u00a0 \u00a0<\/span><\/span><span style=\"font-family: Arial; font-size: small;\">\u00a0Correo: \u00a0 \u00a0 \u00a0 \u00a0 \u00a0 \u00a0<span style=\"color: #000000;\"> <a href=\"mailto:lurem70@hotmail.com\"><span style=\"color: #000000;\">tercio.3@hotmail.com<\/span><\/a><\/span><\/span><\/p>\n<p style=\"text-align: justify;\" align=\"left\"><span style=\"font-family: Arial;\">\u00a0\u00a0\u00a0\u00a0\u00a0\u00a0\u00a0\u00a0\u00a0\u00a0<span style=\"font-size: small;\">Facebook: \u00a0 \u00a0 \u00a0 \u00a0Tercio D. Juan de Austria<\/span><\/span><\/p>\n<p style=\"text-align: justify;\" align=\"left\"><span style=\"font-family: Arial;\"><span style=\"font-size: small;\">\u00a0 \u00a0 \u00a0 \u00a0 \u00a0 \u00a0Twitter: \u00a0 \u00a0 \u00a0 \u00a0 \u00a0 \u00a0\u00a0<a class=\"ProfileHeaderCard-screennameLink u-linkComplex js-nav\" href=\"https:\/\/twitter.com\/3_Tercio\">@<span class=\"u-linkComplex-target\">3_Tercio<\/span><\/a><\/span><\/span><\/p>\n<p style=\"text-align: justify;\" align=\"left\">\u00a0\u00a0\u00a0<span style=\"font-family: Arial; font-size: small;\">\u00a0 \u00a0 \u00a0 \u00a0<\/span><\/p>\n","protected":false},"excerpt":{"rendered":"<p>Necesitamos vuestra colaboraci\u00f3n para engrandecer esta WEB, vuestra WEB, la del 3\u00ba TERCIO \u00abD. JUAN DE AUSTRIA\u00bb, la de todos los que perteneciendo a ella, familiares de estos, o simplemente simpatizantes de esta Gran Unidad, perteneciente a La Legi\u00f3n y que quieran colaborar con nosotros mediante informaci\u00f3n escrita, gr\u00e1fica (V\u00eddeos\/Fotos) u objetos, ser\u00e1n acogidos en [&hellip;]<\/p>\n","protected":false},"author":1,"featured_media":0,"parent":0,"menu_order":0,"comment_status":"closed","ping_status":"closed","template":"","meta":{"ocean_post_layout":"","ocean_both_sidebars_style":"","ocean_both_sidebars_content_width":0,"ocean_both_sidebars_sidebars_width":0,"ocean_sidebar":"","ocean_second_sidebar":"","ocean_disable_margins":"enable","ocean_add_body_class":"","ocean_shortcode_before_top_bar":"","ocean_shortcode_after_top_bar":"","ocean_shortcode_before_header":"","ocean_shortcode_after_header":"","ocean_has_shortcode":"","ocean_shortcode_after_title":"","ocean_shortcode_before_footer_widgets":"","ocean_shortcode_after_footer_widgets":"","ocean_shortcode_before_footer_bottom":"","ocean_shortcode_after_footer_bottom":"","ocean_display_top_bar":"default","ocean_display_header":"default","ocean_header_style":"","ocean_center_header_left_menu":"","ocean_custom_header_template":"","ocean_custom_logo":0,"ocean_custom_retina_logo":0,"ocean_custom_logo_max_width":0,"ocean_custom_logo_tablet_max_width":0,"ocean_custom_logo_mobile_max_width":0,"ocean_custom_logo_max_height":0,"ocean_custom_logo_tablet_max_height":0,"ocean_custom_logo_mobile_max_height":0,"ocean_header_custom_menu":"","ocean_menu_typo_font_family":"","ocean_menu_typo_font_subset":"","ocean_menu_typo_font_size":0,"ocean_menu_typo_font_size_tablet":0,"ocean_menu_typo_font_size_mobile":0,"ocean_menu_typo_font_size_unit":"px","ocean_menu_typo_font_weight":"","ocean_menu_typo_font_weight_tablet":"","ocean_menu_typo_font_weight_mobile":"","ocean_menu_typo_transform":"","ocean_menu_typo_transform_tablet":"","ocean_menu_typo_transform_mobile":"","ocean_menu_typo_line_height":0,"ocean_menu_typo_line_height_tablet":0,"ocean_menu_typo_line_height_mobile":0,"ocean_menu_typo_line_height_unit":"","ocean_menu_typo_spacing":0,"ocean_menu_typo_spacing_tablet":0,"ocean_menu_typo_spacing_mobile":0,"ocean_menu_typo_spacing_unit":"","ocean_menu_link_color":"","ocean_menu_link_color_hover":"","ocean_menu_link_color_active":"","ocean_menu_link_background":"","ocean_menu_link_hover_background":"","ocean_menu_link_active_background":"","ocean_menu_social_links_bg":"","ocean_menu_social_hover_links_bg":"","ocean_menu_social_links_color":"","ocean_menu_social_hover_links_color":"","ocean_disable_title":"default","ocean_disable_heading":"default","ocean_post_title":"","ocean_post_subheading":"","ocean_post_title_style":"","ocean_post_title_background_color":"","ocean_post_title_background":0,"ocean_post_title_bg_image_position":"","ocean_post_title_bg_image_attachment":"","ocean_post_title_bg_image_repeat":"","ocean_post_title_bg_image_size":"","ocean_post_title_height":0,"ocean_post_title_bg_overlay":0.5,"ocean_post_title_bg_overlay_color":"","ocean_disable_breadcrumbs":"default","ocean_breadcrumbs_color":"","ocean_breadcrumbs_separator_color":"","ocean_breadcrumbs_links_color":"","ocean_breadcrumbs_links_hover_color":"","ocean_display_footer_widgets":"default","ocean_display_footer_bottom":"default","ocean_custom_footer_template":"","footnotes":""},"class_list":["post-118","page","type-page","status-publish","hentry","entry"],"yoast_head":"<!-- This site is optimized with the Yoast SEO plugin v27.4 - https:\/\/yoast.com\/product\/yoast-seo-wordpress\/ -->\n<title>Colabora -<\/title>\n<meta name=\"description\" content=\"perteneciendo\" \/>\n<meta name=\"robots\" content=\"index, follow, max-snippet:-1, max-image-preview:large, max-video-preview:-1\" \/>\n<link rel=\"canonical\" href=\"https:\/\/amigosdeltercertercio.com\/web\/esperamos-tu-colaboracion\/\" \/>\n<meta property=\"og:locale\" content=\"es_ES\" \/>\n<meta property=\"og:type\" content=\"article\" \/>\n<meta property=\"og:title\" content=\"Colabora -\" \/>\n<meta property=\"og:description\" content=\"perteneciendo\" \/>\n<meta property=\"og:url\" content=\"https:\/\/amigosdeltercertercio.com\/web\/esperamos-tu-colaboracion\/\" \/>\n<meta property=\"article:modified_time\" content=\"2016-02-03T19:05:38+00:00\" \/>\n<meta name=\"twitter:card\" content=\"summary_large_image\" \/>\n<meta name=\"twitter:label1\" content=\"Tiempo de lectura\" \/>\n\t<meta name=\"twitter:data1\" content=\"1 minuto\" \/>\n<script type=\"application\/ld+json\" class=\"yoast-schema-graph\">{\"@context\":\"https:\\\/\\\/schema.org\",\"@graph\":[{\"@type\":\"WebPage\",\"@id\":\"https:\\\/\\\/amigosdeltercertercio.com\\\/web\\\/esperamos-tu-colaboracion\\\/\",\"url\":\"https:\\\/\\\/amigosdeltercertercio.com\\\/web\\\/esperamos-tu-colaboracion\\\/\",\"name\":\"Colabora -\",\"isPartOf\":{\"@id\":\"https:\\\/\\\/amigosdeltercertercio.com\\\/web\\\/#website\"},\"datePublished\":\"2014-04-10T21:24:53+00:00\",\"dateModified\":\"2016-02-03T19:05:38+00:00\",\"description\":\"perteneciendo\",\"breadcrumb\":{\"@id\":\"https:\\\/\\\/amigosdeltercertercio.com\\\/web\\\/esperamos-tu-colaboracion\\\/#breadcrumb\"},\"inLanguage\":\"es\",\"potentialAction\":[{\"@type\":\"ReadAction\",\"target\":[\"https:\\\/\\\/amigosdeltercertercio.com\\\/web\\\/esperamos-tu-colaboracion\\\/\"]}]},{\"@type\":\"BreadcrumbList\",\"@id\":\"https:\\\/\\\/amigosdeltercertercio.com\\\/web\\\/esperamos-tu-colaboracion\\\/#breadcrumb\",\"itemListElement\":[{\"@type\":\"ListItem\",\"position\":1,\"name\":\"Home\",\"item\":\"https:\\\/\\\/amigosdeltercertercio.com\\\/web\\\/\"},{\"@type\":\"ListItem\",\"position\":2,\"name\":\"Colabora\"}]},{\"@type\":\"WebSite\",\"@id\":\"https:\\\/\\\/amigosdeltercertercio.com\\\/web\\\/#website\",\"url\":\"https:\\\/\\\/amigosdeltercertercio.com\\\/web\\\/\",\"name\":\"\",\"description\":\"\",\"potentialAction\":[{\"@type\":\"SearchAction\",\"target\":{\"@type\":\"EntryPoint\",\"urlTemplate\":\"https:\\\/\\\/amigosdeltercertercio.com\\\/web\\\/?s={search_term_string}\"},\"query-input\":{\"@type\":\"PropertyValueSpecification\",\"valueRequired\":true,\"valueName\":\"search_term_string\"}}],\"inLanguage\":\"es\"}]}<\/script>\n<!-- \/ Yoast SEO plugin. -->","yoast_head_json":{"title":"Colabora -","description":"perteneciendo","robots":{"index":"index","follow":"follow","max-snippet":"max-snippet:-1","max-image-preview":"max-image-preview:large","max-video-preview":"max-video-preview:-1"},"canonical":"https:\/\/amigosdeltercertercio.com\/web\/esperamos-tu-colaboracion\/","og_locale":"es_ES","og_type":"article","og_title":"Colabora -","og_description":"perteneciendo","og_url":"https:\/\/amigosdeltercertercio.com\/web\/esperamos-tu-colaboracion\/","article_modified_time":"2016-02-03T19:05:38+00:00","twitter_card":"summary_large_image","twitter_misc":{"Tiempo de lectura":"1 minuto"},"schema":{"@context":"https:\/\/schema.org","@graph":[{"@type":"WebPage","@id":"https:\/\/amigosdeltercertercio.com\/web\/esperamos-tu-colaboracion\/","url":"https:\/\/amigosdeltercertercio.com\/web\/esperamos-tu-colaboracion\/","name":"Colabora -","isPartOf":{"@id":"https:\/\/amigosdeltercertercio.com\/web\/#website"},"datePublished":"2014-04-10T21:24:53+00:00","dateModified":"2016-02-03T19:05:38+00:00","description":"perteneciendo","breadcrumb":{"@id":"https:\/\/amigosdeltercertercio.com\/web\/esperamos-tu-colaboracion\/#breadcrumb"},"inLanguage":"es","potentialAction":[{"@type":"ReadAction","target":["https:\/\/amigosdeltercertercio.com\/web\/esperamos-tu-colaboracion\/"]}]},{"@type":"BreadcrumbList","@id":"https:\/\/amigosdeltercertercio.com\/web\/esperamos-tu-colaboracion\/#breadcrumb","itemListElement":[{"@type":"ListItem","position":1,"name":"Home","item":"https:\/\/amigosdeltercertercio.com\/web\/"},{"@type":"ListItem","position":2,"name":"Colabora"}]},{"@type":"WebSite","@id":"https:\/\/amigosdeltercertercio.com\/web\/#website","url":"https:\/\/amigosdeltercertercio.com\/web\/","name":"","description":"","potentialAction":[{"@type":"SearchAction","target":{"@type":"EntryPoint","urlTemplate":"https:\/\/amigosdeltercertercio.com\/web\/?s={search_term_string}"},"query-input":{"@type":"PropertyValueSpecification","valueRequired":true,"valueName":"search_term_string"}}],"inLanguage":"es"}]}},"_links":{"self":[{"href":"https:\/\/amigosdeltercertercio.com\/web\/wp-json\/wp\/v2\/pages\/118","targetHints":{"allow":["GET"]}}],"collection":[{"href":"https:\/\/amigosdeltercertercio.com\/web\/wp-json\/wp\/v2\/pages"}],"about":[{"href":"https:\/\/amigosdeltercertercio.com\/web\/wp-json\/wp\/v2\/types\/page"}],"author":[{"embeddable":true,"href":"https:\/\/amigosdeltercertercio.com\/web\/wp-json\/wp\/v2\/users\/1"}],"replies":[{"embeddable":true,"href":"https:\/\/amigosdeltercertercio.com\/web\/wp-json\/wp\/v2\/comments?post=118"}],"version-history":[{"count":8,"href":"https:\/\/amigosdeltercertercio.com\/web\/wp-json\/wp\/v2\/pages\/118\/revisions"}],"predecessor-version":[{"id":3979,"href":"https:\/\/amigosdeltercertercio.com\/web\/wp-json\/wp\/v2\/pages\/118\/revisions\/3979"}],"wp:attachment":[{"href":"https:\/\/amigosdeltercertercio.com\/web\/wp-json\/wp\/v2\/media?parent=118"}],"curies":[{"name":"wp","href":"https:\/\/api.w.org\/{rel}","templated":true}]}}