{"id":1181,"date":"2014-04-26T21:31:39","date_gmt":"2014-04-26T21:31:39","guid":{"rendered":"https:\/\/amigosdeltercertercio.com\/web\/?page_id=1181"},"modified":"2020-03-30T15:38:03","modified_gmt":"2020-03-30T15:38:03","slug":"ano-2013-y-anteriores","status":"publish","type":"page","link":"https:\/\/amigosdeltercertercio.com\/web\/ano-2013-y-anteriores\/","title":{"rendered":"ANTECEDENTES"},"content":{"rendered":"\n<h2 style=\"text-align: center;\">COVID &#8211; 19<\/h2>\n<h4 style=\"text-align: center;\">(China \u00abWuhan\u00bb)<\/h4>\n<p style=\"text-align: justify;\">Seg\u00fan las autoridades chinas, se cree que el brote tuvo su epicentro en un mercado de animales vivos<sub>(1)<\/sub> de Wuhan (31 diciembre 2019), la ciudad m\u00e1s poblada de la regi\u00f3n cetral de la Rep\u00fablica Popular Chinaen la provincia de Hubei. De hecho, la mayor\u00eda de los primeros infectados, viv\u00edan en Wuhan o hab\u00edan viajado recientemente all\u00ed. Muchos de los primeros fallecidos eran personas de edad avanzada con problemas de salud cr\u00f3nicos preexistentes, como diabetes o hipertensi\u00f3n.<\/p>\n<h6 style=\"text-align: justify;\"><strong><sub>(1<span style=\"color: #666699;\">)<\/span><\/sub><\/strong><span style=\"color: #666699;\">Se desconoce el origen del brote, cuyos primeros casos se detectaron en diciembre. Se pensaba que el foco estaba en un mercado de marisco y pescado de la ciudad de Wuhan, capital de la provincia de Hubei, pero investigadores de la Academia de Ciencia de China lo han descartado. S\u00ed concluyen que el virus\u00a0se propag\u00f3 por este lugar, pero no tienen claro\u00a0si\u00a0mut\u00f3 en alg\u00fan animal antes de pasar al ser humano.<\/span><\/h6>\n<p style=\"text-align: center;\"><span style=\"color: #000000;\"><a style=\"color: #000000;\" href=\"https:\/\/amigosdeltercertercio.com\/web\/wp-content\/uploads\/2020\/03\/thumbnail_IMG_20200325_101115-copia.gif\">ESTAMOS CONSTRUYENDO\u00a0 GRACIAS<br \/><img loading=\"lazy\" decoding=\"async\" class=\"aligncenter size-full wp-image-4721\" src=\"https:\/\/amigosdeltercertercio.com\/web\/wp-content\/uploads\/2020\/03\/thumbnail_IMG_20200325_101115-copia.gif\" alt=\"\" width=\"378\" height=\"244\" \/><\/a><\/span><\/p>\n<p style=\"text-align: justify;\">EL actual brote de COVID-19 est\u00e1 provocado por un nuevo coronavirus (SARS CoV-2) que se est\u00e1 propagando entre las personas. Los primeros 41 casos se identificaron como neumon\u00eda. Un an\u00e1lisis m\u00e1s exhaustivo mostr\u00f3 que se trataba de un nuevo caso de coronavirus.<\/p>\n<p style=\"text-align: justify;\">La informaci\u00f3n que aport\u00f3 las primeras pistas se divulg\u00f3 a mediados de enero de 2020, cuando se public\u00f3 la secuenciaci\u00f3n del genoma completo del nuevo coronavirus a partir de una muestra de un paciente. Esta mostr\u00f3 que se trataba de un nuevo coronavirus \u2013SARS-CoV2\u2013 perteneciente al mismo grupo que el coronavirus relacionado con el s\u00edndrome respiratorio agudo grave (SARS-CoV) que caus\u00f3 el brote de SARS de 2003.<\/p>\n<p style=\"text-align: justify;\">El virus se propaga principalmente de persona a persona, sobre todo\u00a0<strong>mediante got\u00edculas respiratorias que se producen cuando una persona infectada tose o estornuda<\/strong>.\u00a0Estas gotitas pueden llegar a la boca o la nariz de las personas que se encuentren cerca y\u00a0posiblemente entrar a los pulmones al respirar.<br \/><br \/>Las gotas con el virus<a href=\"https:\/\/www.rtve.es\/noticias\/20200319\/coronavirus-envoltorios-alimentos\/2010349.shtml\"><strong>\u00a0tambi\u00e9n se pueden depositar en diferentes superficies y objetos<\/strong><\/a>, que\u00a0al tocarlos\u00a0se pueden incorporar a las manos, lo que es potencialmente infeccioso si\u00a0la persona luego con esa misma mano\u00a0se toca\u00a0la boca, la nariz y\u00a0posiblemente los ojos.<\/p>\n<p>\u00a0<\/p>\n","protected":false},"excerpt":{"rendered":"<p>COVID &#8211; 19 (China \u00abWuhan\u00bb) Seg\u00fan las autoridades chinas, se cree que el brote tuvo su epicentro en un mercado de animales vivos(1) de Wuhan (31 diciembre 2019), la ciudad m\u00e1s poblada de la regi\u00f3n cetral de la Rep\u00fablica Popular Chinaen la provincia de Hubei. De hecho, la mayor\u00eda de los primeros infectados, viv\u00edan en [&hellip;]<\/p>\n","protected":false},"author":1,"featured_media":0,"parent":0,"menu_order":0,"comment_status":"closed","ping_status":"closed","template":"","meta":{"ocean_post_layout":"","ocean_both_sidebars_style":"","ocean_both_sidebars_content_width":0,"ocean_both_sidebars_sidebars_width":0,"ocean_sidebar":"","ocean_second_sidebar":"","ocean_disable_margins":"enable","ocean_add_body_class":"","ocean_shortcode_before_top_bar":"","ocean_shortcode_after_top_bar":"","ocean_shortcode_before_header":"","ocean_shortcode_after_header":"","ocean_has_shortcode":"","ocean_shortcode_after_title":"","ocean_shortcode_before_footer_widgets":"","ocean_shortcode_after_footer_widgets":"","ocean_shortcode_before_footer_bottom":"","ocean_shortcode_after_footer_bottom":"","ocean_display_top_bar":"default","ocean_display_header":"default","ocean_header_style":"","ocean_center_header_left_menu":"","ocean_custom_header_template":"","ocean_custom_logo":0,"ocean_custom_retina_logo":0,"ocean_custom_logo_max_width":0,"ocean_custom_logo_tablet_max_width":0,"ocean_custom_logo_mobile_max_width":0,"ocean_custom_logo_max_height":0,"ocean_custom_logo_tablet_max_height":0,"ocean_custom_logo_mobile_max_height":0,"ocean_header_custom_menu":"","ocean_menu_typo_font_family":"","ocean_menu_typo_font_subset":"","ocean_menu_typo_font_size":0,"ocean_menu_typo_font_size_tablet":0,"ocean_menu_typo_font_size_mobile":0,"ocean_menu_typo_font_size_unit":"px","ocean_menu_typo_font_weight":"","ocean_menu_typo_font_weight_tablet":"","ocean_menu_typo_font_weight_mobile":"","ocean_menu_typo_transform":"","ocean_menu_typo_transform_tablet":"","ocean_menu_typo_transform_mobile":"","ocean_menu_typo_line_height":0,"ocean_menu_typo_line_height_tablet":0,"ocean_menu_typo_line_height_mobile":0,"ocean_menu_typo_line_height_unit":"","ocean_menu_typo_spacing":0,"ocean_menu_typo_spacing_tablet":0,"ocean_menu_typo_spacing_mobile":0,"ocean_menu_typo_spacing_unit":"","ocean_menu_link_color":"","ocean_menu_link_color_hover":"","ocean_menu_link_color_active":"","ocean_menu_link_background":"","ocean_menu_link_hover_background":"","ocean_menu_link_active_background":"","ocean_menu_social_links_bg":"","ocean_menu_social_hover_links_bg":"","ocean_menu_social_links_color":"","ocean_menu_social_hover_links_color":"","ocean_disable_title":"default","ocean_disable_heading":"default","ocean_post_title":"","ocean_post_subheading":"","ocean_post_title_style":"","ocean_post_title_background_color":"","ocean_post_title_background":0,"ocean_post_title_bg_image_position":"","ocean_post_title_bg_image_attachment":"","ocean_post_title_bg_image_repeat":"","ocean_post_title_bg_image_size":"","ocean_post_title_height":0,"ocean_post_title_bg_overlay":0.5,"ocean_post_title_bg_overlay_color":"","ocean_disable_breadcrumbs":"default","ocean_breadcrumbs_color":"","ocean_breadcrumbs_separator_color":"","ocean_breadcrumbs_links_color":"","ocean_breadcrumbs_links_hover_color":"","ocean_display_footer_widgets":"default","ocean_display_footer_bottom":"default","ocean_custom_footer_template":"","footnotes":""},"class_list":["post-1181","page","type-page","status-publish","hentry","entry"],"yoast_head":"<!-- This site is optimized with the Yoast SEO plugin v27.4 - https:\/\/yoast.com\/product\/yoast-seo-wordpress\/ -->\n<title>ANTECEDENTES -<\/title>\n<meta name=\"robots\" content=\"index, follow, max-snippet:-1, max-image-preview:large, max-video-preview:-1\" \/>\n<link rel=\"canonical\" href=\"https:\/\/amigosdeltercertercio.com\/web\/ano-2013-y-anteriores\/\" \/>\n<meta property=\"og:locale\" content=\"es_ES\" \/>\n<meta property=\"og:type\" content=\"article\" \/>\n<meta property=\"og:title\" content=\"ANTECEDENTES -\" \/>\n<meta property=\"og:description\" content=\"COVID &#8211; 19 (China \u00abWuhan\u00bb) Seg\u00fan las autoridades chinas, se cree que el brote tuvo su epicentro en un mercado de animales vivos(1) de Wuhan (31 diciembre 2019), la ciudad m\u00e1s poblada de la regi\u00f3n cetral de la Rep\u00fablica Popular Chinaen la provincia de Hubei. De hecho, la mayor\u00eda de los primeros infectados, viv\u00edan en [&hellip;]\" \/>\n<meta property=\"og:url\" content=\"https:\/\/amigosdeltercertercio.com\/web\/ano-2013-y-anteriores\/\" \/>\n<meta property=\"article:modified_time\" content=\"2020-03-30T15:38:03+00:00\" \/>\n<meta property=\"og:image\" content=\"https:\/\/amigosdeltercertercio.com\/web\/wp-content\/uploads\/2020\/03\/thumbnail_IMG_20200325_101115-copia.gif\" \/>\n<meta name=\"twitter:card\" content=\"summary_large_image\" \/>\n<meta name=\"twitter:label1\" content=\"Tiempo de lectura\" \/>\n\t<meta name=\"twitter:data1\" content=\"2 minutos\" \/>\n<script type=\"application\/ld+json\" class=\"yoast-schema-graph\">{\"@context\":\"https:\\\/\\\/schema.org\",\"@graph\":[{\"@type\":\"WebPage\",\"@id\":\"https:\\\/\\\/amigosdeltercertercio.com\\\/web\\\/ano-2013-y-anteriores\\\/\",\"url\":\"https:\\\/\\\/amigosdeltercertercio.com\\\/web\\\/ano-2013-y-anteriores\\\/\",\"name\":\"ANTECEDENTES -\",\"isPartOf\":{\"@id\":\"https:\\\/\\\/amigosdeltercertercio.com\\\/web\\\/#website\"},\"primaryImageOfPage\":{\"@id\":\"https:\\\/\\\/amigosdeltercertercio.com\\\/web\\\/ano-2013-y-anteriores\\\/#primaryimage\"},\"image\":{\"@id\":\"https:\\\/\\\/amigosdeltercertercio.com\\\/web\\\/ano-2013-y-anteriores\\\/#primaryimage\"},\"thumbnailUrl\":\"https:\\\/\\\/amigosdeltercertercio.com\\\/web\\\/wp-content\\\/uploads\\\/2020\\\/03\\\/thumbnail_IMG_20200325_101115-copia.gif\",\"datePublished\":\"2014-04-26T21:31:39+00:00\",\"dateModified\":\"2020-03-30T15:38:03+00:00\",\"breadcrumb\":{\"@id\":\"https:\\\/\\\/amigosdeltercertercio.com\\\/web\\\/ano-2013-y-anteriores\\\/#breadcrumb\"},\"inLanguage\":\"es\",\"potentialAction\":[{\"@type\":\"ReadAction\",\"target\":[\"https:\\\/\\\/amigosdeltercertercio.com\\\/web\\\/ano-2013-y-anteriores\\\/\"]}]},{\"@type\":\"ImageObject\",\"inLanguage\":\"es\",\"@id\":\"https:\\\/\\\/amigosdeltercertercio.com\\\/web\\\/ano-2013-y-anteriores\\\/#primaryimage\",\"url\":\"https:\\\/\\\/amigosdeltercertercio.com\\\/web\\\/wp-content\\\/uploads\\\/2020\\\/03\\\/thumbnail_IMG_20200325_101115-copia.gif\",\"contentUrl\":\"https:\\\/\\\/amigosdeltercertercio.com\\\/web\\\/wp-content\\\/uploads\\\/2020\\\/03\\\/thumbnail_IMG_20200325_101115-copia.gif\",\"width\":378,\"height\":244},{\"@type\":\"BreadcrumbList\",\"@id\":\"https:\\\/\\\/amigosdeltercertercio.com\\\/web\\\/ano-2013-y-anteriores\\\/#breadcrumb\",\"itemListElement\":[{\"@type\":\"ListItem\",\"position\":1,\"name\":\"Home\",\"item\":\"https:\\\/\\\/amigosdeltercertercio.com\\\/web\\\/\"},{\"@type\":\"ListItem\",\"position\":2,\"name\":\"ANTECEDENTES\"}]},{\"@type\":\"WebSite\",\"@id\":\"https:\\\/\\\/amigosdeltercertercio.com\\\/web\\\/#website\",\"url\":\"https:\\\/\\\/amigosdeltercertercio.com\\\/web\\\/\",\"name\":\"\",\"description\":\"\",\"potentialAction\":[{\"@type\":\"SearchAction\",\"target\":{\"@type\":\"EntryPoint\",\"urlTemplate\":\"https:\\\/\\\/amigosdeltercertercio.com\\\/web\\\/?s={search_term_string}\"},\"query-input\":{\"@type\":\"PropertyValueSpecification\",\"valueRequired\":true,\"valueName\":\"search_term_string\"}}],\"inLanguage\":\"es\"}]}<\/script>\n<!-- \/ Yoast SEO plugin. -->","yoast_head_json":{"title":"ANTECEDENTES -","robots":{"index":"index","follow":"follow","max-snippet":"max-snippet:-1","max-image-preview":"max-image-preview:large","max-video-preview":"max-video-preview:-1"},"canonical":"https:\/\/amigosdeltercertercio.com\/web\/ano-2013-y-anteriores\/","og_locale":"es_ES","og_type":"article","og_title":"ANTECEDENTES -","og_description":"COVID &#8211; 19 (China \u00abWuhan\u00bb) Seg\u00fan las autoridades chinas, se cree que el brote tuvo su epicentro en un mercado de animales vivos(1) de Wuhan (31 diciembre 2019), la ciudad m\u00e1s poblada de la regi\u00f3n cetral de la Rep\u00fablica Popular Chinaen la provincia de Hubei. De hecho, la mayor\u00eda de los primeros infectados, viv\u00edan en [&hellip;]","og_url":"https:\/\/amigosdeltercertercio.com\/web\/ano-2013-y-anteriores\/","article_modified_time":"2020-03-30T15:38:03+00:00","og_image":[{"url":"https:\/\/amigosdeltercertercio.com\/web\/wp-content\/uploads\/2020\/03\/thumbnail_IMG_20200325_101115-copia.gif","type":"","width":"","height":""}],"twitter_card":"summary_large_image","twitter_misc":{"Tiempo de lectura":"2 minutos"},"schema":{"@context":"https:\/\/schema.org","@graph":[{"@type":"WebPage","@id":"https:\/\/amigosdeltercertercio.com\/web\/ano-2013-y-anteriores\/","url":"https:\/\/amigosdeltercertercio.com\/web\/ano-2013-y-anteriores\/","name":"ANTECEDENTES -","isPartOf":{"@id":"https:\/\/amigosdeltercertercio.com\/web\/#website"},"primaryImageOfPage":{"@id":"https:\/\/amigosdeltercertercio.com\/web\/ano-2013-y-anteriores\/#primaryimage"},"image":{"@id":"https:\/\/amigosdeltercertercio.com\/web\/ano-2013-y-anteriores\/#primaryimage"},"thumbnailUrl":"https:\/\/amigosdeltercertercio.com\/web\/wp-content\/uploads\/2020\/03\/thumbnail_IMG_20200325_101115-copia.gif","datePublished":"2014-04-26T21:31:39+00:00","dateModified":"2020-03-30T15:38:03+00:00","breadcrumb":{"@id":"https:\/\/amigosdeltercertercio.com\/web\/ano-2013-y-anteriores\/#breadcrumb"},"inLanguage":"es","potentialAction":[{"@type":"ReadAction","target":["https:\/\/amigosdeltercertercio.com\/web\/ano-2013-y-anteriores\/"]}]},{"@type":"ImageObject","inLanguage":"es","@id":"https:\/\/amigosdeltercertercio.com\/web\/ano-2013-y-anteriores\/#primaryimage","url":"https:\/\/amigosdeltercertercio.com\/web\/wp-content\/uploads\/2020\/03\/thumbnail_IMG_20200325_101115-copia.gif","contentUrl":"https:\/\/amigosdeltercertercio.com\/web\/wp-content\/uploads\/2020\/03\/thumbnail_IMG_20200325_101115-copia.gif","width":378,"height":244},{"@type":"BreadcrumbList","@id":"https:\/\/amigosdeltercertercio.com\/web\/ano-2013-y-anteriores\/#breadcrumb","itemListElement":[{"@type":"ListItem","position":1,"name":"Home","item":"https:\/\/amigosdeltercertercio.com\/web\/"},{"@type":"ListItem","position":2,"name":"ANTECEDENTES"}]},{"@type":"WebSite","@id":"https:\/\/amigosdeltercertercio.com\/web\/#website","url":"https:\/\/amigosdeltercertercio.com\/web\/","name":"","description":"","potentialAction":[{"@type":"SearchAction","target":{"@type":"EntryPoint","urlTemplate":"https:\/\/amigosdeltercertercio.com\/web\/?s={search_term_string}"},"query-input":{"@type":"PropertyValueSpecification","valueRequired":true,"valueName":"search_term_string"}}],"inLanguage":"es"}]}},"_links":{"self":[{"href":"https:\/\/amigosdeltercertercio.com\/web\/wp-json\/wp\/v2\/pages\/1181","targetHints":{"allow":["GET"]}}],"collection":[{"href":"https:\/\/amigosdeltercertercio.com\/web\/wp-json\/wp\/v2\/pages"}],"about":[{"href":"https:\/\/amigosdeltercertercio.com\/web\/wp-json\/wp\/v2\/types\/page"}],"author":[{"embeddable":true,"href":"https:\/\/amigosdeltercertercio.com\/web\/wp-json\/wp\/v2\/users\/1"}],"replies":[{"embeddable":true,"href":"https:\/\/amigosdeltercertercio.com\/web\/wp-json\/wp\/v2\/comments?post=1181"}],"version-history":[{"count":25,"href":"https:\/\/amigosdeltercertercio.com\/web\/wp-json\/wp\/v2\/pages\/1181\/revisions"}],"predecessor-version":[{"id":4769,"href":"https:\/\/amigosdeltercertercio.com\/web\/wp-json\/wp\/v2\/pages\/1181\/revisions\/4769"}],"wp:attachment":[{"href":"https:\/\/amigosdeltercertercio.com\/web\/wp-json\/wp\/v2\/media?parent=1181"}],"curies":[{"name":"wp","href":"https:\/\/api.w.org\/{rel}","templated":true}]}}