{"id":15,"date":"2014-04-10T16:29:05","date_gmt":"2014-04-10T16:29:05","guid":{"rendered":"https:\/\/amigosdeltercertercio.com\/web\/?page_id=15"},"modified":"2015-04-25T20:24:39","modified_gmt":"2015-04-25T20:24:39","slug":"actualidad","status":"publish","type":"page","link":"https:\/\/amigosdeltercertercio.com\/web\/actualidad\/","title":{"rendered":"CANCIONERO"},"content":{"rendered":"<p style=\"text-align: center;\" align=\"center\"><span style=\"line-height: 1.5em;\">\u00a0<i><b><span style=\"font-family: Arial; font-size: medium;\">HIMNOS<\/span><\/b><\/i><\/span><\/p>\n<p style=\"text-align: justify;\" align=\"left\"><span style=\"font-family: 'Trebuchet MS'; font-size: small;\">En el a\u00f1o 1920, el Maestro Cales Pino, natural de Zaragoza, compuso sobre unos versos del poeta Soler, una recia canci\u00f3n que titul\u00f3 Himno de los Legionarios y que posteriormente tom\u00f3 el nombre de<span style=\"color: #ff0000;\">\u00ab<\/span><i><span style=\"color: #ff0000;\">TERCIOS HEROICOS\u00bb<\/span>.<\/i><\/span><\/p>\n<p style=\"text-align: justify;\" align=\"left\"><span style=\"font-family: 'Trebuchet MS'; font-size: small;\">El segundo en orden cronol\u00f3gica de composici\u00f3n, fue el\u00a0<span style=\"color: #ff0000;\">\u00ab<i>NOVIO DE LA MUERTE\u00bb<\/i><\/span>. La letra es del maestro Fidel Prado y la m\u00fasica de Juan Costa. Fue cantado por primera vez en M\u00e1laga y posteriormente en Melilla.<\/span><\/p>\n<p style=\"text-align: justify;\" align=\"left\"><span style=\"font-family: 'Trebuchet MS'; font-size: small;\">La fama alcanzada por el Tercio en el socorro a Melilla, inspira a Emilio Guillen Pedemonti unos hermosos versos y a los que puso m\u00fasica el maestro Modesto Romero. Fue o\u00edda, en audici\u00f3n privada en octubre de 1921, y se incorpor\u00f3 al acervo musical del Tercio con el titulo de\u00a0<span style=\"color: #ff0000;\">\u00ab<i>CANCION DEL LEGIONARIO\u00bb<\/i>\u00a0<\/span>y m\u00e1s tarde fue elevada al rango de himno oficial de La Legi\u00f3n.<\/span><\/p>\n<p class=\"responsive-video-wrap clr\">\n<div class=\"\"><iframe loading=\"lazy\" title=\"La Legion (Spain)- Novio de la Muerte - Subtitulada\" width=\"1200\" height=\"900\" src=\"https:\/\/www.youtube.com\/embed\/5zaVLWih8vg?feature=oembed\" frameborder=\"0\" allow=\"accelerometer; autoplay; clipboard-write; encrypted-media; gyroscope; picture-in-picture\" allowfullscreen><\/iframe><\/div>\n<\/p>\n<p class=\"responsive-video-wrap clr\">\n<div class=\"\"><iframe loading=\"lazy\" title=\"La Cancion del Legionario \ud83c\uddea\ud83c\uddf8\" width=\"1200\" height=\"675\" src=\"https:\/\/www.youtube.com\/embed\/Yqk9-KfsbAo?feature=oembed\" frameborder=\"0\" allow=\"accelerometer; autoplay; clipboard-write; encrypted-media; gyroscope; picture-in-picture\" allowfullscreen><\/iframe><\/div>\n<\/p>\n<p class=\"responsive-video-wrap clr\">\n<div class=\"\"><iframe loading=\"lazy\" title=\"Tercios Her\u00f3icos\" width=\"1200\" height=\"675\" src=\"https:\/\/www.youtube.com\/embed\/9lrZdCVwvtA?feature=oembed\" frameborder=\"0\" allow=\"accelerometer; autoplay; clipboard-write; encrypted-media; gyroscope; picture-in-picture\" allowfullscreen><\/iframe><\/div><\/p>\n","protected":false},"excerpt":{"rendered":"<p>\u00a0HIMNOS En el a\u00f1o 1920, el Maestro Cales Pino, natural de Zaragoza, compuso sobre unos versos del poeta Soler, una recia canci\u00f3n que titul\u00f3 Himno de los Legionarios y que posteriormente tom\u00f3 el nombre de\u00abTERCIOS HEROICOS\u00bb. El segundo en orden cronol\u00f3gica de composici\u00f3n, fue el\u00a0\u00abNOVIO DE LA MUERTE\u00bb. La letra es del maestro Fidel Prado [&hellip;]<\/p>\n","protected":false},"author":1,"featured_media":0,"parent":0,"menu_order":0,"comment_status":"closed","ping_status":"closed","template":"","meta":{"ocean_post_layout":"","ocean_both_sidebars_style":"","ocean_both_sidebars_content_width":0,"ocean_both_sidebars_sidebars_width":0,"ocean_sidebar":"","ocean_second_sidebar":"","ocean_disable_margins":"enable","ocean_add_body_class":"","ocean_shortcode_before_top_bar":"","ocean_shortcode_after_top_bar":"","ocean_shortcode_before_header":"","ocean_shortcode_after_header":"","ocean_has_shortcode":"","ocean_shortcode_after_title":"","ocean_shortcode_before_footer_widgets":"","ocean_shortcode_after_footer_widgets":"","ocean_shortcode_before_footer_bottom":"","ocean_shortcode_after_footer_bottom":"","ocean_display_top_bar":"default","ocean_display_header":"default","ocean_header_style":"","ocean_center_header_left_menu":"","ocean_custom_header_template":"","ocean_custom_logo":0,"ocean_custom_retina_logo":0,"ocean_custom_logo_max_width":0,"ocean_custom_logo_tablet_max_width":0,"ocean_custom_logo_mobile_max_width":0,"ocean_custom_logo_max_height":0,"ocean_custom_logo_tablet_max_height":0,"ocean_custom_logo_mobile_max_height":0,"ocean_header_custom_menu":"","ocean_menu_typo_font_family":"","ocean_menu_typo_font_subset":"","ocean_menu_typo_font_size":0,"ocean_menu_typo_font_size_tablet":0,"ocean_menu_typo_font_size_mobile":0,"ocean_menu_typo_font_size_unit":"px","ocean_menu_typo_font_weight":"","ocean_menu_typo_font_weight_tablet":"","ocean_menu_typo_font_weight_mobile":"","ocean_menu_typo_transform":"","ocean_menu_typo_transform_tablet":"","ocean_menu_typo_transform_mobile":"","ocean_menu_typo_line_height":0,"ocean_menu_typo_line_height_tablet":0,"ocean_menu_typo_line_height_mobile":0,"ocean_menu_typo_line_height_unit":"","ocean_menu_typo_spacing":0,"ocean_menu_typo_spacing_tablet":0,"ocean_menu_typo_spacing_mobile":0,"ocean_menu_typo_spacing_unit":"","ocean_menu_link_color":"","ocean_menu_link_color_hover":"","ocean_menu_link_color_active":"","ocean_menu_link_background":"","ocean_menu_link_hover_background":"","ocean_menu_link_active_background":"","ocean_menu_social_links_bg":"","ocean_menu_social_hover_links_bg":"","ocean_menu_social_links_color":"","ocean_menu_social_hover_links_color":"","ocean_disable_title":"default","ocean_disable_heading":"default","ocean_post_title":"","ocean_post_subheading":"","ocean_post_title_style":"","ocean_post_title_background_color":"","ocean_post_title_background":0,"ocean_post_title_bg_image_position":"","ocean_post_title_bg_image_attachment":"","ocean_post_title_bg_image_repeat":"","ocean_post_title_bg_image_size":"","ocean_post_title_height":0,"ocean_post_title_bg_overlay":0.5,"ocean_post_title_bg_overlay_color":"","ocean_disable_breadcrumbs":"default","ocean_breadcrumbs_color":"","ocean_breadcrumbs_separator_color":"","ocean_breadcrumbs_links_color":"","ocean_breadcrumbs_links_hover_color":"","ocean_display_footer_widgets":"default","ocean_display_footer_bottom":"default","ocean_custom_footer_template":"","footnotes":""},"class_list":["post-15","page","type-page","status-publish","hentry","entry"],"yoast_head":"<!-- This site is optimized with the Yoast SEO plugin v27.4 - https:\/\/yoast.com\/product\/yoast-seo-wordpress\/ -->\n<title>CANCIONERO -<\/title>\n<meta name=\"robots\" content=\"index, follow, max-snippet:-1, max-image-preview:large, max-video-preview:-1\" \/>\n<link rel=\"canonical\" href=\"https:\/\/amigosdeltercertercio.com\/web\/actualidad\/\" \/>\n<meta property=\"og:locale\" content=\"es_ES\" \/>\n<meta property=\"og:type\" content=\"article\" \/>\n<meta property=\"og:title\" content=\"CANCIONERO -\" \/>\n<meta property=\"og:description\" content=\"\u00a0HIMNOS En el a\u00f1o 1920, el Maestro Cales Pino, natural de Zaragoza, compuso sobre unos versos del poeta Soler, una recia canci\u00f3n que titul\u00f3 Himno de los Legionarios y que posteriormente tom\u00f3 el nombre de\u00abTERCIOS HEROICOS\u00bb. El segundo en orden cronol\u00f3gica de composici\u00f3n, fue el\u00a0\u00abNOVIO DE LA MUERTE\u00bb. La letra es del maestro Fidel Prado [&hellip;]\" \/>\n<meta property=\"og:url\" content=\"https:\/\/amigosdeltercertercio.com\/web\/actualidad\/\" \/>\n<meta property=\"article:modified_time\" content=\"2015-04-25T20:24:39+00:00\" \/>\n<meta name=\"twitter:card\" content=\"summary_large_image\" \/>\n<meta name=\"twitter:label1\" content=\"Tiempo de lectura\" \/>\n\t<meta name=\"twitter:data1\" content=\"1 minuto\" \/>\n<script type=\"application\/ld+json\" class=\"yoast-schema-graph\">{\"@context\":\"https:\\\/\\\/schema.org\",\"@graph\":[{\"@type\":\"WebPage\",\"@id\":\"https:\\\/\\\/amigosdeltercertercio.com\\\/web\\\/actualidad\\\/\",\"url\":\"https:\\\/\\\/amigosdeltercertercio.com\\\/web\\\/actualidad\\\/\",\"name\":\"CANCIONERO -\",\"isPartOf\":{\"@id\":\"https:\\\/\\\/amigosdeltercertercio.com\\\/web\\\/#website\"},\"datePublished\":\"2014-04-10T16:29:05+00:00\",\"dateModified\":\"2015-04-25T20:24:39+00:00\",\"breadcrumb\":{\"@id\":\"https:\\\/\\\/amigosdeltercertercio.com\\\/web\\\/actualidad\\\/#breadcrumb\"},\"inLanguage\":\"es\",\"potentialAction\":[{\"@type\":\"ReadAction\",\"target\":[\"https:\\\/\\\/amigosdeltercertercio.com\\\/web\\\/actualidad\\\/\"]}]},{\"@type\":\"BreadcrumbList\",\"@id\":\"https:\\\/\\\/amigosdeltercertercio.com\\\/web\\\/actualidad\\\/#breadcrumb\",\"itemListElement\":[{\"@type\":\"ListItem\",\"position\":1,\"name\":\"Home\",\"item\":\"https:\\\/\\\/amigosdeltercertercio.com\\\/web\\\/\"},{\"@type\":\"ListItem\",\"position\":2,\"name\":\"CANCIONERO\"}]},{\"@type\":\"WebSite\",\"@id\":\"https:\\\/\\\/amigosdeltercertercio.com\\\/web\\\/#website\",\"url\":\"https:\\\/\\\/amigosdeltercertercio.com\\\/web\\\/\",\"name\":\"\",\"description\":\"\",\"potentialAction\":[{\"@type\":\"SearchAction\",\"target\":{\"@type\":\"EntryPoint\",\"urlTemplate\":\"https:\\\/\\\/amigosdeltercertercio.com\\\/web\\\/?s={search_term_string}\"},\"query-input\":{\"@type\":\"PropertyValueSpecification\",\"valueRequired\":true,\"valueName\":\"search_term_string\"}}],\"inLanguage\":\"es\"}]}<\/script>\n<!-- \/ Yoast SEO plugin. -->","yoast_head_json":{"title":"CANCIONERO -","robots":{"index":"index","follow":"follow","max-snippet":"max-snippet:-1","max-image-preview":"max-image-preview:large","max-video-preview":"max-video-preview:-1"},"canonical":"https:\/\/amigosdeltercertercio.com\/web\/actualidad\/","og_locale":"es_ES","og_type":"article","og_title":"CANCIONERO -","og_description":"\u00a0HIMNOS En el a\u00f1o 1920, el Maestro Cales Pino, natural de Zaragoza, compuso sobre unos versos del poeta Soler, una recia canci\u00f3n que titul\u00f3 Himno de los Legionarios y que posteriormente tom\u00f3 el nombre de\u00abTERCIOS HEROICOS\u00bb. El segundo en orden cronol\u00f3gica de composici\u00f3n, fue el\u00a0\u00abNOVIO DE LA MUERTE\u00bb. La letra es del maestro Fidel Prado [&hellip;]","og_url":"https:\/\/amigosdeltercertercio.com\/web\/actualidad\/","article_modified_time":"2015-04-25T20:24:39+00:00","twitter_card":"summary_large_image","twitter_misc":{"Tiempo de lectura":"1 minuto"},"schema":{"@context":"https:\/\/schema.org","@graph":[{"@type":"WebPage","@id":"https:\/\/amigosdeltercertercio.com\/web\/actualidad\/","url":"https:\/\/amigosdeltercertercio.com\/web\/actualidad\/","name":"CANCIONERO -","isPartOf":{"@id":"https:\/\/amigosdeltercertercio.com\/web\/#website"},"datePublished":"2014-04-10T16:29:05+00:00","dateModified":"2015-04-25T20:24:39+00:00","breadcrumb":{"@id":"https:\/\/amigosdeltercertercio.com\/web\/actualidad\/#breadcrumb"},"inLanguage":"es","potentialAction":[{"@type":"ReadAction","target":["https:\/\/amigosdeltercertercio.com\/web\/actualidad\/"]}]},{"@type":"BreadcrumbList","@id":"https:\/\/amigosdeltercertercio.com\/web\/actualidad\/#breadcrumb","itemListElement":[{"@type":"ListItem","position":1,"name":"Home","item":"https:\/\/amigosdeltercertercio.com\/web\/"},{"@type":"ListItem","position":2,"name":"CANCIONERO"}]},{"@type":"WebSite","@id":"https:\/\/amigosdeltercertercio.com\/web\/#website","url":"https:\/\/amigosdeltercertercio.com\/web\/","name":"","description":"","potentialAction":[{"@type":"SearchAction","target":{"@type":"EntryPoint","urlTemplate":"https:\/\/amigosdeltercertercio.com\/web\/?s={search_term_string}"},"query-input":{"@type":"PropertyValueSpecification","valueRequired":true,"valueName":"search_term_string"}}],"inLanguage":"es"}]}},"_links":{"self":[{"href":"https:\/\/amigosdeltercertercio.com\/web\/wp-json\/wp\/v2\/pages\/15","targetHints":{"allow":["GET"]}}],"collection":[{"href":"https:\/\/amigosdeltercertercio.com\/web\/wp-json\/wp\/v2\/pages"}],"about":[{"href":"https:\/\/amigosdeltercertercio.com\/web\/wp-json\/wp\/v2\/types\/page"}],"author":[{"embeddable":true,"href":"https:\/\/amigosdeltercertercio.com\/web\/wp-json\/wp\/v2\/users\/1"}],"replies":[{"embeddable":true,"href":"https:\/\/amigosdeltercertercio.com\/web\/wp-json\/wp\/v2\/comments?post=15"}],"version-history":[{"count":14,"href":"https:\/\/amigosdeltercertercio.com\/web\/wp-json\/wp\/v2\/pages\/15\/revisions"}],"predecessor-version":[{"id":283,"href":"https:\/\/amigosdeltercertercio.com\/web\/wp-json\/wp\/v2\/pages\/15\/revisions\/283"}],"wp:attachment":[{"href":"https:\/\/amigosdeltercertercio.com\/web\/wp-json\/wp\/v2\/media?parent=15"}],"curies":[{"name":"wp","href":"https:\/\/api.w.org\/{rel}","templated":true}]}}