{"id":1657,"date":"2014-05-01T13:33:29","date_gmt":"2014-05-01T13:33:29","guid":{"rendered":"https:\/\/amigosdeltercertercio.com\/web\/?page_id=1657"},"modified":"2014-05-05T15:04:02","modified_gmt":"2014-05-05T15:04:02","slug":"credo","status":"publish","type":"page","link":"https:\/\/amigosdeltercertercio.com\/web\/credo\/","title":{"rendered":"Credo Legionario"},"content":{"rendered":"<h2 id=\"firstHeading\" class=\"firstHeading\" lang=\"es\" style=\"color: black; text-align: center;\"><em><span dir=\"auto\">Credo Legionario<\/span><\/em><\/h2>\n<div id=\"bodyContent\" style=\"color: #252525;\">\n<div id=\"contentSub\" style=\"color: #545454;\"><\/div>\n<div id=\"jump-to-nav\" class=\"mw-jump\" style=\"text-align: justify;\">\u00a0<em>El\u00a0<b>Credo Legionario<\/b>\u00a0consiste en una lista de doce m\u00e1ximos, redactadas por Jos\u00e9 Mill\u00e1n-Astray y Terreros, fundador de La\u00a0Legi\u00f3n Espa\u00f1ola, poco despu\u00e9s de la creaci\u00f3n de la unidad en 1920. La intenci\u00f3n de\u00a0Millan Astray\u00a0era la de plasmar en sentencias simples que defini\u00f3 como base espiritual de La Legi\u00f3n, ayudando as\u00ed a conformar y que todo caballero legionario deb\u00eda saber de memoria el credo y aplicarlo en todas las facetas de su vida.<\/em><\/div>\n<div class=\"mw-jump\" style=\"text-align: justify;\"><\/div>\n<div class=\"mw-jump\" style=\"text-align: justify;\">\n<h3 style=\"color: black; text-align: center;\"><em><span id=\"La_m.C3.ADstica_legionaria\" class=\"mw-headline\">La m\u00edstica legionaria<\/span><\/em><\/h3>\n<div class=\"noprint AP rellink\" style=\"font-style: italic;\">La Legi\u00f3n se pens\u00f3 desde el primer momento como unidad de choque, compuesta por voluntarios, que permitiera reducir la cantidad de bajas de personal de leva que tanto malestar social causaba en la pen\u00ednsula. Se esperaba que se nutriera principalmente de extranjeros, y de nacionales que buscasen huir de una vida anterior, redimirse, mediante el servicio armado, lo que se tradujo en una bien conocida pol\u00edtica inicial de \u00abnada de preguntas\u00bb. El texto del Credo est\u00e1 formado por doce sentencias o\u00a0<i>esp\u00edritus<\/i>\u00a0que debe atesorar y cumplir todo caballero legionario. El Credo es, adem\u00e1s, una gu\u00eda de conducta simple y f\u00e1cil de memorizar a fin de permitir su mejor aprendizaje por parte de legionarios iletrados o extranjeros. Unida a las ceremonias, a la uniformidad exclusiva de la Legi\u00f3n, a las tradiciones y al llamado \u00abCulto a la muerte\u00bb, el Credo conformaba la base de la llamada\u00a0<i>m\u00edstica legionaria<\/i>, creada conscientemente por su fundador, y cultivada con af\u00e1n por el cuerpo desde entonces.<\/div>\n<div class=\"noprint AP rellink\" style=\"font-style: italic;\"><em>El objetivo de este adoctrinamiento era conseguir una unidad cohesionada, dispuesta a actuar como tropas de choque sin temer a la muerte. El mismo Mill\u00e1n Astray admiti\u00f3 muchas veces ser un gran admirador del\u00a0bushido, obra que \u00e9l mismo lleg\u00f3 a traducir al espa\u00f1ol durante los a\u00f1os 20 a partir de una edici\u00f3n francesa.<\/em><\/div>\n<h3 style=\"text-align: center;\"><em>\u00a0Historia del texto<\/em><\/h3>\n<p><em>Creada el\u00a020 de septiembre\u00a0de\u00a01920, y aunque ya hab\u00eda participado en acciones de guerra, la\u00a0Legi\u00f3n\u00a0no empez\u00f3 a ser conocida entre la ciudadan\u00eda espa\u00f1ola hasta su precipitado traslado en auxilio de\u00a0Melilla\u00a0tras el\u00a0Desastre de Annua<a style=\"color: #0b0080;\" title=\"Desastre de Annual\" href=\"http:\/\/es.wikipedia.org\/wiki\/Desastre_de_Annual\">l<\/a>. En\u00a01923, con la unidad ya plenamente establecida y necesitada de mantener el flujo inicial de reclutas, as\u00ed como buscando incrementar la publicidad sobre la misma, el entonces\u00a0teniente coronel\u00a0Jos\u00e9 Mill\u00e1n Astray\u00a0redact\u00f3 y edit\u00f3 un libro titulado\u00a0La Legi\u00f3n, en el cual aparece p\u00fablicamente la primera forma conocida del Credo. No obstante, este ya exist\u00eda pr\u00e1cticamente desde la fundaci\u00f3n de la unidad, y era ense\u00f1ado a las tropas con tanta insistencia y tes\u00f3n como si se tratara de un nuevo\u00a0catecismo.<\/em><\/p>\n<p><em>El texto del Credo Legionario se mantuvo inalterado durante los a\u00f1os de existencia de la Legi\u00f3n, excepto por un detalle del 11\u00ba esp\u00edritu: la edici\u00f3n original publicada por Mill\u00e1n Astray rezaba\u00a0La Bandera de La Legi\u00f3n\u00a0<b>ser\u00e1<\/b>\u00a0la m\u00e1s gloriosa [&#8230;]. La forma en futuro fue modificada a su redacci\u00f3n actual, en presente, en un acto con gran ceremonia tras la entrega de la primera bandera nacional a La Legi\u00f3n el\u00a05 de octubre\u00a0de\u00a01927\u00a0por parte de la entonces reina\u00a0Victoria Eugenia, al considerarse que las bajas legionarias hasta la fecha lo hac\u00edan merecedor de tal modificaci\u00f3n.<\/em><\/p>\n<p><em>En los a\u00f1os 80, cuando se cuestionaba la continuidad de La Legi\u00f3n, el Ministerio de Defensa de Espa\u00f1a promovi\u00f3 una nueva redacci\u00f3n del Credo, por considerar que la tradicional era anacr\u00f3nica y pol\u00edticamente incorrecta, aunque no prosper\u00f3.<\/em><\/p>\n<p style=\"text-align: center;\">\u00a0<b><i><span style=\"font-family: Tahoma; font-size: large;\">Credo Legionario<\/span><\/i><\/b><\/p>\n<p style=\"text-align: left;\"><i><b><span style=\"font-family: Tahoma;\"><span style=\"color: #ff0000;\">El Esp\u00edritu del Legionario:<\/span> <\/span><\/b><span style=\"font-family: Tahoma;\">Es \u00fanico y sin igual; es de ciega y feroz acometividad, de buscar siempre acortar la distancia con el enemigo y llegar a la bayoneta.<\/span><\/i><\/p>\n<p style=\"text-align: left;\"><i><span style=\"font-family: Tahoma;\"><span style=\"color: #ff0000;\"><b>El Esp\u00edritu de Compa\u00f1erismo:<\/b><\/span> Con el sagrado juramento de no abandonar jam\u00e1s a un hombre en el campo, hasta perecer todos.\u00a0\u00a0\u00a0\u00a0\u00a0\u00a0 <\/span><\/i><\/p>\n<p style=\"text-align: left;\"><i><span style=\"font-family: Tahoma;\"><span style=\"color: #ff0000;\"><b>El Esp\u00edritu de Amistad:<\/b><\/span> De juramento entre cada dos hombres.\u00a0\u00a0\u00a0\u00a0\u00a0\u00a0\u00a0\u00a0\u00a0\u00a0\u00a0\u00a0\u00a0\u00a0\u00a0\u00a0\u00a0\u00a0\u00a0\u00a0\u00a0\u00a0\u00a0\u00a0\u00a0\u00a0\u00a0\u00a0\u00a0\u00a0\u00a0\u00a0\u00a0\u00a0\u00a0\u00a0\u00a0\u00a0\u00a0\u00a0\u00a0\u00a0\u00a0\u00a0\u00a0\u00a0\u00a0\u00a0\u00a0\u00a0\u00a0\u00a0\u00a0\u00a0\u00a0\u00a0\u00a0\u00a0\u00a0\u00a0\u00a0\u00a0\u00a0\u00a0\u00a0\u00a0\u00a0\u00a0\u00a0\u00a0\u00a0\u00a0\u00a0\u00a0\u00a0\u00a0\u00a0\u00a0\u00a0\u00a0\u00a0\u00a0\u00a0\u00a0\u00a0\u00a0\u00a0\u00a0\u00a0\u00a0\u00a0\u00a0\u00a0\u00a0\u00a0\u00a0\u00a0\u00a0\u00a0\u00a0\u00a0\u00a0\u00a0\u00a0 <\/span><\/i><\/p>\n<p style=\"text-align: left;\"><i><span style=\"font-family: Tahoma;\"><span style=\"color: #ff0000;\"><b>El Esp\u00edritu de Uni\u00f3n y Socorro: <\/b><\/span>A la voz de \u00abA mi La Legi\u00f3n\u00bb, sea donde sea, acudir\u00e1n todos, y con raz\u00f3n o sin ella defender\u00e1n al legionario que pida auxilio.<\/span><\/i><\/p>\n<p style=\"text-align: left;\"><i><span style=\"font-family: Tahoma;\"><span style=\"color: #ff0000;\"><b>El Esp\u00edritu de Marcha:<\/b><\/span> Jam\u00e1s un legionario dir\u00e1 que est\u00e1 cansado hasta caer reventado; ser\u00e1 el cuerpo m\u00e1s veloz y resistente.\u00a0\u00a0\u00a0\u00a0\u00a0\u00a0\u00a0\u00a0\u00a0\u00a0\u00a0\u00a0\u00a0\u00a0\u00a0\u00a0 <\/span><\/i><\/p>\n<p style=\"text-align: left;\"><i><span style=\"font-family: Tahoma;\"><span style=\"color: #ff0000;\"><b>El Esp\u00edritu de Sufrimiento y Dureza:<\/b><\/span> No se quejar\u00e1 de fatiga, ni de dolor, ni de hambre, ni de sed, ni de sue\u00f1o; har\u00e1 todos los trabajos; cavar\u00e1, arrastrar\u00e1 ca\u00f1ones, carros; estar\u00e1 destacado, har\u00e1 convoyes, trabajar\u00e1 en lo que le manden.<\/span><\/i><\/p>\n<p style=\"text-align: left;\"><i><span style=\"font-family: Tahoma;\"><span style=\"color: #ff0000;\"><b>El Esp\u00edritu de Acudir al Fuego:<\/b><\/span> La Legi\u00f3n, desde el hombre solo, hasta La Legi\u00f3n entera, acudir\u00e1 siempre donde oiga fuego, de d\u00eda, de noche, siempre, siempre, aunque no tenga orden para ello.<\/span><\/i><\/p>\n<p style=\"text-align: left;\"><i><span style=\"font-family: Tahoma;\"><span style=\"color: #ff0000;\"><b>El Esp\u00edritu de Disciplina:<\/b><\/span> Cumplir\u00e1 su deber, obedecer\u00e1 hasta morir.\u00a0\u00a0\u00a0\u00a0\u00a0\u00a0\u00a0\u00a0\u00a0\u00a0\u00a0\u00a0\u00a0\u00a0\u00a0\u00a0\u00a0\u00a0\u00a0\u00a0\u00a0\u00a0\u00a0\u00a0\u00a0\u00a0\u00a0\u00a0\u00a0\u00a0\u00a0\u00a0\u00a0\u00a0\u00a0\u00a0\u00a0\u00a0\u00a0\u00a0\u00a0\u00a0\u00a0\u00a0\u00a0\u00a0\u00a0\u00a0\u00a0\u00a0\u00a0\u00a0\u00a0\u00a0\u00a0\u00a0\u00a0\u00a0\u00a0\u00a0\u00a0\u00a0\u00a0\u00a0\u00a0\u00a0\u00a0\u00a0\u00a0\u00a0\u00a0\u00a0\u00a0\u00a0\u00a0\u00a0\u00a0\u00a0\u00a0\u00a0\u00a0\u00a0\u00a0\u00a0\u00a0\u00a0\u00a0\u00a0\u00a0\u00a0\u00a0\u00a0\u00a0\u00a0\u00a0\u00a0 <\/span><\/i><\/p>\n<p style=\"text-align: left;\"><i><span style=\"font-family: Tahoma;\"><span style=\"color: #ff0000;\"><b>El Esp\u00edritu de Combate:<\/b><\/span> La Legi\u00f3n pedir\u00e1 siempre, siempre, combatir, sin turno,\u00a0 sin contar los d\u00edas, ni los meses, ni los a\u00f1os.\u00a0\u00a0\u00a0\u00a0\u00a0\u00a0\u00a0\u00a0\u00a0\u00a0\u00a0\u00a0\u00a0\u00a0 <\/span><\/i><\/p>\n<p style=\"text-align: left;\"><i><span style=\"font-family: Tahoma;\"><span style=\"color: #ff0000;\"><b>El Esp\u00edritu de la Muerte:<\/b><\/span> El morir en el combate es el mayor honor. No se muere mas que una vez. La muerte llega sin dolor, y el morir no es tan horrible como parece. Lo m\u00e1s horrible es vivir siendo un cobarde.<\/span><\/i><\/p>\n<p style=\"text-align: left;\"><i><span style=\"font-family: Tahoma;\"><span style=\"color: #ff0000;\"><b>La Bandera de La Legi\u00f3n:<\/b><\/span> La Bandera de La Legi\u00f3n ser\u00e1 la m\u00e1s gloriosa, porque la te\u00f1ir\u00e1 la sangre de sus legionarios.\u00a0\u00a0\u00a0\u00a0\u00a0\u00a0\u00a0\u00a0\u00a0\u00a0\u00a0\u00a0\u00a0\u00a0\u00a0\u00a0\u00a0\u00a0\u00a0\u00a0\u00a0\u00a0\u00a0\u00a0\u00a0\u00a0 <\/span><\/i><\/p>\n<p style=\"text-align: left;\"><i><span style=\"font-family: Tahoma;\"><span style=\"color: #ff0000;\"><b>Todos los Hombres Legionarios:<\/b><\/span> Son bravos, cada naci\u00f3n tiene fama de bravura; aqu\u00ed es preciso demostrar qu\u00e9 pueblo es el m\u00e1s valiente.<\/span><\/i><\/p>\n<p style=\"text-align: left;\">\n<\/div>\n<\/div>\n","protected":false},"excerpt":{"rendered":"<p>Credo Legionario \u00a0El\u00a0Credo Legionario\u00a0consiste en una lista de doce m\u00e1ximos, redactadas por Jos\u00e9 Mill\u00e1n-Astray y Terreros, fundador de La\u00a0Legi\u00f3n Espa\u00f1ola, poco despu\u00e9s de la creaci\u00f3n de la unidad en 1920. La intenci\u00f3n de\u00a0Millan Astray\u00a0era la de plasmar en sentencias simples que defini\u00f3 como base espiritual de La Legi\u00f3n, ayudando as\u00ed a conformar y que todo [&hellip;]<\/p>\n","protected":false},"author":1,"featured_media":0,"parent":0,"menu_order":0,"comment_status":"closed","ping_status":"closed","template":"","meta":{"ocean_post_layout":"","ocean_both_sidebars_style":"","ocean_both_sidebars_content_width":0,"ocean_both_sidebars_sidebars_width":0,"ocean_sidebar":"","ocean_second_sidebar":"","ocean_disable_margins":"enable","ocean_add_body_class":"","ocean_shortcode_before_top_bar":"","ocean_shortcode_after_top_bar":"","ocean_shortcode_before_header":"","ocean_shortcode_after_header":"","ocean_has_shortcode":"","ocean_shortcode_after_title":"","ocean_shortcode_before_footer_widgets":"","ocean_shortcode_after_footer_widgets":"","ocean_shortcode_before_footer_bottom":"","ocean_shortcode_after_footer_bottom":"","ocean_display_top_bar":"default","ocean_display_header":"default","ocean_header_style":"","ocean_center_header_left_menu":"","ocean_custom_header_template":"","ocean_custom_logo":0,"ocean_custom_retina_logo":0,"ocean_custom_logo_max_width":0,"ocean_custom_logo_tablet_max_width":0,"ocean_custom_logo_mobile_max_width":0,"ocean_custom_logo_max_height":0,"ocean_custom_logo_tablet_max_height":0,"ocean_custom_logo_mobile_max_height":0,"ocean_header_custom_menu":"","ocean_menu_typo_font_family":"","ocean_menu_typo_font_subset":"","ocean_menu_typo_font_size":0,"ocean_menu_typo_font_size_tablet":0,"ocean_menu_typo_font_size_mobile":0,"ocean_menu_typo_font_size_unit":"px","ocean_menu_typo_font_weight":"","ocean_menu_typo_font_weight_tablet":"","ocean_menu_typo_font_weight_mobile":"","ocean_menu_typo_transform":"","ocean_menu_typo_transform_tablet":"","ocean_menu_typo_transform_mobile":"","ocean_menu_typo_line_height":0,"ocean_menu_typo_line_height_tablet":0,"ocean_menu_typo_line_height_mobile":0,"ocean_menu_typo_line_height_unit":"","ocean_menu_typo_spacing":0,"ocean_menu_typo_spacing_tablet":0,"ocean_menu_typo_spacing_mobile":0,"ocean_menu_typo_spacing_unit":"","ocean_menu_link_color":"","ocean_menu_link_color_hover":"","ocean_menu_link_color_active":"","ocean_menu_link_background":"","ocean_menu_link_hover_background":"","ocean_menu_link_active_background":"","ocean_menu_social_links_bg":"","ocean_menu_social_hover_links_bg":"","ocean_menu_social_links_color":"","ocean_menu_social_hover_links_color":"","ocean_disable_title":"default","ocean_disable_heading":"default","ocean_post_title":"","ocean_post_subheading":"","ocean_post_title_style":"","ocean_post_title_background_color":"","ocean_post_title_background":0,"ocean_post_title_bg_image_position":"","ocean_post_title_bg_image_attachment":"","ocean_post_title_bg_image_repeat":"","ocean_post_title_bg_image_size":"","ocean_post_title_height":0,"ocean_post_title_bg_overlay":0.5,"ocean_post_title_bg_overlay_color":"","ocean_disable_breadcrumbs":"default","ocean_breadcrumbs_color":"","ocean_breadcrumbs_separator_color":"","ocean_breadcrumbs_links_color":"","ocean_breadcrumbs_links_hover_color":"","ocean_display_footer_widgets":"default","ocean_display_footer_bottom":"default","ocean_custom_footer_template":"","footnotes":""},"class_list":["post-1657","page","type-page","status-publish","hentry","entry"],"yoast_head":"<!-- This site is optimized with the Yoast SEO plugin v27.4 - https:\/\/yoast.com\/product\/yoast-seo-wordpress\/ -->\n<title>Credo Legionario -<\/title>\n<meta name=\"robots\" content=\"index, follow, max-snippet:-1, max-image-preview:large, max-video-preview:-1\" \/>\n<link rel=\"canonical\" href=\"https:\/\/amigosdeltercertercio.com\/web\/credo\/\" \/>\n<meta property=\"og:locale\" content=\"es_ES\" \/>\n<meta property=\"og:type\" content=\"article\" \/>\n<meta property=\"og:title\" content=\"Credo Legionario -\" \/>\n<meta property=\"og:description\" content=\"Credo Legionario \u00a0El\u00a0Credo Legionario\u00a0consiste en una lista de doce m\u00e1ximos, redactadas por Jos\u00e9 Mill\u00e1n-Astray y Terreros, fundador de La\u00a0Legi\u00f3n Espa\u00f1ola, poco despu\u00e9s de la creaci\u00f3n de la unidad en 1920. La intenci\u00f3n de\u00a0Millan Astray\u00a0era la de plasmar en sentencias simples que defini\u00f3 como base espiritual de La Legi\u00f3n, ayudando as\u00ed a conformar y que todo [&hellip;]\" \/>\n<meta property=\"og:url\" content=\"https:\/\/amigosdeltercertercio.com\/web\/credo\/\" \/>\n<meta property=\"article:modified_time\" content=\"2014-05-05T15:04:02+00:00\" \/>\n<meta name=\"twitter:card\" content=\"summary_large_image\" \/>\n<meta name=\"twitter:label1\" content=\"Tiempo de lectura\" \/>\n\t<meta name=\"twitter:data1\" content=\"5 minutos\" \/>\n<script type=\"application\/ld+json\" class=\"yoast-schema-graph\">{\"@context\":\"https:\\\/\\\/schema.org\",\"@graph\":[{\"@type\":\"WebPage\",\"@id\":\"https:\\\/\\\/amigosdeltercertercio.com\\\/web\\\/credo\\\/\",\"url\":\"https:\\\/\\\/amigosdeltercertercio.com\\\/web\\\/credo\\\/\",\"name\":\"Credo Legionario -\",\"isPartOf\":{\"@id\":\"https:\\\/\\\/amigosdeltercertercio.com\\\/web\\\/#website\"},\"datePublished\":\"2014-05-01T13:33:29+00:00\",\"dateModified\":\"2014-05-05T15:04:02+00:00\",\"breadcrumb\":{\"@id\":\"https:\\\/\\\/amigosdeltercertercio.com\\\/web\\\/credo\\\/#breadcrumb\"},\"inLanguage\":\"es\",\"potentialAction\":[{\"@type\":\"ReadAction\",\"target\":[\"https:\\\/\\\/amigosdeltercertercio.com\\\/web\\\/credo\\\/\"]}]},{\"@type\":\"BreadcrumbList\",\"@id\":\"https:\\\/\\\/amigosdeltercertercio.com\\\/web\\\/credo\\\/#breadcrumb\",\"itemListElement\":[{\"@type\":\"ListItem\",\"position\":1,\"name\":\"Home\",\"item\":\"https:\\\/\\\/amigosdeltercertercio.com\\\/web\\\/\"},{\"@type\":\"ListItem\",\"position\":2,\"name\":\"Credo Legionario\"}]},{\"@type\":\"WebSite\",\"@id\":\"https:\\\/\\\/amigosdeltercertercio.com\\\/web\\\/#website\",\"url\":\"https:\\\/\\\/amigosdeltercertercio.com\\\/web\\\/\",\"name\":\"\",\"description\":\"\",\"potentialAction\":[{\"@type\":\"SearchAction\",\"target\":{\"@type\":\"EntryPoint\",\"urlTemplate\":\"https:\\\/\\\/amigosdeltercertercio.com\\\/web\\\/?s={search_term_string}\"},\"query-input\":{\"@type\":\"PropertyValueSpecification\",\"valueRequired\":true,\"valueName\":\"search_term_string\"}}],\"inLanguage\":\"es\"}]}<\/script>\n<!-- \/ Yoast SEO plugin. -->","yoast_head_json":{"title":"Credo Legionario -","robots":{"index":"index","follow":"follow","max-snippet":"max-snippet:-1","max-image-preview":"max-image-preview:large","max-video-preview":"max-video-preview:-1"},"canonical":"https:\/\/amigosdeltercertercio.com\/web\/credo\/","og_locale":"es_ES","og_type":"article","og_title":"Credo Legionario -","og_description":"Credo Legionario \u00a0El\u00a0Credo Legionario\u00a0consiste en una lista de doce m\u00e1ximos, redactadas por Jos\u00e9 Mill\u00e1n-Astray y Terreros, fundador de La\u00a0Legi\u00f3n Espa\u00f1ola, poco despu\u00e9s de la creaci\u00f3n de la unidad en 1920. La intenci\u00f3n de\u00a0Millan Astray\u00a0era la de plasmar en sentencias simples que defini\u00f3 como base espiritual de La Legi\u00f3n, ayudando as\u00ed a conformar y que todo [&hellip;]","og_url":"https:\/\/amigosdeltercertercio.com\/web\/credo\/","article_modified_time":"2014-05-05T15:04:02+00:00","twitter_card":"summary_large_image","twitter_misc":{"Tiempo de lectura":"5 minutos"},"schema":{"@context":"https:\/\/schema.org","@graph":[{"@type":"WebPage","@id":"https:\/\/amigosdeltercertercio.com\/web\/credo\/","url":"https:\/\/amigosdeltercertercio.com\/web\/credo\/","name":"Credo Legionario -","isPartOf":{"@id":"https:\/\/amigosdeltercertercio.com\/web\/#website"},"datePublished":"2014-05-01T13:33:29+00:00","dateModified":"2014-05-05T15:04:02+00:00","breadcrumb":{"@id":"https:\/\/amigosdeltercertercio.com\/web\/credo\/#breadcrumb"},"inLanguage":"es","potentialAction":[{"@type":"ReadAction","target":["https:\/\/amigosdeltercertercio.com\/web\/credo\/"]}]},{"@type":"BreadcrumbList","@id":"https:\/\/amigosdeltercertercio.com\/web\/credo\/#breadcrumb","itemListElement":[{"@type":"ListItem","position":1,"name":"Home","item":"https:\/\/amigosdeltercertercio.com\/web\/"},{"@type":"ListItem","position":2,"name":"Credo Legionario"}]},{"@type":"WebSite","@id":"https:\/\/amigosdeltercertercio.com\/web\/#website","url":"https:\/\/amigosdeltercertercio.com\/web\/","name":"","description":"","potentialAction":[{"@type":"SearchAction","target":{"@type":"EntryPoint","urlTemplate":"https:\/\/amigosdeltercertercio.com\/web\/?s={search_term_string}"},"query-input":{"@type":"PropertyValueSpecification","valueRequired":true,"valueName":"search_term_string"}}],"inLanguage":"es"}]}},"_links":{"self":[{"href":"https:\/\/amigosdeltercertercio.com\/web\/wp-json\/wp\/v2\/pages\/1657","targetHints":{"allow":["GET"]}}],"collection":[{"href":"https:\/\/amigosdeltercertercio.com\/web\/wp-json\/wp\/v2\/pages"}],"about":[{"href":"https:\/\/amigosdeltercertercio.com\/web\/wp-json\/wp\/v2\/types\/page"}],"author":[{"embeddable":true,"href":"https:\/\/amigosdeltercertercio.com\/web\/wp-json\/wp\/v2\/users\/1"}],"replies":[{"embeddable":true,"href":"https:\/\/amigosdeltercertercio.com\/web\/wp-json\/wp\/v2\/comments?post=1657"}],"version-history":[{"count":11,"href":"https:\/\/amigosdeltercertercio.com\/web\/wp-json\/wp\/v2\/pages\/1657\/revisions"}],"predecessor-version":[{"id":1977,"href":"https:\/\/amigosdeltercertercio.com\/web\/wp-json\/wp\/v2\/pages\/1657\/revisions\/1977"}],"wp:attachment":[{"href":"https:\/\/amigosdeltercertercio.com\/web\/wp-json\/wp\/v2\/media?parent=1657"}],"curies":[{"name":"wp","href":"https:\/\/api.w.org\/{rel}","templated":true}]}}