{"id":17,"date":"2014-04-10T16:29:23","date_gmt":"2014-04-10T16:29:23","guid":{"rendered":"https:\/\/amigosdeltercertercio.com\/web\/?page_id=17"},"modified":"2020-04-24T16:06:19","modified_gmt":"2020-04-24T16:06:19","slug":"cancionero","status":"publish","type":"page","link":"https:\/\/amigosdeltercertercio.com\/web\/cancionero\/","title":{"rendered":"CORONAVIRUS Covid-19"},"content":{"rendered":"<h3 style=\"text-align: center;\"><strong>LEGI\u00d3N ESPA\u00d1OLA<\/strong><\/h3>\n<p>Ante todo, nuestro agradecimiento y admiraci\u00f3n a la Unidad Militar de Emergencias (UME), como unidad insignia de las FA,s., durante la crisis de la pandemia del Coronavirus \u00abCovid-19\u00bb, sufrida en Espa\u00f1a.<\/p>\n<p style=\"text-align: center;\"><a href=\"https:\/\/amigosdeltercertercio.com\/web\/wp-content\/uploads\/2020\/03\/escudo2.png\"><img loading=\"lazy\" decoding=\"async\" class=\"aligncenter size-full wp-image-4783\" src=\"https:\/\/amigosdeltercertercio.com\/web\/wp-content\/uploads\/2020\/03\/escudo2.png\" alt=\"\" width=\"63\" height=\"99\" \/><\/a><\/p>\n<p>Sirvan estas galer\u00edas, como tributo y agradecimiento por el deber cumplido, a todas las Unidades de La Legi\u00f3n Espa\u00f1ola, por los servicios de apoyo a las FFCCSE, control en las poblaciones y seguridad en los puntos sensibles que le fueron asignados.<\/p>\n<h3 style=\"color: #0073b3; text-align: center;\"><a href=\"https:\/\/amigosdeltercertercio.com\/web\/wp-content\/uploads\/2020\/03\/Sin-t\u00edtulo-1.gif\"><img loading=\"lazy\" decoding=\"async\" class=\"aligncenter size-full wp-image-4719\" src=\"https:\/\/amigosdeltercertercio.com\/web\/wp-content\/uploads\/2020\/03\/Sin-t\u00edtulo-1.gif\" alt=\"\" width=\"399\" height=\"400\" \/><\/a><a href=\"https:\/\/amigosdeltercertercio.com\/web\/wp-content\/uploads\/2020\/03\/IMG-20200327-WA0006.jpg\"><img loading=\"lazy\" decoding=\"async\" class=\"aligncenter size-full wp-image-4713\" src=\"https:\/\/amigosdeltercertercio.com\/web\/wp-content\/uploads\/2020\/03\/IMG-20200327-WA0006.jpg\" alt=\"\" width=\"1600\" height=\"1130\" \/><\/a> <a href=\"https:\/\/amigosdeltercertercio.com\/web\/wp-content\/uploads\/2020\/03\/thumbnail_IMG_20200325_101115.jpg\"><img loading=\"lazy\" decoding=\"async\" class=\"aligncenter size-full wp-image-4714\" src=\"https:\/\/amigosdeltercertercio.com\/web\/wp-content\/uploads\/2020\/03\/thumbnail_IMG_20200325_101115.jpg\" alt=\"\" width=\"1080\" height=\"698\" \/><\/a><\/h3>\n<p style=\"text-align: center;\"><strong>ESTA EN CONSTRUCCI\u00d3N \/\/ GRACIAS<\/strong><\/p>\n<div style=\"width: 1200px;\" class=\"wp-video\"><video class=\"wp-video-shortcode\" id=\"video-17-1\" width=\"1200\" height=\"675\" preload=\"metadata\" controls=\"controls\"><source type=\"video\/mp4\" src=\"https:\/\/amigosdeltercertercio.com\/web\/wp-content\/uploads\/2020\/04\/La-Legion-Coronavirus.mp4?_=1\" \/><a href=\"https:\/\/amigosdeltercertercio.com\/web\/wp-content\/uploads\/2020\/04\/La-Legion-Coronavirus.mp4\">https:\/\/amigosdeltercertercio.com\/web\/wp-content\/uploads\/2020\/04\/La-Legion-Coronavirus.mp4<\/a><\/video><\/div>\n","protected":false},"excerpt":{"rendered":"<p>LEGI\u00d3N ESPA\u00d1OLA Ante todo, nuestro agradecimiento y admiraci\u00f3n a la Unidad Militar de Emergencias (UME), como unidad insignia de las FA,s., durante la crisis de la pandemia del Coronavirus \u00abCovid-19\u00bb, sufrida en Espa\u00f1a. Sirvan estas galer\u00edas, como tributo y agradecimiento por el deber cumplido, a todas las Unidades de La Legi\u00f3n Espa\u00f1ola, por los servicios [&hellip;]<\/p>\n","protected":false},"author":1,"featured_media":0,"parent":0,"menu_order":0,"comment_status":"closed","ping_status":"closed","template":"","meta":{"ocean_post_layout":"","ocean_both_sidebars_style":"","ocean_both_sidebars_content_width":0,"ocean_both_sidebars_sidebars_width":0,"ocean_sidebar":"","ocean_second_sidebar":"","ocean_disable_margins":"enable","ocean_add_body_class":"","ocean_shortcode_before_top_bar":"","ocean_shortcode_after_top_bar":"","ocean_shortcode_before_header":"","ocean_shortcode_after_header":"","ocean_has_shortcode":"","ocean_shortcode_after_title":"","ocean_shortcode_before_footer_widgets":"","ocean_shortcode_after_footer_widgets":"","ocean_shortcode_before_footer_bottom":"","ocean_shortcode_after_footer_bottom":"","ocean_display_top_bar":"default","ocean_display_header":"default","ocean_header_style":"","ocean_center_header_left_menu":"","ocean_custom_header_template":"","ocean_custom_logo":0,"ocean_custom_retina_logo":0,"ocean_custom_logo_max_width":0,"ocean_custom_logo_tablet_max_width":0,"ocean_custom_logo_mobile_max_width":0,"ocean_custom_logo_max_height":0,"ocean_custom_logo_tablet_max_height":0,"ocean_custom_logo_mobile_max_height":0,"ocean_header_custom_menu":"","ocean_menu_typo_font_family":"","ocean_menu_typo_font_subset":"","ocean_menu_typo_font_size":0,"ocean_menu_typo_font_size_tablet":0,"ocean_menu_typo_font_size_mobile":0,"ocean_menu_typo_font_size_unit":"px","ocean_menu_typo_font_weight":"","ocean_menu_typo_font_weight_tablet":"","ocean_menu_typo_font_weight_mobile":"","ocean_menu_typo_transform":"","ocean_menu_typo_transform_tablet":"","ocean_menu_typo_transform_mobile":"","ocean_menu_typo_line_height":0,"ocean_menu_typo_line_height_tablet":0,"ocean_menu_typo_line_height_mobile":0,"ocean_menu_typo_line_height_unit":"","ocean_menu_typo_spacing":0,"ocean_menu_typo_spacing_tablet":0,"ocean_menu_typo_spacing_mobile":0,"ocean_menu_typo_spacing_unit":"","ocean_menu_link_color":"","ocean_menu_link_color_hover":"","ocean_menu_link_color_active":"","ocean_menu_link_background":"","ocean_menu_link_hover_background":"","ocean_menu_link_active_background":"","ocean_menu_social_links_bg":"","ocean_menu_social_hover_links_bg":"","ocean_menu_social_links_color":"","ocean_menu_social_hover_links_color":"","ocean_disable_title":"default","ocean_disable_heading":"default","ocean_post_title":"","ocean_post_subheading":"","ocean_post_title_style":"","ocean_post_title_background_color":"","ocean_post_title_background":0,"ocean_post_title_bg_image_position":"","ocean_post_title_bg_image_attachment":"","ocean_post_title_bg_image_repeat":"","ocean_post_title_bg_image_size":"","ocean_post_title_height":0,"ocean_post_title_bg_overlay":0.5,"ocean_post_title_bg_overlay_color":"","ocean_disable_breadcrumbs":"default","ocean_breadcrumbs_color":"","ocean_breadcrumbs_separator_color":"","ocean_breadcrumbs_links_color":"","ocean_breadcrumbs_links_hover_color":"","ocean_display_footer_widgets":"default","ocean_display_footer_bottom":"default","ocean_custom_footer_template":"","footnotes":""},"class_list":["post-17","page","type-page","status-publish","hentry","entry"],"yoast_head":"<!-- This site is optimized with the Yoast SEO plugin v27.4 - https:\/\/yoast.com\/product\/yoast-seo-wordpress\/ -->\n<title>CORONAVIRUS Covid-19 -<\/title>\n<meta name=\"robots\" content=\"index, follow, max-snippet:-1, max-image-preview:large, max-video-preview:-1\" \/>\n<link rel=\"canonical\" href=\"https:\/\/amigosdeltercertercio.com\/web\/cancionero\/\" \/>\n<meta property=\"og:locale\" content=\"es_ES\" \/>\n<meta property=\"og:type\" content=\"article\" \/>\n<meta property=\"og:title\" content=\"CORONAVIRUS Covid-19 -\" \/>\n<meta property=\"og:description\" content=\"LEGI\u00d3N ESPA\u00d1OLA Ante todo, nuestro agradecimiento y admiraci\u00f3n a la Unidad Militar de Emergencias (UME), como unidad insignia de las FA,s., durante la crisis de la pandemia del Coronavirus \u00abCovid-19\u00bb, sufrida en Espa\u00f1a. Sirvan estas galer\u00edas, como tributo y agradecimiento por el deber cumplido, a todas las Unidades de La Legi\u00f3n Espa\u00f1ola, por los servicios [&hellip;]\" \/>\n<meta property=\"og:url\" content=\"https:\/\/amigosdeltercertercio.com\/web\/cancionero\/\" \/>\n<meta property=\"article:modified_time\" content=\"2020-04-24T16:06:19+00:00\" \/>\n<meta property=\"og:image\" content=\"https:\/\/amigosdeltercertercio.com\/web\/wp-content\/uploads\/2020\/03\/escudo2.png\" \/>\n<meta name=\"twitter:card\" content=\"summary_large_image\" \/>\n<meta name=\"twitter:label1\" content=\"Tiempo de lectura\" \/>\n\t<meta name=\"twitter:data1\" content=\"1 minuto\" \/>\n<script type=\"application\/ld+json\" class=\"yoast-schema-graph\">{\"@context\":\"https:\\\/\\\/schema.org\",\"@graph\":[{\"@type\":\"WebPage\",\"@id\":\"https:\\\/\\\/amigosdeltercertercio.com\\\/web\\\/cancionero\\\/\",\"url\":\"https:\\\/\\\/amigosdeltercertercio.com\\\/web\\\/cancionero\\\/\",\"name\":\"CORONAVIRUS Covid-19 -\",\"isPartOf\":{\"@id\":\"https:\\\/\\\/amigosdeltercertercio.com\\\/web\\\/#website\"},\"primaryImageOfPage\":{\"@id\":\"https:\\\/\\\/amigosdeltercertercio.com\\\/web\\\/cancionero\\\/#primaryimage\"},\"image\":{\"@id\":\"https:\\\/\\\/amigosdeltercertercio.com\\\/web\\\/cancionero\\\/#primaryimage\"},\"thumbnailUrl\":\"https:\\\/\\\/amigosdeltercertercio.com\\\/web\\\/wp-content\\\/uploads\\\/2020\\\/03\\\/escudo2.png\",\"datePublished\":\"2014-04-10T16:29:23+00:00\",\"dateModified\":\"2020-04-24T16:06:19+00:00\",\"breadcrumb\":{\"@id\":\"https:\\\/\\\/amigosdeltercertercio.com\\\/web\\\/cancionero\\\/#breadcrumb\"},\"inLanguage\":\"es\",\"potentialAction\":[{\"@type\":\"ReadAction\",\"target\":[\"https:\\\/\\\/amigosdeltercertercio.com\\\/web\\\/cancionero\\\/\"]}]},{\"@type\":\"ImageObject\",\"inLanguage\":\"es\",\"@id\":\"https:\\\/\\\/amigosdeltercertercio.com\\\/web\\\/cancionero\\\/#primaryimage\",\"url\":\"https:\\\/\\\/amigosdeltercertercio.com\\\/web\\\/wp-content\\\/uploads\\\/2020\\\/03\\\/escudo2.png\",\"contentUrl\":\"https:\\\/\\\/amigosdeltercertercio.com\\\/web\\\/wp-content\\\/uploads\\\/2020\\\/03\\\/escudo2.png\",\"width\":63,\"height\":99},{\"@type\":\"BreadcrumbList\",\"@id\":\"https:\\\/\\\/amigosdeltercertercio.com\\\/web\\\/cancionero\\\/#breadcrumb\",\"itemListElement\":[{\"@type\":\"ListItem\",\"position\":1,\"name\":\"Home\",\"item\":\"https:\\\/\\\/amigosdeltercertercio.com\\\/web\\\/\"},{\"@type\":\"ListItem\",\"position\":2,\"name\":\"CORONAVIRUS Covid-19\"}]},{\"@type\":\"WebSite\",\"@id\":\"https:\\\/\\\/amigosdeltercertercio.com\\\/web\\\/#website\",\"url\":\"https:\\\/\\\/amigosdeltercertercio.com\\\/web\\\/\",\"name\":\"\",\"description\":\"\",\"potentialAction\":[{\"@type\":\"SearchAction\",\"target\":{\"@type\":\"EntryPoint\",\"urlTemplate\":\"https:\\\/\\\/amigosdeltercertercio.com\\\/web\\\/?s={search_term_string}\"},\"query-input\":{\"@type\":\"PropertyValueSpecification\",\"valueRequired\":true,\"valueName\":\"search_term_string\"}}],\"inLanguage\":\"es\"}]}<\/script>\n<!-- \/ Yoast SEO plugin. -->","yoast_head_json":{"title":"CORONAVIRUS Covid-19 -","robots":{"index":"index","follow":"follow","max-snippet":"max-snippet:-1","max-image-preview":"max-image-preview:large","max-video-preview":"max-video-preview:-1"},"canonical":"https:\/\/amigosdeltercertercio.com\/web\/cancionero\/","og_locale":"es_ES","og_type":"article","og_title":"CORONAVIRUS Covid-19 -","og_description":"LEGI\u00d3N ESPA\u00d1OLA Ante todo, nuestro agradecimiento y admiraci\u00f3n a la Unidad Militar de Emergencias (UME), como unidad insignia de las FA,s., durante la crisis de la pandemia del Coronavirus \u00abCovid-19\u00bb, sufrida en Espa\u00f1a. Sirvan estas galer\u00edas, como tributo y agradecimiento por el deber cumplido, a todas las Unidades de La Legi\u00f3n Espa\u00f1ola, por los servicios [&hellip;]","og_url":"https:\/\/amigosdeltercertercio.com\/web\/cancionero\/","article_modified_time":"2020-04-24T16:06:19+00:00","og_image":[{"url":"https:\/\/amigosdeltercertercio.com\/web\/wp-content\/uploads\/2020\/03\/escudo2.png","type":"","width":"","height":""}],"twitter_card":"summary_large_image","twitter_misc":{"Tiempo de lectura":"1 minuto"},"schema":{"@context":"https:\/\/schema.org","@graph":[{"@type":"WebPage","@id":"https:\/\/amigosdeltercertercio.com\/web\/cancionero\/","url":"https:\/\/amigosdeltercertercio.com\/web\/cancionero\/","name":"CORONAVIRUS Covid-19 -","isPartOf":{"@id":"https:\/\/amigosdeltercertercio.com\/web\/#website"},"primaryImageOfPage":{"@id":"https:\/\/amigosdeltercertercio.com\/web\/cancionero\/#primaryimage"},"image":{"@id":"https:\/\/amigosdeltercertercio.com\/web\/cancionero\/#primaryimage"},"thumbnailUrl":"https:\/\/amigosdeltercertercio.com\/web\/wp-content\/uploads\/2020\/03\/escudo2.png","datePublished":"2014-04-10T16:29:23+00:00","dateModified":"2020-04-24T16:06:19+00:00","breadcrumb":{"@id":"https:\/\/amigosdeltercertercio.com\/web\/cancionero\/#breadcrumb"},"inLanguage":"es","potentialAction":[{"@type":"ReadAction","target":["https:\/\/amigosdeltercertercio.com\/web\/cancionero\/"]}]},{"@type":"ImageObject","inLanguage":"es","@id":"https:\/\/amigosdeltercertercio.com\/web\/cancionero\/#primaryimage","url":"https:\/\/amigosdeltercertercio.com\/web\/wp-content\/uploads\/2020\/03\/escudo2.png","contentUrl":"https:\/\/amigosdeltercertercio.com\/web\/wp-content\/uploads\/2020\/03\/escudo2.png","width":63,"height":99},{"@type":"BreadcrumbList","@id":"https:\/\/amigosdeltercertercio.com\/web\/cancionero\/#breadcrumb","itemListElement":[{"@type":"ListItem","position":1,"name":"Home","item":"https:\/\/amigosdeltercertercio.com\/web\/"},{"@type":"ListItem","position":2,"name":"CORONAVIRUS Covid-19"}]},{"@type":"WebSite","@id":"https:\/\/amigosdeltercertercio.com\/web\/#website","url":"https:\/\/amigosdeltercertercio.com\/web\/","name":"","description":"","potentialAction":[{"@type":"SearchAction","target":{"@type":"EntryPoint","urlTemplate":"https:\/\/amigosdeltercertercio.com\/web\/?s={search_term_string}"},"query-input":{"@type":"PropertyValueSpecification","valueRequired":true,"valueName":"search_term_string"}}],"inLanguage":"es"}]}},"_links":{"self":[{"href":"https:\/\/amigosdeltercertercio.com\/web\/wp-json\/wp\/v2\/pages\/17","targetHints":{"allow":["GET"]}}],"collection":[{"href":"https:\/\/amigosdeltercertercio.com\/web\/wp-json\/wp\/v2\/pages"}],"about":[{"href":"https:\/\/amigosdeltercertercio.com\/web\/wp-json\/wp\/v2\/types\/page"}],"author":[{"embeddable":true,"href":"https:\/\/amigosdeltercertercio.com\/web\/wp-json\/wp\/v2\/users\/1"}],"replies":[{"embeddable":true,"href":"https:\/\/amigosdeltercertercio.com\/web\/wp-json\/wp\/v2\/comments?post=17"}],"version-history":[{"count":27,"href":"https:\/\/amigosdeltercertercio.com\/web\/wp-json\/wp\/v2\/pages\/17\/revisions"}],"predecessor-version":[{"id":4926,"href":"https:\/\/amigosdeltercertercio.com\/web\/wp-json\/wp\/v2\/pages\/17\/revisions\/4926"}],"wp:attachment":[{"href":"https:\/\/amigosdeltercertercio.com\/web\/wp-json\/wp\/v2\/media?parent=17"}],"curies":[{"name":"wp","href":"https:\/\/api.w.org\/{rel}","templated":true}]}}