{"id":231,"date":"2014-04-12T14:38:12","date_gmt":"2014-04-12T14:38:12","guid":{"rendered":"https:\/\/amigosdeltercertercio.com\/web\/?page_id=231"},"modified":"2016-02-03T19:19:19","modified_gmt":"2016-02-03T19:19:19","slug":"tercio-3o","status":"publish","type":"page","link":"https:\/\/amigosdeltercertercio.com\/web\/tercio-3o\/","title":{"rendered":"TERCIO 3\u00ba"},"content":{"rendered":"<p style=\"text-align: center;\"><i><b>ORGANIZACI\u00d3N DEL TERCIO 3<\/b><\/i><\/p>\n<p align=\"justify\"><span style=\"font-family: 'Trebuchet MS'; font-size: small;\">Ejerce su Mando un Coronel de Infanter\u00eda, est\u00e1 capacitado para combatir en toda clase de terrenos y circunstancias, en su beneficio act\u00faan el resto de Unidades. Tiene una alta capacidad de adherencia y adaptaci\u00f3n al terreno, fluidez y flexibilidad en sus despliegues y potencia de choque. Es especialmente apto para el avance y la infiltraci\u00f3n en ofensiva y para ocupar y mantener el terreno en defensiva. Dotado de Blindados Medio Ruedas (BMR,s) tiene adem\u00e1s una alta protecci\u00f3n contra el enemigo, una potencia de fuego \u00f3ptima y es apto para realizar acciones m\u00f3viles que requieran de gran rapidez.<\/span><\/p>\n<p align=\"justify\"><span style=\"font-family: 'Trebuchet MS'; font-size: small;\">El Tercio (PLMM), actualmente constituye una Unidad administrativa, que puede desarrollar misiones de car\u00e1cter operativo en el caso de la formaci\u00f3n de una Agrupaci\u00f3n T\u00e1ctica. Vela por los aspectos que rigen la vida diaria de las Unidades Subordinadas. Centraliza la gesti\u00f3n log\u00edstica, tanto de personal como de material. Est\u00e1 organizado sobre la base de un Mando, Plana Mayor de Mando, una Unidad de Apoyo a la Plana Mayor de Mando (UAPO) y dos Banderas de Infanter\u00eda Ligero-Protegidas.<\/span><\/p>\n<p align=\"justify\"><span style=\"font-family: 'Trebuchet MS'; font-size: small;\">Dichas Banderas son el elemento fundamental de maniobra de la Brigada (junto con la X\u00aa Bandera, encuadrada en el 4\u00ba Tercio). Su misi\u00f3n es ocupar y defender el terreno, mediante acciones tanto ofensivas como defensivas caracterizadas por la velocidad, flexibilidad y fluidez en sus despliegues, en la actualidad y debido a los distintos Teatros de Operaciones con los que se encuentra se especializa en Combate en Zonas Urbanizadas, especializaci\u00f3n que alcanzan en las instalaciones que para este tipo de combate se han realizado tanto dentro de la Brigada como en su Campo de Maniobras.<\/span><\/p>\n<p align=\"justify\">\u00a0<\/p>\n","protected":false},"excerpt":{"rendered":"<p>ORGANIZACI\u00d3N DEL TERCIO 3 Ejerce su Mando un Coronel de Infanter\u00eda, est\u00e1 capacitado para combatir en toda clase de terrenos y circunstancias, en su beneficio act\u00faan el resto de Unidades. Tiene una alta capacidad de adherencia y adaptaci\u00f3n al terreno, fluidez y flexibilidad en sus despliegues y potencia de choque. Es especialmente apto para el [&hellip;]<\/p>\n","protected":false},"author":1,"featured_media":0,"parent":0,"menu_order":0,"comment_status":"closed","ping_status":"closed","template":"","meta":{"ocean_post_layout":"","ocean_both_sidebars_style":"","ocean_both_sidebars_content_width":0,"ocean_both_sidebars_sidebars_width":0,"ocean_sidebar":"","ocean_second_sidebar":"","ocean_disable_margins":"enable","ocean_add_body_class":"","ocean_shortcode_before_top_bar":"","ocean_shortcode_after_top_bar":"","ocean_shortcode_before_header":"","ocean_shortcode_after_header":"","ocean_has_shortcode":"","ocean_shortcode_after_title":"","ocean_shortcode_before_footer_widgets":"","ocean_shortcode_after_footer_widgets":"","ocean_shortcode_before_footer_bottom":"","ocean_shortcode_after_footer_bottom":"","ocean_display_top_bar":"default","ocean_display_header":"default","ocean_header_style":"","ocean_center_header_left_menu":"","ocean_custom_header_template":"","ocean_custom_logo":0,"ocean_custom_retina_logo":0,"ocean_custom_logo_max_width":0,"ocean_custom_logo_tablet_max_width":0,"ocean_custom_logo_mobile_max_width":0,"ocean_custom_logo_max_height":0,"ocean_custom_logo_tablet_max_height":0,"ocean_custom_logo_mobile_max_height":0,"ocean_header_custom_menu":"","ocean_menu_typo_font_family":"","ocean_menu_typo_font_subset":"","ocean_menu_typo_font_size":0,"ocean_menu_typo_font_size_tablet":0,"ocean_menu_typo_font_size_mobile":0,"ocean_menu_typo_font_size_unit":"px","ocean_menu_typo_font_weight":"","ocean_menu_typo_font_weight_tablet":"","ocean_menu_typo_font_weight_mobile":"","ocean_menu_typo_transform":"","ocean_menu_typo_transform_tablet":"","ocean_menu_typo_transform_mobile":"","ocean_menu_typo_line_height":0,"ocean_menu_typo_line_height_tablet":0,"ocean_menu_typo_line_height_mobile":0,"ocean_menu_typo_line_height_unit":"","ocean_menu_typo_spacing":0,"ocean_menu_typo_spacing_tablet":0,"ocean_menu_typo_spacing_mobile":0,"ocean_menu_typo_spacing_unit":"","ocean_menu_link_color":"","ocean_menu_link_color_hover":"","ocean_menu_link_color_active":"","ocean_menu_link_background":"","ocean_menu_link_hover_background":"","ocean_menu_link_active_background":"","ocean_menu_social_links_bg":"","ocean_menu_social_hover_links_bg":"","ocean_menu_social_links_color":"","ocean_menu_social_hover_links_color":"","ocean_disable_title":"default","ocean_disable_heading":"default","ocean_post_title":"","ocean_post_subheading":"","ocean_post_title_style":"","ocean_post_title_background_color":"","ocean_post_title_background":0,"ocean_post_title_bg_image_position":"","ocean_post_title_bg_image_attachment":"","ocean_post_title_bg_image_repeat":"","ocean_post_title_bg_image_size":"","ocean_post_title_height":0,"ocean_post_title_bg_overlay":0.5,"ocean_post_title_bg_overlay_color":"","ocean_disable_breadcrumbs":"default","ocean_breadcrumbs_color":"","ocean_breadcrumbs_separator_color":"","ocean_breadcrumbs_links_color":"","ocean_breadcrumbs_links_hover_color":"","ocean_display_footer_widgets":"default","ocean_display_footer_bottom":"default","ocean_custom_footer_template":"","footnotes":""},"class_list":["post-231","page","type-page","status-publish","hentry","entry"],"yoast_head":"<!-- This site is optimized with the Yoast SEO plugin v27.5 - https:\/\/yoast.com\/product\/yoast-seo-wordpress\/ -->\n<title>TERCIO 3\u00ba -<\/title>\n<meta name=\"robots\" content=\"index, follow, max-snippet:-1, max-image-preview:large, max-video-preview:-1\" \/>\n<link rel=\"canonical\" href=\"https:\/\/amigosdeltercertercio.com\/web\/tercio-3o\/\" \/>\n<meta property=\"og:locale\" content=\"es_ES\" \/>\n<meta property=\"og:type\" content=\"article\" \/>\n<meta property=\"og:title\" content=\"TERCIO 3\u00ba -\" \/>\n<meta property=\"og:description\" content=\"ORGANIZACI\u00d3N DEL TERCIO 3 Ejerce su Mando un Coronel de Infanter\u00eda, est\u00e1 capacitado para combatir en toda clase de terrenos y circunstancias, en su beneficio act\u00faan el resto de Unidades. Tiene una alta capacidad de adherencia y adaptaci\u00f3n al terreno, fluidez y flexibilidad en sus despliegues y potencia de choque. Es especialmente apto para el [&hellip;]\" \/>\n<meta property=\"og:url\" content=\"https:\/\/amigosdeltercertercio.com\/web\/tercio-3o\/\" \/>\n<meta property=\"article:modified_time\" content=\"2016-02-03T19:19:19+00:00\" \/>\n<meta name=\"twitter:card\" content=\"summary_large_image\" \/>\n<meta name=\"twitter:label1\" content=\"Tiempo de lectura\" \/>\n\t<meta name=\"twitter:data1\" content=\"1 minuto\" \/>\n<script type=\"application\/ld+json\" class=\"yoast-schema-graph\">{\"@context\":\"https:\\\/\\\/schema.org\",\"@graph\":[{\"@type\":\"WebPage\",\"@id\":\"https:\\\/\\\/amigosdeltercertercio.com\\\/web\\\/tercio-3o\\\/\",\"url\":\"https:\\\/\\\/amigosdeltercertercio.com\\\/web\\\/tercio-3o\\\/\",\"name\":\"TERCIO 3\u00ba -\",\"isPartOf\":{\"@id\":\"https:\\\/\\\/amigosdeltercertercio.com\\\/web\\\/#website\"},\"datePublished\":\"2014-04-12T14:38:12+00:00\",\"dateModified\":\"2016-02-03T19:19:19+00:00\",\"breadcrumb\":{\"@id\":\"https:\\\/\\\/amigosdeltercertercio.com\\\/web\\\/tercio-3o\\\/#breadcrumb\"},\"inLanguage\":\"es\",\"potentialAction\":[{\"@type\":\"ReadAction\",\"target\":[\"https:\\\/\\\/amigosdeltercertercio.com\\\/web\\\/tercio-3o\\\/\"]}]},{\"@type\":\"BreadcrumbList\",\"@id\":\"https:\\\/\\\/amigosdeltercertercio.com\\\/web\\\/tercio-3o\\\/#breadcrumb\",\"itemListElement\":[{\"@type\":\"ListItem\",\"position\":1,\"name\":\"Home\",\"item\":\"https:\\\/\\\/amigosdeltercertercio.com\\\/web\\\/\"},{\"@type\":\"ListItem\",\"position\":2,\"name\":\"TERCIO 3\u00ba\"}]},{\"@type\":\"WebSite\",\"@id\":\"https:\\\/\\\/amigosdeltercertercio.com\\\/web\\\/#website\",\"url\":\"https:\\\/\\\/amigosdeltercertercio.com\\\/web\\\/\",\"name\":\"\",\"description\":\"\",\"potentialAction\":[{\"@type\":\"SearchAction\",\"target\":{\"@type\":\"EntryPoint\",\"urlTemplate\":\"https:\\\/\\\/amigosdeltercertercio.com\\\/web\\\/?s={search_term_string}\"},\"query-input\":{\"@type\":\"PropertyValueSpecification\",\"valueRequired\":true,\"valueName\":\"search_term_string\"}}],\"inLanguage\":\"es\"}]}<\/script>\n<!-- \/ Yoast SEO plugin. -->","yoast_head_json":{"title":"TERCIO 3\u00ba -","robots":{"index":"index","follow":"follow","max-snippet":"max-snippet:-1","max-image-preview":"max-image-preview:large","max-video-preview":"max-video-preview:-1"},"canonical":"https:\/\/amigosdeltercertercio.com\/web\/tercio-3o\/","og_locale":"es_ES","og_type":"article","og_title":"TERCIO 3\u00ba -","og_description":"ORGANIZACI\u00d3N DEL TERCIO 3 Ejerce su Mando un Coronel de Infanter\u00eda, est\u00e1 capacitado para combatir en toda clase de terrenos y circunstancias, en su beneficio act\u00faan el resto de Unidades. Tiene una alta capacidad de adherencia y adaptaci\u00f3n al terreno, fluidez y flexibilidad en sus despliegues y potencia de choque. Es especialmente apto para el [&hellip;]","og_url":"https:\/\/amigosdeltercertercio.com\/web\/tercio-3o\/","article_modified_time":"2016-02-03T19:19:19+00:00","twitter_card":"summary_large_image","twitter_misc":{"Tiempo de lectura":"1 minuto"},"schema":{"@context":"https:\/\/schema.org","@graph":[{"@type":"WebPage","@id":"https:\/\/amigosdeltercertercio.com\/web\/tercio-3o\/","url":"https:\/\/amigosdeltercertercio.com\/web\/tercio-3o\/","name":"TERCIO 3\u00ba -","isPartOf":{"@id":"https:\/\/amigosdeltercertercio.com\/web\/#website"},"datePublished":"2014-04-12T14:38:12+00:00","dateModified":"2016-02-03T19:19:19+00:00","breadcrumb":{"@id":"https:\/\/amigosdeltercertercio.com\/web\/tercio-3o\/#breadcrumb"},"inLanguage":"es","potentialAction":[{"@type":"ReadAction","target":["https:\/\/amigosdeltercertercio.com\/web\/tercio-3o\/"]}]},{"@type":"BreadcrumbList","@id":"https:\/\/amigosdeltercertercio.com\/web\/tercio-3o\/#breadcrumb","itemListElement":[{"@type":"ListItem","position":1,"name":"Home","item":"https:\/\/amigosdeltercertercio.com\/web\/"},{"@type":"ListItem","position":2,"name":"TERCIO 3\u00ba"}]},{"@type":"WebSite","@id":"https:\/\/amigosdeltercertercio.com\/web\/#website","url":"https:\/\/amigosdeltercertercio.com\/web\/","name":"","description":"","potentialAction":[{"@type":"SearchAction","target":{"@type":"EntryPoint","urlTemplate":"https:\/\/amigosdeltercertercio.com\/web\/?s={search_term_string}"},"query-input":{"@type":"PropertyValueSpecification","valueRequired":true,"valueName":"search_term_string"}}],"inLanguage":"es"}]}},"_links":{"self":[{"href":"https:\/\/amigosdeltercertercio.com\/web\/wp-json\/wp\/v2\/pages\/231","targetHints":{"allow":["GET"]}}],"collection":[{"href":"https:\/\/amigosdeltercertercio.com\/web\/wp-json\/wp\/v2\/pages"}],"about":[{"href":"https:\/\/amigosdeltercertercio.com\/web\/wp-json\/wp\/v2\/types\/page"}],"author":[{"embeddable":true,"href":"https:\/\/amigosdeltercertercio.com\/web\/wp-json\/wp\/v2\/users\/1"}],"replies":[{"embeddable":true,"href":"https:\/\/amigosdeltercertercio.com\/web\/wp-json\/wp\/v2\/comments?post=231"}],"version-history":[{"count":6,"href":"https:\/\/amigosdeltercertercio.com\/web\/wp-json\/wp\/v2\/pages\/231\/revisions"}],"predecessor-version":[{"id":3985,"href":"https:\/\/amigosdeltercertercio.com\/web\/wp-json\/wp\/v2\/pages\/231\/revisions\/3985"}],"wp:attachment":[{"href":"https:\/\/amigosdeltercertercio.com\/web\/wp-json\/wp\/v2\/media?parent=231"}],"curies":[{"name":"wp","href":"https:\/\/api.w.org\/{rel}","templated":true}]}}