{"id":233,"date":"2014-04-12T14:38:23","date_gmt":"2014-04-12T14:38:23","guid":{"rendered":"https:\/\/amigosdeltercertercio.com\/web\/?page_id=233"},"modified":"2016-02-03T19:15:48","modified_gmt":"2016-02-03T19:15:48","slug":"brileg","status":"publish","type":"page","link":"https:\/\/amigosdeltercertercio.com\/web\/brileg\/","title":{"rendered":"BRILEG"},"content":{"rendered":"<p><span style=\"font-family: Tahoma;\"><b>BRIGADA DE LA LEGI\u00d3N\u00a0<\/b><\/span><\/p>\n<ul>\n<li type=\"circle\">Cuartel General<\/li>\n<li type=\"circle\">Tercio \u201cD. Juan de Austria\u201d, 3\u00ba de la Legi\u00f3n<\/li>\n<li type=\"circle\">Tercio \u201cAlejandro Farnesio\u201d, 4\u00ba de la Legi\u00f3n<\/li>\n<li type=\"circle\">Bandera del Cuartel General de La Legi\u00f3n<\/li>\n<li type=\"circle\">Grupo de Artiller\u00eda de La Legi\u00f3n<\/li>\n<li type=\"circle\">Grupo Log\u00edstico de La Legi\u00f3n<\/li>\n<li type=\"circle\">Grupo de Reconocimiento de La Legi\u00f3n<\/li>\n<li type=\"circle\">Unidad de Zapadores de La Legi\u00f3n<\/li>\n<\/ul>\n<p><b>La Brigada de la Legi\u00f3n \u201cRey Alfonso XIII\u201d<\/b>\u00a0con sede en la\u00a0<i>Base \u201c\u00c1lvarez de Sotomayor\u201d en Viator <a href=\"https:\/\/amigosdeltercertercio.com\/web\/wp-content\/uploads\/2014\/04\/monolito.jpg\"><img loading=\"lazy\" decoding=\"async\" class=\"alignright size-full wp-image-240\" src=\"https:\/\/amigosdeltercertercio.com\/web\/wp-content\/uploads\/2014\/04\/monolito.jpg\" alt=\"monolito\" width=\"350\" height=\"262\" srcset=\"https:\/\/amigosdeltercertercio.com\/web\/wp-content\/uploads\/2014\/04\/monolito.jpg 350w, https:\/\/amigosdeltercertercio.com\/web\/wp-content\/uploads\/2014\/04\/monolito-300x224.jpg 300w\" sizes=\"auto, (max-width: 350px) 100vw, 350px\" \/><\/a>(Almer\u00eda)<\/i>\u00a0y en el\u00a0<i>Acuartelamiento \u201cGeneral Gabeiras\u201d en Ronda (M\u00e1laga)<\/i>, es la Brigada m\u00e1s joven del Ej\u00e9rcito y la Unidad m\u00e1s grande de la Legi\u00f3n. Se constituye en julio de 1995, fecha en la que el Mando de la Legi\u00f3n se transform\u00f3 en\u00a0<b>Cuartel General de la Brigada de La Legi\u00f3n<\/b>\u00a0y se traslada desde M\u00e1laga a su nueva sede en Viator (Almer\u00eda). La Brigada de la Legi\u00f3n se organiz\u00f3 sobre la base de los Tercios \u201c<i>Don Juan de Austria<\/i>\u201d, 3\u00ba de la Legi\u00f3n y \u201c<i>Alejandro Farnesio<\/i>\u201d, 4\u00ba de la Legi\u00f3n, a los que se unieron las Unidades de Apoyo de la disuelta Brigada XXIII:<i>\u00a0Grupo de Artiller\u00eda<\/i>,\u00a0<i>Grupo Log\u00edstico<\/i>,\u00a0<i>Unidad de Zapadores y posteriormente se constituyeron la Bandera del Cuartel General y Unidad de Transmisiones.<\/i>\u00a0Teniendo su sede en\u00a0<b>Viator<\/b>, Almer\u00eda, excepto el Tercio 4\u00ba ubicado en la ciudad de<b>\u00a0Ronda (M\u00e1laga),\u00a0<\/b>incorpor\u00e1ndose \u00faltimamente a\u00a0 esta Unidad, el Grupo de Reconocimiento de Caballer\u00eda.<\/p>\n<p style=\"text-align: justify;\">La Brigada de la Legi\u00f3n est\u00e1 al mando de un\u00a0<b>General de Infanter\u00eda<\/b>, que adem\u00e1s es responsable de dirigir coordinar el adiestramiento de sus Unidades, asesorado por un Estado Mayor, en el que se apoya para esta y otras muchas acciones.<\/p>\n<p><a href=\"https:\/\/amigosdeltercertercio.com\/web\/wp-content\/uploads\/2014\/04\/entrada_brileg.jpg\"><img loading=\"lazy\" decoding=\"async\" class=\"aligncenter size-full wp-image-241\" src=\"https:\/\/amigosdeltercertercio.com\/web\/wp-content\/uploads\/2014\/04\/entrada_brileg.jpg\" alt=\"entrada_brileg\" width=\"296\" height=\"111\" \/><\/a><\/p>\n<p><span style=\"line-height: 1.5em;\">El 20 de septiembre de 1996, en un acto presidido por SS.MM los Reyes y coincidiendo con la celebraci\u00f3n del LXXVI aniversario fundacional la BRILEG recibi\u00f3 la denominaci\u00f3n oficial de:<\/span><\/p>\n<p align=\"center\"><i><b><a href=\"https:\/\/amigosdeltercertercio.com\/web\/wp-content\/uploads\/2014\/04\/visita_rey.jpg\"><img loading=\"lazy\" decoding=\"async\" class=\"alignleft size-full wp-image-242\" src=\"https:\/\/amigosdeltercertercio.com\/web\/wp-content\/uploads\/2014\/04\/visita_rey.jpg\" alt=\"visita_rey\" width=\"138\" height=\"200\" \/><\/a><\/b><\/i><\/p>\n<p align=\"center\"><i><b>Brigada de La Legi\u00f3n<\/b><\/i><\/p>\n<p align=\"center\"><i><b>\u201cRey Alfonso XIII\u201d<\/b>.<\/i><\/p>\n<p>&nbsp;<\/p>\n<p>&nbsp;<\/p>\n<h6 style=\"text-align: center;\"><\/h6>\n<h6 style=\"text-align: center;\"><b>CUARTEL GENERAL<\/b><\/h6>\n<p><a href=\"https:\/\/amigosdeltercertercio.com\/web\/wp-content\/uploads\/2014\/04\/cuartel_general1.jpg\"><img loading=\"lazy\" decoding=\"async\" class=\"aligncenter size-full wp-image-245\" src=\"https:\/\/amigosdeltercertercio.com\/web\/wp-content\/uploads\/2014\/04\/cuartel_general1.jpg\" alt=\"cuartel_general\" width=\"65\" height=\"78\" \/><\/a><\/p>\n<p style=\"text-align: justify;\"><b><span style=\"font-size: small;\">Misi\u00f3n<\/span><\/b><span style=\"font-size: small;\"><br \/>\nEs el \u00f3rgano encargado de proporcionar los elementos de juicio en los que el jefe de la Brigada base su decisi\u00f3n, d\u00e1ndole forma a esta mediante las oportunas ordenes de operaciones, controlando su distribuci\u00f3n y ejecuci\u00f3n.<\/span><\/p>\n<h6 style=\"text-align: center;\"><b>TERCIO \u201cD. JUAN DE AUSTRIA\u201d, 3\u00ba DE LA LEGION<\/b><\/h6>\n<p><a href=\"https:\/\/amigosdeltercertercio.com\/web\/wp-content\/uploads\/2014\/04\/tercio_3.jpg\"><img loading=\"lazy\" decoding=\"async\" class=\"aligncenter size-full wp-image-246\" src=\"https:\/\/amigosdeltercertercio.com\/web\/wp-content\/uploads\/2014\/04\/tercio_3.jpg\" alt=\"tercio_3\" width=\"65\" height=\"80\" \/><\/a><\/p>\n<p>&nbsp;<\/p>\n<p style=\"text-align: justify;\">Actualmente constituye una unidad administrativa que puede desarrollar misiones de car\u00e1cter operativo en el caso de la formaci\u00f3n de una agrupaci\u00f3n t\u00e1ctica. Vela por los aspectos que rigen la vida diaria de las unidades subordinadas. Centraliza la gesti\u00f3n log\u00edstica, tanto de personal, como de material. Est\u00e1 organizado sobre la base de un Mando, Plana Mayor de Mando, una Unidad de Apoyo a la Pana Mayor de Mando (UAPO) y dos Banderas de Infanter\u00eda ligero-protegidas<\/p>\n<p style=\"text-align: justify;\"><b>Misi\u00f3n<\/b><br \/>\nSus Banderas (VII Bandera \u00abValenzuela\u00bb y VIII Bandera \u00abCol\u00f3n\u00bb) equipadas con veh\u00edculos blindados de ruedas BMR -M1, son el elemento fundamental de maniobra de la Brigada (junto a la X Bandera, encuadrada en el Tercio 4\u00ba). Su misi\u00f3n es ocupar y defender el terreno, mediante acciones tanto ofensivas como defensivas caracterizadas por la velocidad, flexibilidad y fluidez en sus despliegues, en la actualidad y debido a los distintos Teatros de Operaciones con los que se encuentra se especializa en Combate en Zonas Urbanizadas.<\/p>\n<div align=\"justify\"><a href=\"https:\/\/amigosdeltercertercio.com\/web\/wp-content\/uploads\/2014\/04\/tercio_3_1.jpg\"><img loading=\"lazy\" decoding=\"async\" class=\"aligncenter size-full wp-image-247\" src=\"https:\/\/amigosdeltercertercio.com\/web\/wp-content\/uploads\/2014\/04\/tercio_3_1.jpg\" alt=\"tercio_3_1\" width=\"150\" height=\"100\" \/><\/a><\/div>\n<h6 style=\"text-align: center;\" align=\"justify\"><b>TERCIO \u201cALEJANDRO FARNESIO\u201d, 4\u00ba DE LA LEGI\u00d3N<\/b><\/h6>\n<p><a href=\"https:\/\/amigosdeltercertercio.com\/web\/wp-content\/uploads\/2014\/04\/tercio_4.jpg\"><img loading=\"lazy\" decoding=\"async\" class=\"aligncenter size-full wp-image-248\" src=\"https:\/\/amigosdeltercertercio.com\/web\/wp-content\/uploads\/2014\/04\/tercio_4.jpg\" alt=\"tercio_4\" width=\"65\" height=\"78\" \/><\/a><\/p>\n<div align=\"justify\">\n<p style=\"text-align: justify;\">Es unidad administrativa con responsabilidades an\u00e1logas al Tercio 3\u00ba. Est\u00e1, formado por Mando, Plana Mayor de Mando, una Bandera de Infanter\u00eda ligera,\u00a0 ubicada en la ciudad de Ronda (M\u00e1laga), este Tercio junto con el Grupo de Reconocimiento son las unidades de la Brigada con base fuera de Almer\u00eda.<\/p>\n<p style=\"text-align: justify;\"><b>Misi\u00f3n<\/b><br \/>\nLa X Bandera \u201cMill\u00e1n Astray\u201d constituye uno de los elementos fundamentales de maniobra de la Brigada junto con las Banderas del Tercio 3\u00ba. Las operaciones aerom\u00f3viles y de asalto a\u00e9reo son su especialidad. Frecuentemente realiza ejercicios con helic\u00f3pteros de las fuerzas aerom\u00f3viles del Ejercito de Tierra (FAMET).<\/p>\n<\/div>\n<div style=\"text-align: justify;\" align=\"justify\"><\/div>\n<div align=\"justify\"><a href=\"https:\/\/amigosdeltercertercio.com\/web\/wp-content\/uploads\/2014\/04\/tercio_4_1.jpg\"><img loading=\"lazy\" decoding=\"async\" class=\"aligncenter size-full wp-image-249\" src=\"https:\/\/amigosdeltercertercio.com\/web\/wp-content\/uploads\/2014\/04\/tercio_4_1.jpg\" alt=\"tercio_4_1\" width=\"203\" height=\"116\" \/><\/a><\/div>\n<h6 style=\"text-align: center;\"><b>BANDERA DE CUARTEL GENERAL<\/b><\/h6>\n<p><a href=\"https:\/\/amigosdeltercertercio.com\/web\/wp-content\/uploads\/2014\/04\/bracg.jpg\"><img loading=\"lazy\" decoding=\"async\" class=\"aligncenter size-full wp-image-250\" src=\"https:\/\/amigosdeltercertercio.com\/web\/wp-content\/uploads\/2014\/04\/bracg.jpg\" alt=\"bracg\" width=\"65\" height=\"78\" \/><\/a><\/p>\n<p>&nbsp;<\/p>\n<p style=\"text-align: justify;\"><b><span style=\"font-size: small;\">Misi\u00f3n<\/span><\/b><span style=\"font-size: small;\"><br \/>\nEs la unidad encargada de proporcionar el apoyo a las acciones de mando y control y la defensa contracarro. Es responsable de la constituci\u00f3n y seguridad de los diferentes puestos de mando que establece el Cuartel General de la Brigada. Su misi\u00f3n la convierte en una unidad muy heterog\u00e9nea, sus unidades pertenecen a diferentes especialidades fundamentales, infanter\u00eda y transmisiones. Est\u00e1 equipada con una gran variedad de material desde m\u00edsiles TOW a una amplia gama de equipos de transmisiones, incluyendo medios de enlace v\u00eda sat\u00e9lite.<\/span><\/p>\n<div align=\"justify\">\n<div align=\"justify\"><a href=\"https:\/\/amigosdeltercertercio.com\/web\/wp-content\/uploads\/2014\/04\/bracg_1.jpg\"><img loading=\"lazy\" decoding=\"async\" class=\"aligncenter size-full wp-image-251\" src=\"https:\/\/amigosdeltercertercio.com\/web\/wp-content\/uploads\/2014\/04\/bracg_1.jpg\" alt=\"bracg_1\" width=\"150\" height=\"101\" \/><\/a><\/div>\n<h6 style=\"text-align: center;\" align=\"justify\"><b>GRUPO DE ARTILLERIA DE CAMPA\u00d1A<\/b><\/h6>\n<p><a href=\"https:\/\/amigosdeltercertercio.com\/web\/wp-content\/uploads\/2014\/04\/gaca.jpg\"><img loading=\"lazy\" decoding=\"async\" class=\"aligncenter size-full wp-image-252\" src=\"https:\/\/amigosdeltercertercio.com\/web\/wp-content\/uploads\/2014\/04\/gaca.jpg\" alt=\"gaca\" width=\"65\" height=\"78\" \/><\/a><\/p>\n<p style=\"text-align: justify;\"><strong>Misi\u00f3n<\/strong><br \/>\nProporcionar los apoyos necesarios para la maniobra de la brigada mediante fuegos terrestres potentes, profundos y precisos, as\u00ed como la defensa antia\u00e9rea a baja y muy baja altura.<\/p>\n<p>&nbsp;<\/p>\n<div align=\"justify\">\n<div align=\"justify\"><\/div>\n<div align=\"justify\"><a href=\"https:\/\/amigosdeltercertercio.com\/web\/wp-content\/uploads\/2014\/04\/gaca_1.jpg\"><img loading=\"lazy\" decoding=\"async\" class=\"aligncenter size-full wp-image-253\" src=\"https:\/\/amigosdeltercertercio.com\/web\/wp-content\/uploads\/2014\/04\/gaca_1.jpg\" alt=\"gaca_1\" width=\"150\" height=\"99\" \/><\/a><\/div>\n<h6 style=\"text-align: center;\" align=\"justify\"><b>GRUPO LOGISTICO<\/b><\/h6>\n<p><a href=\"https:\/\/amigosdeltercertercio.com\/web\/wp-content\/uploads\/2014\/04\/glleg.jpg\"><img loading=\"lazy\" decoding=\"async\" class=\"aligncenter size-full wp-image-254\" src=\"https:\/\/amigosdeltercertercio.com\/web\/wp-content\/uploads\/2014\/04\/glleg.jpg\" alt=\"glleg\" width=\"66\" height=\"78\" \/><\/a><\/p>\n<p><b style=\"line-height: 1.5em;\"><b><span style=\"font-size: small;\">Misi\u00f3n<\/span><\/b><span style=\"font-size: small;\"><br \/>\n<\/span><\/b><span style=\"font-size: small;\">Proporciona los apoyos log\u00edsticos que requiere la Brigada en transporte, mantenimiento, asistencia sanitaria y abastecimiento de subsistencias, carburantes, municiones, etc.<\/span><b style=\"line-height: 1.5em;\"><\/b><\/p>\n<p>&nbsp;<\/p>\n<\/div>\n<div align=\"justify\">\n<div align=\"justify\"><a href=\"https:\/\/amigosdeltercertercio.com\/web\/wp-content\/uploads\/2014\/04\/glleg_2.jpg\"><img loading=\"lazy\" decoding=\"async\" class=\"aligncenter size-full wp-image-255\" src=\"https:\/\/amigosdeltercertercio.com\/web\/wp-content\/uploads\/2014\/04\/glleg_2.jpg\" alt=\"glleg_2\" width=\"150\" height=\"100\" \/><\/a><\/div>\n<\/div>\n<\/div>\n<h6 style=\"text-align: center;\"><b>GRUPO DE RECONOCIMIENTO DE CABALLERIA<\/b><\/h6>\n<p><a href=\"https:\/\/amigosdeltercertercio.com\/web\/wp-content\/uploads\/2014\/04\/greco.jpg\"><img loading=\"lazy\" decoding=\"async\" class=\"aligncenter size-full wp-image-256\" src=\"https:\/\/amigosdeltercertercio.com\/web\/wp-content\/uploads\/2014\/04\/greco.jpg\" alt=\"greco\" width=\"67\" height=\"81\" \/><\/a><\/p>\n<p><b><b><span style=\"font-size: small;\">Misi\u00f3n<\/span><\/b><span style=\"font-size: small;\"><br \/>\n<\/span><\/b><span style=\"font-size: small;\">Proporcionar el reconocimiento y seguridad t\u00e1ctica a la Brigada, teniendo las capacidades propias de la Caballer\u00eda.\u00a0<\/span><b><\/b><\/p>\n<p align=\"center\"><span style=\"font-family: Tahoma;\"><b>UNIDAD DE ZAPADORES<\/b><\/span><\/p>\n<div align=\"center\"><a href=\"https:\/\/amigosdeltercertercio.com\/web\/wp-content\/uploads\/2014\/04\/zapa.jpg\"><img loading=\"lazy\" decoding=\"async\" class=\"aligncenter size-full wp-image-257\" src=\"https:\/\/amigosdeltercertercio.com\/web\/wp-content\/uploads\/2014\/04\/zapa.jpg\" alt=\"zapa\" width=\"66\" height=\"78\" \/><\/a><\/div>\n<div align=\"justify\"><\/div>\n<div align=\"justify\"><b><b><span style=\"font-size: small;\">Misi\u00f3n<\/span><\/b><span style=\"font-size: small;\"><br \/>\n<\/span><\/b><span style=\"font-size: small;\">Modificar las condiciones del terreno con el fin de facilitar el movimiento de las unidades de la Brigada y dificultar el movimiento del enemigo, asimismo contribuye a preservar la capacidad de combate de las fuerzas propias realizando obras de fortificaci\u00f3n. Mantiene, repara o construye la infraestructura de comunicaciones necesaria.<\/span><span style=\"font-size: small;\"><br \/>\n<\/span><b><span style=\"font-size: small;\"><br \/>\n<\/span><\/b><a href=\"https:\/\/amigosdeltercertercio.com\/web\/wp-content\/uploads\/2014\/04\/zapa_1.jpg\"><img loading=\"lazy\" decoding=\"async\" class=\"aligncenter size-full wp-image-258\" src=\"https:\/\/amigosdeltercertercio.com\/web\/wp-content\/uploads\/2014\/04\/zapa_1.jpg\" alt=\"zapa_1\" width=\"150\" height=\"100\" \/><\/a><\/div>\n","protected":false},"excerpt":{"rendered":"<p>BRIGADA DE LA LEGI\u00d3N\u00a0 Cuartel General Tercio \u201cD. Juan de Austria\u201d, 3\u00ba de la Legi\u00f3n Tercio \u201cAlejandro Farnesio\u201d, 4\u00ba de la Legi\u00f3n Bandera del Cuartel General de La Legi\u00f3n Grupo de Artiller\u00eda de La Legi\u00f3n Grupo Log\u00edstico de La Legi\u00f3n Grupo de Reconocimiento de La Legi\u00f3n Unidad de Zapadores de La Legi\u00f3n La Brigada de [&hellip;]<\/p>\n","protected":false},"author":1,"featured_media":0,"parent":0,"menu_order":0,"comment_status":"closed","ping_status":"closed","template":"","meta":{"ocean_post_layout":"","ocean_both_sidebars_style":"","ocean_both_sidebars_content_width":0,"ocean_both_sidebars_sidebars_width":0,"ocean_sidebar":"","ocean_second_sidebar":"","ocean_disable_margins":"enable","ocean_add_body_class":"","ocean_shortcode_before_top_bar":"","ocean_shortcode_after_top_bar":"","ocean_shortcode_before_header":"","ocean_shortcode_after_header":"","ocean_has_shortcode":"","ocean_shortcode_after_title":"","ocean_shortcode_before_footer_widgets":"","ocean_shortcode_after_footer_widgets":"","ocean_shortcode_before_footer_bottom":"","ocean_shortcode_after_footer_bottom":"","ocean_display_top_bar":"default","ocean_display_header":"default","ocean_header_style":"","ocean_center_header_left_menu":"","ocean_custom_header_template":"","ocean_custom_logo":0,"ocean_custom_retina_logo":0,"ocean_custom_logo_max_width":0,"ocean_custom_logo_tablet_max_width":0,"ocean_custom_logo_mobile_max_width":0,"ocean_custom_logo_max_height":0,"ocean_custom_logo_tablet_max_height":0,"ocean_custom_logo_mobile_max_height":0,"ocean_header_custom_menu":"","ocean_menu_typo_font_family":"","ocean_menu_typo_font_subset":"","ocean_menu_typo_font_size":0,"ocean_menu_typo_font_size_tablet":0,"ocean_menu_typo_font_size_mobile":0,"ocean_menu_typo_font_size_unit":"px","ocean_menu_typo_font_weight":"","ocean_menu_typo_font_weight_tablet":"","ocean_menu_typo_font_weight_mobile":"","ocean_menu_typo_transform":"","ocean_menu_typo_transform_tablet":"","ocean_menu_typo_transform_mobile":"","ocean_menu_typo_line_height":0,"ocean_menu_typo_line_height_tablet":0,"ocean_menu_typo_line_height_mobile":0,"ocean_menu_typo_line_height_unit":"","ocean_menu_typo_spacing":0,"ocean_menu_typo_spacing_tablet":0,"ocean_menu_typo_spacing_mobile":0,"ocean_menu_typo_spacing_unit":"","ocean_menu_link_color":"","ocean_menu_link_color_hover":"","ocean_menu_link_color_active":"","ocean_menu_link_background":"","ocean_menu_link_hover_background":"","ocean_menu_link_active_background":"","ocean_menu_social_links_bg":"","ocean_menu_social_hover_links_bg":"","ocean_menu_social_links_color":"","ocean_menu_social_hover_links_color":"","ocean_disable_title":"default","ocean_disable_heading":"default","ocean_post_title":"","ocean_post_subheading":"","ocean_post_title_style":"","ocean_post_title_background_color":"","ocean_post_title_background":0,"ocean_post_title_bg_image_position":"","ocean_post_title_bg_image_attachment":"","ocean_post_title_bg_image_repeat":"","ocean_post_title_bg_image_size":"","ocean_post_title_height":0,"ocean_post_title_bg_overlay":0.5,"ocean_post_title_bg_overlay_color":"","ocean_disable_breadcrumbs":"default","ocean_breadcrumbs_color":"","ocean_breadcrumbs_separator_color":"","ocean_breadcrumbs_links_color":"","ocean_breadcrumbs_links_hover_color":"","ocean_display_footer_widgets":"default","ocean_display_footer_bottom":"default","ocean_custom_footer_template":"","footnotes":""},"class_list":["post-233","page","type-page","status-publish","hentry","entry"],"yoast_head":"<!-- This site is optimized with the Yoast SEO plugin v27.4 - https:\/\/yoast.com\/product\/yoast-seo-wordpress\/ -->\n<title>BRILEG -<\/title>\n<meta name=\"robots\" content=\"index, follow, max-snippet:-1, max-image-preview:large, max-video-preview:-1\" \/>\n<link rel=\"canonical\" href=\"https:\/\/amigosdeltercertercio.com\/web\/brileg\/\" \/>\n<meta property=\"og:locale\" content=\"es_ES\" \/>\n<meta property=\"og:type\" content=\"article\" \/>\n<meta property=\"og:title\" content=\"BRILEG -\" \/>\n<meta property=\"og:description\" content=\"BRIGADA DE LA LEGI\u00d3N\u00a0 Cuartel General Tercio \u201cD. Juan de Austria\u201d, 3\u00ba de la Legi\u00f3n Tercio \u201cAlejandro Farnesio\u201d, 4\u00ba de la Legi\u00f3n Bandera del Cuartel General de La Legi\u00f3n Grupo de Artiller\u00eda de La Legi\u00f3n Grupo Log\u00edstico de La Legi\u00f3n Grupo de Reconocimiento de La Legi\u00f3n Unidad de Zapadores de La Legi\u00f3n La Brigada de [&hellip;]\" \/>\n<meta property=\"og:url\" content=\"https:\/\/amigosdeltercertercio.com\/web\/brileg\/\" \/>\n<meta property=\"article:modified_time\" content=\"2016-02-03T19:15:48+00:00\" \/>\n<meta property=\"og:image\" content=\"https:\/\/amigosdeltercertercio.com\/web\/wp-content\/uploads\/2014\/04\/monolito.jpg\" \/>\n<meta name=\"twitter:card\" content=\"summary_large_image\" \/>\n<meta name=\"twitter:label1\" content=\"Tiempo de lectura\" \/>\n\t<meta name=\"twitter:data1\" content=\"5 minutos\" \/>\n<script type=\"application\/ld+json\" class=\"yoast-schema-graph\">{\"@context\":\"https:\\\/\\\/schema.org\",\"@graph\":[{\"@type\":\"WebPage\",\"@id\":\"https:\\\/\\\/amigosdeltercertercio.com\\\/web\\\/brileg\\\/\",\"url\":\"https:\\\/\\\/amigosdeltercertercio.com\\\/web\\\/brileg\\\/\",\"name\":\"BRILEG -\",\"isPartOf\":{\"@id\":\"https:\\\/\\\/amigosdeltercertercio.com\\\/web\\\/#website\"},\"primaryImageOfPage\":{\"@id\":\"https:\\\/\\\/amigosdeltercertercio.com\\\/web\\\/brileg\\\/#primaryimage\"},\"image\":{\"@id\":\"https:\\\/\\\/amigosdeltercertercio.com\\\/web\\\/brileg\\\/#primaryimage\"},\"thumbnailUrl\":\"https:\\\/\\\/amigosdeltercertercio.com\\\/web\\\/wp-content\\\/uploads\\\/2014\\\/04\\\/monolito.jpg\",\"datePublished\":\"2014-04-12T14:38:23+00:00\",\"dateModified\":\"2016-02-03T19:15:48+00:00\",\"breadcrumb\":{\"@id\":\"https:\\\/\\\/amigosdeltercertercio.com\\\/web\\\/brileg\\\/#breadcrumb\"},\"inLanguage\":\"es\",\"potentialAction\":[{\"@type\":\"ReadAction\",\"target\":[\"https:\\\/\\\/amigosdeltercertercio.com\\\/web\\\/brileg\\\/\"]}]},{\"@type\":\"ImageObject\",\"inLanguage\":\"es\",\"@id\":\"https:\\\/\\\/amigosdeltercertercio.com\\\/web\\\/brileg\\\/#primaryimage\",\"url\":\"https:\\\/\\\/amigosdeltercertercio.com\\\/web\\\/wp-content\\\/uploads\\\/2014\\\/04\\\/monolito.jpg\",\"contentUrl\":\"https:\\\/\\\/amigosdeltercertercio.com\\\/web\\\/wp-content\\\/uploads\\\/2014\\\/04\\\/monolito.jpg\",\"width\":350,\"height\":262},{\"@type\":\"BreadcrumbList\",\"@id\":\"https:\\\/\\\/amigosdeltercertercio.com\\\/web\\\/brileg\\\/#breadcrumb\",\"itemListElement\":[{\"@type\":\"ListItem\",\"position\":1,\"name\":\"Home\",\"item\":\"https:\\\/\\\/amigosdeltercertercio.com\\\/web\\\/\"},{\"@type\":\"ListItem\",\"position\":2,\"name\":\"BRILEG\"}]},{\"@type\":\"WebSite\",\"@id\":\"https:\\\/\\\/amigosdeltercertercio.com\\\/web\\\/#website\",\"url\":\"https:\\\/\\\/amigosdeltercertercio.com\\\/web\\\/\",\"name\":\"\",\"description\":\"\",\"potentialAction\":[{\"@type\":\"SearchAction\",\"target\":{\"@type\":\"EntryPoint\",\"urlTemplate\":\"https:\\\/\\\/amigosdeltercertercio.com\\\/web\\\/?s={search_term_string}\"},\"query-input\":{\"@type\":\"PropertyValueSpecification\",\"valueRequired\":true,\"valueName\":\"search_term_string\"}}],\"inLanguage\":\"es\"}]}<\/script>\n<!-- \/ Yoast SEO plugin. -->","yoast_head_json":{"title":"BRILEG -","robots":{"index":"index","follow":"follow","max-snippet":"max-snippet:-1","max-image-preview":"max-image-preview:large","max-video-preview":"max-video-preview:-1"},"canonical":"https:\/\/amigosdeltercertercio.com\/web\/brileg\/","og_locale":"es_ES","og_type":"article","og_title":"BRILEG -","og_description":"BRIGADA DE LA LEGI\u00d3N\u00a0 Cuartel General Tercio \u201cD. Juan de Austria\u201d, 3\u00ba de la Legi\u00f3n Tercio \u201cAlejandro Farnesio\u201d, 4\u00ba de la Legi\u00f3n Bandera del Cuartel General de La Legi\u00f3n Grupo de Artiller\u00eda de La Legi\u00f3n Grupo Log\u00edstico de La Legi\u00f3n Grupo de Reconocimiento de La Legi\u00f3n Unidad de Zapadores de La Legi\u00f3n La Brigada de [&hellip;]","og_url":"https:\/\/amigosdeltercertercio.com\/web\/brileg\/","article_modified_time":"2016-02-03T19:15:48+00:00","og_image":[{"url":"https:\/\/amigosdeltercertercio.com\/web\/wp-content\/uploads\/2014\/04\/monolito.jpg","type":"","width":"","height":""}],"twitter_card":"summary_large_image","twitter_misc":{"Tiempo de lectura":"5 minutos"},"schema":{"@context":"https:\/\/schema.org","@graph":[{"@type":"WebPage","@id":"https:\/\/amigosdeltercertercio.com\/web\/brileg\/","url":"https:\/\/amigosdeltercertercio.com\/web\/brileg\/","name":"BRILEG -","isPartOf":{"@id":"https:\/\/amigosdeltercertercio.com\/web\/#website"},"primaryImageOfPage":{"@id":"https:\/\/amigosdeltercertercio.com\/web\/brileg\/#primaryimage"},"image":{"@id":"https:\/\/amigosdeltercertercio.com\/web\/brileg\/#primaryimage"},"thumbnailUrl":"https:\/\/amigosdeltercertercio.com\/web\/wp-content\/uploads\/2014\/04\/monolito.jpg","datePublished":"2014-04-12T14:38:23+00:00","dateModified":"2016-02-03T19:15:48+00:00","breadcrumb":{"@id":"https:\/\/amigosdeltercertercio.com\/web\/brileg\/#breadcrumb"},"inLanguage":"es","potentialAction":[{"@type":"ReadAction","target":["https:\/\/amigosdeltercertercio.com\/web\/brileg\/"]}]},{"@type":"ImageObject","inLanguage":"es","@id":"https:\/\/amigosdeltercertercio.com\/web\/brileg\/#primaryimage","url":"https:\/\/amigosdeltercertercio.com\/web\/wp-content\/uploads\/2014\/04\/monolito.jpg","contentUrl":"https:\/\/amigosdeltercertercio.com\/web\/wp-content\/uploads\/2014\/04\/monolito.jpg","width":350,"height":262},{"@type":"BreadcrumbList","@id":"https:\/\/amigosdeltercertercio.com\/web\/brileg\/#breadcrumb","itemListElement":[{"@type":"ListItem","position":1,"name":"Home","item":"https:\/\/amigosdeltercertercio.com\/web\/"},{"@type":"ListItem","position":2,"name":"BRILEG"}]},{"@type":"WebSite","@id":"https:\/\/amigosdeltercertercio.com\/web\/#website","url":"https:\/\/amigosdeltercertercio.com\/web\/","name":"","description":"","potentialAction":[{"@type":"SearchAction","target":{"@type":"EntryPoint","urlTemplate":"https:\/\/amigosdeltercertercio.com\/web\/?s={search_term_string}"},"query-input":{"@type":"PropertyValueSpecification","valueRequired":true,"valueName":"search_term_string"}}],"inLanguage":"es"}]}},"_links":{"self":[{"href":"https:\/\/amigosdeltercertercio.com\/web\/wp-json\/wp\/v2\/pages\/233","targetHints":{"allow":["GET"]}}],"collection":[{"href":"https:\/\/amigosdeltercertercio.com\/web\/wp-json\/wp\/v2\/pages"}],"about":[{"href":"https:\/\/amigosdeltercertercio.com\/web\/wp-json\/wp\/v2\/types\/page"}],"author":[{"embeddable":true,"href":"https:\/\/amigosdeltercertercio.com\/web\/wp-json\/wp\/v2\/users\/1"}],"replies":[{"embeddable":true,"href":"https:\/\/amigosdeltercertercio.com\/web\/wp-json\/wp\/v2\/comments?post=233"}],"version-history":[{"count":14,"href":"https:\/\/amigosdeltercertercio.com\/web\/wp-json\/wp\/v2\/pages\/233\/revisions"}],"predecessor-version":[{"id":3984,"href":"https:\/\/amigosdeltercertercio.com\/web\/wp-json\/wp\/v2\/pages\/233\/revisions\/3984"}],"wp:attachment":[{"href":"https:\/\/amigosdeltercertercio.com\/web\/wp-json\/wp\/v2\/media?parent=233"}],"curies":[{"name":"wp","href":"https:\/\/api.w.org\/{rel}","templated":true}]}}