{"id":305,"date":"2014-04-12T17:53:57","date_gmt":"2014-04-12T17:53:57","guid":{"rendered":"https:\/\/amigosdeltercertercio.com\/web\/?page_id=305"},"modified":"2021-10-17T15:23:42","modified_gmt":"2021-10-17T15:23:42","slug":"novio-de-la-muerte","status":"publish","type":"page","link":"https:\/\/amigosdeltercertercio.com\/web\/novio-de-la-muerte\/","title":{"rendered":"Novio de La Muerte"},"content":{"rendered":"<address style=\"text-align: center;\"><audio class=\"wp-audio-shortcode\" id=\"audio-305-1\" preload=\"none\" style=\"width: 100%;\" controls=\"controls\"><source type=\"audio\/mpeg\" src=\"https:\/\/amigosdeltercertercio.com\/web\/wp-content\/uploads\/2014\/04\/02-Novio-de-la-Muerte.mp3?_=1\" \/><a href=\"https:\/\/amigosdeltercertercio.com\/web\/wp-content\/uploads\/2014\/04\/02-Novio-de-la-Muerte.mp3\">https:\/\/amigosdeltercertercio.com\/web\/wp-content\/uploads\/2014\/04\/02-Novio-de-la-Muerte.mp3<\/a><\/audio><\/p>\n<\/address>\n<table style=\"height: 636px;\" width=\"598\">\n<tbody>\n<tr>\n<td width=\"187\">\n<p style=\"text-align: center;\">1\u00aa<\/p>\n<h6 style=\"text-align: center;\">Nadie en el Tercio sab\u00eda<\/h6>\n<h6 style=\"text-align: center;\">qui\u00e9n era aquel legionario,<\/h6>\n<h6 style=\"text-align: center;\">tan audaz y temerario<\/h6>\n<h6 style=\"text-align: center;\">que a La Legi\u00f3n se alist\u00f3.<\/h6>\n<h6 style=\"text-align: center;\">Nadie sab\u00eda su historia,<\/h6>\n<h6 style=\"text-align: center;\">mas La Legi\u00f3n supon\u00eda<\/h6>\n<h6 style=\"text-align: center;\">que un gran dolor le mord\u00eda<\/h6>\n<h6 style=\"text-align: center;\">como un lobo el coraz\u00f3n.<\/h6>\n<h6 style=\"text-align: center;\">M\u00e1s si alguno qui\u00e9n era le preguntaba,<\/h6>\n<h6 style=\"text-align: center;\">con dolor y dureza le contestaba.<\/h6>\n<h6 style=\"text-align: center;\">ESTRIBILLO<\/h6>\n<h6 style=\"text-align: center;\">Soy un hombre a qui\u00e9n la suerte<\/h6>\n<h6 style=\"text-align: center;\">hiri\u00f3 con zarpa de fiera,<\/h6>\n<h6 style=\"text-align: center;\">soy un novio de la muerte<\/h6>\n<h6 style=\"text-align: center;\">que va a unirse en lazo fuerte<\/h6>\n<h6 style=\"text-align: center;\">con tan leal compa\u00f1era.<\/h6>\n<\/td>\n<td style=\"text-align: center;\" width=\"189\">2\u00aa<\/p>\n<h6>Cuando m\u00e1s duro era el fuego<\/h6>\n<h6>y la pelea m\u00e1s fiera<\/h6>\n<h6>defendiendo a su bandera el<\/h6>\n<h6>legionario avanz\u00f3.Y sin temer<\/h6>\n<h6>al empuje del enemigo<\/h6>\n<h6>exaltado supo morir como un<\/h6>\n<h6>bravo y la ense\u00f1a rescat\u00f3. Y al<\/h6>\n<h6>regar con su sangre la tierra<\/h6>\n<h6>ardiente, murmur\u00f3 el legionario<\/h6>\n<h6>con voz doliente.<\/h6>\n<h6>ESTRIBILLO<\/h6>\n<h6>Soy un hombre a qui\u00e9n &#8230;.<\/h6>\n<\/td>\n<td width=\"208\">\n<p style=\"text-align: center;\">3\u00aa<\/p>\n<h6 style=\"text-align: center;\">Cuando al fin le recogieron<\/h6>\n<h6 style=\"text-align: center;\">entre su pecho encontraron<\/h6>\n<h6 style=\"text-align: center;\">una carta y un retrato<\/h6>\n<h6 style=\"text-align: center;\">de una divina mujer.<\/h6>\n<h6 style=\"text-align: center;\">Y aquella carta dec\u00eda:<\/h6>\n<h6 style=\"text-align: center;\">\u00ab&#8230; si alg\u00fan d\u00eda Dios te llama<\/h6>\n<h6 style=\"text-align: center;\">para m\u00ed un puesto reclama<\/h6>\n<h6 style=\"text-align: center;\">que a buscarte pronto ir\u00e9\u00bb.<\/h6>\n<h6 style=\"text-align: center;\">Y en el \u00faltimo verso que le enviaba<\/h6>\n<h6 style=\"text-align: center;\">su postrer despedida le consagraba.<\/h6>\n<h6 style=\"text-align: center;\">ESTRIBILLO<\/h6>\n<h6 style=\"text-align: center;\">Por ir a tu lado a verte<\/h6>\n<h6 style=\"text-align: center;\">mi m\u00e1s leal compa\u00f1era,<\/h6>\n<h6 style=\"text-align: center;\">me hice novio de la muerte<\/h6>\n<h6 style=\"text-align: center;\">la estrech\u00e9 con lazo fuerte<\/h6>\n<h6 style=\"text-align: center;\">y su amor fue mi Bandera.<\/h6>\n<\/td>\n<\/tr>\n<\/tbody>\n<\/table>\n","protected":false},"excerpt":{"rendered":"<p>1\u00aa Nadie en el Tercio sab\u00eda qui\u00e9n era aquel legionario, tan audaz y temerario que a La Legi\u00f3n se alist\u00f3. Nadie sab\u00eda su historia, mas La Legi\u00f3n supon\u00eda que un gran dolor le mord\u00eda como un lobo el coraz\u00f3n. M\u00e1s si alguno qui\u00e9n era le preguntaba, con dolor y dureza le contestaba. ESTRIBILLO Soy un [&hellip;]<\/p>\n","protected":false},"author":1,"featured_media":0,"parent":0,"menu_order":0,"comment_status":"closed","ping_status":"closed","template":"","meta":{"ocean_post_layout":"","ocean_both_sidebars_style":"","ocean_both_sidebars_content_width":0,"ocean_both_sidebars_sidebars_width":0,"ocean_sidebar":"0","ocean_second_sidebar":"0","ocean_disable_margins":"enable","ocean_add_body_class":"","ocean_shortcode_before_top_bar":"","ocean_shortcode_after_top_bar":"","ocean_shortcode_before_header":"","ocean_shortcode_after_header":"","ocean_has_shortcode":"","ocean_shortcode_after_title":"","ocean_shortcode_before_footer_widgets":"","ocean_shortcode_after_footer_widgets":"","ocean_shortcode_before_footer_bottom":"","ocean_shortcode_after_footer_bottom":"","ocean_display_top_bar":"default","ocean_display_header":"default","ocean_header_style":"","ocean_center_header_left_menu":"0","ocean_custom_header_template":"0","ocean_custom_logo":0,"ocean_custom_retina_logo":0,"ocean_custom_logo_max_width":0,"ocean_custom_logo_tablet_max_width":0,"ocean_custom_logo_mobile_max_width":0,"ocean_custom_logo_max_height":0,"ocean_custom_logo_tablet_max_height":0,"ocean_custom_logo_mobile_max_height":0,"ocean_header_custom_menu":"0","ocean_menu_typo_font_family":"0","ocean_menu_typo_font_subset":"","ocean_menu_typo_font_size":0,"ocean_menu_typo_font_size_tablet":0,"ocean_menu_typo_font_size_mobile":0,"ocean_menu_typo_font_size_unit":"px","ocean_menu_typo_font_weight":"","ocean_menu_typo_font_weight_tablet":"","ocean_menu_typo_font_weight_mobile":"","ocean_menu_typo_transform":"","ocean_menu_typo_transform_tablet":"","ocean_menu_typo_transform_mobile":"","ocean_menu_typo_line_height":0,"ocean_menu_typo_line_height_tablet":0,"ocean_menu_typo_line_height_mobile":0,"ocean_menu_typo_line_height_unit":"","ocean_menu_typo_spacing":0,"ocean_menu_typo_spacing_tablet":0,"ocean_menu_typo_spacing_mobile":0,"ocean_menu_typo_spacing_unit":"","ocean_menu_link_color":"","ocean_menu_link_color_hover":"","ocean_menu_link_color_active":"","ocean_menu_link_background":"","ocean_menu_link_hover_background":"","ocean_menu_link_active_background":"","ocean_menu_social_links_bg":"","ocean_menu_social_hover_links_bg":"","ocean_menu_social_links_color":"","ocean_menu_social_hover_links_color":"","ocean_disable_title":"default","ocean_disable_heading":"default","ocean_post_title":"","ocean_post_subheading":"","ocean_post_title_style":"","ocean_post_title_background_color":"","ocean_post_title_background":0,"ocean_post_title_bg_image_position":"","ocean_post_title_bg_image_attachment":"","ocean_post_title_bg_image_repeat":"","ocean_post_title_bg_image_size":"","ocean_post_title_height":0,"ocean_post_title_bg_overlay":0.5,"ocean_post_title_bg_overlay_color":"","ocean_disable_breadcrumbs":"default","ocean_breadcrumbs_color":"","ocean_breadcrumbs_separator_color":"","ocean_breadcrumbs_links_color":"","ocean_breadcrumbs_links_hover_color":"","ocean_display_footer_widgets":"default","ocean_display_footer_bottom":"default","ocean_custom_footer_template":"0","footnotes":""},"class_list":["post-305","page","type-page","status-publish","hentry","entry"],"yoast_head":"<!-- This site is optimized with the Yoast SEO plugin v27.4 - https:\/\/yoast.com\/product\/yoast-seo-wordpress\/ -->\n<title>Novio de La Muerte -<\/title>\n<meta name=\"robots\" content=\"index, follow, max-snippet:-1, max-image-preview:large, max-video-preview:-1\" \/>\n<link rel=\"canonical\" href=\"https:\/\/amigosdeltercertercio.com\/web\/novio-de-la-muerte\/\" \/>\n<meta property=\"og:locale\" content=\"es_ES\" \/>\n<meta property=\"og:type\" content=\"article\" \/>\n<meta property=\"og:title\" content=\"Novio de La Muerte -\" \/>\n<meta property=\"og:description\" content=\"1\u00aa Nadie en el Tercio sab\u00eda qui\u00e9n era aquel legionario, tan audaz y temerario que a La Legi\u00f3n se alist\u00f3. Nadie sab\u00eda su historia, mas La Legi\u00f3n supon\u00eda que un gran dolor le mord\u00eda como un lobo el coraz\u00f3n. M\u00e1s si alguno qui\u00e9n era le preguntaba, con dolor y dureza le contestaba. ESTRIBILLO Soy un [&hellip;]\" \/>\n<meta property=\"og:url\" content=\"https:\/\/amigosdeltercertercio.com\/web\/novio-de-la-muerte\/\" \/>\n<meta property=\"article:modified_time\" content=\"2021-10-17T15:23:42+00:00\" \/>\n<meta name=\"twitter:card\" content=\"summary_large_image\" \/>\n<meta name=\"twitter:label1\" content=\"Tiempo de lectura\" \/>\n\t<meta name=\"twitter:data1\" content=\"1 minuto\" \/>\n<script type=\"application\/ld+json\" class=\"yoast-schema-graph\">{\"@context\":\"https:\\\/\\\/schema.org\",\"@graph\":[{\"@type\":\"WebPage\",\"@id\":\"https:\\\/\\\/amigosdeltercertercio.com\\\/web\\\/novio-de-la-muerte\\\/\",\"url\":\"https:\\\/\\\/amigosdeltercertercio.com\\\/web\\\/novio-de-la-muerte\\\/\",\"name\":\"Novio de La Muerte -\",\"isPartOf\":{\"@id\":\"https:\\\/\\\/amigosdeltercertercio.com\\\/web\\\/#website\"},\"datePublished\":\"2014-04-12T17:53:57+00:00\",\"dateModified\":\"2021-10-17T15:23:42+00:00\",\"breadcrumb\":{\"@id\":\"https:\\\/\\\/amigosdeltercertercio.com\\\/web\\\/novio-de-la-muerte\\\/#breadcrumb\"},\"inLanguage\":\"es\",\"potentialAction\":[{\"@type\":\"ReadAction\",\"target\":[\"https:\\\/\\\/amigosdeltercertercio.com\\\/web\\\/novio-de-la-muerte\\\/\"]}]},{\"@type\":\"BreadcrumbList\",\"@id\":\"https:\\\/\\\/amigosdeltercertercio.com\\\/web\\\/novio-de-la-muerte\\\/#breadcrumb\",\"itemListElement\":[{\"@type\":\"ListItem\",\"position\":1,\"name\":\"Home\",\"item\":\"https:\\\/\\\/amigosdeltercertercio.com\\\/web\\\/\"},{\"@type\":\"ListItem\",\"position\":2,\"name\":\"Novio de La Muerte\"}]},{\"@type\":\"WebSite\",\"@id\":\"https:\\\/\\\/amigosdeltercertercio.com\\\/web\\\/#website\",\"url\":\"https:\\\/\\\/amigosdeltercertercio.com\\\/web\\\/\",\"name\":\"\",\"description\":\"\",\"potentialAction\":[{\"@type\":\"SearchAction\",\"target\":{\"@type\":\"EntryPoint\",\"urlTemplate\":\"https:\\\/\\\/amigosdeltercertercio.com\\\/web\\\/?s={search_term_string}\"},\"query-input\":{\"@type\":\"PropertyValueSpecification\",\"valueRequired\":true,\"valueName\":\"search_term_string\"}}],\"inLanguage\":\"es\"}]}<\/script>\n<!-- \/ Yoast SEO plugin. -->","yoast_head_json":{"title":"Novio de La Muerte -","robots":{"index":"index","follow":"follow","max-snippet":"max-snippet:-1","max-image-preview":"max-image-preview:large","max-video-preview":"max-video-preview:-1"},"canonical":"https:\/\/amigosdeltercertercio.com\/web\/novio-de-la-muerte\/","og_locale":"es_ES","og_type":"article","og_title":"Novio de La Muerte -","og_description":"1\u00aa Nadie en el Tercio sab\u00eda qui\u00e9n era aquel legionario, tan audaz y temerario que a La Legi\u00f3n se alist\u00f3. Nadie sab\u00eda su historia, mas La Legi\u00f3n supon\u00eda que un gran dolor le mord\u00eda como un lobo el coraz\u00f3n. M\u00e1s si alguno qui\u00e9n era le preguntaba, con dolor y dureza le contestaba. ESTRIBILLO Soy un [&hellip;]","og_url":"https:\/\/amigosdeltercertercio.com\/web\/novio-de-la-muerte\/","article_modified_time":"2021-10-17T15:23:42+00:00","twitter_card":"summary_large_image","twitter_misc":{"Tiempo de lectura":"1 minuto"},"schema":{"@context":"https:\/\/schema.org","@graph":[{"@type":"WebPage","@id":"https:\/\/amigosdeltercertercio.com\/web\/novio-de-la-muerte\/","url":"https:\/\/amigosdeltercertercio.com\/web\/novio-de-la-muerte\/","name":"Novio de La Muerte -","isPartOf":{"@id":"https:\/\/amigosdeltercertercio.com\/web\/#website"},"datePublished":"2014-04-12T17:53:57+00:00","dateModified":"2021-10-17T15:23:42+00:00","breadcrumb":{"@id":"https:\/\/amigosdeltercertercio.com\/web\/novio-de-la-muerte\/#breadcrumb"},"inLanguage":"es","potentialAction":[{"@type":"ReadAction","target":["https:\/\/amigosdeltercertercio.com\/web\/novio-de-la-muerte\/"]}]},{"@type":"BreadcrumbList","@id":"https:\/\/amigosdeltercertercio.com\/web\/novio-de-la-muerte\/#breadcrumb","itemListElement":[{"@type":"ListItem","position":1,"name":"Home","item":"https:\/\/amigosdeltercertercio.com\/web\/"},{"@type":"ListItem","position":2,"name":"Novio de La Muerte"}]},{"@type":"WebSite","@id":"https:\/\/amigosdeltercertercio.com\/web\/#website","url":"https:\/\/amigosdeltercertercio.com\/web\/","name":"","description":"","potentialAction":[{"@type":"SearchAction","target":{"@type":"EntryPoint","urlTemplate":"https:\/\/amigosdeltercertercio.com\/web\/?s={search_term_string}"},"query-input":{"@type":"PropertyValueSpecification","valueRequired":true,"valueName":"search_term_string"}}],"inLanguage":"es"}]}},"_links":{"self":[{"href":"https:\/\/amigosdeltercertercio.com\/web\/wp-json\/wp\/v2\/pages\/305","targetHints":{"allow":["GET"]}}],"collection":[{"href":"https:\/\/amigosdeltercertercio.com\/web\/wp-json\/wp\/v2\/pages"}],"about":[{"href":"https:\/\/amigosdeltercertercio.com\/web\/wp-json\/wp\/v2\/types\/page"}],"author":[{"embeddable":true,"href":"https:\/\/amigosdeltercertercio.com\/web\/wp-json\/wp\/v2\/users\/1"}],"replies":[{"embeddable":true,"href":"https:\/\/amigosdeltercertercio.com\/web\/wp-json\/wp\/v2\/comments?post=305"}],"version-history":[{"count":32,"href":"https:\/\/amigosdeltercertercio.com\/web\/wp-json\/wp\/v2\/pages\/305\/revisions"}],"predecessor-version":[{"id":5604,"href":"https:\/\/amigosdeltercertercio.com\/web\/wp-json\/wp\/v2\/pages\/305\/revisions\/5604"}],"wp:attachment":[{"href":"https:\/\/amigosdeltercertercio.com\/web\/wp-json\/wp\/v2\/media?parent=305"}],"curies":[{"name":"wp","href":"https:\/\/api.w.org\/{rel}","templated":true}]}}