{"id":307,"date":"2014-04-12T17:54:11","date_gmt":"2014-04-12T17:54:11","guid":{"rendered":"https:\/\/amigosdeltercertercio.com\/web\/?page_id=307"},"modified":"2021-10-17T15:25:39","modified_gmt":"2021-10-17T15:25:39","slug":"tercios-heroicos","status":"publish","type":"page","link":"https:\/\/amigosdeltercertercio.com\/web\/tercios-heroicos\/","title":{"rendered":"Tercios Her\u00f3icos"},"content":{"rendered":"<audio class=\"wp-audio-shortcode\" id=\"audio-307-1\" preload=\"none\" style=\"width: 100%;\" controls=\"controls\"><source type=\"audio\/mpeg\" src=\"https:\/\/amigosdeltercertercio.com\/web\/wp-content\/uploads\/2014\/04\/03-Tercios-heroicos.mp3?_=1\" \/><a href=\"https:\/\/amigosdeltercertercio.com\/web\/wp-content\/uploads\/2014\/04\/03-Tercios-heroicos.mp3\">https:\/\/amigosdeltercertercio.com\/web\/wp-content\/uploads\/2014\/04\/03-Tercios-heroicos.mp3<\/a><\/audio>\n<table style=\"height: 791px;\" border=\"0\" width=\"563\" cellspacing=\"0\">\n<tbody>\n<tr>\n<td align=\"center\" valign=\"TOP\" width=\"334\">\n<p align=\"CENTER\"><b><span style=\"font-family: Arial; font-size: xx-small;\">1\u00aa<\/span><\/b><\/p>\n<p align=\"CENTER\"><b><span style=\"font-family: Arial; font-size: xx-small;\">Tercios heroicos, Legi\u00f3n valiente,<\/span><\/b><\/p>\n<p align=\"CENTER\"><b><span style=\"font-family: Arial; font-size: xx-small;\">que en la vanguardia sab\u00e9is morir<\/span><\/b><\/p>\n<p align=\"CENTER\"><b><span style=\"font-family: Arial; font-size: xx-small;\">son el orgullo de nuestra Espa\u00f1a<\/span><\/b><\/p>\n<p align=\"CENTER\"><b><span style=\"font-family: Arial; font-size: xx-small;\">vuestras haza\u00f1as al combatir.<\/span><\/b><\/p>\n<p align=\"CENTER\"><b><span style=\"font-family: Arial; font-size: xx-small;\">Los que en Espa\u00f1a hab\u00e9is nacido<\/span><\/b><\/p>\n<p align=\"CENTER\"><b><span style=\"font-family: Arial; font-size: xx-small;\">y sangre y vida dais en su honor,<\/span><\/b><\/p>\n<p align=\"CENTER\"><b><span style=\"font-family: Arial; font-size: xx-small;\">hijos de Espa\u00f1a sois predilectos<\/span><\/b><\/p>\n<p align=\"CENTER\"><b><span style=\"font-family: Arial; font-size: xx-small;\">que hab\u00e9is ganado su excelso amor.<\/span><\/b><\/p>\n<p align=\"CENTER\"><b><span style=\"font-family: Arial; font-size: xx-small;\">\u00a1Legionarios a luchar!<\/span><\/b><\/p>\n<p align=\"CENTER\"><b><span style=\"font-family: Arial; font-size: xx-small;\">\u00a1Legionarios a morir!<\/span><\/b><\/p>\n<p align=\"CENTER\"><b><span style=\"font-family: Arial; font-size: xx-small;\">\u00a1Legionarios a luchar!<\/span><\/b><\/p>\n<p align=\"CENTER\"><b><span style=\"font-family: Arial; font-size: xx-small;\">\u00a1Legionarios a morir!<\/span><\/b><\/p>\n<p align=\"CENTER\"><b><span style=\"font-family: Arial; font-size: xx-small;\"> &#8212;&#8212;&#8212;&#8212;&#8212;&#8212;&#8212;&#8212;-<\/span><\/b><\/p>\n<p align=\"CENTER\"><b><span style=\"color: #008000; font-family: Arial; font-size: xx-small;\">2\u00aa<\/span><\/b><\/p>\n<p align=\"CENTER\"><b><span style=\"font-family: Arial; font-size: xx-small;\">ESTRIBILLO<\/span><\/b><\/p>\n<p align=\"CENTER\"><b><span style=\"font-family: Arial; font-size: xx-small;\">\u00a1Viva Espa\u00f1a! valientes hermanos<\/span><\/b><\/p>\n<p align=\"CENTER\"><b><span style=\"font-family: Arial; font-size: xx-small;\">\u00a1Viva Espa\u00f1a! Legi\u00f3n inmortal,<\/span><\/b><\/p>\n<p align=\"CENTER\"><b><span style=\"font-family: Arial; font-size: xx-small;\">que es gran gloria morir por Espa\u00f1a<\/span><\/b><\/p>\n<p align=\"CENTER\"><b><span style=\"font-family: Arial; font-size: xx-small;\">abrazado a su sublime ideal.<\/span><\/b><\/p>\n<p align=\"CENTER\"><b><span style=\"font-family: Arial; font-size: xx-small;\">Con la sangre que vierten sus hijos<\/span><\/b><\/p>\n<p align=\"CENTER\"><b><span style=\"font-family: Arial; font-size: xx-small;\">m\u00e1s frondoso el laurel brotar\u00e1<\/span><\/b><\/p>\n<p align=\"CENTER\"><b><span style=\"font-family: Arial; font-size: xx-small;\">del que haremos coronas que Espa\u00f1a<\/span><\/b><\/p>\n<p align=\"CENTER\"><b><span style=\"font-family: Arial; font-size: xx-small;\">en sus sienes augustas pondr\u00e1.<\/span><\/b><\/p>\n<p align=\"CENTER\"><b><span style=\"font-family: Arial; font-size: xx-small;\">\u00a1Viva Espa\u00f1a!<\/span><\/b><\/p>\n<p align=\"CENTER\"><b><span style=\"font-family: Arial; font-size: xx-small;\">\u00a1Viva La Legi\u00f3n!<\/span><\/b><\/p>\n<p align=\"CENTER\">\n<\/td>\n<td align=\"center\" valign=\"TOP\" width=\"350\">\n<p align=\"CENTER\"><b><span style=\"color: #008000;\"><span style=\"font-family: Arial; font-size: xx-small;\">3\u00aa<\/span><\/span><\/b><\/p>\n<p>&nbsp;<\/p>\n<p align=\"CENTER\"><b><span style=\"font-family: Arial; font-size: xx-small;\">Ya surja ruda, feroz pelea<\/span><\/b><\/p>\n<p align=\"CENTER\"><b><span style=\"font-family: Arial; font-size: xx-small;\">o de la lucha cese el af\u00e1n<\/span><\/b><\/p>\n<p align=\"CENTER\"><b><span style=\"font-family: Arial; font-size: xx-small;\">notad que os cercan siempre amorosas<\/span><\/b><\/p>\n<p align=\"CENTER\"><b><span style=\"font-family: Arial; font-size: xx-small;\">sutiles sombras que un beso os dan.<\/span><\/b><\/p>\n<p align=\"CENTER\"><b><span style=\"font-family: Arial; font-size: xx-small;\">El pensamiento de Espa\u00f1a entera<\/span><\/b><\/p>\n<p align=\"CENTER\"><b><span style=\"font-family: Arial; font-size: xx-small;\">vedlo en el tenue fugaz rumor<\/span><\/b><\/p>\n<p align=\"CENTER\"><b><span style=\"font-family: Arial; font-size: xx-small;\">que nunca cesa de acariciaros<\/span><\/b><\/p>\n<p align=\"CENTER\"><b><span style=\"font-family: Arial; font-size: xx-small;\">de vuestros pasos alrededor.<\/span><\/b><\/p>\n<p align=\"CENTER\"><b><span style=\"font-family: Arial; font-size: xx-small;\">\u00a1Legionarios a luchar!<\/span><\/b><\/p>\n<p align=\"CENTER\"><b><span style=\"font-family: Arial; font-size: xx-small;\">\u00a1Legionarios a morir!<\/span><\/b><\/p>\n<p align=\"CENTER\"><b><span style=\"font-family: Arial; font-size: xx-small;\">\u00a1Legionarios a luchar!<\/span><\/b><\/p>\n<p align=\"CENTER\"><b><span style=\"font-family: Arial; font-size: xx-small;\">\u00a1Legionarios a morir!<\/span><\/b><\/p>\n<p align=\"CENTER\"><b><span style=\"font-family: Arial; font-size: xx-small;\">ESTRIBILLO<\/span><\/b><\/p>\n<p align=\"CENTER\"><b><span style=\"font-family: Arial; font-size: xx-small;\">\u00a1Viva Espa\u00f1a! valientes&#8230;..<\/span><\/b><\/p>\n<p align=\"CENTER\">&#8212;&#8212;&#8212;&#8212;&#8212;&#8212;&#8212;&#8212;&#8212;&#8212;&#8211;<\/p>\n<p align=\"CENTER\"><b><span style=\"color: #008000;\"><span style=\"font-family: Arial; font-size: xx-small;\">4\u00aa<\/span><\/span><\/b><\/p>\n<p>&nbsp;<\/p>\n<p align=\"CENTER\"><b><span style=\"font-family: Arial; font-size: xx-small;\">Tercios invictos, Legi\u00f3n de bravos<\/span><\/b><\/p>\n<p align=\"CENTER\"><b><span style=\"font-family: Arial; font-size: xx-small;\">al mundo entero con altivez<\/span><\/b><\/p>\n<p align=\"CENTER\"><b><span style=\"font-family: Arial; font-size: xx-small;\">pod\u00e9is mirarlo, porque vosotros<\/span><\/b><\/p>\n<p align=\"CENTER\"><b><span style=\"font-family: Arial; font-size: xx-small;\">del mundo entero sois honra y prez.<\/span><\/b><\/p>\n<p align=\"CENTER\"><b><span style=\"font-family: Arial; font-size: xx-small;\">Donde ca\u00eddo llor\u00f3 angustiado<\/span><\/b><\/p>\n<p align=\"CENTER\"><b><span style=\"font-family: Arial; font-size: xx-small;\">donde su hermano la vida dio,<\/span><\/b><\/p>\n<p align=\"CENTER\"><b><span style=\"font-family: Arial; font-size: xx-small;\">donde traiciones piden venganza<\/span><\/b><\/p>\n<p align=\"CENTER\"><b><span style=\"font-family: Arial; font-size: xx-small;\">vuestra bravura siempre acudi\u00f3.<\/span><\/b><\/p>\n<p align=\"CENTER\"><b><span style=\"font-family: Arial; font-size: xx-small;\">\u00a1Legionarios a luchar!<\/span><\/b><\/p>\n<p align=\"CENTER\"><b><span style=\"font-family: Arial; font-size: xx-small;\">\u00a1Legionarios a morir!<\/span><\/b><\/p>\n<p align=\"CENTER\"><b><span style=\"font-family: Arial; font-size: xx-small;\">\u00a1Legionarios a luchar!<\/span><\/b><\/p>\n<p align=\"CENTER\"><b><span style=\"font-family: Arial; font-size: xx-small;\">\u00a1Legionarios a morir!<\/span><\/b><\/p>\n<p align=\"CENTER\"><b><span style=\"font-family: Arial; font-size: xx-small;\">ESTRIBILLO<\/span><\/b><\/p>\n<p align=\"CENTER\"><b><span style=\"font-family: Arial; font-size: xx-small;\">\u00a1Viva Espa\u00f1a! valientes&#8230;..<\/span><\/b><\/p>\n<p>&nbsp;<\/td>\n<\/tr>\n<\/tbody>\n<\/table>\n","protected":false},"excerpt":{"rendered":"<p>1\u00aa Tercios heroicos, Legi\u00f3n valiente, que en la vanguardia sab\u00e9is morir son el orgullo de nuestra Espa\u00f1a vuestras haza\u00f1as al combatir. Los que en Espa\u00f1a hab\u00e9is nacido y sangre y vida dais en su honor, hijos de Espa\u00f1a sois predilectos que hab\u00e9is ganado su excelso amor. \u00a1Legionarios a luchar! \u00a1Legionarios a morir! \u00a1Legionarios a luchar! [&hellip;]<\/p>\n","protected":false},"author":1,"featured_media":0,"parent":0,"menu_order":0,"comment_status":"closed","ping_status":"closed","template":"","meta":{"ocean_post_layout":"","ocean_both_sidebars_style":"","ocean_both_sidebars_content_width":0,"ocean_both_sidebars_sidebars_width":0,"ocean_sidebar":"0","ocean_second_sidebar":"0","ocean_disable_margins":"enable","ocean_add_body_class":"","ocean_shortcode_before_top_bar":"","ocean_shortcode_after_top_bar":"","ocean_shortcode_before_header":"","ocean_shortcode_after_header":"","ocean_has_shortcode":"","ocean_shortcode_after_title":"","ocean_shortcode_before_footer_widgets":"","ocean_shortcode_after_footer_widgets":"","ocean_shortcode_before_footer_bottom":"","ocean_shortcode_after_footer_bottom":"","ocean_display_top_bar":"default","ocean_display_header":"default","ocean_header_style":"","ocean_center_header_left_menu":"0","ocean_custom_header_template":"0","ocean_custom_logo":0,"ocean_custom_retina_logo":0,"ocean_custom_logo_max_width":0,"ocean_custom_logo_tablet_max_width":0,"ocean_custom_logo_mobile_max_width":0,"ocean_custom_logo_max_height":0,"ocean_custom_logo_tablet_max_height":0,"ocean_custom_logo_mobile_max_height":0,"ocean_header_custom_menu":"0","ocean_menu_typo_font_family":"0","ocean_menu_typo_font_subset":"","ocean_menu_typo_font_size":0,"ocean_menu_typo_font_size_tablet":0,"ocean_menu_typo_font_size_mobile":0,"ocean_menu_typo_font_size_unit":"px","ocean_menu_typo_font_weight":"","ocean_menu_typo_font_weight_tablet":"","ocean_menu_typo_font_weight_mobile":"","ocean_menu_typo_transform":"","ocean_menu_typo_transform_tablet":"","ocean_menu_typo_transform_mobile":"","ocean_menu_typo_line_height":0,"ocean_menu_typo_line_height_tablet":0,"ocean_menu_typo_line_height_mobile":0,"ocean_menu_typo_line_height_unit":"","ocean_menu_typo_spacing":0,"ocean_menu_typo_spacing_tablet":0,"ocean_menu_typo_spacing_mobile":0,"ocean_menu_typo_spacing_unit":"","ocean_menu_link_color":"","ocean_menu_link_color_hover":"","ocean_menu_link_color_active":"","ocean_menu_link_background":"","ocean_menu_link_hover_background":"","ocean_menu_link_active_background":"","ocean_menu_social_links_bg":"","ocean_menu_social_hover_links_bg":"","ocean_menu_social_links_color":"","ocean_menu_social_hover_links_color":"","ocean_disable_title":"default","ocean_disable_heading":"default","ocean_post_title":"","ocean_post_subheading":"","ocean_post_title_style":"","ocean_post_title_background_color":"","ocean_post_title_background":0,"ocean_post_title_bg_image_position":"","ocean_post_title_bg_image_attachment":"","ocean_post_title_bg_image_repeat":"","ocean_post_title_bg_image_size":"","ocean_post_title_height":0,"ocean_post_title_bg_overlay":0.5,"ocean_post_title_bg_overlay_color":"","ocean_disable_breadcrumbs":"default","ocean_breadcrumbs_color":"","ocean_breadcrumbs_separator_color":"","ocean_breadcrumbs_links_color":"","ocean_breadcrumbs_links_hover_color":"","ocean_display_footer_widgets":"default","ocean_display_footer_bottom":"default","ocean_custom_footer_template":"0","footnotes":""},"class_list":["post-307","page","type-page","status-publish","hentry","entry"],"yoast_head":"<!-- This site is optimized with the Yoast SEO plugin v27.4 - https:\/\/yoast.com\/product\/yoast-seo-wordpress\/ -->\n<title>Tercios Her\u00f3icos -<\/title>\n<meta name=\"robots\" content=\"index, follow, max-snippet:-1, max-image-preview:large, max-video-preview:-1\" \/>\n<link rel=\"canonical\" href=\"https:\/\/amigosdeltercertercio.com\/web\/tercios-heroicos\/\" \/>\n<meta property=\"og:locale\" content=\"es_ES\" \/>\n<meta property=\"og:type\" content=\"article\" \/>\n<meta property=\"og:title\" content=\"Tercios Her\u00f3icos -\" \/>\n<meta property=\"og:description\" content=\"1\u00aa Tercios heroicos, Legi\u00f3n valiente, que en la vanguardia sab\u00e9is morir son el orgullo de nuestra Espa\u00f1a vuestras haza\u00f1as al combatir. Los que en Espa\u00f1a hab\u00e9is nacido y sangre y vida dais en su honor, hijos de Espa\u00f1a sois predilectos que hab\u00e9is ganado su excelso amor. \u00a1Legionarios a luchar! \u00a1Legionarios a morir! \u00a1Legionarios a luchar! [&hellip;]\" \/>\n<meta property=\"og:url\" content=\"https:\/\/amigosdeltercertercio.com\/web\/tercios-heroicos\/\" \/>\n<meta property=\"article:modified_time\" content=\"2021-10-17T15:25:39+00:00\" \/>\n<meta name=\"twitter:card\" content=\"summary_large_image\" \/>\n<meta name=\"twitter:label1\" content=\"Tiempo de lectura\" \/>\n\t<meta name=\"twitter:data1\" content=\"2 minutos\" \/>\n<script type=\"application\/ld+json\" class=\"yoast-schema-graph\">{\"@context\":\"https:\\\/\\\/schema.org\",\"@graph\":[{\"@type\":\"WebPage\",\"@id\":\"https:\\\/\\\/amigosdeltercertercio.com\\\/web\\\/tercios-heroicos\\\/\",\"url\":\"https:\\\/\\\/amigosdeltercertercio.com\\\/web\\\/tercios-heroicos\\\/\",\"name\":\"Tercios Her\u00f3icos -\",\"isPartOf\":{\"@id\":\"https:\\\/\\\/amigosdeltercertercio.com\\\/web\\\/#website\"},\"datePublished\":\"2014-04-12T17:54:11+00:00\",\"dateModified\":\"2021-10-17T15:25:39+00:00\",\"breadcrumb\":{\"@id\":\"https:\\\/\\\/amigosdeltercertercio.com\\\/web\\\/tercios-heroicos\\\/#breadcrumb\"},\"inLanguage\":\"es\",\"potentialAction\":[{\"@type\":\"ReadAction\",\"target\":[\"https:\\\/\\\/amigosdeltercertercio.com\\\/web\\\/tercios-heroicos\\\/\"]}]},{\"@type\":\"BreadcrumbList\",\"@id\":\"https:\\\/\\\/amigosdeltercertercio.com\\\/web\\\/tercios-heroicos\\\/#breadcrumb\",\"itemListElement\":[{\"@type\":\"ListItem\",\"position\":1,\"name\":\"Home\",\"item\":\"https:\\\/\\\/amigosdeltercertercio.com\\\/web\\\/\"},{\"@type\":\"ListItem\",\"position\":2,\"name\":\"Tercios Her\u00f3icos\"}]},{\"@type\":\"WebSite\",\"@id\":\"https:\\\/\\\/amigosdeltercertercio.com\\\/web\\\/#website\",\"url\":\"https:\\\/\\\/amigosdeltercertercio.com\\\/web\\\/\",\"name\":\"\",\"description\":\"\",\"potentialAction\":[{\"@type\":\"SearchAction\",\"target\":{\"@type\":\"EntryPoint\",\"urlTemplate\":\"https:\\\/\\\/amigosdeltercertercio.com\\\/web\\\/?s={search_term_string}\"},\"query-input\":{\"@type\":\"PropertyValueSpecification\",\"valueRequired\":true,\"valueName\":\"search_term_string\"}}],\"inLanguage\":\"es\"}]}<\/script>\n<!-- \/ Yoast SEO plugin. -->","yoast_head_json":{"title":"Tercios Her\u00f3icos -","robots":{"index":"index","follow":"follow","max-snippet":"max-snippet:-1","max-image-preview":"max-image-preview:large","max-video-preview":"max-video-preview:-1"},"canonical":"https:\/\/amigosdeltercertercio.com\/web\/tercios-heroicos\/","og_locale":"es_ES","og_type":"article","og_title":"Tercios Her\u00f3icos -","og_description":"1\u00aa Tercios heroicos, Legi\u00f3n valiente, que en la vanguardia sab\u00e9is morir son el orgullo de nuestra Espa\u00f1a vuestras haza\u00f1as al combatir. Los que en Espa\u00f1a hab\u00e9is nacido y sangre y vida dais en su honor, hijos de Espa\u00f1a sois predilectos que hab\u00e9is ganado su excelso amor. \u00a1Legionarios a luchar! \u00a1Legionarios a morir! \u00a1Legionarios a luchar! [&hellip;]","og_url":"https:\/\/amigosdeltercertercio.com\/web\/tercios-heroicos\/","article_modified_time":"2021-10-17T15:25:39+00:00","twitter_card":"summary_large_image","twitter_misc":{"Tiempo de lectura":"2 minutos"},"schema":{"@context":"https:\/\/schema.org","@graph":[{"@type":"WebPage","@id":"https:\/\/amigosdeltercertercio.com\/web\/tercios-heroicos\/","url":"https:\/\/amigosdeltercertercio.com\/web\/tercios-heroicos\/","name":"Tercios Her\u00f3icos -","isPartOf":{"@id":"https:\/\/amigosdeltercertercio.com\/web\/#website"},"datePublished":"2014-04-12T17:54:11+00:00","dateModified":"2021-10-17T15:25:39+00:00","breadcrumb":{"@id":"https:\/\/amigosdeltercertercio.com\/web\/tercios-heroicos\/#breadcrumb"},"inLanguage":"es","potentialAction":[{"@type":"ReadAction","target":["https:\/\/amigosdeltercertercio.com\/web\/tercios-heroicos\/"]}]},{"@type":"BreadcrumbList","@id":"https:\/\/amigosdeltercertercio.com\/web\/tercios-heroicos\/#breadcrumb","itemListElement":[{"@type":"ListItem","position":1,"name":"Home","item":"https:\/\/amigosdeltercertercio.com\/web\/"},{"@type":"ListItem","position":2,"name":"Tercios Her\u00f3icos"}]},{"@type":"WebSite","@id":"https:\/\/amigosdeltercertercio.com\/web\/#website","url":"https:\/\/amigosdeltercertercio.com\/web\/","name":"","description":"","potentialAction":[{"@type":"SearchAction","target":{"@type":"EntryPoint","urlTemplate":"https:\/\/amigosdeltercertercio.com\/web\/?s={search_term_string}"},"query-input":{"@type":"PropertyValueSpecification","valueRequired":true,"valueName":"search_term_string"}}],"inLanguage":"es"}]}},"_links":{"self":[{"href":"https:\/\/amigosdeltercertercio.com\/web\/wp-json\/wp\/v2\/pages\/307","targetHints":{"allow":["GET"]}}],"collection":[{"href":"https:\/\/amigosdeltercertercio.com\/web\/wp-json\/wp\/v2\/pages"}],"about":[{"href":"https:\/\/amigosdeltercertercio.com\/web\/wp-json\/wp\/v2\/types\/page"}],"author":[{"embeddable":true,"href":"https:\/\/amigosdeltercertercio.com\/web\/wp-json\/wp\/v2\/users\/1"}],"replies":[{"embeddable":true,"href":"https:\/\/amigosdeltercertercio.com\/web\/wp-json\/wp\/v2\/comments?post=307"}],"version-history":[{"count":6,"href":"https:\/\/amigosdeltercertercio.com\/web\/wp-json\/wp\/v2\/pages\/307\/revisions"}],"predecessor-version":[{"id":5605,"href":"https:\/\/amigosdeltercertercio.com\/web\/wp-json\/wp\/v2\/pages\/307\/revisions\/5605"}],"wp:attachment":[{"href":"https:\/\/amigosdeltercertercio.com\/web\/wp-json\/wp\/v2\/media?parent=307"}],"curies":[{"name":"wp","href":"https:\/\/api.w.org\/{rel}","templated":true}]}}