{"id":309,"date":"2014-04-12T17:54:33","date_gmt":"2014-04-12T17:54:33","guid":{"rendered":"https:\/\/amigosdeltercertercio.com\/web\/?page_id=309"},"modified":"2021-10-17T15:26:46","modified_gmt":"2021-10-17T15:26:46","slug":"pobrecitos-maridos-infelices","status":"publish","type":"page","link":"https:\/\/amigosdeltercertercio.com\/web\/pobrecitos-maridos-infelices\/","title":{"rendered":"Pobrecitos Maridos Infelices"},"content":{"rendered":"<audio class=\"wp-audio-shortcode\" id=\"audio-309-1\" preload=\"none\" style=\"width: 100%;\" controls=\"controls\"><source type=\"audio\/mpeg\" src=\"https:\/\/amigosdeltercertercio.com\/web\/wp-content\/uploads\/2014\/04\/12-Pobrecitos-maridos-infelices.mp3?_=1\" \/><a href=\"https:\/\/amigosdeltercertercio.com\/web\/wp-content\/uploads\/2014\/04\/12-Pobrecitos-maridos-infelices.mp3\">https:\/\/amigosdeltercertercio.com\/web\/wp-content\/uploads\/2014\/04\/12-Pobrecitos-maridos-infelices.mp3<\/a><\/audio>\n<table style=\"height: 917px;\" border=\"0\" width=\"529\" cellspacing=\"0\" cellpadding=\"4\">\n<tbody>\n<tr>\n<td align=\"center\" valign=\"TOP\" width=\"374\">\n<p align=\"CENTER\"><b><span style=\"font-family: Arial; font-size: xx-small;\">Pobrecitos maridos infelices<\/span><\/b><\/p>\n<p align=\"CENTER\"><b><span style=\"font-family: Arial; font-size: xx-small;\">que ten\u00e9is la testuz como un carnero,<\/span><\/b><\/p>\n<p align=\"CENTER\"><b><span style=\"font-family: Arial; font-size: xx-small;\">vivir\u00e9is contentos y felices<\/span><\/b><\/p>\n<p align=\"CENTER\"><b><span style=\"font-family: Arial; font-size: xx-small;\">alistados en el Tercio de Extranjeros.<\/span><\/b><\/p>\n<p align=\"CENTER\"><b><span style=\"font-family: Arial; font-size: xx-small;\">Son tres pesetas, bien comido y bien<\/span><\/b><\/p>\n<p align=\"CENTER\"><b><span style=\"font-family: Arial; font-size: xx-small;\">bebido tendr\u00e1s fama de Le\u00f3n,<\/span><\/b><\/p>\n<p align=\"CENTER\"><b><span style=\"font-family: Arial; font-size: xx-small;\">aunque seas un cabrito en La Legi\u00f3n.<\/span><\/b><\/p>\n<p align=\"CENTER\"><b><span style=\"font-family: Arial; font-size: xx-small;\">Comida sana y abundante<\/span><\/b><\/p>\n<p align=\"CENTER\"><b><span style=\"font-family: Arial; font-size: xx-small;\">la que dan en el Tercio de Extranjeros<\/span><\/b><\/p>\n<p align=\"CENTER\"><b><span style=\"font-family: Arial; font-size: xx-small;\">cocinada por cuatro o seis mangantes<\/span><\/b><\/p>\n<p align=\"CENTER\"><b><span style=\"font-family: Arial; font-size: xx-small;\">a los cuales llamamos los rancheros.<\/span><\/b><\/p>\n<p align=\"CENTER\"><b><span style=\"font-family: Arial; font-size: xx-small;\"> &#8212;&#8212;&#8212;&#8212;&#8212;&#8212;&#8212;&#8212;&#8212;<\/span><\/b><\/p>\n<p align=\"CENTER\"><b><span style=\"font-family: Arial; font-size: xx-small;\">Una sopita, un cocidito<\/span><\/b><\/p>\n<p align=\"CENTER\"><b><span style=\"font-family: Arial; font-size: xx-small;\">y la cabeza de un besuguito<\/span><\/b><\/p>\n<p align=\"CENTER\"><b><span style=\"font-family: Arial; font-size: xx-small;\">y un vasito de vino pele\u00f3n<\/span><\/b><\/p>\n<p align=\"CENTER\"><b><span style=\"font-family: Arial; font-size: xx-small;\">ese es el men\u00fa de La Legi\u00f3n.<\/span><\/b><\/p>\n<p align=\"CENTER\"><b><span style=\"font-family: Arial; font-size: xx-small;\">Yo no s\u00e9 que se han cre\u00eddo<\/span><\/b><\/p>\n<p align=\"CENTER\"><b><span style=\"font-family: Arial; font-size: xx-small;\">en el Tercio de Extranjeros<\/span><\/b><\/p>\n<p align=\"CENTER\"><b><span style=\"font-family: Arial; font-size: xx-small;\">que nos tienen comparados<\/span><\/b><\/p>\n<p align=\"CENTER\"><b><span style=\"font-family: Arial; font-size: xx-small;\">con peones camineros.<\/span><\/b><\/p>\n<p align=\"CENTER\"><b><span style=\"font-family: Arial; font-size: xx-small;\">Pom, pom, pom, pom,<\/span><\/b><\/p>\n<p align=\"CENTER\"><b><span style=\"font-family: Arial; font-size: xx-small;\">porrom, pom, pom.<\/span><\/b><\/p>\n<p align=\"CENTER\"><b><span style=\"font-family: Arial; font-size: xx-small;\">Desde que se invent\u00f3 el pico y la pala<\/span><\/b><\/p>\n<p align=\"CENTER\"><span style=\"font-size: xx-small;\"><b><span style=\"font-family: Arial;\">con el pico y la pala nos est\u00e1n dando la<\/span><\/b> <b><span style=\"font-family: Arial;\">lata,<\/span><\/b><\/span><\/p>\n<p align=\"CENTER\"><b><span style=\"font-family: Arial; font-size: xx-small;\">este que est\u00e1 presente tres picos rompi\u00f3<\/span><\/b><\/p>\n<p align=\"CENTER\"><b><span style=\"font-family: Arial; font-size: xx-small;\">y al d\u00eda siguiente pas\u00f3 al pelot\u00f3n.<\/span><\/b><\/p>\n<p align=\"CENTER\">\n<\/td>\n<td align=\"center\" valign=\"TOP\" width=\"434\">\n<p align=\"CENTER\"><b><span style=\"font-family: Arial; font-size: xx-small;\">Y ese otro que en su pueblo<\/span><\/b><\/p>\n<p align=\"CENTER\"><b><span style=\"font-family: Arial; font-size: xx-small;\">se las daba de sereno<\/span><\/b><\/p>\n<p><b><span style=\"font-family: Arial; font-size: xx-small;\">con el hambre que pasaba<\/span><\/b><\/p>\n<p><b><span style=\"font-family: Arial; font-size: xx-small;\">se alist\u00f3 al Tercio de Extranjeros.<\/span><\/b><\/p>\n<p><b><span style=\"font-family: Arial; font-size: xx-small;\">Pom, pom, pom, pom,,<\/span><\/b><\/p>\n<p><b><span style=\"font-family: Arial; font-size: xx-small;\">porrom, pom, pom.<\/span><\/b><\/p>\n<p><b><span style=\"font-family: Arial; font-size: xx-small;\">A los cuatro d\u00edas Cabo interino le<\/span><\/b><\/p>\n<p><b><span style=\"font-family: Arial; font-size: xx-small;\">hicieron<\/span><\/b><\/p>\n<p><b><span style=\"font-family: Arial; font-size: xx-small;\">vino la propuesta firmada por los<\/span><\/b><\/p>\n<p><b><span style=\"font-family: Arial; font-size: xx-small;\">rancheros<\/span><\/b><\/p>\n<p><b><span style=\"font-family: Arial; font-size: xx-small;\">le quitan los galones por ser un mangante<\/span><\/b><\/p>\n<p><b><span style=\"font-family: Arial; font-size: xx-small;\">al d\u00eda siguiente le hacen machacante.<\/span><\/b><\/p>\n<p><b><span style=\"font-family: Arial; font-size: xx-small;\">&#8212;&#8212;&#8212;&#8212;&#8212;&#8212;&#8212;&#8212;<\/span><\/b><\/p>\n<p><b><span style=\"font-family: Arial; font-size: xx-small;\">Se ha portado bien en las operaciones<\/span><\/b><\/p>\n<p><b><span style=\"font-family: Arial; font-size: xx-small;\">todas las putas, todas las medallas<\/span><\/b><\/p>\n<p><b><span style=\"font-family: Arial; font-size: xx-small;\">las lleva colgadas de los cojones.<\/span><\/b><\/p>\n<p><b><span style=\"font-family: Arial; font-size: xx-small;\">Acabo de recibir chim pum,<\/span><\/b><\/p>\n<p><b><span style=\"font-family: Arial; font-size: xx-small;\">acabo de recibir chim pum.<\/span><\/b><\/p>\n<p><b><span style=\"font-family: Arial; font-size: xx-small;\">Noticias frescas de mi pa\u00eds,<\/span><\/b><\/p>\n<p><b><span style=\"font-family: Arial; font-size: xx-small;\">noticias frescas de mi pa\u00eds.<\/span><\/b><\/p>\n<p><b><span style=\"font-family: Arial; font-size: xx-small;\">Se est\u00e1 poniendo Espa\u00f1a<\/span><\/b><\/p>\n<p><b><span style=\"font-family: Arial; font-size: xx-small;\">en tan malas condiciones<\/span><\/b><\/p>\n<p><b><span style=\"font-family: Arial; font-size: xx-small;\">que se est\u00e1 desarrollando<\/span><\/b><\/p>\n<p><b><span style=\"font-family: Arial; font-size: xx-small;\">el gremio de maricones.<\/span><\/b><\/p>\n<p><b><span style=\"font-family: Arial; font-size: xx-small;\">Como si as\u00ed la cosa<\/span><\/b><\/p>\n<p><b><span style=\"font-family: Arial; font-size: xx-small;\">con tan poco disimulo<\/span><\/b><\/p>\n<p><b><span style=\"font-family: Arial; font-size: xx-small;\">se va a hacer peque\u00f1o el mundo<\/span><\/b><\/p>\n<p><b><span style=\"font-family: Arial; font-size: xx-small;\">para ir a tomar por culo.<\/span><\/b><\/p>\n<p><b><span style=\"font-family: Arial; font-size: xx-small;\">Comprate una gabardina cabr\u00f3n.<\/span><\/b><\/p>\n<p>&nbsp;<\/p>\n<p>&nbsp;<\/td>\n<\/tr>\n<\/tbody>\n<\/table>\n<p class=\"responsive-video-wrap clr\">\n<div class=\"\"><iframe loading=\"lazy\" title=\"Pobrecitos Maridos Infelices\" width=\"1200\" height=\"900\" src=\"https:\/\/www.youtube.com\/embed\/jUsWc1ttp_4?feature=oembed\" frameborder=\"0\" allow=\"accelerometer; autoplay; clipboard-write; encrypted-media; gyroscope; picture-in-picture\" allowfullscreen><\/iframe><\/div><\/p>\n","protected":false},"excerpt":{"rendered":"<p>Pobrecitos maridos infelices que ten\u00e9is la testuz como un carnero, vivir\u00e9is contentos y felices alistados en el Tercio de Extranjeros. Son tres pesetas, bien comido y bien bebido tendr\u00e1s fama de Le\u00f3n, aunque seas un cabrito en La Legi\u00f3n. Comida sana y abundante la que dan en el Tercio de Extranjeros cocinada por cuatro o [&hellip;]<\/p>\n","protected":false},"author":1,"featured_media":0,"parent":0,"menu_order":0,"comment_status":"closed","ping_status":"closed","template":"","meta":{"ocean_post_layout":"","ocean_both_sidebars_style":"","ocean_both_sidebars_content_width":0,"ocean_both_sidebars_sidebars_width":0,"ocean_sidebar":"0","ocean_second_sidebar":"0","ocean_disable_margins":"enable","ocean_add_body_class":"","ocean_shortcode_before_top_bar":"","ocean_shortcode_after_top_bar":"","ocean_shortcode_before_header":"","ocean_shortcode_after_header":"","ocean_has_shortcode":"","ocean_shortcode_after_title":"","ocean_shortcode_before_footer_widgets":"","ocean_shortcode_after_footer_widgets":"","ocean_shortcode_before_footer_bottom":"","ocean_shortcode_after_footer_bottom":"","ocean_display_top_bar":"default","ocean_display_header":"default","ocean_header_style":"","ocean_center_header_left_menu":"0","ocean_custom_header_template":"0","ocean_custom_logo":0,"ocean_custom_retina_logo":0,"ocean_custom_logo_max_width":0,"ocean_custom_logo_tablet_max_width":0,"ocean_custom_logo_mobile_max_width":0,"ocean_custom_logo_max_height":0,"ocean_custom_logo_tablet_max_height":0,"ocean_custom_logo_mobile_max_height":0,"ocean_header_custom_menu":"0","ocean_menu_typo_font_family":"0","ocean_menu_typo_font_subset":"","ocean_menu_typo_font_size":0,"ocean_menu_typo_font_size_tablet":0,"ocean_menu_typo_font_size_mobile":0,"ocean_menu_typo_font_size_unit":"px","ocean_menu_typo_font_weight":"","ocean_menu_typo_font_weight_tablet":"","ocean_menu_typo_font_weight_mobile":"","ocean_menu_typo_transform":"","ocean_menu_typo_transform_tablet":"","ocean_menu_typo_transform_mobile":"","ocean_menu_typo_line_height":0,"ocean_menu_typo_line_height_tablet":0,"ocean_menu_typo_line_height_mobile":0,"ocean_menu_typo_line_height_unit":"","ocean_menu_typo_spacing":0,"ocean_menu_typo_spacing_tablet":0,"ocean_menu_typo_spacing_mobile":0,"ocean_menu_typo_spacing_unit":"","ocean_menu_link_color":"","ocean_menu_link_color_hover":"","ocean_menu_link_color_active":"","ocean_menu_link_background":"","ocean_menu_link_hover_background":"","ocean_menu_link_active_background":"","ocean_menu_social_links_bg":"","ocean_menu_social_hover_links_bg":"","ocean_menu_social_links_color":"","ocean_menu_social_hover_links_color":"","ocean_disable_title":"default","ocean_disable_heading":"default","ocean_post_title":"","ocean_post_subheading":"","ocean_post_title_style":"","ocean_post_title_background_color":"","ocean_post_title_background":0,"ocean_post_title_bg_image_position":"","ocean_post_title_bg_image_attachment":"","ocean_post_title_bg_image_repeat":"","ocean_post_title_bg_image_size":"","ocean_post_title_height":0,"ocean_post_title_bg_overlay":0.5,"ocean_post_title_bg_overlay_color":"","ocean_disable_breadcrumbs":"default","ocean_breadcrumbs_color":"","ocean_breadcrumbs_separator_color":"","ocean_breadcrumbs_links_color":"","ocean_breadcrumbs_links_hover_color":"","ocean_display_footer_widgets":"default","ocean_display_footer_bottom":"default","ocean_custom_footer_template":"0","footnotes":""},"class_list":["post-309","page","type-page","status-publish","hentry","entry"],"yoast_head":"<!-- This site is optimized with the Yoast SEO plugin v27.4 - https:\/\/yoast.com\/product\/yoast-seo-wordpress\/ -->\n<title>Pobrecitos Maridos Infelices -<\/title>\n<meta name=\"robots\" content=\"index, follow, max-snippet:-1, max-image-preview:large, max-video-preview:-1\" \/>\n<link rel=\"canonical\" href=\"https:\/\/amigosdeltercertercio.com\/web\/pobrecitos-maridos-infelices\/\" \/>\n<meta property=\"og:locale\" content=\"es_ES\" \/>\n<meta property=\"og:type\" content=\"article\" \/>\n<meta property=\"og:title\" content=\"Pobrecitos Maridos Infelices -\" \/>\n<meta property=\"og:description\" content=\"Pobrecitos maridos infelices que ten\u00e9is la testuz como un carnero, vivir\u00e9is contentos y felices alistados en el Tercio de Extranjeros. Son tres pesetas, bien comido y bien bebido tendr\u00e1s fama de Le\u00f3n, aunque seas un cabrito en La Legi\u00f3n. Comida sana y abundante la que dan en el Tercio de Extranjeros cocinada por cuatro o [&hellip;]\" \/>\n<meta property=\"og:url\" content=\"https:\/\/amigosdeltercertercio.com\/web\/pobrecitos-maridos-infelices\/\" \/>\n<meta property=\"article:modified_time\" content=\"2021-10-17T15:26:46+00:00\" \/>\n<meta name=\"twitter:card\" content=\"summary_large_image\" \/>\n<meta name=\"twitter:label1\" content=\"Tiempo de lectura\" \/>\n\t<meta name=\"twitter:data1\" content=\"2 minutos\" \/>\n<script type=\"application\/ld+json\" class=\"yoast-schema-graph\">{\"@context\":\"https:\\\/\\\/schema.org\",\"@graph\":[{\"@type\":\"WebPage\",\"@id\":\"https:\\\/\\\/amigosdeltercertercio.com\\\/web\\\/pobrecitos-maridos-infelices\\\/\",\"url\":\"https:\\\/\\\/amigosdeltercertercio.com\\\/web\\\/pobrecitos-maridos-infelices\\\/\",\"name\":\"Pobrecitos Maridos Infelices -\",\"isPartOf\":{\"@id\":\"https:\\\/\\\/amigosdeltercertercio.com\\\/web\\\/#website\"},\"datePublished\":\"2014-04-12T17:54:33+00:00\",\"dateModified\":\"2021-10-17T15:26:46+00:00\",\"breadcrumb\":{\"@id\":\"https:\\\/\\\/amigosdeltercertercio.com\\\/web\\\/pobrecitos-maridos-infelices\\\/#breadcrumb\"},\"inLanguage\":\"es\",\"potentialAction\":[{\"@type\":\"ReadAction\",\"target\":[\"https:\\\/\\\/amigosdeltercertercio.com\\\/web\\\/pobrecitos-maridos-infelices\\\/\"]}]},{\"@type\":\"BreadcrumbList\",\"@id\":\"https:\\\/\\\/amigosdeltercertercio.com\\\/web\\\/pobrecitos-maridos-infelices\\\/#breadcrumb\",\"itemListElement\":[{\"@type\":\"ListItem\",\"position\":1,\"name\":\"Home\",\"item\":\"https:\\\/\\\/amigosdeltercertercio.com\\\/web\\\/\"},{\"@type\":\"ListItem\",\"position\":2,\"name\":\"Pobrecitos Maridos Infelices\"}]},{\"@type\":\"WebSite\",\"@id\":\"https:\\\/\\\/amigosdeltercertercio.com\\\/web\\\/#website\",\"url\":\"https:\\\/\\\/amigosdeltercertercio.com\\\/web\\\/\",\"name\":\"\",\"description\":\"\",\"potentialAction\":[{\"@type\":\"SearchAction\",\"target\":{\"@type\":\"EntryPoint\",\"urlTemplate\":\"https:\\\/\\\/amigosdeltercertercio.com\\\/web\\\/?s={search_term_string}\"},\"query-input\":{\"@type\":\"PropertyValueSpecification\",\"valueRequired\":true,\"valueName\":\"search_term_string\"}}],\"inLanguage\":\"es\"}]}<\/script>\n<!-- \/ Yoast SEO plugin. -->","yoast_head_json":{"title":"Pobrecitos Maridos Infelices -","robots":{"index":"index","follow":"follow","max-snippet":"max-snippet:-1","max-image-preview":"max-image-preview:large","max-video-preview":"max-video-preview:-1"},"canonical":"https:\/\/amigosdeltercertercio.com\/web\/pobrecitos-maridos-infelices\/","og_locale":"es_ES","og_type":"article","og_title":"Pobrecitos Maridos Infelices -","og_description":"Pobrecitos maridos infelices que ten\u00e9is la testuz como un carnero, vivir\u00e9is contentos y felices alistados en el Tercio de Extranjeros. Son tres pesetas, bien comido y bien bebido tendr\u00e1s fama de Le\u00f3n, aunque seas un cabrito en La Legi\u00f3n. Comida sana y abundante la que dan en el Tercio de Extranjeros cocinada por cuatro o [&hellip;]","og_url":"https:\/\/amigosdeltercertercio.com\/web\/pobrecitos-maridos-infelices\/","article_modified_time":"2021-10-17T15:26:46+00:00","twitter_card":"summary_large_image","twitter_misc":{"Tiempo de lectura":"2 minutos"},"schema":{"@context":"https:\/\/schema.org","@graph":[{"@type":"WebPage","@id":"https:\/\/amigosdeltercertercio.com\/web\/pobrecitos-maridos-infelices\/","url":"https:\/\/amigosdeltercertercio.com\/web\/pobrecitos-maridos-infelices\/","name":"Pobrecitos Maridos Infelices -","isPartOf":{"@id":"https:\/\/amigosdeltercertercio.com\/web\/#website"},"datePublished":"2014-04-12T17:54:33+00:00","dateModified":"2021-10-17T15:26:46+00:00","breadcrumb":{"@id":"https:\/\/amigosdeltercertercio.com\/web\/pobrecitos-maridos-infelices\/#breadcrumb"},"inLanguage":"es","potentialAction":[{"@type":"ReadAction","target":["https:\/\/amigosdeltercertercio.com\/web\/pobrecitos-maridos-infelices\/"]}]},{"@type":"BreadcrumbList","@id":"https:\/\/amigosdeltercertercio.com\/web\/pobrecitos-maridos-infelices\/#breadcrumb","itemListElement":[{"@type":"ListItem","position":1,"name":"Home","item":"https:\/\/amigosdeltercertercio.com\/web\/"},{"@type":"ListItem","position":2,"name":"Pobrecitos Maridos Infelices"}]},{"@type":"WebSite","@id":"https:\/\/amigosdeltercertercio.com\/web\/#website","url":"https:\/\/amigosdeltercertercio.com\/web\/","name":"","description":"","potentialAction":[{"@type":"SearchAction","target":{"@type":"EntryPoint","urlTemplate":"https:\/\/amigosdeltercertercio.com\/web\/?s={search_term_string}"},"query-input":{"@type":"PropertyValueSpecification","valueRequired":true,"valueName":"search_term_string"}}],"inLanguage":"es"}]}},"_links":{"self":[{"href":"https:\/\/amigosdeltercertercio.com\/web\/wp-json\/wp\/v2\/pages\/309","targetHints":{"allow":["GET"]}}],"collection":[{"href":"https:\/\/amigosdeltercertercio.com\/web\/wp-json\/wp\/v2\/pages"}],"about":[{"href":"https:\/\/amigosdeltercertercio.com\/web\/wp-json\/wp\/v2\/types\/page"}],"author":[{"embeddable":true,"href":"https:\/\/amigosdeltercertercio.com\/web\/wp-json\/wp\/v2\/users\/1"}],"replies":[{"embeddable":true,"href":"https:\/\/amigosdeltercertercio.com\/web\/wp-json\/wp\/v2\/comments?post=309"}],"version-history":[{"count":5,"href":"https:\/\/amigosdeltercertercio.com\/web\/wp-json\/wp\/v2\/pages\/309\/revisions"}],"predecessor-version":[{"id":5606,"href":"https:\/\/amigosdeltercertercio.com\/web\/wp-json\/wp\/v2\/pages\/309\/revisions\/5606"}],"wp:attachment":[{"href":"https:\/\/amigosdeltercertercio.com\/web\/wp-json\/wp\/v2\/media?parent=309"}],"curies":[{"name":"wp","href":"https:\/\/api.w.org\/{rel}","templated":true}]}}