{"id":31,"date":"2014-04-10T16:31:49","date_gmt":"2014-04-10T16:31:49","guid":{"rendered":"https:\/\/amigosdeltercertercio.com\/web\/?page_id=31"},"modified":"2023-11-03T16:01:52","modified_gmt":"2023-11-03T16:01:52","slug":"inicio","status":"publish","type":"page","link":"https:\/\/amigosdeltercertercio.com\/web\/","title":{"rendered":"INICIO"},"content":{"rendered":"\r\n<table style=\"height: 225px; width: 100.477%; border-collapse: collapse; border-style: none; border-color: #e8d292;\">\r\n<tbody>\r\n<tr style=\"height: 21px; border-style: none; border-color: #e8d292;\">\r\n<td style=\"width: 35.466%; height: 21px; border-color: #e8d292;\">\r\n<h1>Historia del 3\u00ba Tercio<\/h1>\r\n<p style=\"text-align: justify;\"><em>En esta WEB, descubrir\u00e1s toda su Historia, sus actuaciones en Combate desde su creaci\u00f3n hasta las \u00faltimas misiones Internacionales, as\u00ed como su idiosincrasia, Cuarteles y en definitiva su CORAZ\u00d3N.<\/em><\/p>\r\n<\/td>\r\n<td style=\"width: 28.3792%; height: 21px; border-style: none; text-align: justify;\"><a href=\"https:\/\/amigosdeltercertercio.com\/web\/wp-content\/uploads\/2021\/10\/escudo-tercio-bra.png\"><img loading=\"lazy\" decoding=\"async\" class=\"size-full wp-image-5663 aligncenter\" src=\"https:\/\/amigosdeltercertercio.com\/web\/wp-content\/uploads\/2021\/10\/escudo-tercio-bra.png\" alt=\"\" width=\"257\" height=\"252\" \/><\/a><\/td>\r\n<td style=\"width: 37.7191%; height: 21px; text-align: justify; border-color: #e8d292;\"><em>El sudor de la instrucci\u00f3n jam\u00e1s ser\u00e1 tanto como una gota de sangre en el combate. Nuestra mayor gloria no radica en no haber ca\u00eddo jam\u00e1s, sino en habernos levantado despu\u00e9s de cada ca\u00edda.<\/em><\/td>\r\n<\/tr>\r\n<tr style=\"height: 232px; border-color: #000000;\">\r\n<td style=\"width: 35.466%; height: 204px; border-color: #e8d292; text-align: left;\">\r\n<h2 style=\"text-align: center;\"><span style=\"color: #333300;\"><strong><em><a href=\"https:\/\/amigosdeltercertercio.com\/web\/adiestramiento\/\">ADIESTRAMIENTO<\/a><\/em><\/strong><\/span><\/h2>\r\n<h2 style=\"text-align: center;\"><a href=\"https:\/\/amigosdeltercertercio.com\/web\/adiestramiento\/\"><img loading=\"lazy\" decoding=\"async\" class=\" wp-image-6348 aligncenter\" src=\"https:\/\/amigosdeltercertercio.com\/web\/wp-content\/uploads\/2023\/10\/03238-300x201.jpg\" alt=\"\" width=\"327\" height=\"218\" srcset=\"https:\/\/amigosdeltercertercio.com\/web\/wp-content\/uploads\/2023\/10\/03238-300x201.jpg 300w, https:\/\/amigosdeltercertercio.com\/web\/wp-content\/uploads\/2023\/10\/03238.jpg 758w\" sizes=\"auto, (max-width: 327px) 100vw, 327px\" \/><\/a><\/h2>\r\n<h5 style=\"text-align: center;\">Si quieres la Paz, prep\u00e1rate para la Guerra<\/h5>\r\n<h5 class=\"LC20lb MMgsKf\" style=\"text-align: center;\"><em>\u00abSi Vis Pacem Para Bellum\u00bb<\/em><\/h5>\r\n<\/td>\r\n<td style=\"width: 28.3792%; height: 204px; border-color: #e8d292;\">\r\n<h2 style=\"text-align: center;\"><span style=\"color: #333300;\"><strong><em><a href=\"https:\/\/amigosdeltercertercio.com\/web\/misiones-internacionales\/\">MISIONES INTERNACIONALES<\/a><\/em><\/strong><\/span><\/h2>\r\n<p><a href=\"https:\/\/amigosdeltercertercio.com\/web\/misiones-internacionales\/\"><img loading=\"lazy\" decoding=\"async\" class=\" wp-image-6347 aligncenter\" src=\"https:\/\/amigosdeltercertercio.com\/web\/wp-content\/uploads\/2023\/10\/IMG_20230728_203351-300x200.jpg\" alt=\"\" width=\"341\" height=\"228\" srcset=\"https:\/\/amigosdeltercertercio.com\/web\/wp-content\/uploads\/2023\/10\/IMG_20230728_203351-300x200.jpg 300w, https:\/\/amigosdeltercertercio.com\/web\/wp-content\/uploads\/2023\/10\/IMG_20230728_203351-768x513.jpg 768w, https:\/\/amigosdeltercertercio.com\/web\/wp-content\/uploads\/2023\/10\/IMG_20230728_203351.jpg 900w\" sizes=\"auto, (max-width: 341px) 100vw, 341px\" \/><\/a><\/p>\r\n<h5 style=\"text-align: center;\">Referente en el Extranjero<\/h5>\r\n<\/td>\r\n<td style=\"width: 37.7191%; height: 204px; border-color: #e8d292;\">\r\n<h2 style=\"text-align: center;\"><span style=\"color: #333300;\"><strong><em><a href=\"https:\/\/amigosdeltercertercio.com\/web\/aniversarios\/\">ANIVERSARIOS<\/a><\/em><\/strong><\/span><\/h2>\r\n<p><a href=\"https:\/\/amigosdeltercertercio.com\/web\/aniversarios\/\"><img loading=\"lazy\" decoding=\"async\" class=\" wp-image-6349 aligncenter\" src=\"https:\/\/amigosdeltercertercio.com\/web\/wp-content\/uploads\/2023\/10\/Legion-anos-vocacion_1722138311_166436909_667x375-300x169.jpg\" alt=\"\" width=\"379\" height=\"211\" \/><\/a><\/p>\r\n<h5 style=\"text-align: center;\">Momento de recordar, a los que nos precedieron<\/h5>\r\n<p>&nbsp;<\/p>\r\n<\/td>\r\n<\/tr>\r\n<\/tbody>\r\n<\/table>\r\n<h2 style=\"text-align: center;\"><strong><em>El ayer y el hoy, de una Unidad de La Legi\u00f3n, que esta a la vanguardia de nuestras FF.AA,s.<\/em><\/strong><\/h2>\r\n","protected":false},"excerpt":{"rendered":"<p>Historia del 3\u00ba Tercio En esta WEB, descubrir\u00e1s toda su Historia, sus actuaciones en Combate desde su creaci\u00f3n hasta las \u00faltimas misiones Internacionales, as\u00ed como su idiosincrasia, Cuarteles y en definitiva su CORAZ\u00d3N. El sudor de la instrucci\u00f3n jam\u00e1s ser\u00e1 tanto como una gota de sangre en el combate. Nuestra mayor gloria no radica en [&hellip;]<\/p>\n","protected":false},"author":1,"featured_media":0,"parent":0,"menu_order":0,"comment_status":"closed","ping_status":"open","template":"","meta":{"ocean_post_layout":"full-width","ocean_both_sidebars_style":"","ocean_both_sidebars_content_width":0,"ocean_both_sidebars_sidebars_width":0,"ocean_sidebar":"0","ocean_second_sidebar":"0","ocean_disable_margins":"enable","ocean_add_body_class":"","ocean_shortcode_before_top_bar":"","ocean_shortcode_after_top_bar":"","ocean_shortcode_before_header":"","ocean_shortcode_after_header":"","ocean_has_shortcode":"","ocean_shortcode_after_title":"","ocean_shortcode_before_footer_widgets":"","ocean_shortcode_after_footer_widgets":"","ocean_shortcode_before_footer_bottom":"","ocean_shortcode_after_footer_bottom":"","ocean_display_top_bar":"default","ocean_display_header":"default","ocean_header_style":"","ocean_center_header_left_menu":"0","ocean_custom_header_template":"0","ocean_custom_logo":0,"ocean_custom_retina_logo":0,"ocean_custom_logo_max_width":0,"ocean_custom_logo_tablet_max_width":0,"ocean_custom_logo_mobile_max_width":0,"ocean_custom_logo_max_height":0,"ocean_custom_logo_tablet_max_height":0,"ocean_custom_logo_mobile_max_height":0,"ocean_header_custom_menu":"0","ocean_menu_typo_font_family":"0","ocean_menu_typo_font_subset":"","ocean_menu_typo_font_size":0,"ocean_menu_typo_font_size_tablet":0,"ocean_menu_typo_font_size_mobile":0,"ocean_menu_typo_font_size_unit":"px","ocean_menu_typo_font_weight":"","ocean_menu_typo_font_weight_tablet":"","ocean_menu_typo_font_weight_mobile":"","ocean_menu_typo_transform":"","ocean_menu_typo_transform_tablet":"","ocean_menu_typo_transform_mobile":"","ocean_menu_typo_line_height":0,"ocean_menu_typo_line_height_tablet":0,"ocean_menu_typo_line_height_mobile":0,"ocean_menu_typo_line_height_unit":"","ocean_menu_typo_spacing":0,"ocean_menu_typo_spacing_tablet":0,"ocean_menu_typo_spacing_mobile":0,"ocean_menu_typo_spacing_unit":"","ocean_menu_link_color":"","ocean_menu_link_color_hover":"","ocean_menu_link_color_active":"","ocean_menu_link_background":"","ocean_menu_link_hover_background":"","ocean_menu_link_active_background":"","ocean_menu_social_links_bg":"","ocean_menu_social_hover_links_bg":"","ocean_menu_social_links_color":"","ocean_menu_social_hover_links_color":"","ocean_disable_title":"default","ocean_disable_heading":"default","ocean_post_title":"","ocean_post_subheading":"","ocean_post_title_style":"","ocean_post_title_background_color":"","ocean_post_title_background":0,"ocean_post_title_bg_image_position":"","ocean_post_title_bg_image_attachment":"","ocean_post_title_bg_image_repeat":"","ocean_post_title_bg_image_size":"","ocean_post_title_height":0,"ocean_post_title_bg_overlay":0.5,"ocean_post_title_bg_overlay_color":"","ocean_disable_breadcrumbs":"default","ocean_breadcrumbs_color":"","ocean_breadcrumbs_separator_color":"","ocean_breadcrumbs_links_color":"","ocean_breadcrumbs_links_hover_color":"","ocean_display_footer_widgets":"default","ocean_display_footer_bottom":"default","ocean_custom_footer_template":"0","footnotes":""},"class_list":["post-31","page","type-page","status-publish","hentry","entry"],"yoast_head":"<!-- This site is optimized with the Yoast SEO plugin v27.4 - https:\/\/yoast.com\/product\/yoast-seo-wordpress\/ -->\n<title>INICIO -<\/title>\n<meta name=\"robots\" content=\"index, follow, max-snippet:-1, max-image-preview:large, max-video-preview:-1\" \/>\n<link rel=\"canonical\" href=\"https:\/\/amigosdeltercertercio.com\/web\/\" \/>\n<meta property=\"og:locale\" content=\"es_ES\" \/>\n<meta property=\"og:type\" content=\"article\" \/>\n<meta property=\"og:title\" content=\"INICIO -\" \/>\n<meta property=\"og:description\" content=\"Historia del 3\u00ba Tercio En esta WEB, descubrir\u00e1s toda su Historia, sus actuaciones en Combate desde su creaci\u00f3n hasta las \u00faltimas misiones Internacionales, as\u00ed como su idiosincrasia, Cuarteles y en definitiva su CORAZ\u00d3N. El sudor de la instrucci\u00f3n jam\u00e1s ser\u00e1 tanto como una gota de sangre en el combate. Nuestra mayor gloria no radica en [&hellip;]\" \/>\n<meta property=\"og:url\" content=\"https:\/\/amigosdeltercertercio.com\/web\/\" \/>\n<meta property=\"article:modified_time\" content=\"2023-11-03T16:01:52+00:00\" \/>\n<meta property=\"og:image\" content=\"https:\/\/amigosdeltercertercio.com\/web\/wp-content\/uploads\/2021\/10\/escudo-tercio-bra.png\" \/>\n<meta name=\"twitter:card\" content=\"summary_large_image\" \/>\n<meta name=\"twitter:label1\" content=\"Tiempo de lectura\" \/>\n\t<meta name=\"twitter:data1\" content=\"2 minutos\" \/>\n<script type=\"application\/ld+json\" class=\"yoast-schema-graph\">{\"@context\":\"https:\\\/\\\/schema.org\",\"@graph\":[{\"@type\":\"WebPage\",\"@id\":\"https:\\\/\\\/amigosdeltercertercio.com\\\/web\\\/\",\"url\":\"https:\\\/\\\/amigosdeltercertercio.com\\\/web\\\/\",\"name\":\"INICIO -\",\"isPartOf\":{\"@id\":\"https:\\\/\\\/amigosdeltercertercio.com\\\/web\\\/#website\"},\"primaryImageOfPage\":{\"@id\":\"https:\\\/\\\/amigosdeltercertercio.com\\\/web\\\/#primaryimage\"},\"image\":{\"@id\":\"https:\\\/\\\/amigosdeltercertercio.com\\\/web\\\/#primaryimage\"},\"thumbnailUrl\":\"https:\\\/\\\/amigosdeltercertercio.com\\\/web\\\/wp-content\\\/uploads\\\/2021\\\/10\\\/escudo-tercio-bra.png\",\"datePublished\":\"2014-04-10T16:31:49+00:00\",\"dateModified\":\"2023-11-03T16:01:52+00:00\",\"breadcrumb\":{\"@id\":\"https:\\\/\\\/amigosdeltercertercio.com\\\/web\\\/#breadcrumb\"},\"inLanguage\":\"es\",\"potentialAction\":[{\"@type\":\"ReadAction\",\"target\":[\"https:\\\/\\\/amigosdeltercertercio.com\\\/web\\\/\"]}]},{\"@type\":\"ImageObject\",\"inLanguage\":\"es\",\"@id\":\"https:\\\/\\\/amigosdeltercertercio.com\\\/web\\\/#primaryimage\",\"url\":\"https:\\\/\\\/amigosdeltercertercio.com\\\/web\\\/wp-content\\\/uploads\\\/2021\\\/10\\\/escudo-tercio-bra.png\",\"contentUrl\":\"https:\\\/\\\/amigosdeltercertercio.com\\\/web\\\/wp-content\\\/uploads\\\/2021\\\/10\\\/escudo-tercio-bra.png\",\"width\":257,\"height\":252},{\"@type\":\"BreadcrumbList\",\"@id\":\"https:\\\/\\\/amigosdeltercertercio.com\\\/web\\\/#breadcrumb\",\"itemListElement\":[{\"@type\":\"ListItem\",\"position\":1,\"name\":\"Home\",\"item\":\"https:\\\/\\\/amigosdeltercertercio.com\\\/web\\\/\"},{\"@type\":\"ListItem\",\"position\":2,\"name\":\"INICIO\"}]},{\"@type\":\"WebSite\",\"@id\":\"https:\\\/\\\/amigosdeltercertercio.com\\\/web\\\/#website\",\"url\":\"https:\\\/\\\/amigosdeltercertercio.com\\\/web\\\/\",\"name\":\"\",\"description\":\"\",\"potentialAction\":[{\"@type\":\"SearchAction\",\"target\":{\"@type\":\"EntryPoint\",\"urlTemplate\":\"https:\\\/\\\/amigosdeltercertercio.com\\\/web\\\/?s={search_term_string}\"},\"query-input\":{\"@type\":\"PropertyValueSpecification\",\"valueRequired\":true,\"valueName\":\"search_term_string\"}}],\"inLanguage\":\"es\"}]}<\/script>\n<!-- \/ Yoast SEO plugin. -->","yoast_head_json":{"title":"INICIO -","robots":{"index":"index","follow":"follow","max-snippet":"max-snippet:-1","max-image-preview":"max-image-preview:large","max-video-preview":"max-video-preview:-1"},"canonical":"https:\/\/amigosdeltercertercio.com\/web\/","og_locale":"es_ES","og_type":"article","og_title":"INICIO -","og_description":"Historia del 3\u00ba Tercio En esta WEB, descubrir\u00e1s toda su Historia, sus actuaciones en Combate desde su creaci\u00f3n hasta las \u00faltimas misiones Internacionales, as\u00ed como su idiosincrasia, Cuarteles y en definitiva su CORAZ\u00d3N. El sudor de la instrucci\u00f3n jam\u00e1s ser\u00e1 tanto como una gota de sangre en el combate. Nuestra mayor gloria no radica en [&hellip;]","og_url":"https:\/\/amigosdeltercertercio.com\/web\/","article_modified_time":"2023-11-03T16:01:52+00:00","og_image":[{"url":"https:\/\/amigosdeltercertercio.com\/web\/wp-content\/uploads\/2021\/10\/escudo-tercio-bra.png","type":"","width":"","height":""}],"twitter_card":"summary_large_image","twitter_misc":{"Tiempo de lectura":"2 minutos"},"schema":{"@context":"https:\/\/schema.org","@graph":[{"@type":"WebPage","@id":"https:\/\/amigosdeltercertercio.com\/web\/","url":"https:\/\/amigosdeltercertercio.com\/web\/","name":"INICIO -","isPartOf":{"@id":"https:\/\/amigosdeltercertercio.com\/web\/#website"},"primaryImageOfPage":{"@id":"https:\/\/amigosdeltercertercio.com\/web\/#primaryimage"},"image":{"@id":"https:\/\/amigosdeltercertercio.com\/web\/#primaryimage"},"thumbnailUrl":"https:\/\/amigosdeltercertercio.com\/web\/wp-content\/uploads\/2021\/10\/escudo-tercio-bra.png","datePublished":"2014-04-10T16:31:49+00:00","dateModified":"2023-11-03T16:01:52+00:00","breadcrumb":{"@id":"https:\/\/amigosdeltercertercio.com\/web\/#breadcrumb"},"inLanguage":"es","potentialAction":[{"@type":"ReadAction","target":["https:\/\/amigosdeltercertercio.com\/web\/"]}]},{"@type":"ImageObject","inLanguage":"es","@id":"https:\/\/amigosdeltercertercio.com\/web\/#primaryimage","url":"https:\/\/amigosdeltercertercio.com\/web\/wp-content\/uploads\/2021\/10\/escudo-tercio-bra.png","contentUrl":"https:\/\/amigosdeltercertercio.com\/web\/wp-content\/uploads\/2021\/10\/escudo-tercio-bra.png","width":257,"height":252},{"@type":"BreadcrumbList","@id":"https:\/\/amigosdeltercertercio.com\/web\/#breadcrumb","itemListElement":[{"@type":"ListItem","position":1,"name":"Home","item":"https:\/\/amigosdeltercertercio.com\/web\/"},{"@type":"ListItem","position":2,"name":"INICIO"}]},{"@type":"WebSite","@id":"https:\/\/amigosdeltercertercio.com\/web\/#website","url":"https:\/\/amigosdeltercertercio.com\/web\/","name":"","description":"","potentialAction":[{"@type":"SearchAction","target":{"@type":"EntryPoint","urlTemplate":"https:\/\/amigosdeltercertercio.com\/web\/?s={search_term_string}"},"query-input":{"@type":"PropertyValueSpecification","valueRequired":true,"valueName":"search_term_string"}}],"inLanguage":"es"}]}},"_links":{"self":[{"href":"https:\/\/amigosdeltercertercio.com\/web\/wp-json\/wp\/v2\/pages\/31","targetHints":{"allow":["GET"]}}],"collection":[{"href":"https:\/\/amigosdeltercertercio.com\/web\/wp-json\/wp\/v2\/pages"}],"about":[{"href":"https:\/\/amigosdeltercertercio.com\/web\/wp-json\/wp\/v2\/types\/page"}],"author":[{"embeddable":true,"href":"https:\/\/amigosdeltercertercio.com\/web\/wp-json\/wp\/v2\/users\/1"}],"replies":[{"embeddable":true,"href":"https:\/\/amigosdeltercertercio.com\/web\/wp-json\/wp\/v2\/comments?post=31"}],"version-history":[{"count":87,"href":"https:\/\/amigosdeltercertercio.com\/web\/wp-json\/wp\/v2\/pages\/31\/revisions"}],"predecessor-version":[{"id":6355,"href":"https:\/\/amigosdeltercertercio.com\/web\/wp-json\/wp\/v2\/pages\/31\/revisions\/6355"}],"wp:attachment":[{"href":"https:\/\/amigosdeltercertercio.com\/web\/wp-json\/wp\/v2\/media?parent=31"}],"curies":[{"name":"wp","href":"https:\/\/api.w.org\/{rel}","templated":true}]}}