{"id":311,"date":"2014-04-12T17:54:43","date_gmt":"2014-04-12T17:54:43","guid":{"rendered":"https:\/\/amigosdeltercertercio.com\/web\/?page_id=311"},"modified":"2021-10-17T15:32:12","modified_gmt":"2021-10-17T15:32:12","slug":"las-corsarias","status":"publish","type":"page","link":"https:\/\/amigosdeltercertercio.com\/web\/las-corsarias\/","title":{"rendered":"Las Corsarias"},"content":{"rendered":"<audio class=\"wp-audio-shortcode\" id=\"audio-311-1\" preload=\"none\" style=\"width: 100%;\" controls=\"controls\"><source type=\"audio\/mpeg\" src=\"https:\/\/amigosdeltercertercio.com\/web\/wp-content\/uploads\/2014\/04\/08-Las-corsarias.mp3?_=1\" \/><a href=\"https:\/\/amigosdeltercertercio.com\/web\/wp-content\/uploads\/2014\/04\/08-Las-corsarias.mp3\">https:\/\/amigosdeltercertercio.com\/web\/wp-content\/uploads\/2014\/04\/08-Las-corsarias.mp3<\/a><\/audio>\n<table style=\"height: 450px;\" border=\"0\" width=\"493\" cellspacing=\"0\" cellpadding=\"4\">\n<tbody>\n<tr>\n<td align=\"center\" valign=\"TOP\" width=\"236\">\n<p align=\"CENTER\"><b><span style=\"font-family: Arial; font-size: xx-small;\">All\u00e1 por la tierra mora<\/span><\/b><\/p>\n<p align=\"CENTER\"><b><span style=\"font-family: Arial; font-size: xx-small;\">all\u00e1 por tierra africana<\/span><\/b><\/p>\n<p align=\"CENTER\"><b><span style=\"font-family: Arial; font-size: xx-small;\">un soldadito espa\u00f1ol<\/span><\/b><\/p>\n<p align=\"CENTER\"><b><span style=\"font-family: Arial; font-size: xx-small;\">de esta manera cantaba.<\/span><\/b><\/p>\n<p align=\"CENTER\"><b><span style=\"font-family: Arial; font-size: xx-small;\">Como el vino de Jerez<\/span><\/b><\/p>\n<p align=\"CENTER\"><b><span style=\"font-family: Arial; font-size: xx-small;\">y el vinillo de Rioja<\/span><\/b><\/p>\n<p align=\"CENTER\"><b><span style=\"font-family: Arial; font-size: xx-small;\">son los colores que tiene<\/span><\/b><\/p>\n<p align=\"CENTER\"><b><span style=\"font-family: Arial; font-size: xx-small;\">la Banderita Espa\u00f1ola<\/span><\/b><\/p>\n<p align=\"CENTER\"><b><span style=\"font-family: Arial; font-size: xx-small;\">la Banderita Espa\u00f1ola.<\/span><\/b><\/p>\n<p align=\"CENTER\"><b><span style=\"font-family: Arial; font-size: xx-small;\">Cuando estoy en tierra extra\u00f1a<\/span><\/b><\/p>\n<p align=\"CENTER\"><b><span style=\"font-family: Arial; font-size: xx-small;\">y contemplo tus colores<\/span><\/b><\/p>\n<p align=\"CENTER\"><b><span style=\"font-family: Arial; font-size: xx-small;\">y me acuerdo de mi Espa\u00f1a<\/span><\/b><\/p>\n<p align=\"CENTER\"><b><span style=\"font-family: Arial; font-size: xx-small;\">mira si yo te querr\u00e9.<\/span><\/b><\/p>\n<p align=\"CENTER\">\n<\/td>\n<td align=\"center\" valign=\"TOP\" width=\"257\"><b><span style=\"font-family: Arial; font-size: xx-small;\">Como el fino de Jerez<\/span><\/b><b><span style=\"font-family: Arial; font-size: xx-small;\">y el vinillo de Rioja<\/span><\/b><b><span style=\"font-family: Arial; font-size: xx-small;\">son los colores que tiene<\/span><\/b><\/p>\n<p><b><span style=\"font-family: Arial; font-size: xx-small;\">la Banderita Espa\u00f1ola\u00a0<\/span><\/b><\/p>\n<p><b><span style=\"font-family: Arial; font-size: xx-small;\">la Banderita Espa\u00f1ola.<\/span><\/b><\/p>\n<p><b><span style=\"font-family: Arial; font-size: xx-small;\">Banderita tu eres roja<\/span><\/b><\/p>\n<p><b><span style=\"font-family: Arial; font-size: xx-small;\">Banderita tu eres gualda<\/span><\/b><\/p>\n<p><b><span style=\"font-family: Arial; font-size: xx-small;\">llevas sangre<\/span><\/b><\/p>\n<p><b><span style=\"font-family: Arial; font-size: xx-small;\">llevas oro<\/span><\/b><\/p>\n<p><b><span style=\"font-family: Arial; font-size: xx-small;\">en el fondo de tu alma.<\/span><\/b><\/p>\n<p><b><span style=\"font-family: Arial; font-size: xx-small;\">El d\u00eda que yo me muera<\/span><\/b><\/p>\n<p><b><span style=\"font-family: Arial; font-size: xx-small;\">si estoy lejos de mi Patria<\/span><\/b><\/p>\n<p><b><span style=\"font-family: Arial; font-size: xx-small;\">s\u00f3lo quiero que me cubran<\/span><\/b><\/p>\n<p><b><span style=\"font-family: Arial; font-size: xx-small;\">con la Bandera de Espa\u00f1a.<\/span><\/b><\/td>\n<td align=\"center\" valign=\"TOP\" width=\"257\"><b><span style=\"font-family: Arial; font-size: xx-small;\">Banderita tu eres gualda<\/span><\/b><b><span style=\"font-family: Arial; font-size: xx-small;\">llevas sangre<\/span><\/b><b><span style=\"font-family: Arial; font-size: xx-small;\">llevas oro<\/span><\/b><\/p>\n<p><b><span style=\"font-family: Arial; font-size: xx-small;\">en el fondo de tu alma.<\/span><\/b><\/p>\n<p><b><span style=\"font-family: Arial; font-size: xx-small;\">El d\u00eda que yo me muera<\/span><\/b><\/p>\n<p><b><span style=\"font-family: Arial; font-size: xx-small;\">si estoy lejos de mi Patria<\/span><\/b><\/p>\n<p><b><span style=\"font-family: Arial; font-size: xx-small;\">s\u00f3lo quiero que me cubran<\/span><\/b><\/p>\n<p><b><span style=\"font-family: Arial; font-size: xx-small;\">con la Bandera de Espa\u00f1a.<\/span><\/b><\/p>\n<p>&nbsp;<\/td>\n<\/tr>\n<\/tbody>\n<\/table>\n","protected":false},"excerpt":{"rendered":"<p>All\u00e1 por la tierra mora all\u00e1 por tierra africana un soldadito espa\u00f1ol de esta manera cantaba. Como el vino de Jerez y el vinillo de Rioja son los colores que tiene la Banderita Espa\u00f1ola la Banderita Espa\u00f1ola. Cuando estoy en tierra extra\u00f1a y contemplo tus colores y me acuerdo de mi Espa\u00f1a mira si yo [&hellip;]<\/p>\n","protected":false},"author":1,"featured_media":0,"parent":0,"menu_order":0,"comment_status":"closed","ping_status":"closed","template":"","meta":{"ocean_post_layout":"","ocean_both_sidebars_style":"","ocean_both_sidebars_content_width":0,"ocean_both_sidebars_sidebars_width":0,"ocean_sidebar":"0","ocean_second_sidebar":"0","ocean_disable_margins":"enable","ocean_add_body_class":"","ocean_shortcode_before_top_bar":"","ocean_shortcode_after_top_bar":"","ocean_shortcode_before_header":"","ocean_shortcode_after_header":"","ocean_has_shortcode":"","ocean_shortcode_after_title":"","ocean_shortcode_before_footer_widgets":"","ocean_shortcode_after_footer_widgets":"","ocean_shortcode_before_footer_bottom":"","ocean_shortcode_after_footer_bottom":"","ocean_display_top_bar":"default","ocean_display_header":"default","ocean_header_style":"","ocean_center_header_left_menu":"0","ocean_custom_header_template":"0","ocean_custom_logo":0,"ocean_custom_retina_logo":0,"ocean_custom_logo_max_width":0,"ocean_custom_logo_tablet_max_width":0,"ocean_custom_logo_mobile_max_width":0,"ocean_custom_logo_max_height":0,"ocean_custom_logo_tablet_max_height":0,"ocean_custom_logo_mobile_max_height":0,"ocean_header_custom_menu":"0","ocean_menu_typo_font_family":"0","ocean_menu_typo_font_subset":"","ocean_menu_typo_font_size":0,"ocean_menu_typo_font_size_tablet":0,"ocean_menu_typo_font_size_mobile":0,"ocean_menu_typo_font_size_unit":"px","ocean_menu_typo_font_weight":"","ocean_menu_typo_font_weight_tablet":"","ocean_menu_typo_font_weight_mobile":"","ocean_menu_typo_transform":"","ocean_menu_typo_transform_tablet":"","ocean_menu_typo_transform_mobile":"","ocean_menu_typo_line_height":0,"ocean_menu_typo_line_height_tablet":0,"ocean_menu_typo_line_height_mobile":0,"ocean_menu_typo_line_height_unit":"","ocean_menu_typo_spacing":0,"ocean_menu_typo_spacing_tablet":0,"ocean_menu_typo_spacing_mobile":0,"ocean_menu_typo_spacing_unit":"","ocean_menu_link_color":"","ocean_menu_link_color_hover":"","ocean_menu_link_color_active":"","ocean_menu_link_background":"","ocean_menu_link_hover_background":"","ocean_menu_link_active_background":"","ocean_menu_social_links_bg":"","ocean_menu_social_hover_links_bg":"","ocean_menu_social_links_color":"","ocean_menu_social_hover_links_color":"","ocean_disable_title":"default","ocean_disable_heading":"default","ocean_post_title":"","ocean_post_subheading":"","ocean_post_title_style":"","ocean_post_title_background_color":"","ocean_post_title_background":0,"ocean_post_title_bg_image_position":"","ocean_post_title_bg_image_attachment":"","ocean_post_title_bg_image_repeat":"","ocean_post_title_bg_image_size":"","ocean_post_title_height":0,"ocean_post_title_bg_overlay":0.5,"ocean_post_title_bg_overlay_color":"","ocean_disable_breadcrumbs":"default","ocean_breadcrumbs_color":"","ocean_breadcrumbs_separator_color":"","ocean_breadcrumbs_links_color":"","ocean_breadcrumbs_links_hover_color":"","ocean_display_footer_widgets":"default","ocean_display_footer_bottom":"default","ocean_custom_footer_template":"0","footnotes":""},"class_list":["post-311","page","type-page","status-publish","hentry","entry"],"yoast_head":"<!-- This site is optimized with the Yoast SEO plugin v27.4 - https:\/\/yoast.com\/product\/yoast-seo-wordpress\/ -->\n<title>Las Corsarias -<\/title>\n<meta name=\"robots\" content=\"index, follow, max-snippet:-1, max-image-preview:large, max-video-preview:-1\" \/>\n<link rel=\"canonical\" href=\"https:\/\/amigosdeltercertercio.com\/web\/las-corsarias\/\" \/>\n<meta property=\"og:locale\" content=\"es_ES\" \/>\n<meta property=\"og:type\" content=\"article\" \/>\n<meta property=\"og:title\" content=\"Las Corsarias -\" \/>\n<meta property=\"og:description\" content=\"All\u00e1 por la tierra mora all\u00e1 por tierra africana un soldadito espa\u00f1ol de esta manera cantaba. Como el vino de Jerez y el vinillo de Rioja son los colores que tiene la Banderita Espa\u00f1ola la Banderita Espa\u00f1ola. Cuando estoy en tierra extra\u00f1a y contemplo tus colores y me acuerdo de mi Espa\u00f1a mira si yo [&hellip;]\" \/>\n<meta property=\"og:url\" content=\"https:\/\/amigosdeltercertercio.com\/web\/las-corsarias\/\" \/>\n<meta property=\"article:modified_time\" content=\"2021-10-17T15:32:12+00:00\" \/>\n<meta name=\"twitter:card\" content=\"summary_large_image\" \/>\n<meta name=\"twitter:label1\" content=\"Tiempo de lectura\" \/>\n\t<meta name=\"twitter:data1\" content=\"1 minuto\" \/>\n<script type=\"application\/ld+json\" class=\"yoast-schema-graph\">{\"@context\":\"https:\\\/\\\/schema.org\",\"@graph\":[{\"@type\":\"WebPage\",\"@id\":\"https:\\\/\\\/amigosdeltercertercio.com\\\/web\\\/las-corsarias\\\/\",\"url\":\"https:\\\/\\\/amigosdeltercertercio.com\\\/web\\\/las-corsarias\\\/\",\"name\":\"Las Corsarias -\",\"isPartOf\":{\"@id\":\"https:\\\/\\\/amigosdeltercertercio.com\\\/web\\\/#website\"},\"datePublished\":\"2014-04-12T17:54:43+00:00\",\"dateModified\":\"2021-10-17T15:32:12+00:00\",\"breadcrumb\":{\"@id\":\"https:\\\/\\\/amigosdeltercertercio.com\\\/web\\\/las-corsarias\\\/#breadcrumb\"},\"inLanguage\":\"es\",\"potentialAction\":[{\"@type\":\"ReadAction\",\"target\":[\"https:\\\/\\\/amigosdeltercertercio.com\\\/web\\\/las-corsarias\\\/\"]}]},{\"@type\":\"BreadcrumbList\",\"@id\":\"https:\\\/\\\/amigosdeltercertercio.com\\\/web\\\/las-corsarias\\\/#breadcrumb\",\"itemListElement\":[{\"@type\":\"ListItem\",\"position\":1,\"name\":\"Home\",\"item\":\"https:\\\/\\\/amigosdeltercertercio.com\\\/web\\\/\"},{\"@type\":\"ListItem\",\"position\":2,\"name\":\"Las Corsarias\"}]},{\"@type\":\"WebSite\",\"@id\":\"https:\\\/\\\/amigosdeltercertercio.com\\\/web\\\/#website\",\"url\":\"https:\\\/\\\/amigosdeltercertercio.com\\\/web\\\/\",\"name\":\"\",\"description\":\"\",\"potentialAction\":[{\"@type\":\"SearchAction\",\"target\":{\"@type\":\"EntryPoint\",\"urlTemplate\":\"https:\\\/\\\/amigosdeltercertercio.com\\\/web\\\/?s={search_term_string}\"},\"query-input\":{\"@type\":\"PropertyValueSpecification\",\"valueRequired\":true,\"valueName\":\"search_term_string\"}}],\"inLanguage\":\"es\"}]}<\/script>\n<!-- \/ Yoast SEO plugin. -->","yoast_head_json":{"title":"Las Corsarias -","robots":{"index":"index","follow":"follow","max-snippet":"max-snippet:-1","max-image-preview":"max-image-preview:large","max-video-preview":"max-video-preview:-1"},"canonical":"https:\/\/amigosdeltercertercio.com\/web\/las-corsarias\/","og_locale":"es_ES","og_type":"article","og_title":"Las Corsarias -","og_description":"All\u00e1 por la tierra mora all\u00e1 por tierra africana un soldadito espa\u00f1ol de esta manera cantaba. Como el vino de Jerez y el vinillo de Rioja son los colores que tiene la Banderita Espa\u00f1ola la Banderita Espa\u00f1ola. Cuando estoy en tierra extra\u00f1a y contemplo tus colores y me acuerdo de mi Espa\u00f1a mira si yo [&hellip;]","og_url":"https:\/\/amigosdeltercertercio.com\/web\/las-corsarias\/","article_modified_time":"2021-10-17T15:32:12+00:00","twitter_card":"summary_large_image","twitter_misc":{"Tiempo de lectura":"1 minuto"},"schema":{"@context":"https:\/\/schema.org","@graph":[{"@type":"WebPage","@id":"https:\/\/amigosdeltercertercio.com\/web\/las-corsarias\/","url":"https:\/\/amigosdeltercertercio.com\/web\/las-corsarias\/","name":"Las Corsarias -","isPartOf":{"@id":"https:\/\/amigosdeltercertercio.com\/web\/#website"},"datePublished":"2014-04-12T17:54:43+00:00","dateModified":"2021-10-17T15:32:12+00:00","breadcrumb":{"@id":"https:\/\/amigosdeltercertercio.com\/web\/las-corsarias\/#breadcrumb"},"inLanguage":"es","potentialAction":[{"@type":"ReadAction","target":["https:\/\/amigosdeltercertercio.com\/web\/las-corsarias\/"]}]},{"@type":"BreadcrumbList","@id":"https:\/\/amigosdeltercertercio.com\/web\/las-corsarias\/#breadcrumb","itemListElement":[{"@type":"ListItem","position":1,"name":"Home","item":"https:\/\/amigosdeltercertercio.com\/web\/"},{"@type":"ListItem","position":2,"name":"Las Corsarias"}]},{"@type":"WebSite","@id":"https:\/\/amigosdeltercertercio.com\/web\/#website","url":"https:\/\/amigosdeltercertercio.com\/web\/","name":"","description":"","potentialAction":[{"@type":"SearchAction","target":{"@type":"EntryPoint","urlTemplate":"https:\/\/amigosdeltercertercio.com\/web\/?s={search_term_string}"},"query-input":{"@type":"PropertyValueSpecification","valueRequired":true,"valueName":"search_term_string"}}],"inLanguage":"es"}]}},"_links":{"self":[{"href":"https:\/\/amigosdeltercertercio.com\/web\/wp-json\/wp\/v2\/pages\/311","targetHints":{"allow":["GET"]}}],"collection":[{"href":"https:\/\/amigosdeltercertercio.com\/web\/wp-json\/wp\/v2\/pages"}],"about":[{"href":"https:\/\/amigosdeltercertercio.com\/web\/wp-json\/wp\/v2\/types\/page"}],"author":[{"embeddable":true,"href":"https:\/\/amigosdeltercertercio.com\/web\/wp-json\/wp\/v2\/users\/1"}],"replies":[{"embeddable":true,"href":"https:\/\/amigosdeltercertercio.com\/web\/wp-json\/wp\/v2\/comments?post=311"}],"version-history":[{"count":5,"href":"https:\/\/amigosdeltercertercio.com\/web\/wp-json\/wp\/v2\/pages\/311\/revisions"}],"predecessor-version":[{"id":5610,"href":"https:\/\/amigosdeltercertercio.com\/web\/wp-json\/wp\/v2\/pages\/311\/revisions\/5610"}],"wp:attachment":[{"href":"https:\/\/amigosdeltercertercio.com\/web\/wp-json\/wp\/v2\/media?parent=311"}],"curies":[{"name":"wp","href":"https:\/\/api.w.org\/{rel}","templated":true}]}}