{"id":313,"date":"2014-04-12T17:54:55","date_gmt":"2014-04-12T17:54:55","guid":{"rendered":"https:\/\/amigosdeltercertercio.com\/web\/?page_id=313"},"modified":"2021-10-17T15:31:03","modified_gmt":"2021-10-17T15:31:03","slug":"el-ingles","status":"publish","type":"page","link":"https:\/\/amigosdeltercertercio.com\/web\/el-ingles\/","title":{"rendered":"El Ingl\u00e9s"},"content":{"rendered":"<audio class=\"wp-audio-shortcode\" id=\"audio-313-1\" preload=\"none\" style=\"width: 100%;\" controls=\"controls\"><source type=\"audio\/mpeg\" src=\"https:\/\/amigosdeltercertercio.com\/web\/wp-content\/uploads\/2014\/04\/14-El-ingles-que-vino-de-London.mp3?_=1\" \/><a href=\"https:\/\/amigosdeltercertercio.com\/web\/wp-content\/uploads\/2014\/04\/14-El-ingles-que-vino-de-London.mp3\">https:\/\/amigosdeltercertercio.com\/web\/wp-content\/uploads\/2014\/04\/14-El-ingles-que-vino-de-London.mp3<\/a><\/audio>\n<table style=\"height: 420px;\" border=\"0\" width=\"589\" cellspacing=\"0\" cellpadding=\"4\">\n<tbody>\n<tr>\n<td align=\"center\" valign=\"TOP\" width=\"324\">\n<p align=\"CENTER\"><b><span style=\"font-family: Arial; font-size: xx-small;\">Un ingl\u00e9s que vino de London<\/span><\/b><\/p>\n<p align=\"CENTER\"><b><span style=\"font-family: Arial; font-size: xx-small;\">para ver si en este gran pa\u00eds<\/span><\/b><\/p>\n<p align=\"CENTER\"><b><span style=\"font-family: Arial; font-size: xx-small;\">pod\u00eda alistarse a La Legi\u00f3n,<\/span><\/b><\/p>\n<p align=\"CENTER\"><b><span style=\"font-family: Arial; font-size: xx-small;\">y al fin lo pudo conseguir,<\/span><\/b><\/p>\n<p align=\"CENTER\"><b><span style=\"font-family: Arial; font-size: xx-small;\">visit\u00f3 todos los Banderines<\/span><\/b><\/p>\n<p align=\"CENTER\"><b><span style=\"font-family: Arial; font-size: xx-small;\">cual ser\u00eda su ilusi\u00f3n \u00a1vacil\u00f3n!<\/span><\/b><\/p>\n<p align=\"CENTER\"><b><span style=\"font-family: Arial; font-size: xx-small;\">que el ingl\u00e9s cuando estaba firmando<\/span><\/b><\/p>\n<p align=\"CENTER\"><b><span style=\"font-family: Arial; font-size: xx-small;\">cantaba y dec\u00eda esta canci\u00f3n:<\/span><\/b><\/p>\n<p align=\"CENTER\"><b><span style=\"font-family: Arial; font-size: xx-small;\">Olray, olray,\u00a0<\/span><\/b><\/p>\n<p align=\"CENTER\"><b><span style=\"font-family: Arial; font-size: xx-small;\">yo quererme reenganchai<\/span><\/b><\/p>\n<p align=\"CENTER\"><b><span style=\"font-family: Arial; font-size: xx-small;\">Tercio de Mill\u00e1n-Astray.<\/span><\/b><\/p>\n<p align=\"CENTER\"><b><span style=\"font-family: Arial; font-size: xx-small;\">Honor y gloria hay.<\/span><\/b><\/p>\n<\/td>\n<td align=\"center\" valign=\"TOP\" width=\"295\">\n<p align=\"CENTER\"><b><span style=\"font-family: Arial; font-size: xx-small;\">Un ingl\u00e9s que vino de London<\/span><\/b><\/p>\n<p align=\"CENTER\"><b><span style=\"font-family: Arial; font-size: xx-small;\">para ver si en este gran pa\u00eds\u00a0<\/span><\/b><\/p>\n<p align=\"CENTER\"><b><span style=\"font-family: Arial; font-size: xx-small;\">pod\u00eda coger un coloc\u00f3n<\/span><\/b><\/p>\n<p align=\"CENTER\"><b><span style=\"font-family: Arial; font-size: xx-small;\">y al fin lo pudo conseguir<\/span><\/b><\/p>\n<p align=\"CENTER\"><b><span style=\"font-family: Arial; font-size: xx-small;\">empez\u00f3 en los grandes cafetines<\/span><\/b><\/p>\n<p align=\"CENTER\"><b><span style=\"font-family: Arial; font-size: xx-small;\">cual ser\u00eda su ilusi\u00f3n \u00a1vacil\u00f3n!<\/span><\/b><\/p>\n<p align=\"CENTER\"><b><span style=\"font-family: Arial; font-size: xx-small;\">que el ingl\u00e9s cuando<\/span><\/b><\/p>\n<p><b><span style=\"font-family: Arial; font-size: xx-small;\">\u00a0estaba colocado<\/span><\/b><\/p>\n<p><b><span style=\"font-family: Arial; font-size: xx-small;\">cantaba y dec\u00eda esta canci\u00f3n:<\/span><\/b><\/p>\n<p><b><span style=\"font-family: Arial; font-size: xx-small;\">Olray, olray,\u00a0<\/span><\/b><\/p>\n<p><b><span style=\"font-family: Arial; font-size: xx-small;\">yo quererme reenganchai<\/span><\/b><\/p>\n<p><b><span style=\"font-family: Arial; font-size: xx-small;\">Tercio de Mill\u00e1n-Astray.<\/span><\/b><\/p>\n<p><b><span style=\"font-family: Arial; font-size: xx-small;\">vicio y\u00a0 grifa hay.<\/span><\/b><\/td>\n<td align=\"center\" valign=\"TOP\" width=\"342\"><b><span style=\"font-family: Arial; font-size: xx-small;\">Un ingl\u00e9s que vino de London<\/span><\/b><b><span style=\"font-family: Arial; font-size: xx-small;\">para ver si en este gran pa\u00eds<\/span><\/b><b><span style=\"font-family: Arial; font-size: xx-small;\">podr\u00eda entrar al pelot\u00f3n<\/span><\/b><b><span style=\"font-family: Arial; font-size: xx-small;\">y al fin lo pudo conseguir,<\/span><\/b><\/p>\n<p><b><span style=\"font-family: Arial; font-size: xx-small;\">termin\u00f3 vendiendo la camisa,<\/span><\/b><\/p>\n<p><b><span style=\"font-family: Arial; font-size: xx-small;\">camisola y pantal\u00f3n \u00a1vacil\u00f3n!<\/span><\/b><\/p>\n<p><b><span style=\"font-family: Arial; font-size: xx-small;\">y el ingl\u00e9s cuando estaba picando<\/span><\/b><\/p>\n<p><b><span style=\"font-family: Arial; font-size: xx-small;\">cantaba y dec\u00eda esta canci\u00f3n:<\/span><\/b><\/p>\n<p><b><span style=\"font-family: Arial; font-size: xx-small;\">Olray,olray,<\/span><\/b><\/p>\n<p><b><span style=\"font-family: Arial; font-size: xx-small;\">yo quererme licenciai,<\/span><\/b><\/p>\n<p><b><span style=\"font-family: Arial; font-size: xx-small;\">Tercio de Mill\u00e1n-Astray.<\/span><\/b><\/p>\n<p><b><span style=\"font-family: Arial; font-size: xx-small;\">Mucho pico y pala hay.<\/span><\/b><\/p>\n<p>&nbsp;<\/td>\n<\/tr>\n<\/tbody>\n<\/table>\n<p class=\"responsive-video-wrap clr\">\n<div class=\"\"><iframe loading=\"lazy\" title=\"Un ingl\u00e9s que vino de London\" width=\"1200\" height=\"900\" src=\"https:\/\/www.youtube.com\/embed\/WZvO_AMZsmY?feature=oembed\" frameborder=\"0\" allow=\"accelerometer; autoplay; clipboard-write; encrypted-media; gyroscope; picture-in-picture\" allowfullscreen><\/iframe><\/div><\/p>\n","protected":false},"excerpt":{"rendered":"<p>Un ingl\u00e9s que vino de London para ver si en este gran pa\u00eds pod\u00eda alistarse a La Legi\u00f3n, y al fin lo pudo conseguir, visit\u00f3 todos los Banderines cual ser\u00eda su ilusi\u00f3n \u00a1vacil\u00f3n! que el ingl\u00e9s cuando estaba firmando cantaba y dec\u00eda esta canci\u00f3n: Olray, olray,\u00a0 yo quererme reenganchai Tercio de Mill\u00e1n-Astray. Honor y gloria [&hellip;]<\/p>\n","protected":false},"author":1,"featured_media":0,"parent":0,"menu_order":0,"comment_status":"closed","ping_status":"closed","template":"","meta":{"ocean_post_layout":"","ocean_both_sidebars_style":"","ocean_both_sidebars_content_width":0,"ocean_both_sidebars_sidebars_width":0,"ocean_sidebar":"0","ocean_second_sidebar":"0","ocean_disable_margins":"enable","ocean_add_body_class":"","ocean_shortcode_before_top_bar":"","ocean_shortcode_after_top_bar":"","ocean_shortcode_before_header":"","ocean_shortcode_after_header":"","ocean_has_shortcode":"","ocean_shortcode_after_title":"","ocean_shortcode_before_footer_widgets":"","ocean_shortcode_after_footer_widgets":"","ocean_shortcode_before_footer_bottom":"","ocean_shortcode_after_footer_bottom":"","ocean_display_top_bar":"default","ocean_display_header":"default","ocean_header_style":"","ocean_center_header_left_menu":"0","ocean_custom_header_template":"0","ocean_custom_logo":0,"ocean_custom_retina_logo":0,"ocean_custom_logo_max_width":0,"ocean_custom_logo_tablet_max_width":0,"ocean_custom_logo_mobile_max_width":0,"ocean_custom_logo_max_height":0,"ocean_custom_logo_tablet_max_height":0,"ocean_custom_logo_mobile_max_height":0,"ocean_header_custom_menu":"0","ocean_menu_typo_font_family":"0","ocean_menu_typo_font_subset":"","ocean_menu_typo_font_size":0,"ocean_menu_typo_font_size_tablet":0,"ocean_menu_typo_font_size_mobile":0,"ocean_menu_typo_font_size_unit":"px","ocean_menu_typo_font_weight":"","ocean_menu_typo_font_weight_tablet":"","ocean_menu_typo_font_weight_mobile":"","ocean_menu_typo_transform":"","ocean_menu_typo_transform_tablet":"","ocean_menu_typo_transform_mobile":"","ocean_menu_typo_line_height":0,"ocean_menu_typo_line_height_tablet":0,"ocean_menu_typo_line_height_mobile":0,"ocean_menu_typo_line_height_unit":"","ocean_menu_typo_spacing":0,"ocean_menu_typo_spacing_tablet":0,"ocean_menu_typo_spacing_mobile":0,"ocean_menu_typo_spacing_unit":"","ocean_menu_link_color":"","ocean_menu_link_color_hover":"","ocean_menu_link_color_active":"","ocean_menu_link_background":"","ocean_menu_link_hover_background":"","ocean_menu_link_active_background":"","ocean_menu_social_links_bg":"","ocean_menu_social_hover_links_bg":"","ocean_menu_social_links_color":"","ocean_menu_social_hover_links_color":"","ocean_disable_title":"default","ocean_disable_heading":"default","ocean_post_title":"","ocean_post_subheading":"","ocean_post_title_style":"","ocean_post_title_background_color":"","ocean_post_title_background":0,"ocean_post_title_bg_image_position":"","ocean_post_title_bg_image_attachment":"","ocean_post_title_bg_image_repeat":"","ocean_post_title_bg_image_size":"","ocean_post_title_height":0,"ocean_post_title_bg_overlay":0.5,"ocean_post_title_bg_overlay_color":"","ocean_disable_breadcrumbs":"default","ocean_breadcrumbs_color":"","ocean_breadcrumbs_separator_color":"","ocean_breadcrumbs_links_color":"","ocean_breadcrumbs_links_hover_color":"","ocean_display_footer_widgets":"default","ocean_display_footer_bottom":"default","ocean_custom_footer_template":"0","footnotes":""},"class_list":["post-313","page","type-page","status-publish","hentry","entry"],"yoast_head":"<!-- This site is optimized with the Yoast SEO plugin v27.4 - https:\/\/yoast.com\/product\/yoast-seo-wordpress\/ -->\n<title>El Ingl\u00e9s -<\/title>\n<meta name=\"robots\" content=\"index, follow, max-snippet:-1, max-image-preview:large, max-video-preview:-1\" \/>\n<link rel=\"canonical\" href=\"https:\/\/amigosdeltercertercio.com\/web\/el-ingles\/\" \/>\n<meta property=\"og:locale\" content=\"es_ES\" \/>\n<meta property=\"og:type\" content=\"article\" \/>\n<meta property=\"og:title\" content=\"El Ingl\u00e9s -\" \/>\n<meta property=\"og:description\" content=\"Un ingl\u00e9s que vino de London para ver si en este gran pa\u00eds pod\u00eda alistarse a La Legi\u00f3n, y al fin lo pudo conseguir, visit\u00f3 todos los Banderines cual ser\u00eda su ilusi\u00f3n \u00a1vacil\u00f3n! que el ingl\u00e9s cuando estaba firmando cantaba y dec\u00eda esta canci\u00f3n: Olray, olray,\u00a0 yo quererme reenganchai Tercio de Mill\u00e1n-Astray. Honor y gloria [&hellip;]\" \/>\n<meta property=\"og:url\" content=\"https:\/\/amigosdeltercertercio.com\/web\/el-ingles\/\" \/>\n<meta property=\"article:modified_time\" content=\"2021-10-17T15:31:03+00:00\" \/>\n<meta name=\"twitter:card\" content=\"summary_large_image\" \/>\n<meta name=\"twitter:label1\" content=\"Tiempo de lectura\" \/>\n\t<meta name=\"twitter:data1\" content=\"1 minuto\" \/>\n<script type=\"application\/ld+json\" class=\"yoast-schema-graph\">{\"@context\":\"https:\\\/\\\/schema.org\",\"@graph\":[{\"@type\":\"WebPage\",\"@id\":\"https:\\\/\\\/amigosdeltercertercio.com\\\/web\\\/el-ingles\\\/\",\"url\":\"https:\\\/\\\/amigosdeltercertercio.com\\\/web\\\/el-ingles\\\/\",\"name\":\"El Ingl\u00e9s -\",\"isPartOf\":{\"@id\":\"https:\\\/\\\/amigosdeltercertercio.com\\\/web\\\/#website\"},\"datePublished\":\"2014-04-12T17:54:55+00:00\",\"dateModified\":\"2021-10-17T15:31:03+00:00\",\"breadcrumb\":{\"@id\":\"https:\\\/\\\/amigosdeltercertercio.com\\\/web\\\/el-ingles\\\/#breadcrumb\"},\"inLanguage\":\"es\",\"potentialAction\":[{\"@type\":\"ReadAction\",\"target\":[\"https:\\\/\\\/amigosdeltercertercio.com\\\/web\\\/el-ingles\\\/\"]}]},{\"@type\":\"BreadcrumbList\",\"@id\":\"https:\\\/\\\/amigosdeltercertercio.com\\\/web\\\/el-ingles\\\/#breadcrumb\",\"itemListElement\":[{\"@type\":\"ListItem\",\"position\":1,\"name\":\"Home\",\"item\":\"https:\\\/\\\/amigosdeltercertercio.com\\\/web\\\/\"},{\"@type\":\"ListItem\",\"position\":2,\"name\":\"El Ingl\u00e9s\"}]},{\"@type\":\"WebSite\",\"@id\":\"https:\\\/\\\/amigosdeltercertercio.com\\\/web\\\/#website\",\"url\":\"https:\\\/\\\/amigosdeltercertercio.com\\\/web\\\/\",\"name\":\"\",\"description\":\"\",\"potentialAction\":[{\"@type\":\"SearchAction\",\"target\":{\"@type\":\"EntryPoint\",\"urlTemplate\":\"https:\\\/\\\/amigosdeltercertercio.com\\\/web\\\/?s={search_term_string}\"},\"query-input\":{\"@type\":\"PropertyValueSpecification\",\"valueRequired\":true,\"valueName\":\"search_term_string\"}}],\"inLanguage\":\"es\"}]}<\/script>\n<!-- \/ Yoast SEO plugin. -->","yoast_head_json":{"title":"El Ingl\u00e9s -","robots":{"index":"index","follow":"follow","max-snippet":"max-snippet:-1","max-image-preview":"max-image-preview:large","max-video-preview":"max-video-preview:-1"},"canonical":"https:\/\/amigosdeltercertercio.com\/web\/el-ingles\/","og_locale":"es_ES","og_type":"article","og_title":"El Ingl\u00e9s -","og_description":"Un ingl\u00e9s que vino de London para ver si en este gran pa\u00eds pod\u00eda alistarse a La Legi\u00f3n, y al fin lo pudo conseguir, visit\u00f3 todos los Banderines cual ser\u00eda su ilusi\u00f3n \u00a1vacil\u00f3n! que el ingl\u00e9s cuando estaba firmando cantaba y dec\u00eda esta canci\u00f3n: Olray, olray,\u00a0 yo quererme reenganchai Tercio de Mill\u00e1n-Astray. Honor y gloria [&hellip;]","og_url":"https:\/\/amigosdeltercertercio.com\/web\/el-ingles\/","article_modified_time":"2021-10-17T15:31:03+00:00","twitter_card":"summary_large_image","twitter_misc":{"Tiempo de lectura":"1 minuto"},"schema":{"@context":"https:\/\/schema.org","@graph":[{"@type":"WebPage","@id":"https:\/\/amigosdeltercertercio.com\/web\/el-ingles\/","url":"https:\/\/amigosdeltercertercio.com\/web\/el-ingles\/","name":"El Ingl\u00e9s -","isPartOf":{"@id":"https:\/\/amigosdeltercertercio.com\/web\/#website"},"datePublished":"2014-04-12T17:54:55+00:00","dateModified":"2021-10-17T15:31:03+00:00","breadcrumb":{"@id":"https:\/\/amigosdeltercertercio.com\/web\/el-ingles\/#breadcrumb"},"inLanguage":"es","potentialAction":[{"@type":"ReadAction","target":["https:\/\/amigosdeltercertercio.com\/web\/el-ingles\/"]}]},{"@type":"BreadcrumbList","@id":"https:\/\/amigosdeltercertercio.com\/web\/el-ingles\/#breadcrumb","itemListElement":[{"@type":"ListItem","position":1,"name":"Home","item":"https:\/\/amigosdeltercertercio.com\/web\/"},{"@type":"ListItem","position":2,"name":"El Ingl\u00e9s"}]},{"@type":"WebSite","@id":"https:\/\/amigosdeltercertercio.com\/web\/#website","url":"https:\/\/amigosdeltercertercio.com\/web\/","name":"","description":"","potentialAction":[{"@type":"SearchAction","target":{"@type":"EntryPoint","urlTemplate":"https:\/\/amigosdeltercertercio.com\/web\/?s={search_term_string}"},"query-input":{"@type":"PropertyValueSpecification","valueRequired":true,"valueName":"search_term_string"}}],"inLanguage":"es"}]}},"_links":{"self":[{"href":"https:\/\/amigosdeltercertercio.com\/web\/wp-json\/wp\/v2\/pages\/313","targetHints":{"allow":["GET"]}}],"collection":[{"href":"https:\/\/amigosdeltercertercio.com\/web\/wp-json\/wp\/v2\/pages"}],"about":[{"href":"https:\/\/amigosdeltercertercio.com\/web\/wp-json\/wp\/v2\/types\/page"}],"author":[{"embeddable":true,"href":"https:\/\/amigosdeltercertercio.com\/web\/wp-json\/wp\/v2\/users\/1"}],"replies":[{"embeddable":true,"href":"https:\/\/amigosdeltercertercio.com\/web\/wp-json\/wp\/v2\/comments?post=313"}],"version-history":[{"count":9,"href":"https:\/\/amigosdeltercertercio.com\/web\/wp-json\/wp\/v2\/pages\/313\/revisions"}],"predecessor-version":[{"id":5609,"href":"https:\/\/amigosdeltercertercio.com\/web\/wp-json\/wp\/v2\/pages\/313\/revisions\/5609"}],"wp:attachment":[{"href":"https:\/\/amigosdeltercertercio.com\/web\/wp-json\/wp\/v2\/media?parent=313"}],"curies":[{"name":"wp","href":"https:\/\/api.w.org\/{rel}","templated":true}]}}