{"id":315,"date":"2014-04-12T17:55:15","date_gmt":"2014-04-12T17:55:15","guid":{"rendered":"https:\/\/amigosdeltercertercio.com\/web\/?page_id=315"},"modified":"2021-10-17T15:28:11","modified_gmt":"2021-10-17T15:28:11","slug":"como-somos-caballeros-legionarios","status":"publish","type":"page","link":"https:\/\/amigosdeltercertercio.com\/web\/como-somos-caballeros-legionarios\/","title":{"rendered":"Como somos Caballeros Legionarios"},"content":{"rendered":"<audio class=\"wp-audio-shortcode\" id=\"audio-315-1\" preload=\"none\" style=\"width: 100%;\" controls=\"controls\"><source type=\"audio\/mpeg\" src=\"https:\/\/amigosdeltercertercio.com\/web\/wp-content\/uploads\/2014\/04\/13-Como-somos-Caballeros-Legionarios.mp3?_=1\" \/><a href=\"https:\/\/amigosdeltercertercio.com\/web\/wp-content\/uploads\/2014\/04\/13-Como-somos-Caballeros-Legionarios.mp3\">https:\/\/amigosdeltercertercio.com\/web\/wp-content\/uploads\/2014\/04\/13-Como-somos-Caballeros-Legionarios.mp3<\/a><\/audio>\n<table style=\"height: 533px;\" border=\"0\" width=\"433\" cellspacing=\"0\" cellpadding=\"4\">\n<tbody>\n<tr>\n<td align=\"center\" valign=\"TOP\" width=\"282\">\n<p align=\"CENTER\"><b><span style=\"font-family: Arial; font-size: xx-small;\">Como somos caballeros legionarios<\/span><\/b><\/p>\n<p align=\"CENTER\"><b><span style=\"font-family: Arial; font-size: xx-small;\">hay mucha gente que no nos camela<\/span><\/b><\/p>\n<p align=\"CENTER\"><b><span style=\"font-family: Arial; font-size: xx-small;\">como si fuera un delito<\/span><\/b><\/p>\n<p align=\"CENTER\"><b><span style=\"font-family: Arial; font-size: xx-small;\">ser de La Legi\u00f3n Extranjera.<\/span><\/b><\/p>\n<p align=\"CENTER\"><b><span style=\"font-family: Arial; font-size: xx-small;\">Nosotros no nos preocupamos<\/span><\/b><\/p>\n<p align=\"CENTER\"><b><span style=\"font-family: Arial; font-size: xx-small;\">ni del m\u00e1s grande ni el m\u00e1s chico<\/span><\/b><\/p>\n<p align=\"CENTER\"><b><span style=\"font-family: Arial; font-size: xx-small;\">ni tampoco olvidamos<\/span><\/b><\/p>\n<p align=\"CENTER\"><b><span style=\"font-family: Arial; font-size: xx-small;\">ni a los pobres ni a los ricos<\/span><\/b><\/p>\n<p align=\"CENTER\"><b><span style=\"font-family: Arial; font-size: xx-small;\">Cuando vamos por la carretera<\/span><\/b><\/p>\n<p align=\"CENTER\"><b><span style=\"font-family: Arial; font-size: xx-small;\">y nuestras carnes se tuestan al sol<\/span><\/b><\/p>\n<p align=\"CENTER\"><b><span style=\"font-family: Arial; font-size: xx-small;\">la sangre de nuestras venas<\/span><\/b><\/p>\n<p align=\"CENTER\"><b><span style=\"font-family: Arial; font-size: xx-small;\">es igual que la mejor.<\/span><\/b><\/p>\n<p align=\"CENTER\"><b><span style=\"font-family: Arial; font-size: xx-small;\">Si asaltamos los corrales<\/span><\/b><\/p>\n<p align=\"CENTER\"><b><span style=\"font-family: Arial; font-size: xx-small;\">y robamos las gallinas<\/span><\/b><\/p>\n<\/td>\n<td align=\"center\" valign=\"TOP\" width=\"318\">\n<p align=\"CENTER\"><b><span style=\"font-family: Arial; font-size: xx-small;\">es para matar el hambre<\/span><\/b><\/p>\n<p align=\"CENTER\"><b><span style=\"font-family: Arial; font-size: xx-small;\">que pasamos en la vida.<\/span><\/b><\/p>\n<p align=\"CENTER\"><b><span style=\"font-family: Arial; font-size: xx-small;\">ESTRIBILLO<\/span><\/b><\/p>\n<p align=\"CENTER\"><b><span style=\"font-family: Arial; font-size: xx-small;\">Y aunque a nadie le importa el sufrimiento<\/span><\/b><\/p>\n<p align=\"CENTER\"><b><span style=\"font-family: Arial; font-size: xx-small;\">que un Legionario lleva en el coraz\u00f3n<\/span><\/b><\/p>\n<p align=\"CENTER\"><b><span style=\"font-family: Arial; font-size: xx-small;\">demostramos que estamos satisfechos,<\/span><\/b><\/p>\n<p align=\"CENTER\"><b><span style=\"font-family: Arial; font-size: xx-small;\">que llevamos en el pecho<\/span><\/b><\/p>\n<p align=\"CENTER\"><b><span style=\"font-family: Arial; font-size: xx-small;\">el Emblema de La Legi\u00f3n.<\/span><\/b><\/p>\n<p align=\"CENTER\"><b><span style=\"font-family: Arial; font-size: xx-small;\">Si cantamos soleares<\/span><\/b><\/p>\n<p align=\"CENTER\"><b><span style=\"font-family: Arial; font-size: xx-small;\">o bailamos buler\u00edas<\/span><\/b><\/p>\n<p align=\"CENTER\"><b><span style=\"font-family: Arial; font-size: xx-small;\">es para olvidar las penas<\/span><\/b><\/p>\n<p align=\"CENTER\"><b><span style=\"font-family: Arial; font-size: xx-small;\">que pasamos en la vida.<\/span><\/b><\/p>\n<p align=\"CENTER\"><b><span style=\"font-family: Arial; font-size: xx-small;\">ESTRIBILLO<\/span><\/b><\/p>\n<p style=\"text-align: center;\" align=\"CENTER\"><span style=\"font-family: Arial; font-size: xx-small;\"><b>Y aunque a nadie le &#8230;..<\/b>\u00a0<\/span><\/p>\n<\/td>\n<\/tr>\n<\/tbody>\n<\/table>\n<p class=\"responsive-video-wrap clr\">\n<div class=\"\"><iframe loading=\"lazy\" title=\"Como Somos Caballeros Legionarios\" width=\"1200\" height=\"900\" src=\"https:\/\/www.youtube.com\/embed\/wXQ79xfR7pQ?feature=oembed\" frameborder=\"0\" allow=\"accelerometer; autoplay; clipboard-write; encrypted-media; gyroscope; picture-in-picture\" allowfullscreen><\/iframe><\/div><\/p>\n","protected":false},"excerpt":{"rendered":"<p>Como somos caballeros legionarios hay mucha gente que no nos camela como si fuera un delito ser de La Legi\u00f3n Extranjera. Nosotros no nos preocupamos ni del m\u00e1s grande ni el m\u00e1s chico ni tampoco olvidamos ni a los pobres ni a los ricos Cuando vamos por la carretera y nuestras carnes se tuestan al [&hellip;]<\/p>\n","protected":false},"author":1,"featured_media":0,"parent":0,"menu_order":0,"comment_status":"closed","ping_status":"closed","template":"","meta":{"ocean_post_layout":"","ocean_both_sidebars_style":"","ocean_both_sidebars_content_width":0,"ocean_both_sidebars_sidebars_width":0,"ocean_sidebar":"0","ocean_second_sidebar":"0","ocean_disable_margins":"enable","ocean_add_body_class":"","ocean_shortcode_before_top_bar":"","ocean_shortcode_after_top_bar":"","ocean_shortcode_before_header":"","ocean_shortcode_after_header":"","ocean_has_shortcode":"","ocean_shortcode_after_title":"","ocean_shortcode_before_footer_widgets":"","ocean_shortcode_after_footer_widgets":"","ocean_shortcode_before_footer_bottom":"","ocean_shortcode_after_footer_bottom":"","ocean_display_top_bar":"default","ocean_display_header":"default","ocean_header_style":"","ocean_center_header_left_menu":"0","ocean_custom_header_template":"0","ocean_custom_logo":0,"ocean_custom_retina_logo":0,"ocean_custom_logo_max_width":0,"ocean_custom_logo_tablet_max_width":0,"ocean_custom_logo_mobile_max_width":0,"ocean_custom_logo_max_height":0,"ocean_custom_logo_tablet_max_height":0,"ocean_custom_logo_mobile_max_height":0,"ocean_header_custom_menu":"0","ocean_menu_typo_font_family":"0","ocean_menu_typo_font_subset":"","ocean_menu_typo_font_size":0,"ocean_menu_typo_font_size_tablet":0,"ocean_menu_typo_font_size_mobile":0,"ocean_menu_typo_font_size_unit":"px","ocean_menu_typo_font_weight":"","ocean_menu_typo_font_weight_tablet":"","ocean_menu_typo_font_weight_mobile":"","ocean_menu_typo_transform":"","ocean_menu_typo_transform_tablet":"","ocean_menu_typo_transform_mobile":"","ocean_menu_typo_line_height":0,"ocean_menu_typo_line_height_tablet":0,"ocean_menu_typo_line_height_mobile":0,"ocean_menu_typo_line_height_unit":"","ocean_menu_typo_spacing":0,"ocean_menu_typo_spacing_tablet":0,"ocean_menu_typo_spacing_mobile":0,"ocean_menu_typo_spacing_unit":"","ocean_menu_link_color":"","ocean_menu_link_color_hover":"","ocean_menu_link_color_active":"","ocean_menu_link_background":"","ocean_menu_link_hover_background":"","ocean_menu_link_active_background":"","ocean_menu_social_links_bg":"","ocean_menu_social_hover_links_bg":"","ocean_menu_social_links_color":"","ocean_menu_social_hover_links_color":"","ocean_disable_title":"default","ocean_disable_heading":"default","ocean_post_title":"","ocean_post_subheading":"","ocean_post_title_style":"","ocean_post_title_background_color":"","ocean_post_title_background":0,"ocean_post_title_bg_image_position":"","ocean_post_title_bg_image_attachment":"","ocean_post_title_bg_image_repeat":"","ocean_post_title_bg_image_size":"","ocean_post_title_height":0,"ocean_post_title_bg_overlay":0.5,"ocean_post_title_bg_overlay_color":"","ocean_disable_breadcrumbs":"default","ocean_breadcrumbs_color":"","ocean_breadcrumbs_separator_color":"","ocean_breadcrumbs_links_color":"","ocean_breadcrumbs_links_hover_color":"","ocean_display_footer_widgets":"default","ocean_display_footer_bottom":"default","ocean_custom_footer_template":"0","footnotes":""},"class_list":["post-315","page","type-page","status-publish","hentry","entry"],"yoast_head":"<!-- This site is optimized with the Yoast SEO plugin v27.6 - https:\/\/yoast.com\/product\/yoast-seo-wordpress\/ -->\n<title>Como somos Caballeros Legionarios -<\/title>\n<meta name=\"robots\" content=\"index, follow, max-snippet:-1, max-image-preview:large, max-video-preview:-1\" \/>\n<link rel=\"canonical\" href=\"https:\/\/amigosdeltercertercio.com\/web\/como-somos-caballeros-legionarios\/\" \/>\n<meta property=\"og:locale\" content=\"es_ES\" \/>\n<meta property=\"og:type\" content=\"article\" \/>\n<meta property=\"og:title\" content=\"Como somos Caballeros Legionarios -\" \/>\n<meta property=\"og:description\" content=\"Como somos caballeros legionarios hay mucha gente que no nos camela como si fuera un delito ser de La Legi\u00f3n Extranjera. Nosotros no nos preocupamos ni del m\u00e1s grande ni el m\u00e1s chico ni tampoco olvidamos ni a los pobres ni a los ricos Cuando vamos por la carretera y nuestras carnes se tuestan al [&hellip;]\" \/>\n<meta property=\"og:url\" content=\"https:\/\/amigosdeltercertercio.com\/web\/como-somos-caballeros-legionarios\/\" \/>\n<meta property=\"article:modified_time\" content=\"2021-10-17T15:28:11+00:00\" \/>\n<meta name=\"twitter:card\" content=\"summary_large_image\" \/>\n<meta name=\"twitter:label1\" content=\"Tiempo de lectura\" \/>\n\t<meta name=\"twitter:data1\" content=\"1 minuto\" \/>\n<script type=\"application\/ld+json\" class=\"yoast-schema-graph\">{\"@context\":\"https:\\\/\\\/schema.org\",\"@graph\":[{\"@type\":\"WebPage\",\"@id\":\"https:\\\/\\\/amigosdeltercertercio.com\\\/web\\\/como-somos-caballeros-legionarios\\\/\",\"url\":\"https:\\\/\\\/amigosdeltercertercio.com\\\/web\\\/como-somos-caballeros-legionarios\\\/\",\"name\":\"Como somos Caballeros Legionarios -\",\"isPartOf\":{\"@id\":\"https:\\\/\\\/amigosdeltercertercio.com\\\/web\\\/#website\"},\"datePublished\":\"2014-04-12T17:55:15+00:00\",\"dateModified\":\"2021-10-17T15:28:11+00:00\",\"breadcrumb\":{\"@id\":\"https:\\\/\\\/amigosdeltercertercio.com\\\/web\\\/como-somos-caballeros-legionarios\\\/#breadcrumb\"},\"inLanguage\":\"es\",\"potentialAction\":[{\"@type\":\"ReadAction\",\"target\":[\"https:\\\/\\\/amigosdeltercertercio.com\\\/web\\\/como-somos-caballeros-legionarios\\\/\"]}]},{\"@type\":\"BreadcrumbList\",\"@id\":\"https:\\\/\\\/amigosdeltercertercio.com\\\/web\\\/como-somos-caballeros-legionarios\\\/#breadcrumb\",\"itemListElement\":[{\"@type\":\"ListItem\",\"position\":1,\"name\":\"Home\",\"item\":\"https:\\\/\\\/amigosdeltercertercio.com\\\/web\\\/\"},{\"@type\":\"ListItem\",\"position\":2,\"name\":\"Como somos Caballeros Legionarios\"}]},{\"@type\":\"WebSite\",\"@id\":\"https:\\\/\\\/amigosdeltercertercio.com\\\/web\\\/#website\",\"url\":\"https:\\\/\\\/amigosdeltercertercio.com\\\/web\\\/\",\"name\":\"\",\"description\":\"\",\"potentialAction\":[{\"@type\":\"SearchAction\",\"target\":{\"@type\":\"EntryPoint\",\"urlTemplate\":\"https:\\\/\\\/amigosdeltercertercio.com\\\/web\\\/?s={search_term_string}\"},\"query-input\":{\"@type\":\"PropertyValueSpecification\",\"valueRequired\":true,\"valueName\":\"search_term_string\"}}],\"inLanguage\":\"es\"}]}<\/script>\n<!-- \/ Yoast SEO plugin. -->","yoast_head_json":{"title":"Como somos Caballeros Legionarios -","robots":{"index":"index","follow":"follow","max-snippet":"max-snippet:-1","max-image-preview":"max-image-preview:large","max-video-preview":"max-video-preview:-1"},"canonical":"https:\/\/amigosdeltercertercio.com\/web\/como-somos-caballeros-legionarios\/","og_locale":"es_ES","og_type":"article","og_title":"Como somos Caballeros Legionarios -","og_description":"Como somos caballeros legionarios hay mucha gente que no nos camela como si fuera un delito ser de La Legi\u00f3n Extranjera. Nosotros no nos preocupamos ni del m\u00e1s grande ni el m\u00e1s chico ni tampoco olvidamos ni a los pobres ni a los ricos Cuando vamos por la carretera y nuestras carnes se tuestan al [&hellip;]","og_url":"https:\/\/amigosdeltercertercio.com\/web\/como-somos-caballeros-legionarios\/","article_modified_time":"2021-10-17T15:28:11+00:00","twitter_card":"summary_large_image","twitter_misc":{"Tiempo de lectura":"1 minuto"},"schema":{"@context":"https:\/\/schema.org","@graph":[{"@type":"WebPage","@id":"https:\/\/amigosdeltercertercio.com\/web\/como-somos-caballeros-legionarios\/","url":"https:\/\/amigosdeltercertercio.com\/web\/como-somos-caballeros-legionarios\/","name":"Como somos Caballeros Legionarios -","isPartOf":{"@id":"https:\/\/amigosdeltercertercio.com\/web\/#website"},"datePublished":"2014-04-12T17:55:15+00:00","dateModified":"2021-10-17T15:28:11+00:00","breadcrumb":{"@id":"https:\/\/amigosdeltercertercio.com\/web\/como-somos-caballeros-legionarios\/#breadcrumb"},"inLanguage":"es","potentialAction":[{"@type":"ReadAction","target":["https:\/\/amigosdeltercertercio.com\/web\/como-somos-caballeros-legionarios\/"]}]},{"@type":"BreadcrumbList","@id":"https:\/\/amigosdeltercertercio.com\/web\/como-somos-caballeros-legionarios\/#breadcrumb","itemListElement":[{"@type":"ListItem","position":1,"name":"Home","item":"https:\/\/amigosdeltercertercio.com\/web\/"},{"@type":"ListItem","position":2,"name":"Como somos Caballeros Legionarios"}]},{"@type":"WebSite","@id":"https:\/\/amigosdeltercertercio.com\/web\/#website","url":"https:\/\/amigosdeltercertercio.com\/web\/","name":"","description":"","potentialAction":[{"@type":"SearchAction","target":{"@type":"EntryPoint","urlTemplate":"https:\/\/amigosdeltercertercio.com\/web\/?s={search_term_string}"},"query-input":{"@type":"PropertyValueSpecification","valueRequired":true,"valueName":"search_term_string"}}],"inLanguage":"es"}]}},"_links":{"self":[{"href":"https:\/\/amigosdeltercertercio.com\/web\/wp-json\/wp\/v2\/pages\/315","targetHints":{"allow":["GET"]}}],"collection":[{"href":"https:\/\/amigosdeltercertercio.com\/web\/wp-json\/wp\/v2\/pages"}],"about":[{"href":"https:\/\/amigosdeltercertercio.com\/web\/wp-json\/wp\/v2\/types\/page"}],"author":[{"embeddable":true,"href":"https:\/\/amigosdeltercertercio.com\/web\/wp-json\/wp\/v2\/users\/1"}],"replies":[{"embeddable":true,"href":"https:\/\/amigosdeltercertercio.com\/web\/wp-json\/wp\/v2\/comments?post=315"}],"version-history":[{"count":8,"href":"https:\/\/amigosdeltercertercio.com\/web\/wp-json\/wp\/v2\/pages\/315\/revisions"}],"predecessor-version":[{"id":5607,"href":"https:\/\/amigosdeltercertercio.com\/web\/wp-json\/wp\/v2\/pages\/315\/revisions\/5607"}],"wp:attachment":[{"href":"https:\/\/amigosdeltercertercio.com\/web\/wp-json\/wp\/v2\/media?parent=315"}],"curies":[{"name":"wp","href":"https:\/\/api.w.org\/{rel}","templated":true}]}}