{"id":3264,"date":"2014-09-07T14:59:17","date_gmt":"2014-09-07T14:59:17","guid":{"rendered":"https:\/\/amigosdeltercertercio.com\/web\/?page_id=3264"},"modified":"2014-10-16T16:37:18","modified_gmt":"2014-10-16T16:37:18","slug":"septiembre-2014-noticias","status":"publish","type":"page","link":"https:\/\/amigosdeltercertercio.com\/web\/septiembre-2014-noticias\/","title":{"rendered":"Septiembre 2014 Noticias"},"content":{"rendered":"<h2 style=\"text-align: left;\"><a href=\"https:\/\/amigosdeltercertercio.com\/web\/wp-content\/uploads\/2014\/06\/c_i_almeria.jpg\"><img loading=\"lazy\" decoding=\"async\" class=\"alignleft size-full wp-image-2769\" alt=\"c_i_almeria\" src=\"https:\/\/amigosdeltercertercio.com\/web\/wp-content\/uploads\/2014\/06\/c_i_almeria.jpg\" width=\"57\" height=\"10\" \/><\/a><\/h2>\n<h2 style=\"text-align: center;\"><\/h2>\n<p style=\"text-align: center;\"><strong><span style=\"font-size: 1.5em; line-height: 1.5em;\">Benahadux acoge el esp\u00edritu de La Legi\u00f3n en sus fiestas patronales<\/span><\/strong><\/p>\n<p style=\"text-align: center;\">El alcalde, Juan Jim\u00e9nez, expres\u00f3 su satisfacci\u00f3n por tener m\u00e1s cerca la Unidad de \u00e9lite del Ej\u00e9rcito.<\/p>\n<div><img decoding=\"async\" class=\"aligncenter\" style=\"line-height: 1.5em;\" alt=\"\" src=\"http:\/\/media.grupojoly.com\/imagen.php?imagen=\/\/0001664500\/0001664549.jpg&amp;an=230\" width=\"230\" \/><\/div>\n<div>\n<div>\n<div>\n<div>\n<div style=\"text-align: center;\">\n<address>El alcalde de Benahadux y miembros de la Corporaci\u00f3n con las autoridades militares en el acto de inauguraci\u00f3n<\/address>\n<address>\u00a0<\/address>\n<\/div>\n<\/div>\n<\/div>\n<\/div>\n<div id=\"newsBody\" style=\"text-align: justify;\">Satisfacci\u00f3n y orgullo de todos los vecinos de Benahadux por recibir a la Legi\u00f3n Espa\u00f1ola y poder conocer un poco m\u00e1s de cerca la Cultura de Defensa. Ese es el sentimiento expresado por el alcalde de la localidad, Juan Jim\u00e9nez, que acoge desde el jueves en su Sala de Exposiciones la muestra &#8216;Im\u00e1genes, Historia y Sonido de una Leyenda&#8217;, organizada por la Hermandad de Antiguos Caballeros Legionarios, Subdelegaci\u00f3n de Defensa y Brigada de La Legi\u00f3n &#8216;Rey Alfonso XIII&#8217;. Jim\u00e9nez expres\u00f3 igualmente el sentimiento de uni\u00f3n entre la Comarca del Bajo Andarax y la Base Militar de Viator, \u00abexistiendo una buena armon\u00eda dentro de una plena integraci\u00f3n entre la poblaci\u00f3n civil y militar\u00bb, y afirm\u00f3 sentirse un legionario m\u00e1s durante la presentaci\u00f3n de la exposici\u00f3n al recordar la \u00abagradable experiencia\u00bb de la milicia universitaria, \u00aben la que estuve sirviendo al Estado en el Cuartel de Ingenieros de Granada\u00bb.<\/div>\n<\/div>\n<p style=\"text-align: justify;\">El alcalde de Benahadux se refiri\u00f3 a La Legi\u00f3n como una unidad de \u00e9lite del Ej\u00e9rcito, \u00abque se distingue por su vocaci\u00f3n de servicio a Espa\u00f1a, que ha participado y sigue haci\u00e9ndolo en numerosas operaciones internacionales de mantenimiento de paz con unos legionarios cuyo d\u00eda a d\u00eda es muy duro y exigente con el \u00fanico objetivo de estar siempre preparados para cu\u00e1ndo y d\u00f3nde Espa\u00f1a les requiera\u00bb.<\/p>\n<p style=\"text-align: justify;\">El coronel Javier Soriano, subdelegado de Defensa, afirm\u00f3 que \u00abeste tipo de actividades permite, por un lado acercar las actividades de unidades de las Fuerzas Armadas, en este caso de La Legi\u00f3n, a la sociedad civil, como parte de la Cultura de Defensa que debo impulsar; pero a su vez nos permite conocer el pasado hist\u00f3rico de nuestra provincia, tan rico e importante como el de Benahadux, posiblemente origen de Urci\u00bb. Por su parte, el teniente coronel Manuel Montes, presidente de la hermandad legionaria, resalt\u00f3 los valores y tradiciones de La Legi\u00f3n, cuyo esp\u00edritu se muestra en las fotograf\u00edas, pinturas, poes\u00edas, paneles y v\u00eddeos que forman parte de una exposici\u00f3n que sigue recorriendo los pueblos de la geograf\u00eda almeriense. Montes expres\u00f3 el agradecimiento de la hermandad al pueblo de Benahadux por la gran acogida dispensada, al subdelegado de Defensa, \u00abpor su incondicional apoyo en todas nuestras actividades por la Cultura de Defensa\u00bb; a la Compa\u00f1\u00eda M\u00e9dica Asisa y a las Bodegas Alto Almanzora, colaboradoras en las actividades.<\/p>\n<p style=\"text-align: justify;\">En representaci\u00f3n de la Brileg intervino el teniente coronel Garc\u00eda Navarro, quien disculp\u00f3 la ausencia del general Mart\u00edn Cabrero al encontrarse en Sevilla en la toma de mando del general Varela como nuevo jefe de la Fuerza Terrestre. \u00abAprovechen las fotograf\u00edas para conocer al legionario y se dar\u00e1n cuenta de que merece la pena ver esta exposici\u00f3n. Todos los que servimos y han servido en La Legi\u00f3n sabemos que el legionario es un hombre que no se conoce sino cuando se ha trabajado a su lado\u00bb, manifest\u00f3 el tcol. Garc\u00eda Navarro. El acto tambi\u00e9n cont\u00f3 con la presencia del coronel Jos\u00e9 Luis Puig-Terrero, jefe de la Unidad de Servicios de la Base \u00c1lvarez de Sotomayor.<\/p>\n<h2 itemprop=\"headline\" style=\"text-align: left;\"><a href=\"https:\/\/amigosdeltercertercio.com\/web\/wp-content\/uploads\/2014\/06\/ideal.jpg\"><img loading=\"lazy\" decoding=\"async\" class=\"alignleft size-full wp-image-2751\" alt=\"ideal\" src=\"https:\/\/amigosdeltercertercio.com\/web\/wp-content\/uploads\/2014\/06\/ideal.jpg\" width=\"113\" height=\"33\" \/><\/a><\/h2>\n<p>&nbsp;<\/p>\n<p>&nbsp;<\/p>\n<h3 itemprop=\"headline\" style=\"text-align: center;\">La Brileg conmemor\u00f3 ayer el 94\u00ba aniversario de la Legi\u00f3n ante una masiva afluencia de p\u00fablico<\/h3>\n<p style=\"text-align: justify;\">El general jefe de la Brigada de la Legi\u00f3n &#8216;Rey Alfonso XIII&#8217;, Juan Mart\u00edn Cabrero ha considerado que \u00abel legionario ha sido y ser\u00e1 siempre el mayor potencial que nuestra unidad posee\u00bb, durante el acto central conmemorativo del XCIV aniversario de la Fundaci\u00f3n de la Legi\u00f3n, celebrado ayer en la Base &#8216;\u00c1lvarez de Sotomayor&#8217;, de Viator, sede de la Brileg.<\/p>\n<p style=\"text-align: justify;\">Conmemoraci\u00f3n que fue tambi\u00e9n de reconocimiento a las virtudes militares de valor, abnegaci\u00f3n y sacrificio que caracteriza la bien ganada fama de las unidades legionarias e igualmente de homenaje a los que dieron su vida por Espa\u00f1a.<\/p>\n<p style=\"text-align: justify;\">La Legi\u00f3n espa\u00f1ola nace, en 1920, con vocaci\u00f3n de ser empleada como unidad de primera l\u00ednea, lo mismo en paz que en guerra, sin otro l\u00edmite que el de su utilidad militar. Imbuida de un fuerte esp\u00edritu, une al mayor de los cuidados por sus tradiciones, un esfuerzo permanente por alcanzar los m\u00e1s elevados niveles de preparaci\u00f3n de sus mandos y adiestramiento de sus unidades que aseguren su empleo en las m\u00e1s importantes y arriesgadas misiones como punta de lanza del ej\u00e9rcito espa\u00f1ol, siempre al servicio de Espa\u00f1a. El acto tambi\u00e9n conmemor\u00f3 la inauguraci\u00f3n de la Base &#8216;\u00c1lvarez de Sotomayor&#8217; que cumple ahora noventa a\u00f1os de existencia.<\/p>\n<p style=\"text-align: justify;\">La lectura del Real Decreto fundacional abri\u00f3 los actos del Aniversario que estuvo presidido por el teniente general Francisco Javier Varela Salas, jefe de la Fuerza Terrestre, que a su llegada al Patio de Armas, de la base, revist\u00f3 las fuerzas que rend\u00edan honores, de las que ostentaba el mando el coronel Antonio Esteban, jefe del Tercio &#8216;D. Juan de Austria&#8217; 3\u00ba de la Legi\u00f3n.<\/p>\n<p><img decoding=\"async\" class=\"aligncenter\" alt=\"Distinci\u00f3n a la Bandera de Zapadores. :: brileg\" src=\"http:\/\/www.ideal.es\/noticias\/201409\/21\/media\/73172508.jpg\" \/><\/p>\n<p style=\"text-align: justify;\"><b>Distinciones<\/b><\/p>\n<p style=\"text-align: justify;\">En la tribuna presidencial el teniente general Varela Salas estuvo acompa\u00f1ado por el general jefe de la Brileg, Juan Mart\u00edn Cabrero; general de divisi\u00f3n Francisco Javier Zorzo; comandante de Marina, Blas Romero; coronel jefe de la Comandancia de la Guardia Civil, Francisco Jim\u00e9nez, por las autoridades militares haci\u00e9ndolo por las civiles la delegada del Gobierno en Andaluc\u00eda, Mar\u00eda del Carmen Crespo; alcaldesa de Viator, Mar\u00eda del Mar L\u00f3pez; presidente de la Diputaci\u00f3n, Gabriel Amat; alcalde de Almer\u00eda, Luis Rogelio Rodr\u00edguez-Comendador; parlamentario andaluz Javier Arenas, entre otras representaciones civiles, as\u00ed como el c\u00f3nsul de Marruecos, Sellam Berrada.<\/p>\n<p style=\"text-align: justify;\">El Patio de Armas aparec\u00eda engalanado con colgaduras y gallardetes de los colores de Espa\u00f1a, en una ma\u00f1ana soleada del &#8216;veranillo de los Membrillos&#8217; como se llama en Almer\u00eda y que ahora empieza.<\/p>\n<aside><span style=\"line-height: 1.5em;\">Numerosas personas se sumaron al acto, que con anterioridad tuvieron ocasi\u00f3n de visitar el Museo de la Brigada de La Legi\u00f3n y una exhibici\u00f3n est\u00e1tica de medios y veh\u00edculos.<\/span><\/aside>\n<p style=\"text-align: justify;\">Como es tradicional, en el acto del 20 de septiembre, se procedi\u00f3 a la entrega de los premios concedidos por las cofrad\u00edas y hermandades a las unidades legionarias e igualmente a los premios Legi\u00f3n 2014.<\/p>\n<p style=\"text-align: justify;\">De otra parte fueron impuestas alrededor de 45 condecoraciones a personal militar en atenci\u00f3n a sus m\u00e9ritos y servicios. El teniente Rafael Santaella Alcalde fue distinguido con la Encomienda de la Real Orden de Reconocimiento Civil a las v\u00edctimas del terrorismo. Igualmente se procedi\u00f3 a la entrega a la bandera de Zapadores de la Legi\u00f3n, de la corbata conmemorativa de su participaci\u00f3n en la misi\u00f3n de Afganist\u00e1n durante 2010-2012. De otra parte el trofeo 20 de septiembre ha reca\u00eddo este a\u00f1o en la VIII Bandera. Seguidamente el general Jefe de la Brileg, Juan Mart\u00edn Cabrero, pronunci\u00f3 una alocuci\u00f3n, que en formato resumido ofrecemos en espacio aparte.<\/p>\n<p style=\"text-align: justify;\"><b>A los ca\u00eddos<\/b><\/p>\n<p style=\"text-align: justify;\">En el siempre solemne y entra\u00f1able acto de homenaje a los ca\u00eddos, bajo el canto e interpretaci\u00f3n de &#8216;El Novio de la Muerte&#8217; se dedic\u00f3 un recuerdo &#8216;a los soldados de todos los tiempos, encuadrados en los ej\u00e9rcitos de Espa\u00f1a, que un d\u00eda lucharon con valor, sirvieron con lealtad y murieron con honor&#8217;.<\/p>\n<p style=\"text-align: justify;\">Guiones y banderines de las unidades se trasladaron a paso lento hasta el Monumento a los Ca\u00eddos, donde un caballero legionario y una dama legionaria, vestidos con traje de \u00e9poca, ofrendaron una corona de laurel al Cristo de la Buena Muerte, sagrado protector de la Legi\u00f3n.<\/p>\n<p style=\"text-align: justify;\">\u00abFueron grandes y fuertes, porque fueron fieles al juramento que empe\u00f1aron. Por eso, como valientes lucharon y como h\u00e9roes murieron\u00bb, en voz en &#8216;off&#8217; por el relator del acto.<\/p>\n<p style=\"text-align: justify;\">\u00abAnte el monumento legionario presidido por la imagen del Cristo de la Buena Muerte y desde las filas de esta gloriosa Legi\u00f3n, queremos recordar a todos los que murieron con nobleza y honor. Que el Se\u00f1or de la vida y la esperanza, fuente de salvaci\u00f3n y paz eterna, les otorgue la vida que no acaba, en feliz recompensa por su entrega\u00bb. Tras la plegaria del capell\u00e1n, toque de oraci\u00f3n y descarga de fusiler\u00eda por una compa\u00f1\u00eda del Tercio.<\/p>\n","protected":false},"excerpt":{"rendered":"<p>Benahadux acoge el esp\u00edritu de La Legi\u00f3n en sus fiestas patronales El alcalde, Juan Jim\u00e9nez, expres\u00f3 su satisfacci\u00f3n por tener m\u00e1s cerca la Unidad de \u00e9lite del Ej\u00e9rcito. El alcalde de Benahadux y miembros de la Corporaci\u00f3n con las autoridades militares en el acto de inauguraci\u00f3n \u00a0 Satisfacci\u00f3n y orgullo de todos los vecinos de [&hellip;]<\/p>\n","protected":false},"author":1,"featured_media":0,"parent":0,"menu_order":0,"comment_status":"closed","ping_status":"closed","template":"","meta":{"ocean_post_layout":"","ocean_both_sidebars_style":"","ocean_both_sidebars_content_width":0,"ocean_both_sidebars_sidebars_width":0,"ocean_sidebar":"","ocean_second_sidebar":"","ocean_disable_margins":"enable","ocean_add_body_class":"","ocean_shortcode_before_top_bar":"","ocean_shortcode_after_top_bar":"","ocean_shortcode_before_header":"","ocean_shortcode_after_header":"","ocean_has_shortcode":"","ocean_shortcode_after_title":"","ocean_shortcode_before_footer_widgets":"","ocean_shortcode_after_footer_widgets":"","ocean_shortcode_before_footer_bottom":"","ocean_shortcode_after_footer_bottom":"","ocean_display_top_bar":"default","ocean_display_header":"default","ocean_header_style":"","ocean_center_header_left_menu":"","ocean_custom_header_template":"","ocean_custom_logo":0,"ocean_custom_retina_logo":0,"ocean_custom_logo_max_width":0,"ocean_custom_logo_tablet_max_width":0,"ocean_custom_logo_mobile_max_width":0,"ocean_custom_logo_max_height":0,"ocean_custom_logo_tablet_max_height":0,"ocean_custom_logo_mobile_max_height":0,"ocean_header_custom_menu":"","ocean_menu_typo_font_family":"","ocean_menu_typo_font_subset":"","ocean_menu_typo_font_size":0,"ocean_menu_typo_font_size_tablet":0,"ocean_menu_typo_font_size_mobile":0,"ocean_menu_typo_font_size_unit":"px","ocean_menu_typo_font_weight":"","ocean_menu_typo_font_weight_tablet":"","ocean_menu_typo_font_weight_mobile":"","ocean_menu_typo_transform":"","ocean_menu_typo_transform_tablet":"","ocean_menu_typo_transform_mobile":"","ocean_menu_typo_line_height":0,"ocean_menu_typo_line_height_tablet":0,"ocean_menu_typo_line_height_mobile":0,"ocean_menu_typo_line_height_unit":"","ocean_menu_typo_spacing":0,"ocean_menu_typo_spacing_tablet":0,"ocean_menu_typo_spacing_mobile":0,"ocean_menu_typo_spacing_unit":"","ocean_menu_link_color":"","ocean_menu_link_color_hover":"","ocean_menu_link_color_active":"","ocean_menu_link_background":"","ocean_menu_link_hover_background":"","ocean_menu_link_active_background":"","ocean_menu_social_links_bg":"","ocean_menu_social_hover_links_bg":"","ocean_menu_social_links_color":"","ocean_menu_social_hover_links_color":"","ocean_disable_title":"default","ocean_disable_heading":"default","ocean_post_title":"","ocean_post_subheading":"","ocean_post_title_style":"","ocean_post_title_background_color":"","ocean_post_title_background":0,"ocean_post_title_bg_image_position":"","ocean_post_title_bg_image_attachment":"","ocean_post_title_bg_image_repeat":"","ocean_post_title_bg_image_size":"","ocean_post_title_height":0,"ocean_post_title_bg_overlay":0.5,"ocean_post_title_bg_overlay_color":"","ocean_disable_breadcrumbs":"default","ocean_breadcrumbs_color":"","ocean_breadcrumbs_separator_color":"","ocean_breadcrumbs_links_color":"","ocean_breadcrumbs_links_hover_color":"","ocean_display_footer_widgets":"default","ocean_display_footer_bottom":"default","ocean_custom_footer_template":"","footnotes":""},"class_list":["post-3264","page","type-page","status-publish","hentry","entry"],"yoast_head":"<!-- This site is optimized with the Yoast SEO plugin v27.3 - https:\/\/yoast.com\/product\/yoast-seo-wordpress\/ -->\n<title>Septiembre 2014 Noticias -<\/title>\n<meta name=\"robots\" content=\"index, follow, max-snippet:-1, max-image-preview:large, max-video-preview:-1\" \/>\n<link rel=\"canonical\" href=\"https:\/\/amigosdeltercertercio.com\/web\/septiembre-2014-noticias\/\" \/>\n<meta property=\"og:locale\" content=\"es_ES\" \/>\n<meta property=\"og:type\" content=\"article\" \/>\n<meta property=\"og:title\" content=\"Septiembre 2014 Noticias -\" \/>\n<meta property=\"og:description\" content=\"Benahadux acoge el esp\u00edritu de La Legi\u00f3n en sus fiestas patronales El alcalde, Juan Jim\u00e9nez, expres\u00f3 su satisfacci\u00f3n por tener m\u00e1s cerca la Unidad de \u00e9lite del Ej\u00e9rcito. El alcalde de Benahadux y miembros de la Corporaci\u00f3n con las autoridades militares en el acto de inauguraci\u00f3n \u00a0 Satisfacci\u00f3n y orgullo de todos los vecinos de [&hellip;]\" \/>\n<meta property=\"og:url\" content=\"https:\/\/amigosdeltercertercio.com\/web\/septiembre-2014-noticias\/\" \/>\n<meta property=\"article:modified_time\" content=\"2014-10-16T16:37:18+00:00\" \/>\n<meta property=\"og:image\" content=\"https:\/\/amigosdeltercertercio.com\/web\/wp-content\/uploads\/2014\/06\/c_i_almeria.jpg\" \/>\n<meta name=\"twitter:card\" content=\"summary_large_image\" \/>\n<meta name=\"twitter:label1\" content=\"Tiempo de lectura\" \/>\n\t<meta name=\"twitter:data1\" content=\"7 minutos\" \/>\n<script type=\"application\/ld+json\" class=\"yoast-schema-graph\">{\"@context\":\"https:\\\/\\\/schema.org\",\"@graph\":[{\"@type\":\"WebPage\",\"@id\":\"https:\\\/\\\/amigosdeltercertercio.com\\\/web\\\/septiembre-2014-noticias\\\/\",\"url\":\"https:\\\/\\\/amigosdeltercertercio.com\\\/web\\\/septiembre-2014-noticias\\\/\",\"name\":\"Septiembre 2014 Noticias -\",\"isPartOf\":{\"@id\":\"https:\\\/\\\/amigosdeltercertercio.com\\\/web\\\/#website\"},\"primaryImageOfPage\":{\"@id\":\"https:\\\/\\\/amigosdeltercertercio.com\\\/web\\\/septiembre-2014-noticias\\\/#primaryimage\"},\"image\":{\"@id\":\"https:\\\/\\\/amigosdeltercertercio.com\\\/web\\\/septiembre-2014-noticias\\\/#primaryimage\"},\"thumbnailUrl\":\"https:\\\/\\\/amigosdeltercertercio.com\\\/web\\\/wp-content\\\/uploads\\\/2014\\\/06\\\/c_i_almeria.jpg\",\"datePublished\":\"2014-09-07T14:59:17+00:00\",\"dateModified\":\"2014-10-16T16:37:18+00:00\",\"breadcrumb\":{\"@id\":\"https:\\\/\\\/amigosdeltercertercio.com\\\/web\\\/septiembre-2014-noticias\\\/#breadcrumb\"},\"inLanguage\":\"es\",\"potentialAction\":[{\"@type\":\"ReadAction\",\"target\":[\"https:\\\/\\\/amigosdeltercertercio.com\\\/web\\\/septiembre-2014-noticias\\\/\"]}]},{\"@type\":\"ImageObject\",\"inLanguage\":\"es\",\"@id\":\"https:\\\/\\\/amigosdeltercertercio.com\\\/web\\\/septiembre-2014-noticias\\\/#primaryimage\",\"url\":\"https:\\\/\\\/amigosdeltercertercio.com\\\/web\\\/wp-content\\\/uploads\\\/2014\\\/06\\\/c_i_almeria.jpg\",\"contentUrl\":\"https:\\\/\\\/amigosdeltercertercio.com\\\/web\\\/wp-content\\\/uploads\\\/2014\\\/06\\\/c_i_almeria.jpg\",\"width\":57,\"height\":10},{\"@type\":\"BreadcrumbList\",\"@id\":\"https:\\\/\\\/amigosdeltercertercio.com\\\/web\\\/septiembre-2014-noticias\\\/#breadcrumb\",\"itemListElement\":[{\"@type\":\"ListItem\",\"position\":1,\"name\":\"Home\",\"item\":\"https:\\\/\\\/amigosdeltercertercio.com\\\/web\\\/\"},{\"@type\":\"ListItem\",\"position\":2,\"name\":\"Septiembre 2014 Noticias\"}]},{\"@type\":\"WebSite\",\"@id\":\"https:\\\/\\\/amigosdeltercertercio.com\\\/web\\\/#website\",\"url\":\"https:\\\/\\\/amigosdeltercertercio.com\\\/web\\\/\",\"name\":\"\",\"description\":\"\",\"potentialAction\":[{\"@type\":\"SearchAction\",\"target\":{\"@type\":\"EntryPoint\",\"urlTemplate\":\"https:\\\/\\\/amigosdeltercertercio.com\\\/web\\\/?s={search_term_string}\"},\"query-input\":{\"@type\":\"PropertyValueSpecification\",\"valueRequired\":true,\"valueName\":\"search_term_string\"}}],\"inLanguage\":\"es\"}]}<\/script>\n<!-- \/ Yoast SEO plugin. -->","yoast_head_json":{"title":"Septiembre 2014 Noticias -","robots":{"index":"index","follow":"follow","max-snippet":"max-snippet:-1","max-image-preview":"max-image-preview:large","max-video-preview":"max-video-preview:-1"},"canonical":"https:\/\/amigosdeltercertercio.com\/web\/septiembre-2014-noticias\/","og_locale":"es_ES","og_type":"article","og_title":"Septiembre 2014 Noticias -","og_description":"Benahadux acoge el esp\u00edritu de La Legi\u00f3n en sus fiestas patronales El alcalde, Juan Jim\u00e9nez, expres\u00f3 su satisfacci\u00f3n por tener m\u00e1s cerca la Unidad de \u00e9lite del Ej\u00e9rcito. El alcalde de Benahadux y miembros de la Corporaci\u00f3n con las autoridades militares en el acto de inauguraci\u00f3n \u00a0 Satisfacci\u00f3n y orgullo de todos los vecinos de [&hellip;]","og_url":"https:\/\/amigosdeltercertercio.com\/web\/septiembre-2014-noticias\/","article_modified_time":"2014-10-16T16:37:18+00:00","og_image":[{"url":"https:\/\/amigosdeltercertercio.com\/web\/wp-content\/uploads\/2014\/06\/c_i_almeria.jpg","type":"","width":"","height":""}],"twitter_card":"summary_large_image","twitter_misc":{"Tiempo de lectura":"7 minutos"},"schema":{"@context":"https:\/\/schema.org","@graph":[{"@type":"WebPage","@id":"https:\/\/amigosdeltercertercio.com\/web\/septiembre-2014-noticias\/","url":"https:\/\/amigosdeltercertercio.com\/web\/septiembre-2014-noticias\/","name":"Septiembre 2014 Noticias -","isPartOf":{"@id":"https:\/\/amigosdeltercertercio.com\/web\/#website"},"primaryImageOfPage":{"@id":"https:\/\/amigosdeltercertercio.com\/web\/septiembre-2014-noticias\/#primaryimage"},"image":{"@id":"https:\/\/amigosdeltercertercio.com\/web\/septiembre-2014-noticias\/#primaryimage"},"thumbnailUrl":"https:\/\/amigosdeltercertercio.com\/web\/wp-content\/uploads\/2014\/06\/c_i_almeria.jpg","datePublished":"2014-09-07T14:59:17+00:00","dateModified":"2014-10-16T16:37:18+00:00","breadcrumb":{"@id":"https:\/\/amigosdeltercertercio.com\/web\/septiembre-2014-noticias\/#breadcrumb"},"inLanguage":"es","potentialAction":[{"@type":"ReadAction","target":["https:\/\/amigosdeltercertercio.com\/web\/septiembre-2014-noticias\/"]}]},{"@type":"ImageObject","inLanguage":"es","@id":"https:\/\/amigosdeltercertercio.com\/web\/septiembre-2014-noticias\/#primaryimage","url":"https:\/\/amigosdeltercertercio.com\/web\/wp-content\/uploads\/2014\/06\/c_i_almeria.jpg","contentUrl":"https:\/\/amigosdeltercertercio.com\/web\/wp-content\/uploads\/2014\/06\/c_i_almeria.jpg","width":57,"height":10},{"@type":"BreadcrumbList","@id":"https:\/\/amigosdeltercertercio.com\/web\/septiembre-2014-noticias\/#breadcrumb","itemListElement":[{"@type":"ListItem","position":1,"name":"Home","item":"https:\/\/amigosdeltercertercio.com\/web\/"},{"@type":"ListItem","position":2,"name":"Septiembre 2014 Noticias"}]},{"@type":"WebSite","@id":"https:\/\/amigosdeltercertercio.com\/web\/#website","url":"https:\/\/amigosdeltercertercio.com\/web\/","name":"","description":"","potentialAction":[{"@type":"SearchAction","target":{"@type":"EntryPoint","urlTemplate":"https:\/\/amigosdeltercertercio.com\/web\/?s={search_term_string}"},"query-input":{"@type":"PropertyValueSpecification","valueRequired":true,"valueName":"search_term_string"}}],"inLanguage":"es"}]}},"_links":{"self":[{"href":"https:\/\/amigosdeltercertercio.com\/web\/wp-json\/wp\/v2\/pages\/3264","targetHints":{"allow":["GET"]}}],"collection":[{"href":"https:\/\/amigosdeltercertercio.com\/web\/wp-json\/wp\/v2\/pages"}],"about":[{"href":"https:\/\/amigosdeltercertercio.com\/web\/wp-json\/wp\/v2\/types\/page"}],"author":[{"embeddable":true,"href":"https:\/\/amigosdeltercertercio.com\/web\/wp-json\/wp\/v2\/users\/1"}],"replies":[{"embeddable":true,"href":"https:\/\/amigosdeltercertercio.com\/web\/wp-json\/wp\/v2\/comments?post=3264"}],"version-history":[{"count":19,"href":"https:\/\/amigosdeltercertercio.com\/web\/wp-json\/wp\/v2\/pages\/3264\/revisions"}],"predecessor-version":[{"id":3315,"href":"https:\/\/amigosdeltercertercio.com\/web\/wp-json\/wp\/v2\/pages\/3264\/revisions\/3315"}],"wp:attachment":[{"href":"https:\/\/amigosdeltercertercio.com\/web\/wp-json\/wp\/v2\/media?parent=3264"}],"curies":[{"name":"wp","href":"https:\/\/api.w.org\/{rel}","templated":true}]}}