{"id":3383,"date":"2014-11-24T16:04:20","date_gmt":"2014-11-24T16:04:20","guid":{"rendered":"https:\/\/amigosdeltercertercio.com\/web\/?page_id=3383"},"modified":"2014-11-24T16:35:25","modified_gmt":"2014-11-24T16:35:25","slug":"ex-ll-anglada-2014","status":"publish","type":"page","link":"https:\/\/amigosdeltercertercio.com\/web\/ex-ll-anglada-2014\/","title":{"rendered":"Ex LL Anglada 2014"},"content":{"rendered":"<p class=\"responsive-video-wrap clr\">\n<div class=\"\"><iframe loading=\"lazy\" title=\"Tema de Secci\u00f3n con fuego real\" width=\"1200\" height=\"675\" src=\"https:\/\/www.youtube.com\/embed\/AtCCjVa_1oQ?feature=oembed\" frameborder=\"0\" allow=\"accelerometer; autoplay; clipboard-write; encrypted-media; gyroscope; picture-in-picture\" allowfullscreen><\/iframe><\/div>\n<\/p>\n<p class=\"responsive-video-wrap clr\">\n<div class=\"\"><iframe loading=\"lazy\" title=\"Asalto en zona urbanizada con rescate de herido\" width=\"1200\" height=\"675\" src=\"https:\/\/www.youtube.com\/embed\/-07O1DTiQSY?feature=oembed\" frameborder=\"0\" allow=\"accelerometer; autoplay; clipboard-write; encrypted-media; gyroscope; picture-in-picture\" allowfullscreen><\/iframe><\/div>\n<\/p>\n<h4 style=\"text-align: center;\">La Brigada de La Legi\u00f3n finaliza su ejercicio t\u00e1ctico m\u00e1s ambicioso cumpliendo los objetivos previstos.<\/h4>\n<p style=\"text-align: justify;\"><span style=\"line-height: 1.5em;\">La Brigada de La Legi\u00f3n finaliza con \u00e9xito el Ejercicio \u201cANGLADA\u201d 2014 realizado en el Centro Nacional de Adiestramiento (CENAD) \u201cSan Gregorio\u201d de Zaragoza entre el 19 y el 31 de octubre.<\/span><\/p>\n<p style=\"text-align: justify;\">A lo largo de los trece d\u00edas que ha durado el ejercicio, la Brigada de La Legi\u00f3n (BRILEG) ha demostrado que es una unidad operativa, instruida y plenamente adiestrada. Lo que le permite estar\u00a0 en permanente disponibilidad para cumplir los cometidos que en cualquier escenario se le encomienden.<\/p>\n<p style=\"text-align: justify;\">El ejercicio comenz\u00f3 y finalizo con la puesta a prueba de las capacidades log\u00edsticas de la BRILEG, centrando su mayor esfuerzo en la proyecci\u00f3n de las unidades. El Centro de Control de Movimientos del Cuartel General de la Brigada, junto con los elementos de planeamiento log\u00edstico de las unidades subordinadas, fueron los encargados de organizar y coordinar los m\u00e1s de veinte convoyes que, v\u00eda carretera y ferrocarril, partieron desde (Viator) Almer\u00eda y Ronda (M\u00e1laga) hasta el CENAD \u201cSan Gregorio\u201d (Zaragoza) y regreso. En estos desplazamientos se han movido m\u00e1s de\u00a0 2.500 legionarios y unos seiscientos veh\u00edculos ligeros, pesados y blindados.<\/p>\n<p style=\"text-align: justify;\">Tras la llegada de las unidades al campo de maniobras, comenz\u00f3 el ejercicio t\u00e1ctico. En \u00e9ste los legionarios actuaron en m\u00e1s de una veintena de temas t\u00e1cticos con fuego real, adiestr\u00e1ndose en el uso de todos los sistemas de armas con los que cuentan y disponiendo\u00a0 del apoyo\u00a0 de helic\u00f3pteros de ataque, maniobra y transporte.<\/p>\n<p style=\"text-align: justify;\">En la fase final del ejercicio, la BRILEG actu\u00f3 al completo desarrollando un tema t\u00e1ctico sobre un supuesto pa\u00eds sumido en una grave crisis interna. El avance de fuerzas hostiles de tipo convencional, apoyadas por grupos insurgentes, oblig\u00f3 a los legionarios a neutralizar esta grave amenaza que afectaba a la estabilidad del pa\u00eds. Dentro de este supuesto, la Brigada consigui\u00f3 repeler el avance de las fuerzas rebeldes, estableciendo unas condiciones de seguridad que permitieron proteger a la poblaci\u00f3n local\u00a0 y evacuar a los residentes nacionales de ese pa\u00eds.<\/p>\n<p style=\"text-align: justify;\">La Brigada de La Legi\u00f3n hizo frente a esa amenaza mediante la ejecuci\u00f3n de una operaci\u00f3n aerom\u00f3vil, una operaci\u00f3n de evacuaci\u00f3n de personal residente nacional, otra operaci\u00f3n de toma de una instalaci\u00f3n industrial capturada por elementos terroristas y una operaci\u00f3n de retardo.<\/p>\n<p style=\"text-align: justify;\">La operaci\u00f3n aerom\u00f3vil fue ejecutada por la Agrupaci\u00f3n T\u00e1ctica \u201cFarnesio\u201d, formada por unidades del 4\u00ba Tercio de La Legi\u00f3n, que control\u00f3 y asegur\u00f3 una poblaci\u00f3n tomada por un grupo terrorista que pon\u00eda en peligro no s\u00f3lo a la poblaci\u00f3n local, sino tambi\u00e9n\u00a0 a los connacionales residentes en el supuesto pa\u00eds. Una vez despejada el \u00e1rea de elementos hostiles se asegur\u00f3 la zona, garantizando as\u00ed las condiciones que permitieran la evacuaci\u00f3n de \u00e9stos a una zona segura.<\/p>\n<p style=\"text-align: justify;\">El Grupo T\u00e1ctico \u201cCol\u00f3n\u201d (VIII Bandera del Tercio 3\u00ba), fue el encargado de progresar abriendo un itinerario seguro para enlazar con el Grupo T\u00e1ctico \u201cMill\u00e1n\u201d (X Bandera del Tercio 4\u00ba) y evacuar a los connacionales desde la poblaci\u00f3n hasta el aeropuerto de la capital y de all\u00ed a territorio nacional.<\/p>\n<p style=\"text-align: justify;\">Por otro lado, el resto de unidades de la Brigada de La Legi\u00f3n intervinieron en la operaci\u00f3n, llevando a cabo el Grupo T\u00e1ctico \u201cValenzuela\u201d (VII Bandera del Tercio 3\u00ba), el asalto una instalaci\u00f3n minera de una empresa nacional ocupada por un grupo terrorista y rechazando a diversas unidades del ej\u00e9rcito local que se hab\u00edan rebelado contra su leg\u00edtimo gobierno.<\/p>\n<p style=\"text-align: justify;\">Dada la relevancia de este ejercicio, el General Valera Salas, Jefe de la Fuerza Terrestre, supervis\u00f3 personalmente la fase final de la maniobra. D\u00edas antes, el General Mart\u00edn Bernardi, Jefe de las Fuerzas Ligeras y Director del Ejercicio, inspeccion\u00f3 a la unidad, teniendo la oportunidad de comprobar el grado de instrucci\u00f3n y adiestramiento adquirido por los legionarios.<\/p>\n<p style=\"text-align: justify;\">La convivencia durante unos d\u00edas, de una gran parte de las unidades que forman La Legi\u00f3n, en la ejecuci\u00f3n de este tipo de ejercicios, permite comprobar que se trata de una unidad unida, motivada y cohesionada, a la que los legionarios se sienten orgullosos de pertenecer.<\/p>\n<p>&nbsp;<\/p>\n","protected":false},"excerpt":{"rendered":"<p>La Brigada de La Legi\u00f3n finaliza su ejercicio t\u00e1ctico m\u00e1s ambicioso cumpliendo los objetivos previstos. La Brigada de La Legi\u00f3n finaliza con \u00e9xito el Ejercicio \u201cANGLADA\u201d 2014 realizado en el Centro Nacional de Adiestramiento (CENAD) \u201cSan Gregorio\u201d de Zaragoza entre el 19 y el 31 de octubre. A lo largo de los trece d\u00edas que [&hellip;]<\/p>\n","protected":false},"author":1,"featured_media":0,"parent":0,"menu_order":0,"comment_status":"closed","ping_status":"closed","template":"","meta":{"ocean_post_layout":"","ocean_both_sidebars_style":"","ocean_both_sidebars_content_width":0,"ocean_both_sidebars_sidebars_width":0,"ocean_sidebar":"","ocean_second_sidebar":"","ocean_disable_margins":"enable","ocean_add_body_class":"","ocean_shortcode_before_top_bar":"","ocean_shortcode_after_top_bar":"","ocean_shortcode_before_header":"","ocean_shortcode_after_header":"","ocean_has_shortcode":"","ocean_shortcode_after_title":"","ocean_shortcode_before_footer_widgets":"","ocean_shortcode_after_footer_widgets":"","ocean_shortcode_before_footer_bottom":"","ocean_shortcode_after_footer_bottom":"","ocean_display_top_bar":"default","ocean_display_header":"default","ocean_header_style":"","ocean_center_header_left_menu":"","ocean_custom_header_template":"","ocean_custom_logo":0,"ocean_custom_retina_logo":0,"ocean_custom_logo_max_width":0,"ocean_custom_logo_tablet_max_width":0,"ocean_custom_logo_mobile_max_width":0,"ocean_custom_logo_max_height":0,"ocean_custom_logo_tablet_max_height":0,"ocean_custom_logo_mobile_max_height":0,"ocean_header_custom_menu":"","ocean_menu_typo_font_family":"","ocean_menu_typo_font_subset":"","ocean_menu_typo_font_size":0,"ocean_menu_typo_font_size_tablet":0,"ocean_menu_typo_font_size_mobile":0,"ocean_menu_typo_font_size_unit":"px","ocean_menu_typo_font_weight":"","ocean_menu_typo_font_weight_tablet":"","ocean_menu_typo_font_weight_mobile":"","ocean_menu_typo_transform":"","ocean_menu_typo_transform_tablet":"","ocean_menu_typo_transform_mobile":"","ocean_menu_typo_line_height":0,"ocean_menu_typo_line_height_tablet":0,"ocean_menu_typo_line_height_mobile":0,"ocean_menu_typo_line_height_unit":"","ocean_menu_typo_spacing":0,"ocean_menu_typo_spacing_tablet":0,"ocean_menu_typo_spacing_mobile":0,"ocean_menu_typo_spacing_unit":"","ocean_menu_link_color":"","ocean_menu_link_color_hover":"","ocean_menu_link_color_active":"","ocean_menu_link_background":"","ocean_menu_link_hover_background":"","ocean_menu_link_active_background":"","ocean_menu_social_links_bg":"","ocean_menu_social_hover_links_bg":"","ocean_menu_social_links_color":"","ocean_menu_social_hover_links_color":"","ocean_disable_title":"default","ocean_disable_heading":"default","ocean_post_title":"","ocean_post_subheading":"","ocean_post_title_style":"","ocean_post_title_background_color":"","ocean_post_title_background":0,"ocean_post_title_bg_image_position":"","ocean_post_title_bg_image_attachment":"","ocean_post_title_bg_image_repeat":"","ocean_post_title_bg_image_size":"","ocean_post_title_height":0,"ocean_post_title_bg_overlay":0.5,"ocean_post_title_bg_overlay_color":"","ocean_disable_breadcrumbs":"default","ocean_breadcrumbs_color":"","ocean_breadcrumbs_separator_color":"","ocean_breadcrumbs_links_color":"","ocean_breadcrumbs_links_hover_color":"","ocean_display_footer_widgets":"default","ocean_display_footer_bottom":"default","ocean_custom_footer_template":"","footnotes":""},"class_list":["post-3383","page","type-page","status-publish","hentry","entry"],"yoast_head":"<!-- This site is optimized with the Yoast SEO plugin v27.3 - https:\/\/yoast.com\/product\/yoast-seo-wordpress\/ -->\n<title>Ex LL Anglada 2014 -<\/title>\n<meta name=\"robots\" content=\"index, follow, max-snippet:-1, max-image-preview:large, max-video-preview:-1\" \/>\n<link rel=\"canonical\" href=\"https:\/\/amigosdeltercertercio.com\/web\/ex-ll-anglada-2014\/\" \/>\n<meta property=\"og:locale\" content=\"es_ES\" \/>\n<meta property=\"og:type\" content=\"article\" \/>\n<meta property=\"og:title\" content=\"Ex LL Anglada 2014 -\" \/>\n<meta property=\"og:description\" content=\"La Brigada de La Legi\u00f3n finaliza su ejercicio t\u00e1ctico m\u00e1s ambicioso cumpliendo los objetivos previstos. La Brigada de La Legi\u00f3n finaliza con \u00e9xito el Ejercicio \u201cANGLADA\u201d 2014 realizado en el Centro Nacional de Adiestramiento (CENAD) \u201cSan Gregorio\u201d de Zaragoza entre el 19 y el 31 de octubre. A lo largo de los trece d\u00edas que [&hellip;]\" \/>\n<meta property=\"og:url\" content=\"https:\/\/amigosdeltercertercio.com\/web\/ex-ll-anglada-2014\/\" \/>\n<meta property=\"article:modified_time\" content=\"2014-11-24T16:35:25+00:00\" \/>\n<meta name=\"twitter:card\" content=\"summary_large_image\" \/>\n<meta name=\"twitter:label1\" content=\"Tiempo de lectura\" \/>\n\t<meta name=\"twitter:data1\" content=\"4 minutos\" \/>\n<script type=\"application\/ld+json\" class=\"yoast-schema-graph\">{\"@context\":\"https:\\\/\\\/schema.org\",\"@graph\":[{\"@type\":\"WebPage\",\"@id\":\"https:\\\/\\\/amigosdeltercertercio.com\\\/web\\\/ex-ll-anglada-2014\\\/\",\"url\":\"https:\\\/\\\/amigosdeltercertercio.com\\\/web\\\/ex-ll-anglada-2014\\\/\",\"name\":\"Ex LL Anglada 2014 -\",\"isPartOf\":{\"@id\":\"https:\\\/\\\/amigosdeltercertercio.com\\\/web\\\/#website\"},\"datePublished\":\"2014-11-24T16:04:20+00:00\",\"dateModified\":\"2014-11-24T16:35:25+00:00\",\"breadcrumb\":{\"@id\":\"https:\\\/\\\/amigosdeltercertercio.com\\\/web\\\/ex-ll-anglada-2014\\\/#breadcrumb\"},\"inLanguage\":\"es\",\"potentialAction\":[{\"@type\":\"ReadAction\",\"target\":[\"https:\\\/\\\/amigosdeltercertercio.com\\\/web\\\/ex-ll-anglada-2014\\\/\"]}]},{\"@type\":\"BreadcrumbList\",\"@id\":\"https:\\\/\\\/amigosdeltercertercio.com\\\/web\\\/ex-ll-anglada-2014\\\/#breadcrumb\",\"itemListElement\":[{\"@type\":\"ListItem\",\"position\":1,\"name\":\"Home\",\"item\":\"https:\\\/\\\/amigosdeltercertercio.com\\\/web\\\/\"},{\"@type\":\"ListItem\",\"position\":2,\"name\":\"Ex LL Anglada 2014\"}]},{\"@type\":\"WebSite\",\"@id\":\"https:\\\/\\\/amigosdeltercertercio.com\\\/web\\\/#website\",\"url\":\"https:\\\/\\\/amigosdeltercertercio.com\\\/web\\\/\",\"name\":\"\",\"description\":\"\",\"potentialAction\":[{\"@type\":\"SearchAction\",\"target\":{\"@type\":\"EntryPoint\",\"urlTemplate\":\"https:\\\/\\\/amigosdeltercertercio.com\\\/web\\\/?s={search_term_string}\"},\"query-input\":{\"@type\":\"PropertyValueSpecification\",\"valueRequired\":true,\"valueName\":\"search_term_string\"}}],\"inLanguage\":\"es\"}]}<\/script>\n<!-- \/ Yoast SEO plugin. -->","yoast_head_json":{"title":"Ex LL Anglada 2014 -","robots":{"index":"index","follow":"follow","max-snippet":"max-snippet:-1","max-image-preview":"max-image-preview:large","max-video-preview":"max-video-preview:-1"},"canonical":"https:\/\/amigosdeltercertercio.com\/web\/ex-ll-anglada-2014\/","og_locale":"es_ES","og_type":"article","og_title":"Ex LL Anglada 2014 -","og_description":"La Brigada de La Legi\u00f3n finaliza su ejercicio t\u00e1ctico m\u00e1s ambicioso cumpliendo los objetivos previstos. La Brigada de La Legi\u00f3n finaliza con \u00e9xito el Ejercicio \u201cANGLADA\u201d 2014 realizado en el Centro Nacional de Adiestramiento (CENAD) \u201cSan Gregorio\u201d de Zaragoza entre el 19 y el 31 de octubre. A lo largo de los trece d\u00edas que [&hellip;]","og_url":"https:\/\/amigosdeltercertercio.com\/web\/ex-ll-anglada-2014\/","article_modified_time":"2014-11-24T16:35:25+00:00","twitter_card":"summary_large_image","twitter_misc":{"Tiempo de lectura":"4 minutos"},"schema":{"@context":"https:\/\/schema.org","@graph":[{"@type":"WebPage","@id":"https:\/\/amigosdeltercertercio.com\/web\/ex-ll-anglada-2014\/","url":"https:\/\/amigosdeltercertercio.com\/web\/ex-ll-anglada-2014\/","name":"Ex LL Anglada 2014 -","isPartOf":{"@id":"https:\/\/amigosdeltercertercio.com\/web\/#website"},"datePublished":"2014-11-24T16:04:20+00:00","dateModified":"2014-11-24T16:35:25+00:00","breadcrumb":{"@id":"https:\/\/amigosdeltercertercio.com\/web\/ex-ll-anglada-2014\/#breadcrumb"},"inLanguage":"es","potentialAction":[{"@type":"ReadAction","target":["https:\/\/amigosdeltercertercio.com\/web\/ex-ll-anglada-2014\/"]}]},{"@type":"BreadcrumbList","@id":"https:\/\/amigosdeltercertercio.com\/web\/ex-ll-anglada-2014\/#breadcrumb","itemListElement":[{"@type":"ListItem","position":1,"name":"Home","item":"https:\/\/amigosdeltercertercio.com\/web\/"},{"@type":"ListItem","position":2,"name":"Ex LL Anglada 2014"}]},{"@type":"WebSite","@id":"https:\/\/amigosdeltercertercio.com\/web\/#website","url":"https:\/\/amigosdeltercertercio.com\/web\/","name":"","description":"","potentialAction":[{"@type":"SearchAction","target":{"@type":"EntryPoint","urlTemplate":"https:\/\/amigosdeltercertercio.com\/web\/?s={search_term_string}"},"query-input":{"@type":"PropertyValueSpecification","valueRequired":true,"valueName":"search_term_string"}}],"inLanguage":"es"}]}},"_links":{"self":[{"href":"https:\/\/amigosdeltercertercio.com\/web\/wp-json\/wp\/v2\/pages\/3383","targetHints":{"allow":["GET"]}}],"collection":[{"href":"https:\/\/amigosdeltercertercio.com\/web\/wp-json\/wp\/v2\/pages"}],"about":[{"href":"https:\/\/amigosdeltercertercio.com\/web\/wp-json\/wp\/v2\/types\/page"}],"author":[{"embeddable":true,"href":"https:\/\/amigosdeltercertercio.com\/web\/wp-json\/wp\/v2\/users\/1"}],"replies":[{"embeddable":true,"href":"https:\/\/amigosdeltercertercio.com\/web\/wp-json\/wp\/v2\/comments?post=3383"}],"version-history":[{"count":6,"href":"https:\/\/amigosdeltercertercio.com\/web\/wp-json\/wp\/v2\/pages\/3383\/revisions"}],"predecessor-version":[{"id":3395,"href":"https:\/\/amigosdeltercertercio.com\/web\/wp-json\/wp\/v2\/pages\/3383\/revisions\/3395"}],"wp:attachment":[{"href":"https:\/\/amigosdeltercertercio.com\/web\/wp-json\/wp\/v2\/media?parent=3383"}],"curies":[{"name":"wp","href":"https:\/\/api.w.org\/{rel}","templated":true}]}}