{"id":3499,"date":"2015-01-11T20:40:43","date_gmt":"2015-01-11T20:40:43","guid":{"rendered":"https:\/\/amigosdeltercertercio.com\/web\/?page_id=3499"},"modified":"2020-06-28T16:19:09","modified_gmt":"2020-06-28T16:19:09","slug":"ano-2015","status":"publish","type":"page","link":"https:\/\/amigosdeltercertercio.com\/web\/ano-2015\/","title":{"rendered":"DATOS \u00abCOVID-19\u00bb"},"content":{"rendered":"\n<p style=\"text-align: center;\"><strong>CADENA DE MANDO OPERATIVA<\/strong><a href=\"https:\/\/amigosdeltercertercio.com\/web\/wp-content\/uploads\/2020\/03\/EUYTO0OXgAAO-TO.jpg\"><img loading=\"lazy\" decoding=\"async\" class=\"aligncenter size-full wp-image-4787\" src=\"https:\/\/amigosdeltercertercio.com\/web\/wp-content\/uploads\/2020\/03\/EUYTO0OXgAAO-TO.jpg\" alt=\"\" width=\"1080\" height=\"751\" srcset=\"https:\/\/amigosdeltercertercio.com\/web\/wp-content\/uploads\/2020\/03\/EUYTO0OXgAAO-TO.jpg 1080w, https:\/\/amigosdeltercertercio.com\/web\/wp-content\/uploads\/2020\/03\/EUYTO0OXgAAO-TO-300x209.jpg 300w, https:\/\/amigosdeltercertercio.com\/web\/wp-content\/uploads\/2020\/03\/EUYTO0OXgAAO-TO-1024x712.jpg 1024w, https:\/\/amigosdeltercertercio.com\/web\/wp-content\/uploads\/2020\/03\/EUYTO0OXgAAO-TO-768x534.jpg 768w\" sizes=\"auto, (max-width: 1080px) 100vw, 1080px\" \/><\/a><\/p>\n\n\n\n<p style=\"text-align: center;\"><strong>DESPLIEGUE DE LA BRILEG \u00abCORONAVIRUS\u00bb<\/strong><\/p>\n<p><a href=\"https:\/\/amigosdeltercertercio.com\/web\/wp-content\/uploads\/2020\/04\/thumbnail_IMG_20200403_101907_946.jpg\"><img loading=\"lazy\" decoding=\"async\" class=\"aligncenter size-full wp-image-4807\" src=\"https:\/\/amigosdeltercertercio.com\/web\/wp-content\/uploads\/2020\/04\/thumbnail_IMG_20200403_101907_946.jpg\" alt=\"\" width=\"1200\" height=\"826\" srcset=\"https:\/\/amigosdeltercertercio.com\/web\/wp-content\/uploads\/2020\/04\/thumbnail_IMG_20200403_101907_946.jpg 1200w, https:\/\/amigosdeltercertercio.com\/web\/wp-content\/uploads\/2020\/04\/thumbnail_IMG_20200403_101907_946-300x207.jpg 300w, https:\/\/amigosdeltercertercio.com\/web\/wp-content\/uploads\/2020\/04\/thumbnail_IMG_20200403_101907_946-1024x705.jpg 1024w, https:\/\/amigosdeltercertercio.com\/web\/wp-content\/uploads\/2020\/04\/thumbnail_IMG_20200403_101907_946-768x529.jpg 768w\" sizes=\"auto, (max-width: 1200px) 100vw, 1200px\" \/><\/a><\/p>\n<p style=\"text-align: center;\"><strong>EVOLUCI\u00d3N DEL CORONAVIRUS COVID-19 DESDE EL 21 DE ENERO HASTA EL 4 DE ABRIL<\/strong>.<\/p>\n<p style=\"text-align: justify;\">El mapa mundial del coronavirus: m\u00e1s de un mill\u00f3n de casos y m\u00e1s de 60.800 muertos en todo el mundo.<\/p>\n<p style=\"text-align: justify;\"><sub><strong>(En este enlace ver\u00e1 la evoluci\u00f3n del mismo, desde su inicio hasta el 4 de abril).<\/strong><\/sub><\/p>\n<h6 style=\"text-align: justify;\"><br \/><a href=\"https:\/\/t.co\/GausaiJVfg\" target=\"_blank\" rel=\"noopener noreferrer\" data-auth=\"NotApplicable\">https:\/\/t.co\/GausaiJVfg<\/a>\u00a0<a href=\"https:\/\/t.co\/KaQgtfVe0Z\" target=\"_blank\" rel=\"noopener noreferrer\" data-auth=\"NotApplicable\">https:\/\/t.co\/KaQgtfVe0Z<\/a><br \/>(<a href=\"https:\/\/twitter.com\/24h_tve\/status\/1246494817770713090?s=09\" target=\"_blank\" rel=\"noopener noreferrer\" data-auth=\"NotApplicable\">https:\/\/twitter.com\/24h_tve\/status\/1246494817770713090?s=09<\/a>)<br \/><br \/><\/h6>\n<p><a href=\"https:\/\/amigosdeltercertercio.com\/web\/wp-content\/uploads\/2020\/04\/descarga-1.png\"><img loading=\"lazy\" decoding=\"async\" class=\"aligncenter size-full wp-image-4855\" src=\"https:\/\/amigosdeltercertercio.com\/web\/wp-content\/uploads\/2020\/04\/descarga-1.png\" alt=\"\" width=\"1156\" height=\"578\" srcset=\"https:\/\/amigosdeltercertercio.com\/web\/wp-content\/uploads\/2020\/04\/descarga-1.png 1156w, https:\/\/amigosdeltercertercio.com\/web\/wp-content\/uploads\/2020\/04\/descarga-1-300x150.png 300w, https:\/\/amigosdeltercertercio.com\/web\/wp-content\/uploads\/2020\/04\/descarga-1-1024x512.png 1024w, https:\/\/amigosdeltercertercio.com\/web\/wp-content\/uploads\/2020\/04\/descarga-1-768x384.png 768w\" sizes=\"auto, (max-width: 1156px) 100vw, 1156px\" \/><\/a><\/p>\n<p>El mapa del coronavirus en Espa\u00f1a: m\u00e1s de 126.000 casos y 11.947 muertos<\/p>\n<p><sub><strong>(En este enlace ver\u00e1 la evoluci\u00f3n del mismo, desde su inicio hasta el 4 de abril).<\/strong><\/sub><br \/><br \/><a href=\"https:\/\/t.co\/PrKz9c1wKk\" target=\"_blank\" rel=\"noopener noreferrer\" data-auth=\"NotApplicable\">https:\/\/t.co\/PrKz9c1wKk<\/a>\u00a0<a href=\"https:\/\/t.co\/IPxwgPs65h\" target=\"_blank\" rel=\"noopener noreferrer\" data-auth=\"NotApplicable\">https:\/\/t.co\/IPxwgPs65h<\/a><br \/>(<a href=\"https:\/\/twitter.com\/rtve\/status\/1246701617736372224?s=09\" target=\"_blank\" rel=\"noopener noreferrer\" data-auth=\"NotApplicable\">https:\/\/twitter.com\/rtve\/status\/1246701617736372224?s=09<\/a>)<\/p>\n<p><a href=\"https:\/\/amigosdeltercertercio.com\/web\/wp-content\/uploads\/2020\/04\/descarga-3.png\"><img loading=\"lazy\" decoding=\"async\" class=\"aligncenter size-full wp-image-4862\" src=\"https:\/\/amigosdeltercertercio.com\/web\/wp-content\/uploads\/2020\/04\/descarga-3.png\" alt=\"\" width=\"1156\" height=\"805\" srcset=\"https:\/\/amigosdeltercertercio.com\/web\/wp-content\/uploads\/2020\/04\/descarga-3.png 1156w, https:\/\/amigosdeltercertercio.com\/web\/wp-content\/uploads\/2020\/04\/descarga-3-300x209.png 300w, https:\/\/amigosdeltercertercio.com\/web\/wp-content\/uploads\/2020\/04\/descarga-3-1024x713.png 1024w, https:\/\/amigosdeltercertercio.com\/web\/wp-content\/uploads\/2020\/04\/descarga-3-768x535.png 768w\" sizes=\"auto, (max-width: 1156px) 100vw, 1156px\" \/><\/a><\/p>\n<p>\u00a0<\/p>\n<div dir=\"auto\" style=\"text-align: center;\"><strong>DUDAS DEL ORIGEN DEL COVID-19 (17\/04\/2020)<\/strong><\/div>\n<div dir=\"auto\">\u00a0<\/div>\n<div dir=\"auto\" style=\"text-align: justify;\">Reino Unido y Francia tambi\u00e9n revelan dudas sobre c\u00f3mo China manej\u00f3 la crisis de coronavirus.\u00a0<\/div>\n<div dir=\"auto\"><br \/>\n<div style=\"text-align: justify;\">\u201cNo seamos tan ingenuos\u201d, expres\u00f3 Macron, \u201cclaramente pasaron cosas que desconocemos\u201d, advirti\u00f3. El ministro brit\u00e1nico de Relaciones Exteriores dijo por su parte que China deber\u00e1 responder \u201cpreguntas dif\u00edciles\u201d. \u00a0<\/div>\n<div style=\"text-align: justify;\">\u00a0<\/div>\n<div style=\"text-align: justify;\">La pandemia de la COVID-19 ha causado ya m\u00e1s de 142.000 muertos en el mundo, en momentos en que los pa\u00edses occidentales, con Estados Unidos a la cabeza, manejan la hip\u00f3tesis de que el virus procede de un laboratorio chino y no de un mercado local de animales.<\/div>\n<div style=\"text-align: justify;\">\u00a0<\/div>\n<div style=\"text-align: justify;\">En una medida que puede aumentar las fricciones con China, el jefe de la diplomacia estadounidense Mike Pompeo dijo este mi\u00e9rcoles a la cadena Fox News que lleva a cabo \u201cuna investigaci\u00f3n exhaustiva\u201d sobre c\u00f3mo el virus \u201cse propag\u00f3, contamin\u00f3 el mundo y provoc\u00f3 tal tragedia\u201d.<\/div>\n<div style=\"text-align: justify;\">Reino Unido: China deber\u00e1 responder \u201cpreguntas dif\u00edciles\u201d<\/div>\n<div style=\"text-align: justify;\">Este jueves, Reino Unido advirti\u00f3 a China que deber\u00e1 responder \u201cpreguntas dif\u00edciles\u201d sobre la aparici\u00f3n del virus y el \u201cporqu\u00e9 no pudo ser detenido antes\u201d, seg\u00fan el ministro de Relaciones Exteriores, Dominic Raab. \u201cNo hay duda de que todo no puede continuar como antes despu\u00e9s de esta crisis\u201d, alert\u00f3. \u00a0<\/div>\n<div style=\"text-align: justify;\">\u00a0<\/div>\n<div style=\"text-align: justify;\">Trump, que suspendi\u00f3 la contribuci\u00f3n de Estados Unidos a la Organizaci\u00f3n Mundial de la Salud (OMS) por \u201cmala gesti\u00f3n\u201d de la pandemia y sesgo a favor de China, fue el anfitri\u00f3n este jueves de una videoconferencia con los otros l\u00edderes del G7 (Canad\u00e1, Francia, Alemania, Italia, Jap\u00f3n y Reino Unido), en la que se acord\u00f3 una \u201cexhaustiva revisi\u00f3n y reforma\u201d de esa organizaci\u00f3n, seg\u00fan la presidencia estadounidense.<\/div>\n<div style=\"text-align: justify;\">\u00a0<\/div>\n<div style=\"text-align: justify;\">Macron: \u201cNo seamos tan ingenuos\u201d<\/div>\n<div style=\"text-align: justify;\">\u00a0<\/div>\n<div style=\"text-align: justify;\">\u201cNo seamos tan ingenuos como para decir que (China) ha sido mucho mejor manejando esto (el brote de coronavirus)\u201d, afirm\u00f3 por su parte el presidente franc\u00e9s Emmanuel Macron en una entrevista con el diario Financial Times.<\/div>\n<div style=\"text-align: justify;\">\u00a0<\/div>\n<div style=\"text-align: justify;\">\u201cNo lo sabemos. Claramente pasaron cosas que desconocemos\u201d, sentenci\u00f3 el mandatario.<\/div>\n<div style=\"text-align: justify;\">\u00a0<\/div>\n<div style=\"text-align: justify;\">Sin embargo, el portavoz del ministerio de Exteriores chino Zhao Lijian asegur\u00f3 que la hip\u00f3tesis de que el virus surgi\u00f3 de un laboratorio \u201cno tiene base cient\u00edfica\u201d.<\/div>\n<div style=\"text-align: justify;\">\u00a0<\/div>\n<div style=\"text-align: justify;\">Rrr (afp\/reuters\/ap\/dpa)<\/div>\n<div>\u00a0<\/div>\n<div>\u00a0<\/div>\n<\/div>\n<div style=\"text-align: center;\"><strong>EVOLUCI\u00d3N DEL CORONAVIRUS COVID-19 HASTA EL 3 DE MAYO<\/strong>.<\/div>\n<div>\u00a0<\/div>\n<div><span style=\"font-size: inherit;\">El mapa del coronavirus en Espa\u00f1a: 25.428 muertos y m\u00e1s de 218.000 contagiados<\/span><\/div>\n<div>\n<div class=\"summary\">\n<ul>\n<li>\n<p>Hay m\u00e1s de 121.000 personas recuperadas. Los casos se acumulan sobre todo en Madrid (62.395) y Catalu\u00f1a (50.366)\u00a0<\/p>\n<\/li>\n<li>\n<p><a href=\"https:\/\/amp.rtve.es\/noticias\/20200504\/coronavirus-covid19-curva-mapa-contagios-espana-mundo-noticias-ultima-hora-directo\/2012930.shtml\">Coronavirus: \u00faltima hora en directo<\/a>\u00a0|\u00a0<a href=\"https:\/\/amp.rtve.es\/noticias\/20200322\/asi-evoluciona-curva-contagios-muertes-espana-dia-dia\/2010514.shtml\">As\u00ed evoluciona la curva del coronavirus en Espa\u00f1a<\/a>\u00a0|\u00a0<a href=\"https:\/\/amp.rtve.es\/noticias\/20200416\/coronavirus-comunidades-autonomas\/2010870.shtml\" target=\"_self\" rel=\"noopener noreferrer\">As\u00ed var\u00eda\u00a0en las CC.AA.<\/a>\u00a0<\/p>\n<\/li>\n<li>\n<p><a href=\"https:\/\/amp.rtve.es\/noticias\/20200320\/mapa-mundial-del-coronavirus\/1998143.shtml\">Mapa mundial<\/a>\u00a0|\u00a0<a href=\"https:\/\/amp.rtve.es\/noticias\/20200320\/se-sabe-del-nuevo-coronavirus-china\/1996067.shtml\">\u00bfQu\u00e9 es el coronavirus?<\/a>\u00a0|\u00a0<a href=\"https:\/\/amp.rtve.es\/noticias\/20200415\/uci-coronavirus\/2010958.shtml\" target=\"_self\" rel=\"noopener noreferrer\">La situaci\u00f3n en las UCIs<\/a>\u00a0|\u00a0<a href=\"https:\/\/amp.rtve.es\/noticias\/20200416\/radiografia-del-coronavirus-residencias-ancianos-espana\/2011609.shtml\" target=\"_self\" rel=\"noopener noreferrer\">El\u00a0balance en las residencias de Espa\u00f1a<\/a><\/p>\n<\/li>\n<\/ul>\n<p><a href=\"https:\/\/amp.rtve.es\/noticias\/20200504\/mapa-del-coronavirus-espana\/2004681.shtml\">https:\/\/amp.rtve.es\/noticias\/20200503\/mapa-del-coronavirus-espana\/2004681.shtml<\/a><\/p>\n<\/div>\n<\/div>\n<p><a href=\"https:\/\/amigosdeltercertercio.com\/web\/wp-content\/uploads\/2020\/05\/3-mayo-20.png\"><img loading=\"lazy\" decoding=\"async\" class=\"aligncenter size-full wp-image-4947\" src=\"https:\/\/amigosdeltercertercio.com\/web\/wp-content\/uploads\/2020\/05\/3-mayo-20.png\" alt=\"\" width=\"570\" height=\"384\" srcset=\"https:\/\/amigosdeltercertercio.com\/web\/wp-content\/uploads\/2020\/05\/3-mayo-20.png 570w, https:\/\/amigosdeltercertercio.com\/web\/wp-content\/uploads\/2020\/05\/3-mayo-20-300x202.png 300w\" sizes=\"auto, (max-width: 570px) 100vw, 570px\" \/><\/a><\/p>\n<p style=\"text-align: center;\">\u00a0<\/p>\n<p style=\"text-align: center;\"><strong>INTERVENCI\u00d3N DE LAS UNIDADES DE LA BRIGADA DE LA LEGI\u00d3N HASTA EL 08 MAYO 2019:<\/strong><\/p>\n<p style=\"text-align: justify;\">En 1.575 legionarios se estima el total acumulado de personal de la Brigada &#8216;Rey Alfonso XIII&#8217; II de La Legi\u00f3n,\u00a0<strong>participante en la Operaci\u00f3n &#8216;Balmis&#8217; de las Fuerzas Armadas contra la pandemia del Covid-19.<\/strong><\/p>\n<p style=\"text-align: justify;\">Desde que iniciaran su despliegue el pasado 18 de marzo y hasta el d\u00eda de la fecha,\u00a0<strong>han llevado a cabo casi 200 actuaciones, entre trabajos de desinfecci\u00f3n, presencia y reconocimiento en espacios p\u00fablicos e infraestructuras cr\u00edticas, residencias de mayores, centros sanitarios<\/strong>, entre otras instalaciones de seis provincias (Almer\u00eda, M\u00e1laga, Granada, Murcia, Ja\u00e9n y Albacete).<\/p>\n<p style=\"text-align: justify;\"><strong>A partir del pasado 27 de marzo qued\u00f3 suspendida la actividad de &#8216;presencia y reconocimiento&#8217;, no as\u00ed otras misiones que pudieran derivarse de la Operaci\u00f3n &#8216;Balmis&#8217;.<\/strong><\/p>\n<p style=\"text-align: justify;\">En el conjunto de las actividades indicadas han participado la totalidad de unidades de la Brigada de La Legi\u00f3n (Brileg) o lo que es igual a Tercio &#8216;D. Juan de Austria&#8217;, Tercio &#8216;Alejandro Farnesio&#8217;, Bandera del Cuartel General, Grupo de Artiller\u00eda de Campa\u00f1a, Grupo de Reconocimiento de Caballer\u00eda, Grupo Log\u00edstico y Bandera de Zapadores.<\/p>\n<p style=\"text-align: center;\"><strong>DATOS FINALES DE LAS INTERVENCIONES DE LAS FAS DURANTE LA PANDEMIA DEL \u00abCOVID-19\u00bb.<\/strong><\/p>\n<p><a href=\"https:\/\/amigosdeltercertercio.com\/web\/wp-content\/uploads\/2020\/06\/Fin-coronavirus.jpg\"><img loading=\"lazy\" decoding=\"async\" class=\"aligncenter size-full wp-image-4989\" src=\"https:\/\/amigosdeltercertercio.com\/web\/wp-content\/uploads\/2020\/06\/Fin-coronavirus.jpg\" alt=\"\" width=\"1754\" height=\"1241\" srcset=\"https:\/\/amigosdeltercertercio.com\/web\/wp-content\/uploads\/2020\/06\/Fin-coronavirus.jpg 1754w, https:\/\/amigosdeltercertercio.com\/web\/wp-content\/uploads\/2020\/06\/Fin-coronavirus-300x212.jpg 300w, https:\/\/amigosdeltercertercio.com\/web\/wp-content\/uploads\/2020\/06\/Fin-coronavirus-1024x725.jpg 1024w, https:\/\/amigosdeltercertercio.com\/web\/wp-content\/uploads\/2020\/06\/Fin-coronavirus-768x543.jpg 768w, https:\/\/amigosdeltercertercio.com\/web\/wp-content\/uploads\/2020\/06\/Fin-coronavirus-1536x1087.jpg 1536w\" sizes=\"auto, (max-width: 1754px) 100vw, 1754px\" \/><\/a><\/p>\n<p style=\"text-align: center;\"><strong>EVOLUCI\u00d3N DEL CORONAVIRUS COVID-19 DESDE EL 21 DE ENERO HASTA EL 28 DE JUNIO<\/strong>.<\/p>\n<p style=\"text-align: justify;\">El mapa mundial del coronavirus: m\u00e1s de 9,9 millones de casos y m\u00e1s de 499.000 muertos en todo el mundo.<\/p>\n<p style=\"text-align: justify;\"><sub><strong>(En este enlace ver\u00e1 la evoluci\u00f3n del mismo, desde su inicio hasta el 28 de junio).<\/strong><\/sub><\/p>\n<p style=\"text-align: justify;\"><a href=\"https:\/\/www.rtve.es\/noticias\/20200628\/mapa-mundial-del-coronavirus\/1998143.shtml\" target=\"_blank\" rel=\"noopener noreferrer\" data-auth=\"NotApplicable\">https:\/\/www.rtve.es\/noticias\/20200628\/mapa-mundial-del-coronavirus\/1998143.shtml<\/a><\/p>\n<div id=\"x_ms-outlook-mobile-signature\"><a href=\"https:\/\/amigosdeltercertercio.com\/web\/wp-content\/uploads\/2020\/06\/MAPA-FIN-PANDEMIA-2.png\"><img loading=\"lazy\" decoding=\"async\" class=\"aligncenter size-full wp-image-5005\" src=\"https:\/\/amigosdeltercertercio.com\/web\/wp-content\/uploads\/2020\/06\/MAPA-FIN-PANDEMIA-2.png\" alt=\"\" width=\"961\" height=\"491\" srcset=\"https:\/\/amigosdeltercertercio.com\/web\/wp-content\/uploads\/2020\/06\/MAPA-FIN-PANDEMIA-2.png 961w, https:\/\/amigosdeltercertercio.com\/web\/wp-content\/uploads\/2020\/06\/MAPA-FIN-PANDEMIA-2-300x153.png 300w, https:\/\/amigosdeltercertercio.com\/web\/wp-content\/uploads\/2020\/06\/MAPA-FIN-PANDEMIA-2-768x392.png 768w\" sizes=\"auto, (max-width: 961px) 100vw, 961px\" \/><\/a><\/div>\n","protected":false},"excerpt":{"rendered":"<p>CADENA DE MANDO OPERATIVA DESPLIEGUE DE LA BRILEG \u00abCORONAVIRUS\u00bb EVOLUCI\u00d3N DEL CORONAVIRUS COVID-19 DESDE EL 21 DE ENERO HASTA EL 4 DE ABRIL. El mapa mundial del coronavirus: m\u00e1s de un mill\u00f3n de casos y m\u00e1s de 60.800 muertos en todo el mundo. (En este enlace ver\u00e1 la evoluci\u00f3n del mismo, desde su inicio hasta [&hellip;]<\/p>\n","protected":false},"author":1,"featured_media":0,"parent":0,"menu_order":0,"comment_status":"closed","ping_status":"closed","template":"","meta":{"ocean_post_layout":"","ocean_both_sidebars_style":"","ocean_both_sidebars_content_width":0,"ocean_both_sidebars_sidebars_width":0,"ocean_sidebar":"","ocean_second_sidebar":"","ocean_disable_margins":"enable","ocean_add_body_class":"","ocean_shortcode_before_top_bar":"","ocean_shortcode_after_top_bar":"","ocean_shortcode_before_header":"","ocean_shortcode_after_header":"","ocean_has_shortcode":"","ocean_shortcode_after_title":"","ocean_shortcode_before_footer_widgets":"","ocean_shortcode_after_footer_widgets":"","ocean_shortcode_before_footer_bottom":"","ocean_shortcode_after_footer_bottom":"","ocean_display_top_bar":"default","ocean_display_header":"default","ocean_header_style":"","ocean_center_header_left_menu":"","ocean_custom_header_template":"","ocean_custom_logo":0,"ocean_custom_retina_logo":0,"ocean_custom_logo_max_width":0,"ocean_custom_logo_tablet_max_width":0,"ocean_custom_logo_mobile_max_width":0,"ocean_custom_logo_max_height":0,"ocean_custom_logo_tablet_max_height":0,"ocean_custom_logo_mobile_max_height":0,"ocean_header_custom_menu":"","ocean_menu_typo_font_family":"","ocean_menu_typo_font_subset":"","ocean_menu_typo_font_size":0,"ocean_menu_typo_font_size_tablet":0,"ocean_menu_typo_font_size_mobile":0,"ocean_menu_typo_font_size_unit":"px","ocean_menu_typo_font_weight":"","ocean_menu_typo_font_weight_tablet":"","ocean_menu_typo_font_weight_mobile":"","ocean_menu_typo_transform":"","ocean_menu_typo_transform_tablet":"","ocean_menu_typo_transform_mobile":"","ocean_menu_typo_line_height":0,"ocean_menu_typo_line_height_tablet":0,"ocean_menu_typo_line_height_mobile":0,"ocean_menu_typo_line_height_unit":"","ocean_menu_typo_spacing":0,"ocean_menu_typo_spacing_tablet":0,"ocean_menu_typo_spacing_mobile":0,"ocean_menu_typo_spacing_unit":"","ocean_menu_link_color":"","ocean_menu_link_color_hover":"","ocean_menu_link_color_active":"","ocean_menu_link_background":"","ocean_menu_link_hover_background":"","ocean_menu_link_active_background":"","ocean_menu_social_links_bg":"","ocean_menu_social_hover_links_bg":"","ocean_menu_social_links_color":"","ocean_menu_social_hover_links_color":"","ocean_disable_title":"default","ocean_disable_heading":"default","ocean_post_title":"","ocean_post_subheading":"","ocean_post_title_style":"","ocean_post_title_background_color":"","ocean_post_title_background":0,"ocean_post_title_bg_image_position":"","ocean_post_title_bg_image_attachment":"","ocean_post_title_bg_image_repeat":"","ocean_post_title_bg_image_size":"","ocean_post_title_height":0,"ocean_post_title_bg_overlay":0.5,"ocean_post_title_bg_overlay_color":"","ocean_disable_breadcrumbs":"default","ocean_breadcrumbs_color":"","ocean_breadcrumbs_separator_color":"","ocean_breadcrumbs_links_color":"","ocean_breadcrumbs_links_hover_color":"","ocean_display_footer_widgets":"default","ocean_display_footer_bottom":"default","ocean_custom_footer_template":"","footnotes":""},"class_list":["post-3499","page","type-page","status-publish","hentry","entry"],"yoast_head":"<!-- This site is optimized with the Yoast SEO plugin v27.4 - https:\/\/yoast.com\/product\/yoast-seo-wordpress\/ -->\n<title>DATOS &quot;COVID-19&quot; -<\/title>\n<meta name=\"robots\" content=\"index, follow, max-snippet:-1, max-image-preview:large, max-video-preview:-1\" \/>\n<link rel=\"canonical\" href=\"https:\/\/amigosdeltercertercio.com\/web\/ano-2015\/\" \/>\n<meta property=\"og:locale\" content=\"es_ES\" \/>\n<meta property=\"og:type\" content=\"article\" \/>\n<meta property=\"og:title\" content=\"DATOS &quot;COVID-19&quot; -\" \/>\n<meta property=\"og:description\" content=\"CADENA DE MANDO OPERATIVA DESPLIEGUE DE LA BRILEG \u00abCORONAVIRUS\u00bb EVOLUCI\u00d3N DEL CORONAVIRUS COVID-19 DESDE EL 21 DE ENERO HASTA EL 4 DE ABRIL. El mapa mundial del coronavirus: m\u00e1s de un mill\u00f3n de casos y m\u00e1s de 60.800 muertos en todo el mundo. (En este enlace ver\u00e1 la evoluci\u00f3n del mismo, desde su inicio hasta [&hellip;]\" \/>\n<meta property=\"og:url\" content=\"https:\/\/amigosdeltercertercio.com\/web\/ano-2015\/\" \/>\n<meta property=\"article:modified_time\" content=\"2020-06-28T16:19:09+00:00\" \/>\n<meta property=\"og:image\" content=\"https:\/\/amigosdeltercertercio.com\/web\/wp-content\/uploads\/2020\/03\/EUYTO0OXgAAO-TO.jpg\" \/>\n<meta name=\"twitter:card\" content=\"summary_large_image\" \/>\n<meta name=\"twitter:label1\" content=\"Tiempo de lectura\" \/>\n\t<meta name=\"twitter:data1\" content=\"4 minutos\" \/>\n<script type=\"application\/ld+json\" class=\"yoast-schema-graph\">{\"@context\":\"https:\\\/\\\/schema.org\",\"@graph\":[{\"@type\":\"WebPage\",\"@id\":\"https:\\\/\\\/amigosdeltercertercio.com\\\/web\\\/ano-2015\\\/\",\"url\":\"https:\\\/\\\/amigosdeltercertercio.com\\\/web\\\/ano-2015\\\/\",\"name\":\"DATOS \\\"COVID-19\\\" -\",\"isPartOf\":{\"@id\":\"https:\\\/\\\/amigosdeltercertercio.com\\\/web\\\/#website\"},\"primaryImageOfPage\":{\"@id\":\"https:\\\/\\\/amigosdeltercertercio.com\\\/web\\\/ano-2015\\\/#primaryimage\"},\"image\":{\"@id\":\"https:\\\/\\\/amigosdeltercertercio.com\\\/web\\\/ano-2015\\\/#primaryimage\"},\"thumbnailUrl\":\"https:\\\/\\\/amigosdeltercertercio.com\\\/web\\\/wp-content\\\/uploads\\\/2020\\\/03\\\/EUYTO0OXgAAO-TO.jpg\",\"datePublished\":\"2015-01-11T20:40:43+00:00\",\"dateModified\":\"2020-06-28T16:19:09+00:00\",\"breadcrumb\":{\"@id\":\"https:\\\/\\\/amigosdeltercertercio.com\\\/web\\\/ano-2015\\\/#breadcrumb\"},\"inLanguage\":\"es\",\"potentialAction\":[{\"@type\":\"ReadAction\",\"target\":[\"https:\\\/\\\/amigosdeltercertercio.com\\\/web\\\/ano-2015\\\/\"]}]},{\"@type\":\"ImageObject\",\"inLanguage\":\"es\",\"@id\":\"https:\\\/\\\/amigosdeltercertercio.com\\\/web\\\/ano-2015\\\/#primaryimage\",\"url\":\"https:\\\/\\\/amigosdeltercertercio.com\\\/web\\\/wp-content\\\/uploads\\\/2020\\\/03\\\/EUYTO0OXgAAO-TO.jpg\",\"contentUrl\":\"https:\\\/\\\/amigosdeltercertercio.com\\\/web\\\/wp-content\\\/uploads\\\/2020\\\/03\\\/EUYTO0OXgAAO-TO.jpg\",\"width\":1080,\"height\":751},{\"@type\":\"BreadcrumbList\",\"@id\":\"https:\\\/\\\/amigosdeltercertercio.com\\\/web\\\/ano-2015\\\/#breadcrumb\",\"itemListElement\":[{\"@type\":\"ListItem\",\"position\":1,\"name\":\"Home\",\"item\":\"https:\\\/\\\/amigosdeltercertercio.com\\\/web\\\/\"},{\"@type\":\"ListItem\",\"position\":2,\"name\":\"DATOS \u00abCOVID-19\u00bb\"}]},{\"@type\":\"WebSite\",\"@id\":\"https:\\\/\\\/amigosdeltercertercio.com\\\/web\\\/#website\",\"url\":\"https:\\\/\\\/amigosdeltercertercio.com\\\/web\\\/\",\"name\":\"\",\"description\":\"\",\"potentialAction\":[{\"@type\":\"SearchAction\",\"target\":{\"@type\":\"EntryPoint\",\"urlTemplate\":\"https:\\\/\\\/amigosdeltercertercio.com\\\/web\\\/?s={search_term_string}\"},\"query-input\":{\"@type\":\"PropertyValueSpecification\",\"valueRequired\":true,\"valueName\":\"search_term_string\"}}],\"inLanguage\":\"es\"}]}<\/script>\n<!-- \/ Yoast SEO plugin. -->","yoast_head_json":{"title":"DATOS \"COVID-19\" -","robots":{"index":"index","follow":"follow","max-snippet":"max-snippet:-1","max-image-preview":"max-image-preview:large","max-video-preview":"max-video-preview:-1"},"canonical":"https:\/\/amigosdeltercertercio.com\/web\/ano-2015\/","og_locale":"es_ES","og_type":"article","og_title":"DATOS \"COVID-19\" -","og_description":"CADENA DE MANDO OPERATIVA DESPLIEGUE DE LA BRILEG \u00abCORONAVIRUS\u00bb EVOLUCI\u00d3N DEL CORONAVIRUS COVID-19 DESDE EL 21 DE ENERO HASTA EL 4 DE ABRIL. El mapa mundial del coronavirus: m\u00e1s de un mill\u00f3n de casos y m\u00e1s de 60.800 muertos en todo el mundo. (En este enlace ver\u00e1 la evoluci\u00f3n del mismo, desde su inicio hasta [&hellip;]","og_url":"https:\/\/amigosdeltercertercio.com\/web\/ano-2015\/","article_modified_time":"2020-06-28T16:19:09+00:00","og_image":[{"url":"https:\/\/amigosdeltercertercio.com\/web\/wp-content\/uploads\/2020\/03\/EUYTO0OXgAAO-TO.jpg","type":"","width":"","height":""}],"twitter_card":"summary_large_image","twitter_misc":{"Tiempo de lectura":"4 minutos"},"schema":{"@context":"https:\/\/schema.org","@graph":[{"@type":"WebPage","@id":"https:\/\/amigosdeltercertercio.com\/web\/ano-2015\/","url":"https:\/\/amigosdeltercertercio.com\/web\/ano-2015\/","name":"DATOS \"COVID-19\" -","isPartOf":{"@id":"https:\/\/amigosdeltercertercio.com\/web\/#website"},"primaryImageOfPage":{"@id":"https:\/\/amigosdeltercertercio.com\/web\/ano-2015\/#primaryimage"},"image":{"@id":"https:\/\/amigosdeltercertercio.com\/web\/ano-2015\/#primaryimage"},"thumbnailUrl":"https:\/\/amigosdeltercertercio.com\/web\/wp-content\/uploads\/2020\/03\/EUYTO0OXgAAO-TO.jpg","datePublished":"2015-01-11T20:40:43+00:00","dateModified":"2020-06-28T16:19:09+00:00","breadcrumb":{"@id":"https:\/\/amigosdeltercertercio.com\/web\/ano-2015\/#breadcrumb"},"inLanguage":"es","potentialAction":[{"@type":"ReadAction","target":["https:\/\/amigosdeltercertercio.com\/web\/ano-2015\/"]}]},{"@type":"ImageObject","inLanguage":"es","@id":"https:\/\/amigosdeltercertercio.com\/web\/ano-2015\/#primaryimage","url":"https:\/\/amigosdeltercertercio.com\/web\/wp-content\/uploads\/2020\/03\/EUYTO0OXgAAO-TO.jpg","contentUrl":"https:\/\/amigosdeltercertercio.com\/web\/wp-content\/uploads\/2020\/03\/EUYTO0OXgAAO-TO.jpg","width":1080,"height":751},{"@type":"BreadcrumbList","@id":"https:\/\/amigosdeltercertercio.com\/web\/ano-2015\/#breadcrumb","itemListElement":[{"@type":"ListItem","position":1,"name":"Home","item":"https:\/\/amigosdeltercertercio.com\/web\/"},{"@type":"ListItem","position":2,"name":"DATOS \u00abCOVID-19\u00bb"}]},{"@type":"WebSite","@id":"https:\/\/amigosdeltercertercio.com\/web\/#website","url":"https:\/\/amigosdeltercertercio.com\/web\/","name":"","description":"","potentialAction":[{"@type":"SearchAction","target":{"@type":"EntryPoint","urlTemplate":"https:\/\/amigosdeltercertercio.com\/web\/?s={search_term_string}"},"query-input":{"@type":"PropertyValueSpecification","valueRequired":true,"valueName":"search_term_string"}}],"inLanguage":"es"}]}},"_links":{"self":[{"href":"https:\/\/amigosdeltercertercio.com\/web\/wp-json\/wp\/v2\/pages\/3499","targetHints":{"allow":["GET"]}}],"collection":[{"href":"https:\/\/amigosdeltercertercio.com\/web\/wp-json\/wp\/v2\/pages"}],"about":[{"href":"https:\/\/amigosdeltercertercio.com\/web\/wp-json\/wp\/v2\/types\/page"}],"author":[{"embeddable":true,"href":"https:\/\/amigosdeltercertercio.com\/web\/wp-json\/wp\/v2\/users\/1"}],"replies":[{"embeddable":true,"href":"https:\/\/amigosdeltercertercio.com\/web\/wp-json\/wp\/v2\/comments?post=3499"}],"version-history":[{"count":44,"href":"https:\/\/amigosdeltercertercio.com\/web\/wp-json\/wp\/v2\/pages\/3499\/revisions"}],"predecessor-version":[{"id":5006,"href":"https:\/\/amigosdeltercertercio.com\/web\/wp-json\/wp\/v2\/pages\/3499\/revisions\/5006"}],"wp:attachment":[{"href":"https:\/\/amigosdeltercertercio.com\/web\/wp-json\/wp\/v2\/media?parent=3499"}],"curies":[{"name":"wp","href":"https:\/\/api.w.org\/{rel}","templated":true}]}}