{"id":3881,"date":"2015-06-14T16:53:43","date_gmt":"2015-06-14T16:53:43","guid":{"rendered":"https:\/\/amigosdeltercertercio.com\/web\/?page_id=3881"},"modified":"2015-06-14T17:02:12","modified_gmt":"2015-06-14T17:02:12","slug":"ex-manobre-2015","status":"publish","type":"page","link":"https:\/\/amigosdeltercertercio.com\/web\/ex-manobre-2015\/","title":{"rendered":"Ex Ma\u00f1obre 2015"},"content":{"rendered":"<h3 style=\"text-align: center;\">EX. MA\u00d1OBRE 2015<\/h3>\n<p style=\"text-align: center;\">Legionarios y &#8216;marines&#8217; de maniobras<\/p>\n<p style=\"text-align: justify;\">&#8216;Marines&#8217; de los Estados Unidos en el campo de maniobras de Viator. \/ BRILEG<br \/>\nEl campo de tiro y maniobras &#8216;\u00c1lvarez de Sotomayor&#8217; de Viator ha sido el escenario de los ejercicios conjuntos.<\/p>\n<p><img decoding=\"async\" class=\" aligncenter\" src=\"http:\/\/www.ideal.es\/noticias\/201504\/25\/media\/82986060.jpg\" alt=\"'Marines' de los Estados Unidos en el campo de maniobras de Viator.\" \/><\/p>\n<p style=\"text-align: justify;\">Aumentar la eficacia y la interoperatividad, en muchos casos tomando como referencia las lecciones aprendidas, es uno de los objetivos del adiestramiento que legionarios y &#8216;marines&#8217; han llevado a cabo en el campo de tiro y maniobras &#8216;\u00c1lvarez de Sotomayor&#8217;, de Viator. No menos importante, por aquello de la adaptabilidad, haberlo realizado en un paraje natural de zona \u00e1rida, de orograf\u00eda y otras condiciones medio ambientales de gran parecido, por no decir similares, con regiones del planeta donde puedan ser desplegadas las unidades en misi\u00f3n internacional.<\/p>\n<p style=\"text-align: justify;\">Otros aspectos que a\u00f1adir al inter\u00e9s de la preparaci\u00f3n son las pr\u00e1cticas de tiro y la convivencia entre militares espa\u00f1oles y americanos, adem\u00e1s de las anteriormente indicadas de operatividad y adaptaci\u00f3n al terreno.<\/p>\n<p style=\"text-align: justify;\">Se puede decir, con el nuevo establecimiento, desde hace unos a\u00f1os, de unidades militares de Estados Unidos en las bases espa\u00f1olas de utilizaci\u00f3n conjunta de Rota y Mor\u00f3n, se ha visto potenciado el n\u00famero de actividades de adiestramiento realizadas entre ambos pa\u00edses.<\/p>\n<p style=\"text-align: justify;\">El ejercicio, denominado &#8216;Ma\u00f1obre&#8217;, se inici\u00f3 el pasado lunes, d\u00eda 20, finalizando ayer viernes, despu\u00e9s de cinco d\u00edas consecutivos de entrenamiento. Ha estado enmarcado dentro de la colaboraci\u00f3n bilateral que se viene desarrollando desde el a\u00f1o 2008, que en los \u00faltimos a\u00f1os se ha incrementado de manera significativa.<\/p>\n<p style=\"text-align: justify;\"><strong>Plan de acci\u00f3n<\/strong><\/p>\n<p style=\"text-align: justify;\">Parte del desarrollo de &#8216;Ma\u00f1obre&#8217; ha coincidido con la Conferencia de ejercicios bilaterales con los Estados Unidos (BTEC), que organizada por el Estado Mayor de la Defensa (EMAD) se celebr\u00f3 en la Escuela de Guerra del Ej\u00e9rcito de Tierra en Madrid. Dicha conferencia, de conformidad con las fuentes consultadas por IDEAL, de car\u00e1cter anual y dirigida por el Estado Mayor Conjunto del EMAD, \u00abtiene la finalidad de coordinar y acordar el programa de ejercicios y otras actividades de adiestramiento que se pretenden desarrollar entre Espa\u00f1a y los Estados Unidos durante el segundo semestre del a\u00f1o en curso y la totalidad del a\u00f1o 2016.<\/p>\n<p style=\"text-align: justify;\">Este a\u00f1o la conferencia ha tenido una importante participaci\u00f3n al haber asistido representantes de los Cuarteles Generales, Mandos y Unidades del Ej\u00e9rcito de Tierra, la Armada y del Ej\u00e9rcito del Aire, as\u00ed como el EMAD por parte espa\u00f1ola y de diferentes Mandos y Unidades norteamericanos, principalmente de aquellos con base en Europa, aunque tambi\u00e9n se ha contado con la presencia de unidades con base en Norteam\u00e9rica.<\/p>\n<p style=\"text-align: justify;\">Este aumento de las actividades bilaterales \u00abha permitido mejorar la calidad de los ejercicios, que actualmente se plantean con una mayor complejidad y ambici\u00f3n que hace unos a\u00f1os\u00bb.<\/p>\n<p style=\"text-align: justify;\">&#8216;Ma\u00f1obre&#8217; ha reunido a personal de la 6\u00aa Compa\u00f1\u00eda, de la VIII Bandera de la Legi\u00f3n, y de una secci\u00f3n de Special-Purpose Marine Air-Ground Force Crisis Response (SPMAGTF) que en el transcurso de la presente semana, que ahora finaliza, realizaron diferentes acciones t\u00e1cticas y log\u00edsticas encaminadas al ensayo de nuevos procedimientos y los que se pueden dar en el curso de las misiones internacionales. Ejercicios de ataque convencional, estabilizaci\u00f3n y combate en poblaci\u00f3n.<\/p>\n<p style=\"text-align: justify;\">En esta ocasi\u00f3n, la finalidad principal del ejercicio fue alcanzar el adiestramiento diurno y nocturno de un subgrupo t\u00e1ctico (6\u00aa Compa\u00f1\u00eda de la VIII Bandera &#8216;Col\u00f3n&#8217;, Secci\u00f3n de Zapadores, un Observador Avanzado de Artiller\u00eda y una secci\u00f3n de SPMAGTF-US Marines), que realiza una infiltraci\u00f3n y un ataque a un objetivo para posteriormente controlar una zona. Durante esa fase se realizan acciones con fuego real, incluido el lanzamiento de un misil spike por parte del Pelot\u00f3n de Defensa Contracarros, as\u00ed como reacciones contraemboscada y pr\u00e1cticas log\u00edsticas que incluyen la evacuaci\u00f3n de bajas. En la fase final del ejercicio tambi\u00e9n intervino una unidad de enemigo generada por la 7\u00aa Compa\u00f1\u00eda, igualmente perteneciente a la VIII Bandera.<\/p>\n<p style=\"text-align: justify;\"><strong>Participaci\u00f3n<\/strong><\/p>\n<p style=\"text-align: justify;\">La participaci\u00f3n de unidades americanas ha sido de unos ochenta militares al mando del capit\u00e1n Walkup. Actualmente, esta unidad, conforme con la informaci\u00f3n recabada por IDEAL, est\u00e1 desplegada en Sicilia (Italia) y sus cometidos principales est\u00e1n relacionados con la intervenci\u00f3n en \u00c1frica, en defensa de los intereses de los Estados Unidos en esa zona. La unidad espa\u00f1ola participante se encuentra integrada en el Tercio &#8216;D. Juan de Austria&#8217; 3\u00ba de la Legi\u00f3n, perteneciente a la Brigada de la Legi\u00f3n y la SC de US Marines, es unidad especial a poder desplegar en \u00c1frica o en alguna regi\u00f3n de Asia, como Irak y Afganist\u00e1n.<\/p>\n<p style=\"text-align: justify;\">Durante cinco d\u00edas el personal de ambas unidades, entre las actividades realizadas, han iniciado ejercicios de tiro de combate, de precisi\u00f3n, entre otros usos son armas propias de infanter\u00eda. Igualmente se pusieron en pr\u00e1cticas procedimientos de combate en \u00e1reas urbanizadas. Un plan de adiestramiento con ejercicios de fuego real y acciones lo mismo diurnas que nocturnas.<\/p>\n<p style=\"text-align: justify;\">El ejercicio culmina con una operaci\u00f3n en la que el Capit\u00e1n Rodr\u00edguez, Jefe de la 6\u00aa compa\u00f1\u00eda, lidera una unidad formada por tres secciones espa\u00f1olas y la secci\u00f3n US Marines.<\/p>\n","protected":false},"excerpt":{"rendered":"<p>EX. MA\u00d1OBRE 2015 Legionarios y &#8216;marines&#8217; de maniobras &#8216;Marines&#8217; de los Estados Unidos en el campo de maniobras de Viator. \/ BRILEG El campo de tiro y maniobras &#8216;\u00c1lvarez de Sotomayor&#8217; de Viator ha sido el escenario de los ejercicios conjuntos. Aumentar la eficacia y la interoperatividad, en muchos casos tomando como referencia las lecciones [&hellip;]<\/p>\n","protected":false},"author":1,"featured_media":0,"parent":0,"menu_order":0,"comment_status":"closed","ping_status":"closed","template":"","meta":{"ocean_post_layout":"","ocean_both_sidebars_style":"","ocean_both_sidebars_content_width":0,"ocean_both_sidebars_sidebars_width":0,"ocean_sidebar":"","ocean_second_sidebar":"","ocean_disable_margins":"enable","ocean_add_body_class":"","ocean_shortcode_before_top_bar":"","ocean_shortcode_after_top_bar":"","ocean_shortcode_before_header":"","ocean_shortcode_after_header":"","ocean_has_shortcode":"","ocean_shortcode_after_title":"","ocean_shortcode_before_footer_widgets":"","ocean_shortcode_after_footer_widgets":"","ocean_shortcode_before_footer_bottom":"","ocean_shortcode_after_footer_bottom":"","ocean_display_top_bar":"default","ocean_display_header":"default","ocean_header_style":"","ocean_center_header_left_menu":"","ocean_custom_header_template":"","ocean_custom_logo":0,"ocean_custom_retina_logo":0,"ocean_custom_logo_max_width":0,"ocean_custom_logo_tablet_max_width":0,"ocean_custom_logo_mobile_max_width":0,"ocean_custom_logo_max_height":0,"ocean_custom_logo_tablet_max_height":0,"ocean_custom_logo_mobile_max_height":0,"ocean_header_custom_menu":"","ocean_menu_typo_font_family":"","ocean_menu_typo_font_subset":"","ocean_menu_typo_font_size":0,"ocean_menu_typo_font_size_tablet":0,"ocean_menu_typo_font_size_mobile":0,"ocean_menu_typo_font_size_unit":"px","ocean_menu_typo_font_weight":"","ocean_menu_typo_font_weight_tablet":"","ocean_menu_typo_font_weight_mobile":"","ocean_menu_typo_transform":"","ocean_menu_typo_transform_tablet":"","ocean_menu_typo_transform_mobile":"","ocean_menu_typo_line_height":0,"ocean_menu_typo_line_height_tablet":0,"ocean_menu_typo_line_height_mobile":0,"ocean_menu_typo_line_height_unit":"","ocean_menu_typo_spacing":0,"ocean_menu_typo_spacing_tablet":0,"ocean_menu_typo_spacing_mobile":0,"ocean_menu_typo_spacing_unit":"","ocean_menu_link_color":"","ocean_menu_link_color_hover":"","ocean_menu_link_color_active":"","ocean_menu_link_background":"","ocean_menu_link_hover_background":"","ocean_menu_link_active_background":"","ocean_menu_social_links_bg":"","ocean_menu_social_hover_links_bg":"","ocean_menu_social_links_color":"","ocean_menu_social_hover_links_color":"","ocean_disable_title":"default","ocean_disable_heading":"default","ocean_post_title":"","ocean_post_subheading":"","ocean_post_title_style":"","ocean_post_title_background_color":"","ocean_post_title_background":0,"ocean_post_title_bg_image_position":"","ocean_post_title_bg_image_attachment":"","ocean_post_title_bg_image_repeat":"","ocean_post_title_bg_image_size":"","ocean_post_title_height":0,"ocean_post_title_bg_overlay":0.5,"ocean_post_title_bg_overlay_color":"","ocean_disable_breadcrumbs":"default","ocean_breadcrumbs_color":"","ocean_breadcrumbs_separator_color":"","ocean_breadcrumbs_links_color":"","ocean_breadcrumbs_links_hover_color":"","ocean_display_footer_widgets":"default","ocean_display_footer_bottom":"default","ocean_custom_footer_template":"","footnotes":""},"class_list":["post-3881","page","type-page","status-publish","hentry","entry"],"yoast_head":"<!-- This site is optimized with the Yoast SEO plugin v27.4 - https:\/\/yoast.com\/product\/yoast-seo-wordpress\/ -->\n<title>Ex Ma\u00f1obre 2015 -<\/title>\n<meta name=\"robots\" content=\"index, follow, max-snippet:-1, max-image-preview:large, max-video-preview:-1\" \/>\n<link rel=\"canonical\" href=\"https:\/\/amigosdeltercertercio.com\/web\/ex-manobre-2015\/\" \/>\n<meta property=\"og:locale\" content=\"es_ES\" \/>\n<meta property=\"og:type\" content=\"article\" \/>\n<meta property=\"og:title\" content=\"Ex Ma\u00f1obre 2015 -\" \/>\n<meta property=\"og:description\" content=\"EX. MA\u00d1OBRE 2015 Legionarios y &#8216;marines&#8217; de maniobras &#8216;Marines&#8217; de los Estados Unidos en el campo de maniobras de Viator. \/ BRILEG El campo de tiro y maniobras &#8216;\u00c1lvarez de Sotomayor&#8217; de Viator ha sido el escenario de los ejercicios conjuntos. Aumentar la eficacia y la interoperatividad, en muchos casos tomando como referencia las lecciones [&hellip;]\" \/>\n<meta property=\"og:url\" content=\"https:\/\/amigosdeltercertercio.com\/web\/ex-manobre-2015\/\" \/>\n<meta property=\"article:modified_time\" content=\"2015-06-14T17:02:12+00:00\" \/>\n<meta property=\"og:image\" content=\"http:\/\/www.ideal.es\/noticias\/201504\/25\/media\/82986060.jpg\" \/>\n<meta name=\"twitter:card\" content=\"summary_large_image\" \/>\n<meta name=\"twitter:label1\" content=\"Tiempo de lectura\" \/>\n\t<meta name=\"twitter:data1\" content=\"5 minutos\" \/>\n<script type=\"application\/ld+json\" class=\"yoast-schema-graph\">{\"@context\":\"https:\\\/\\\/schema.org\",\"@graph\":[{\"@type\":\"WebPage\",\"@id\":\"https:\\\/\\\/amigosdeltercertercio.com\\\/web\\\/ex-manobre-2015\\\/\",\"url\":\"https:\\\/\\\/amigosdeltercertercio.com\\\/web\\\/ex-manobre-2015\\\/\",\"name\":\"Ex Ma\u00f1obre 2015 -\",\"isPartOf\":{\"@id\":\"https:\\\/\\\/amigosdeltercertercio.com\\\/web\\\/#website\"},\"primaryImageOfPage\":{\"@id\":\"https:\\\/\\\/amigosdeltercertercio.com\\\/web\\\/ex-manobre-2015\\\/#primaryimage\"},\"image\":{\"@id\":\"https:\\\/\\\/amigosdeltercertercio.com\\\/web\\\/ex-manobre-2015\\\/#primaryimage\"},\"thumbnailUrl\":\"http:\\\/\\\/www.ideal.es\\\/noticias\\\/201504\\\/25\\\/media\\\/82986060.jpg\",\"datePublished\":\"2015-06-14T16:53:43+00:00\",\"dateModified\":\"2015-06-14T17:02:12+00:00\",\"breadcrumb\":{\"@id\":\"https:\\\/\\\/amigosdeltercertercio.com\\\/web\\\/ex-manobre-2015\\\/#breadcrumb\"},\"inLanguage\":\"es\",\"potentialAction\":[{\"@type\":\"ReadAction\",\"target\":[\"https:\\\/\\\/amigosdeltercertercio.com\\\/web\\\/ex-manobre-2015\\\/\"]}]},{\"@type\":\"ImageObject\",\"inLanguage\":\"es\",\"@id\":\"https:\\\/\\\/amigosdeltercertercio.com\\\/web\\\/ex-manobre-2015\\\/#primaryimage\",\"url\":\"http:\\\/\\\/www.ideal.es\\\/noticias\\\/201504\\\/25\\\/media\\\/82986060.jpg\",\"contentUrl\":\"http:\\\/\\\/www.ideal.es\\\/noticias\\\/201504\\\/25\\\/media\\\/82986060.jpg\"},{\"@type\":\"BreadcrumbList\",\"@id\":\"https:\\\/\\\/amigosdeltercertercio.com\\\/web\\\/ex-manobre-2015\\\/#breadcrumb\",\"itemListElement\":[{\"@type\":\"ListItem\",\"position\":1,\"name\":\"Home\",\"item\":\"https:\\\/\\\/amigosdeltercertercio.com\\\/web\\\/\"},{\"@type\":\"ListItem\",\"position\":2,\"name\":\"Ex Ma\u00f1obre 2015\"}]},{\"@type\":\"WebSite\",\"@id\":\"https:\\\/\\\/amigosdeltercertercio.com\\\/web\\\/#website\",\"url\":\"https:\\\/\\\/amigosdeltercertercio.com\\\/web\\\/\",\"name\":\"\",\"description\":\"\",\"potentialAction\":[{\"@type\":\"SearchAction\",\"target\":{\"@type\":\"EntryPoint\",\"urlTemplate\":\"https:\\\/\\\/amigosdeltercertercio.com\\\/web\\\/?s={search_term_string}\"},\"query-input\":{\"@type\":\"PropertyValueSpecification\",\"valueRequired\":true,\"valueName\":\"search_term_string\"}}],\"inLanguage\":\"es\"}]}<\/script>\n<!-- \/ Yoast SEO plugin. -->","yoast_head_json":{"title":"Ex Ma\u00f1obre 2015 -","robots":{"index":"index","follow":"follow","max-snippet":"max-snippet:-1","max-image-preview":"max-image-preview:large","max-video-preview":"max-video-preview:-1"},"canonical":"https:\/\/amigosdeltercertercio.com\/web\/ex-manobre-2015\/","og_locale":"es_ES","og_type":"article","og_title":"Ex Ma\u00f1obre 2015 -","og_description":"EX. MA\u00d1OBRE 2015 Legionarios y &#8216;marines&#8217; de maniobras &#8216;Marines&#8217; de los Estados Unidos en el campo de maniobras de Viator. \/ BRILEG El campo de tiro y maniobras &#8216;\u00c1lvarez de Sotomayor&#8217; de Viator ha sido el escenario de los ejercicios conjuntos. Aumentar la eficacia y la interoperatividad, en muchos casos tomando como referencia las lecciones [&hellip;]","og_url":"https:\/\/amigosdeltercertercio.com\/web\/ex-manobre-2015\/","article_modified_time":"2015-06-14T17:02:12+00:00","og_image":[{"url":"http:\/\/www.ideal.es\/noticias\/201504\/25\/media\/82986060.jpg","type":"","width":"","height":""}],"twitter_card":"summary_large_image","twitter_misc":{"Tiempo de lectura":"5 minutos"},"schema":{"@context":"https:\/\/schema.org","@graph":[{"@type":"WebPage","@id":"https:\/\/amigosdeltercertercio.com\/web\/ex-manobre-2015\/","url":"https:\/\/amigosdeltercertercio.com\/web\/ex-manobre-2015\/","name":"Ex Ma\u00f1obre 2015 -","isPartOf":{"@id":"https:\/\/amigosdeltercertercio.com\/web\/#website"},"primaryImageOfPage":{"@id":"https:\/\/amigosdeltercertercio.com\/web\/ex-manobre-2015\/#primaryimage"},"image":{"@id":"https:\/\/amigosdeltercertercio.com\/web\/ex-manobre-2015\/#primaryimage"},"thumbnailUrl":"http:\/\/www.ideal.es\/noticias\/201504\/25\/media\/82986060.jpg","datePublished":"2015-06-14T16:53:43+00:00","dateModified":"2015-06-14T17:02:12+00:00","breadcrumb":{"@id":"https:\/\/amigosdeltercertercio.com\/web\/ex-manobre-2015\/#breadcrumb"},"inLanguage":"es","potentialAction":[{"@type":"ReadAction","target":["https:\/\/amigosdeltercertercio.com\/web\/ex-manobre-2015\/"]}]},{"@type":"ImageObject","inLanguage":"es","@id":"https:\/\/amigosdeltercertercio.com\/web\/ex-manobre-2015\/#primaryimage","url":"http:\/\/www.ideal.es\/noticias\/201504\/25\/media\/82986060.jpg","contentUrl":"http:\/\/www.ideal.es\/noticias\/201504\/25\/media\/82986060.jpg"},{"@type":"BreadcrumbList","@id":"https:\/\/amigosdeltercertercio.com\/web\/ex-manobre-2015\/#breadcrumb","itemListElement":[{"@type":"ListItem","position":1,"name":"Home","item":"https:\/\/amigosdeltercertercio.com\/web\/"},{"@type":"ListItem","position":2,"name":"Ex Ma\u00f1obre 2015"}]},{"@type":"WebSite","@id":"https:\/\/amigosdeltercertercio.com\/web\/#website","url":"https:\/\/amigosdeltercertercio.com\/web\/","name":"","description":"","potentialAction":[{"@type":"SearchAction","target":{"@type":"EntryPoint","urlTemplate":"https:\/\/amigosdeltercertercio.com\/web\/?s={search_term_string}"},"query-input":{"@type":"PropertyValueSpecification","valueRequired":true,"valueName":"search_term_string"}}],"inLanguage":"es"}]}},"_links":{"self":[{"href":"https:\/\/amigosdeltercertercio.com\/web\/wp-json\/wp\/v2\/pages\/3881","targetHints":{"allow":["GET"]}}],"collection":[{"href":"https:\/\/amigosdeltercertercio.com\/web\/wp-json\/wp\/v2\/pages"}],"about":[{"href":"https:\/\/amigosdeltercertercio.com\/web\/wp-json\/wp\/v2\/types\/page"}],"author":[{"embeddable":true,"href":"https:\/\/amigosdeltercertercio.com\/web\/wp-json\/wp\/v2\/users\/1"}],"replies":[{"embeddable":true,"href":"https:\/\/amigosdeltercertercio.com\/web\/wp-json\/wp\/v2\/comments?post=3881"}],"version-history":[{"count":4,"href":"https:\/\/amigosdeltercertercio.com\/web\/wp-json\/wp\/v2\/pages\/3881\/revisions"}],"predecessor-version":[{"id":3886,"href":"https:\/\/amigosdeltercertercio.com\/web\/wp-json\/wp\/v2\/pages\/3881\/revisions\/3886"}],"wp:attachment":[{"href":"https:\/\/amigosdeltercertercio.com\/web\/wp-json\/wp\/v2\/media?parent=3881"}],"curies":[{"name":"wp","href":"https:\/\/api.w.org\/{rel}","templated":true}]}}