{"id":4657,"date":"2020-01-23T19:53:51","date_gmt":"2020-01-23T19:53:51","guid":{"rendered":"https:\/\/amigosdeltercertercio.com\/web\/?page_id=4657"},"modified":"2020-03-24T12:51:00","modified_gmt":"2020-03-24T12:51:00","slug":"aniversario-edchera-2020","status":"publish","type":"page","link":"https:\/\/amigosdeltercertercio.com\/web\/aniversario-edchera-2020\/","title":{"rendered":"Aniversario EDCHERA (2020)"},"content":{"rendered":"\n<p><b>El teniente general Jos\u00e9 Rodr\u00edguez Garc\u00eda, jefe de la Fuerza Terrestre, presidi\u00f3 un acto<\/b>\u00a0que acogi\u00f3 la Brigada de la Legi\u00f3n \u2018Rey Alfonso XIII\u2019 II de la Legi\u00f3n, con su<b>\u00a0jefe accidental a la cabeza, el coronel Francisco Garc\u00eda-Almenta<\/b>. Parada militar que cont\u00f3 como\u00a0<b>jefe de la l\u00ednea al teniente coronel Juan Manuel Martel G\u00f3mez<\/b>, jefe accidental del Tercio \u2018Don Juan de Austria\u2019 3\u00ba de la Legi\u00f3n.<\/p>\n<p><p class=\"responsive-video-wrap clr\"><div class=\"\"><iframe loading=\"lazy\" title=\"La Legi\u00f3n conmemora el combate de Edchera enero 2020 (versi\u00f3n extendida)\" width=\"1200\" height=\"675\" src=\"https:\/\/www.youtube.com\/embed\/0UYxHREcR9g?feature=oembed\" frameborder=\"0\" allow=\"accelerometer; autoplay; clipboard-write; encrypted-media; gyroscope; picture-in-picture\" allowfullscreen><\/iframe><\/div><\/p><\/p>\n<p>\u00a0<\/p>\n<p><p class=\"responsive-video-wrap clr\"><div class=\"\"><iframe loading=\"lazy\" title=\"Desfile Viator 18 1 2020\" width=\"1200\" height=\"675\" src=\"https:\/\/www.youtube.com\/embed\/BSOqsIR6JVw?feature=oembed\" frameborder=\"0\" allow=\"accelerometer; autoplay; clipboard-write; encrypted-media; gyroscope; picture-in-picture\" allowfullscreen><\/iframe><\/div><\/p><\/p>\n<p><p class=\"responsive-video-wrap clr\"><div class=\"\"><iframe loading=\"lazy\" title=\"Preparacion desfile Viator 18 1 2020\" width=\"1200\" height=\"675\" src=\"https:\/\/www.youtube.com\/embed\/jvqsLm4-U_c?feature=oembed\" frameborder=\"0\" allow=\"accelerometer; autoplay; clipboard-write; encrypted-media; gyroscope; picture-in-picture\" allowfullscreen><\/iframe><\/div><\/p><\/p>\n<p>\u00a0<\/p>\n\n\n\n<figure class=\"wp-block-gallery columns-1 is-cropped wp-block-gallery-1 is-layout-flex wp-block-gallery-is-layout-flex\"><ul class=\"blocks-gallery-grid\"><li class=\"blocks-gallery-item\"><figure><img loading=\"lazy\" decoding=\"async\" width=\"357\" height=\"504\" src=\"https:\/\/amigosdeltercertercio.com\/web\/wp-content\/uploads\/2020\/01\/EOPGOEnWsAATaPz-2.jpg\" alt=\"\" data-id=\"4672\" data-full-url=\"https:\/\/amigosdeltercertercio.com\/web\/wp-content\/uploads\/2020\/01\/EOPGOEnWsAATaPz-2.jpg\" data-link=\"https:\/\/amigosdeltercertercio.com\/web\/aniversario-edchera-2020\/eopgoenwsaatapz-2\/\" class=\"wp-image-4672\" srcset=\"https:\/\/amigosdeltercertercio.com\/web\/wp-content\/uploads\/2020\/01\/EOPGOEnWsAATaPz-2.jpg 357w, https:\/\/amigosdeltercertercio.com\/web\/wp-content\/uploads\/2020\/01\/EOPGOEnWsAATaPz-2-213x300.jpg 213w\" sizes=\"auto, (max-width: 357px) 100vw, 357px\" \/><\/figure><\/li><\/ul><\/figure>\n\n\n","protected":false},"excerpt":{"rendered":"<p>El teniente general Jos\u00e9 Rodr\u00edguez Garc\u00eda, jefe de la Fuerza Terrestre, presidi\u00f3 un acto\u00a0que acogi\u00f3 la Brigada de la Legi\u00f3n \u2018Rey Alfonso XIII\u2019 II de la Legi\u00f3n, con su\u00a0jefe accidental a la cabeza, el coronel Francisco Garc\u00eda-Almenta. Parada militar que cont\u00f3 como\u00a0jefe de la l\u00ednea al teniente coronel Juan Manuel Martel G\u00f3mez, jefe accidental del [&hellip;]<\/p>\n","protected":false},"author":1,"featured_media":0,"parent":0,"menu_order":0,"comment_status":"closed","ping_status":"closed","template":"","meta":{"ocean_post_layout":"","ocean_both_sidebars_style":"","ocean_both_sidebars_content_width":0,"ocean_both_sidebars_sidebars_width":0,"ocean_sidebar":"","ocean_second_sidebar":"","ocean_disable_margins":"enable","ocean_add_body_class":"","ocean_shortcode_before_top_bar":"","ocean_shortcode_after_top_bar":"","ocean_shortcode_before_header":"","ocean_shortcode_after_header":"","ocean_has_shortcode":"","ocean_shortcode_after_title":"","ocean_shortcode_before_footer_widgets":"","ocean_shortcode_after_footer_widgets":"","ocean_shortcode_before_footer_bottom":"","ocean_shortcode_after_footer_bottom":"","ocean_display_top_bar":"default","ocean_display_header":"default","ocean_header_style":"","ocean_center_header_left_menu":"","ocean_custom_header_template":"","ocean_custom_logo":0,"ocean_custom_retina_logo":0,"ocean_custom_logo_max_width":0,"ocean_custom_logo_tablet_max_width":0,"ocean_custom_logo_mobile_max_width":0,"ocean_custom_logo_max_height":0,"ocean_custom_logo_tablet_max_height":0,"ocean_custom_logo_mobile_max_height":0,"ocean_header_custom_menu":"","ocean_menu_typo_font_family":"","ocean_menu_typo_font_subset":"","ocean_menu_typo_font_size":0,"ocean_menu_typo_font_size_tablet":0,"ocean_menu_typo_font_size_mobile":0,"ocean_menu_typo_font_size_unit":"px","ocean_menu_typo_font_weight":"","ocean_menu_typo_font_weight_tablet":"","ocean_menu_typo_font_weight_mobile":"","ocean_menu_typo_transform":"","ocean_menu_typo_transform_tablet":"","ocean_menu_typo_transform_mobile":"","ocean_menu_typo_line_height":0,"ocean_menu_typo_line_height_tablet":0,"ocean_menu_typo_line_height_mobile":0,"ocean_menu_typo_line_height_unit":"","ocean_menu_typo_spacing":0,"ocean_menu_typo_spacing_tablet":0,"ocean_menu_typo_spacing_mobile":0,"ocean_menu_typo_spacing_unit":"","ocean_menu_link_color":"","ocean_menu_link_color_hover":"","ocean_menu_link_color_active":"","ocean_menu_link_background":"","ocean_menu_link_hover_background":"","ocean_menu_link_active_background":"","ocean_menu_social_links_bg":"","ocean_menu_social_hover_links_bg":"","ocean_menu_social_links_color":"","ocean_menu_social_hover_links_color":"","ocean_disable_title":"default","ocean_disable_heading":"default","ocean_post_title":"","ocean_post_subheading":"","ocean_post_title_style":"","ocean_post_title_background_color":"","ocean_post_title_background":0,"ocean_post_title_bg_image_position":"","ocean_post_title_bg_image_attachment":"","ocean_post_title_bg_image_repeat":"","ocean_post_title_bg_image_size":"","ocean_post_title_height":0,"ocean_post_title_bg_overlay":0.5,"ocean_post_title_bg_overlay_color":"","ocean_disable_breadcrumbs":"default","ocean_breadcrumbs_color":"","ocean_breadcrumbs_separator_color":"","ocean_breadcrumbs_links_color":"","ocean_breadcrumbs_links_hover_color":"","ocean_display_footer_widgets":"default","ocean_display_footer_bottom":"default","ocean_custom_footer_template":"","footnotes":""},"class_list":["post-4657","page","type-page","status-publish","hentry","entry"],"yoast_head":"<!-- This site is optimized with the Yoast SEO plugin v27.3 - https:\/\/yoast.com\/product\/yoast-seo-wordpress\/ -->\n<title>Aniversario EDCHERA (2020) -<\/title>\n<meta name=\"robots\" content=\"index, follow, max-snippet:-1, max-image-preview:large, max-video-preview:-1\" \/>\n<link rel=\"canonical\" href=\"https:\/\/amigosdeltercertercio.com\/web\/aniversario-edchera-2020\/\" \/>\n<meta property=\"og:locale\" content=\"es_ES\" \/>\n<meta property=\"og:type\" content=\"article\" \/>\n<meta property=\"og:title\" content=\"Aniversario EDCHERA (2020) -\" \/>\n<meta property=\"og:description\" content=\"El teniente general Jos\u00e9 Rodr\u00edguez Garc\u00eda, jefe de la Fuerza Terrestre, presidi\u00f3 un acto\u00a0que acogi\u00f3 la Brigada de la Legi\u00f3n \u2018Rey Alfonso XIII\u2019 II de la Legi\u00f3n, con su\u00a0jefe accidental a la cabeza, el coronel Francisco Garc\u00eda-Almenta. Parada militar que cont\u00f3 como\u00a0jefe de la l\u00ednea al teniente coronel Juan Manuel Martel G\u00f3mez, jefe accidental del [&hellip;]\" \/>\n<meta property=\"og:url\" content=\"https:\/\/amigosdeltercertercio.com\/web\/aniversario-edchera-2020\/\" \/>\n<meta property=\"article:modified_time\" content=\"2020-03-24T12:51:00+00:00\" \/>\n<meta property=\"og:image\" content=\"https:\/\/amigosdeltercertercio.com\/web\/wp-content\/uploads\/2020\/01\/EOPGOEnWsAATaPz-2.jpg\" \/>\n<meta name=\"twitter:card\" content=\"summary_large_image\" \/>\n<script type=\"application\/ld+json\" class=\"yoast-schema-graph\">{\"@context\":\"https:\\\/\\\/schema.org\",\"@graph\":[{\"@type\":\"WebPage\",\"@id\":\"https:\\\/\\\/amigosdeltercertercio.com\\\/web\\\/aniversario-edchera-2020\\\/\",\"url\":\"https:\\\/\\\/amigosdeltercertercio.com\\\/web\\\/aniversario-edchera-2020\\\/\",\"name\":\"Aniversario EDCHERA (2020) -\",\"isPartOf\":{\"@id\":\"https:\\\/\\\/amigosdeltercertercio.com\\\/web\\\/#website\"},\"primaryImageOfPage\":{\"@id\":\"https:\\\/\\\/amigosdeltercertercio.com\\\/web\\\/aniversario-edchera-2020\\\/#primaryimage\"},\"image\":{\"@id\":\"https:\\\/\\\/amigosdeltercertercio.com\\\/web\\\/aniversario-edchera-2020\\\/#primaryimage\"},\"thumbnailUrl\":\"https:\\\/\\\/amigosdeltercertercio.com\\\/web\\\/wp-content\\\/uploads\\\/2020\\\/01\\\/EOPGOEnWsAATaPz-2.jpg\",\"datePublished\":\"2020-01-23T19:53:51+00:00\",\"dateModified\":\"2020-03-24T12:51:00+00:00\",\"breadcrumb\":{\"@id\":\"https:\\\/\\\/amigosdeltercertercio.com\\\/web\\\/aniversario-edchera-2020\\\/#breadcrumb\"},\"inLanguage\":\"es\",\"potentialAction\":[{\"@type\":\"ReadAction\",\"target\":[\"https:\\\/\\\/amigosdeltercertercio.com\\\/web\\\/aniversario-edchera-2020\\\/\"]}]},{\"@type\":\"ImageObject\",\"inLanguage\":\"es\",\"@id\":\"https:\\\/\\\/amigosdeltercertercio.com\\\/web\\\/aniversario-edchera-2020\\\/#primaryimage\",\"url\":\"https:\\\/\\\/amigosdeltercertercio.com\\\/web\\\/wp-content\\\/uploads\\\/2020\\\/01\\\/EOPGOEnWsAATaPz-2.jpg\",\"contentUrl\":\"https:\\\/\\\/amigosdeltercertercio.com\\\/web\\\/wp-content\\\/uploads\\\/2020\\\/01\\\/EOPGOEnWsAATaPz-2.jpg\",\"width\":357,\"height\":504},{\"@type\":\"BreadcrumbList\",\"@id\":\"https:\\\/\\\/amigosdeltercertercio.com\\\/web\\\/aniversario-edchera-2020\\\/#breadcrumb\",\"itemListElement\":[{\"@type\":\"ListItem\",\"position\":1,\"name\":\"Home\",\"item\":\"https:\\\/\\\/amigosdeltercertercio.com\\\/web\\\/\"},{\"@type\":\"ListItem\",\"position\":2,\"name\":\"Aniversario EDCHERA (2020)\"}]},{\"@type\":\"WebSite\",\"@id\":\"https:\\\/\\\/amigosdeltercertercio.com\\\/web\\\/#website\",\"url\":\"https:\\\/\\\/amigosdeltercertercio.com\\\/web\\\/\",\"name\":\"\",\"description\":\"\",\"potentialAction\":[{\"@type\":\"SearchAction\",\"target\":{\"@type\":\"EntryPoint\",\"urlTemplate\":\"https:\\\/\\\/amigosdeltercertercio.com\\\/web\\\/?s={search_term_string}\"},\"query-input\":{\"@type\":\"PropertyValueSpecification\",\"valueRequired\":true,\"valueName\":\"search_term_string\"}}],\"inLanguage\":\"es\"}]}<\/script>\n<!-- \/ Yoast SEO plugin. -->","yoast_head_json":{"title":"Aniversario EDCHERA (2020) -","robots":{"index":"index","follow":"follow","max-snippet":"max-snippet:-1","max-image-preview":"max-image-preview:large","max-video-preview":"max-video-preview:-1"},"canonical":"https:\/\/amigosdeltercertercio.com\/web\/aniversario-edchera-2020\/","og_locale":"es_ES","og_type":"article","og_title":"Aniversario EDCHERA (2020) -","og_description":"El teniente general Jos\u00e9 Rodr\u00edguez Garc\u00eda, jefe de la Fuerza Terrestre, presidi\u00f3 un acto\u00a0que acogi\u00f3 la Brigada de la Legi\u00f3n \u2018Rey Alfonso XIII\u2019 II de la Legi\u00f3n, con su\u00a0jefe accidental a la cabeza, el coronel Francisco Garc\u00eda-Almenta. Parada militar que cont\u00f3 como\u00a0jefe de la l\u00ednea al teniente coronel Juan Manuel Martel G\u00f3mez, jefe accidental del [&hellip;]","og_url":"https:\/\/amigosdeltercertercio.com\/web\/aniversario-edchera-2020\/","article_modified_time":"2020-03-24T12:51:00+00:00","og_image":[{"url":"https:\/\/amigosdeltercertercio.com\/web\/wp-content\/uploads\/2020\/01\/EOPGOEnWsAATaPz-2.jpg","type":"","width":"","height":""}],"twitter_card":"summary_large_image","schema":{"@context":"https:\/\/schema.org","@graph":[{"@type":"WebPage","@id":"https:\/\/amigosdeltercertercio.com\/web\/aniversario-edchera-2020\/","url":"https:\/\/amigosdeltercertercio.com\/web\/aniversario-edchera-2020\/","name":"Aniversario EDCHERA (2020) -","isPartOf":{"@id":"https:\/\/amigosdeltercertercio.com\/web\/#website"},"primaryImageOfPage":{"@id":"https:\/\/amigosdeltercertercio.com\/web\/aniversario-edchera-2020\/#primaryimage"},"image":{"@id":"https:\/\/amigosdeltercertercio.com\/web\/aniversario-edchera-2020\/#primaryimage"},"thumbnailUrl":"https:\/\/amigosdeltercertercio.com\/web\/wp-content\/uploads\/2020\/01\/EOPGOEnWsAATaPz-2.jpg","datePublished":"2020-01-23T19:53:51+00:00","dateModified":"2020-03-24T12:51:00+00:00","breadcrumb":{"@id":"https:\/\/amigosdeltercertercio.com\/web\/aniversario-edchera-2020\/#breadcrumb"},"inLanguage":"es","potentialAction":[{"@type":"ReadAction","target":["https:\/\/amigosdeltercertercio.com\/web\/aniversario-edchera-2020\/"]}]},{"@type":"ImageObject","inLanguage":"es","@id":"https:\/\/amigosdeltercertercio.com\/web\/aniversario-edchera-2020\/#primaryimage","url":"https:\/\/amigosdeltercertercio.com\/web\/wp-content\/uploads\/2020\/01\/EOPGOEnWsAATaPz-2.jpg","contentUrl":"https:\/\/amigosdeltercertercio.com\/web\/wp-content\/uploads\/2020\/01\/EOPGOEnWsAATaPz-2.jpg","width":357,"height":504},{"@type":"BreadcrumbList","@id":"https:\/\/amigosdeltercertercio.com\/web\/aniversario-edchera-2020\/#breadcrumb","itemListElement":[{"@type":"ListItem","position":1,"name":"Home","item":"https:\/\/amigosdeltercertercio.com\/web\/"},{"@type":"ListItem","position":2,"name":"Aniversario EDCHERA (2020)"}]},{"@type":"WebSite","@id":"https:\/\/amigosdeltercertercio.com\/web\/#website","url":"https:\/\/amigosdeltercertercio.com\/web\/","name":"","description":"","potentialAction":[{"@type":"SearchAction","target":{"@type":"EntryPoint","urlTemplate":"https:\/\/amigosdeltercertercio.com\/web\/?s={search_term_string}"},"query-input":{"@type":"PropertyValueSpecification","valueRequired":true,"valueName":"search_term_string"}}],"inLanguage":"es"}]}},"_links":{"self":[{"href":"https:\/\/amigosdeltercertercio.com\/web\/wp-json\/wp\/v2\/pages\/4657","targetHints":{"allow":["GET"]}}],"collection":[{"href":"https:\/\/amigosdeltercertercio.com\/web\/wp-json\/wp\/v2\/pages"}],"about":[{"href":"https:\/\/amigosdeltercertercio.com\/web\/wp-json\/wp\/v2\/types\/page"}],"author":[{"embeddable":true,"href":"https:\/\/amigosdeltercertercio.com\/web\/wp-json\/wp\/v2\/users\/1"}],"replies":[{"embeddable":true,"href":"https:\/\/amigosdeltercertercio.com\/web\/wp-json\/wp\/v2\/comments?post=4657"}],"version-history":[{"count":8,"href":"https:\/\/amigosdeltercertercio.com\/web\/wp-json\/wp\/v2\/pages\/4657\/revisions"}],"predecessor-version":[{"id":4681,"href":"https:\/\/amigosdeltercertercio.com\/web\/wp-json\/wp\/v2\/pages\/4657\/revisions\/4681"}],"wp:attachment":[{"href":"https:\/\/amigosdeltercertercio.com\/web\/wp-json\/wp\/v2\/media?parent=4657"}],"curies":[{"name":"wp","href":"https:\/\/api.w.org\/{rel}","templated":true}]}}