{"id":495,"date":"2014-04-20T17:22:18","date_gmt":"2014-04-20T17:22:18","guid":{"rendered":"https:\/\/amigosdeltercertercio.com\/web\/?page_id=495"},"modified":"2014-04-21T16:12:07","modified_gmt":"2014-04-21T16:12:07","slug":"medallas-militares-y-anecdotas","status":"publish","type":"page","link":"https:\/\/amigosdeltercertercio.com\/web\/medallas-militares-y-anecdotas\/","title":{"rendered":"Medallas Militares y Anecdotas"},"content":{"rendered":"<p align=\"center\">LA VII, VIII y IX EN LA GUERRA CIVIL<\/p>\n<p align=\"center\">\n<p align=\"JUSTIFY\"><strong>MEDALLAS MILITARES<\/strong><\/p>\n<p align=\"JUSTIFY\">Al hablar de las condecoraciones militares, individuales y colectivas, as\u00ed como de los hechos heroicos que motivaron su concesi\u00f3n, y no digamos ya de los ca\u00eddos, me han quedado muchos nombres y acciones en el tintero, en especial en lo que respecta a la IX Bandera. Espero que alg\u00fan lector aporte informaci\u00f3n al respecto en este <i>libro abierto<\/i>.<\/p>\n<p align=\"JUSTIFY\"><b>De la \u00abValenzuela\u00bb<\/b><\/p>\n<p align=\"JUSTIFY\">Las principales condecoraciones militares colectivas otorgadas a la VII Bandera, fueron dos Medallas Militares. La primera concedida seg\u00fan orden circular de fecha 7 de mayo de 1937 (Bolet\u00edn Oficial n\u00ba203) por los m\u00e9ritos contraidos en la <i>batalla del Jarama<\/i> y especialmente en las operaciones del <i>Espol\u00f3n de Vaciamadrid<\/i> (Madrid) durante los d\u00edas del 17 al 21 de febrero de 1937. La segunda seg\u00fan orden circular de fecha 1 de julio de 1940 (Bolet\u00edn oficial n\u00ba150) por su destacada actuaci\u00f3n en la guerra civil con la <i>Divisi\u00f3n Navarra<\/i>. Adem\u00e1s de las dos Medallas Militares citadas con anterioridad, el Gui\u00f3n de la Bandera ostenta la Cruz de Guerra francesa con palma de oro concedida por Francia el 28 de julio de 1926. Dicha distinci\u00f3n conmemora las operaciones franco-espa\u00f1olas que se desarrollaron con incuestionable \u00e9xito en territorio africano por aquellas fechas, especialmente durante el <i>desembarco de Alhucemas<\/i> y posteriores acciones.<\/p>\n<p align=\"JUSTIFY\">En cuanto a las Medallas Militares Individuales, el personal de la VII Bandera distinguido con su concesi\u00f3n lo fueron el Capit\u00e1n D. Juan Ram\u00edrez Dom\u00ednguez (concedida el 30-11-28), Sargento. D. Antonio Hidalgo Aguilar (el 05-04-37), Teniente D. Bernardo Men\u00e9ndez P\u00e9rez (el 27-08 37), Capit\u00e1n D. Manuel Sanjurjo Carricarte (el 28-03-38), Alf\u00e9rez D. Fernando Cantalapiedra y Fern\u00e1ndez de Toledo (el 09-12-38), Cabo D. Jes\u00fas Cameselles Lago (el 05-05-39), Capit\u00e1n D. Jaime Milans del Bosch y Uss\u00eda (el 26-08-39).<\/p>\n<p align=\"JUSTIFY\">Por \u00faltimo a la VII Bandera se le han concedido las siguientes Cruces: 1331 Cruces de Guerra. 1422 Cruces de Campa\u00f1a y 1555 Cruces Rojas.<\/p>\n<p align=\"JUSTIFY\"><b>De la \u00abCol\u00f3n\u00bb<\/b><\/p>\n<p align=\"JUSTIFY\">Las<b> <\/b>m\u00e1ximas condecoraciones concedidas a personal de la VIII Bandera han sido las siguientes Medallas Militares Individuales: Teniente D. Inocencio Kadar Szas (19-12-36, <i>Boadilla, Majadahonda<\/i>), Alf\u00e9rez D. Juan Bautista Buelgas Su\u00e1rez (4 y 10 del 11-37, <i>Cuesta de las Perdices<\/i>). Propuestas que no prosperaron: Medalla Militar Colectiva VIII Bandera (10-11-36<i>, Barrio de Usera<\/i>), Medalla Militar Individual Teniente. D. Enrique Balaca Navarro (27-08- 37, <i>Ciudad Universitaria).<\/i><\/p>\n<p align=\"JUSTIFY\">Cabe destacar que en la VIII Bandera un Jefe de la misma muri\u00f3 al frente de esta unidad. Fue el Capit\u00e1n D. Manuel de Obeso y Pardo. Hab\u00eda tomado el mando el 24 de febrero de 1937 y falleci\u00f3 ese mismo a\u00f1o, el 10 de julio, en la <i>batalla de Brunete<\/i>. As\u00ed ocurrieron los hechos: Ante la situaci\u00f3n favorable creada por el Ej\u00e9rcito nacional en su victorioso ataque por el norte, el mando republicano reaccion\u00f3 con una ofensiva sobre el sector Brunete. El d\u00eda 9 de julio de 1937 la Bandera, que se encontraba concentrada en Toledo, se traslad\u00f3 urgentemente hasta <i>Villaviciosa de Od\u00f3n<\/i> y al amanecer del d\u00eda 10 recibi\u00f3 la orden de ocupar el <i>Cerro de los Mosquitos.<\/i> El Capit\u00e1n Obeso di\u00f3 las \u00f3rdenes oportunas y el cerro se conquist\u00f3 sin encontrar resistencia. Cuando ya estaba montada la seguridad, el enemigo hostiliz\u00f3 la posici\u00f3n con fuego de artiller\u00eda, carros y armas autom\u00e1ticas con tal intensidad que en pocas horas la Bandera experiment\u00f3 m\u00e1s de cincuenta bajas, entre ellas la de su Jefe, el Capit\u00e1n Obeso, muerto por la metralla de una granada.<\/p>\n<p align=\"JUSTIFY\">Si bien la VIII Bandera no posee ninguna Medalla Militar Colectiva, lo cierto es que seg\u00fan lo dicho el d\u00eda 10 de noviembre de 1936 el Teniente Coronel Tella solicit\u00f3 de la superioridad la concesi\u00f3n de la Medalla Militar Colectiva a favor de la VIII Bandera de la Legi\u00f3n, que form\u00f3 parte de su Columna, por su heroica actuaci\u00f3n en la conquista <i>del v\u00e9rtice Basurero<\/i>, pr\u00f3xima al <i>barrio de Usera<\/i>, en el frente de Madrid. Desgraciadamente no surti\u00f3 efecto la petici\u00f3n.<\/p>\n<p align=\"JUSTIFY\">En cuanto a la concesi\u00f3n de la Medalla Militar Individual al Teniente D. Inocencio Kadar Sas, m\u00e1s conocido como <i>Teniente Karoly<\/i>, lo fue por su valerosa actuaci\u00f3n en la ocupaci\u00f3n de las posiciones situadas entre <i>Boadilla del Monte y Majadahonda<\/i>, el d\u00eda 19 de diciembre de 1936. Recordemos que en el avance de las fuerzas nacionales hacia Madrid y con la ocupaci\u00f3n de Boadilla del Monte, la Secci\u00f3n del Teniente Karoly hizo frente al contraataque de cuatro carros de combate rusos y a 400 milicianos, que intentaban recobrar las posiciones consiguiendo llegar hasta las mismas alambradas, pero fueron rechazados en lucha cuerpo a cuerpo, sufriendo 20 bajas en la Secci\u00f3n.<\/p>\n<p align=\"JUSTIFY\">Otro famoso de la VIII por su valor lo fue el padre jesuita D. Pedro Mar\u00eda Ilundain, Capell\u00e1n de la Bandera, que el d\u00eda 7 de enero de 1937 tuvo una la actuaci\u00f3n heroica auxiliando y evacuando a heridos en vanguardia de la unidad durante el ataque al <i>Plant\u00edo<\/i>. El d\u00eda 10 de julio de 1937 ca\u00eda herido en la defensa del <i>Cerro del Mosquito<\/i>, durante <i>la batalla de Brunete<\/i>.<\/p>\n<p align=\"JUSTIFY\">El Comandante D. Daniel Regalado Rodr\u00edguez, Jefe de la Bandera fue herido en la toma de <i>Getafe<\/i> el 5 de noviembre de 1936. Posteriormente, y ya Teniente Coronel habilitado, encontr\u00f3 gloriosa muerte el d\u00eda 24 de julio de 1937 en la<i> batalla de Brunete<\/i>. Por O.C. de 30 de agosto de 1937 le fue concedida, a titulo p\u00f3stumo la Medalla Militar Individual.<\/p>\n<p align=\"JUSTIFY\">El Teniente D. Enrique Balaka Navarro, al mando de la 29 Compa\u00f1\u00eda (hoy 6\u00aa) tras la muerte en combate del Capit\u00e1n legionario D. Vicente Latre Cresto, fue propuesto para la Medalla Militar Individual por su destacada actuaci\u00f3n en la defensa de las posiciones del <i>Parque del Oeste<\/i>, en el frente de Madrid.<\/p>\n<p align=\"JUSTIFY\">Por \u00faltimo se\u00f1alar que el Comandante D. Alfonso de Mora y Requejo, Jefe de la Bandera despu\u00e9s de la contienda hab\u00eda ganado una Medalla Militar Individual siendo Teniente de la IV Bandera.<\/p>\n<p align=\"JUSTIFY\"><b>De la \u00abFranco\u00bb<\/b><\/p>\n<p align=\"JUSTIFY\">Seg\u00fan OC. de 18 de junio de 1938 (BO. N\u00ba597) se le concedi\u00f3 la Cruz Laureada de San Fernando por los servicios prestados en los combates de la ciudad universitaria de Madrid. Asimismo durante la guerra el personal destinado en esta Bandera le fueron concedidas 1801 medallas de campa\u00f1a, 1736 cruces rojas y 1904 cruces de guerra.<\/p>\n<p align=\"JUSTIFY\">Adem\u00e1s se les concedi\u00f3 la Medalla Militar Individual al Teniente D. Jes\u00fas D\u00edaz Noriega Pubul, al Alf\u00e9rez D. Amador Rodr\u00edguez Colubi, Alf\u00e9rez Capell\u00e1n D. Hermenegildo Val Hern\u00e1ndez, Legionario D. Francisco Torrens Suagi y Legionario D. Juan Redondo Garrido.<\/p>\n<p align=\"JUSTIFY\"><b>Relaci\u00f3n Medallas Militares Individuales<\/b><\/p>\n<p align=\"JUSTIFY\">&#8211; <i>Campa\u00f1a de Marruecos <\/i>(1920 \u201327)<\/p>\n<p align=\"JUSTIFY\">Capit\u00e1n D. Juan Ram\u00edrez Domingo (VII Bandera)<\/p>\n<p align=\"JUSTIFY\">Teniente D. Gonzalo de Ceballos Albiach (VII Bandera)<\/p>\n<p align=\"JUSTIFY\">&#8211; <i>Guerra civil<\/i> (1936 \u2013 39)<\/p>\n<p align=\"JUSTIFY\">Capit\u00e1n D. Manuel Sanjurjo Carricarte (VII Bandera)<\/p>\n<p align=\"JUSTIFY\">Capit\u00e1n D. Jaime Milans del Bosch y Uss\u00eda (VII Bandera)<\/p>\n<p align=\"JUSTIFY\">Teniente D. Bernardo Men\u00e9ndez P\u00e9rez (25 C\u00eda. \/ VII Bandera)<\/p>\n<p align=\"JUSTIFY\">Alf\u00e9rez D. Fernando Cantalapiedra y Fdez. de Toledo (VII Bandera)<\/p>\n<p align=\"JUSTIFY\">Cabo D. Jes\u00fas Cameselle Laso (VII Bandera)<\/p>\n<p align=\"JUSTIFY\">Capit\u00e1n D. Francisco Javier Arbat Gil (VIII Bandera)<\/p>\n<p align=\"JUSTIFY\">Alf\u00e9rez D. Salvador Sironi Piqueras (VIII Bandera)<\/p>\n<p align=\"JUSTIFY\">Alf\u00e9rez D. Juan Bautista Buelga Suarez (VIII Bandera)<\/p>\n<p align=\"JUSTIFY\">Legionario D. Manuel L\u00f3pez Romero (VIII Bandera)<\/p>\n<p align=\"JUSTIFY\">Teniente D. Jes\u00fas D\u00edaz Noriega Pubul (35 C\u00eda. \/ IX Bandera)<\/p>\n<p align=\"JUSTIFY\">Alf\u00e9rez D. Amador Rodr\u00edguez Colubi (34 C\u00eda. \/ IX Bandera)<\/p>\n<p align=\"JUSTIFY\">Alf\u00e9rez Capell\u00e1n D. Hermenegildo Val Hern\u00e1ndez (IX Bandera)<\/p>\n<p align=\"JUSTIFY\">Legionario D. Francisco Torrens Suagi (IX Bandera)<\/p>\n<p align=\"JUSTIFY\">Legionario D. Juan Redondo Garrido (35 C\u00eda. \/ IX Bandera)<\/p>\n<p align=\"JUSTIFY\">ANECDOTAS DE LA GUERRA CIVIL<\/p>\n<p align=\"JUSTIFY\">C\u00f3cteles de aguardiente (Fco. Cavero)<\/p>\n<p align=\"JUSTIFY\">Durante la guerra civil, estando en el frente de Madrid la VIII Bandera, inici\u00f3 el traslado hacia el frente de Arag\u00f3n. Uno de sus camiones se estrope\u00f3 al descargarse un dep\u00f3sito. Al pedir combustible, el Alf\u00e9rez Provisional Francisco Cavero solicit\u00f3 unas botellas que los legionarios ten\u00edan como <i>c\u00f3cteles Molotov<\/i> para su utilizaci\u00f3n contracarro. Estos intentaron convencer al Alf\u00e9rez de la conveniencia de no malgastar tan preciado l\u00edquido como combustible, pues nunca se sab\u00eda si pod\u00edan aparecer carros enemigos y en ese caso quedar\u00edan indefensos ante los mismos. Pero el Alf\u00e9rez fue tajante. Despu\u00e9s de llenar el dep\u00f3sito y observar que el cami\u00f3n no funcionaba comprob\u00f3 que lo que realmente acababan de echar al motor era aguardiente que los legionarios llevaban a escondidas en las citadas armas de fabricaci\u00f3n casera. (del libro <i>\u00abCon la Segunda Bandera en el frente de Arag\u00f3n\u00bb<\/i> de <i>Francisco Cavero y Cavero<\/i>).<\/p>\n<p align=\"JUSTIFY\"><b>Alf\u00e9rez Chincarenko<\/b><\/p>\n<p align=\"JUSTIFY\">El Alf\u00e9rez Chincarenko, de origen ruso, dec\u00eda que hab\u00eda sido Coronel de los Ej\u00e9rcitos del Zar. Durante la guerra civil, a la vuelta de los permisos hablaba de sus impresiones sobre las poblaciones con comentarios como: &#8230; Zaragoza, por ejemplo, es una gran poblaci\u00f3n, se come muy bien. Burgos es una poblaci\u00f3n muy deficiente, se come muy mal. Parecida distinci\u00f3n hac\u00eda con los legionarios. Cuando en su servicio de ronda nocturna pasaba delante de los centinelas que estaban en el parapeto, si ten\u00edan junto a s\u00ed al lado las granadas de mano preparadas para ser lanzadas al enemigo, era un legionario ejemplar, cosa que no lo era quien no las ten\u00eda dispuestas de tal modo.<\/p>\n<p align=\"JUSTIFY\">Cabe destacar el gran consumo de granadas de mano por parte de la Legi\u00f3n en esta guerra, porque usualmente los legionarios realizaban los asaltos transportando cajas repletas que eran lanzadas con profusi\u00f3n sobre el enemigo y s\u00f3lo en los momentos finales del asalto se acostumbraba a usar el fusil, y no para disparar sino para combatir a la bayoneta.<\/p>\n<p align=\"JUSTIFY\">El Telefonista (Mac\u00eda Serrano)<\/p>\n<p align=\"JUSTIFY\">Nos cuenta el General Maci\u00e1 Serrano como durante el avance por Andaluc\u00eda en la Guerra Civil, un Cabo de la Legi\u00f3n, que al parecer hac\u00eda la guerra por su cuenta, se meti\u00f3 en un pueblo ocupado por el enemigo y se fue directamente al Ayuntamiento. Desorientado al moverse por dentro del edificio, vino a dar con la centralita de tel\u00e9fonos. Al ver en el cuadro que se encend\u00edan y apagaban unas lucecitas y sonaban unos timbres, la p\u00edcara curiosidad le llev\u00f3 a ponerse los auriculares y o\u00edr las conversaciones.- <i>\u00a1Oiga! \u00a1oiga! \u00a1urgente! \u00a1p\u00f3ngame con el gobernador!.<\/i><\/p>\n<p align=\"JUSTIFY\">Al Cabo le hizo gracia y enchuf\u00f3 la clavija donde buenamente le pareci\u00f3. Al momento sonaba un endemoniado ruido. Tranquilamente la sac\u00f3 de all\u00ed y la enchuf\u00f3 en otro lado. La cosa fue a peor. Empez\u00f3 a sonar un timbre con tal potencia que parec\u00eda que los bomberos estaban por llegar. En tanto en el auricular no cesaba de clamar.- \u00a1Oiga! \u00a1urgente! \u00a1con el gobernador civil! \u00a1urgente! El Cabo legionario empez\u00f3 a enchufar donde buenamente le parec\u00eda y cada vez peor, hasta que oy\u00f3 por el auricular \u2013 \u00ab\u00bfTiene usted miedo? no acierta a darme esa comunicaci\u00f3n\u00bb- <i>\u00bfMiedo yo?<\/i> pero hombre, <i>\u00a1si soy un Cabo de la Legi\u00f3n!<\/i>. Fueron tan fulminantes estas palabras que cuando a los pocos minutos entraba la Bandera, el pueblo se rindi\u00f3 sin un solo tiro, pensando que la Legi\u00f3n ya se encontraba dentro ocupando los principales edificios p\u00fablicos.<\/p>\n<p align=\"JUSTIFY\"><b>Aqu\u00ed casi nadie: La Legi\u00f3n (Mac\u00eda Serrano)<\/b><\/p>\n<p align=\"JUSTIFY\">Nos cuenta otra an\u00e9cdota el <i>General Mac\u00eda Serrano<\/i>. Cerca de Madrid, cuando se lleg\u00f3 a la posici\u00f3n dominante de aquella cu\u00f1a que ten\u00eda en su despliegue, intent\u00f3 por todos los medios acabar con la posici\u00f3n. Fueron sitiados y varias veces tiroteados. Alg\u00fan atacante se debi\u00f3 de dar cuenta del hilo del tel\u00e9fono y lo conect\u00f3. Se ces\u00f3 el ataque y se pusieron al habla: &#8211; \u00abOiga, oiga, \u00bfqui\u00e9n es ah\u00ed? r\u00edndanse o asaltamos la posici\u00f3n. La volaremos. \u00bfqui\u00e9n est\u00e1 ah\u00ed?\u00bb. El Oficial a cargo de la posici\u00f3n respondi\u00f3 entre ingenuo y en jaque. <i>\u2013\u00bfQue qui\u00e9n est\u00e1 aqu\u00ed? casi nadie al aparato: la Legi\u00f3n<\/i>. Tuvieron estas palabras m\u00e1s efectos que todas las granadas de mano que se arrojaron. La posici\u00f3n, naturalmente, qued\u00f3 para la Legi\u00f3n y al Oficial le apodaron desde entonces <i>casi nadie: la Legi\u00f3n<\/i>. \u2013 \u00abA m\u00ed es que me gusta arreglar las cuestiones con buenas palabras aunque, eso s\u00ed: pocas, pero dichas a tiempo\u00bb- dec\u00eda<b>.<\/b><\/p>\n<p align=\"JUSTIFY\">De bautizo en bautizo (Gral. de la Torre)<\/p>\n<p>Ten\u00eda mi IX Bandera un Cabo de Gastadores turco llamado Otomano Saladin Ben Sadik, alto, buen mozo y con unos bigotes largos que casi se le un\u00edan a sus largas patillas. En el combate era valiente, y con los Oficiales, muy leal; pero jugador empedernido, ten\u00eda constantes broncas con sus camaradas, ya que no era limpio en juego. Por eso con frecuencia sal\u00edan a relucir los pu\u00f1os y los pu\u00f1ales. Notaba que cuando conquist\u00e1bamos alg\u00fan pueblo importante, \u00e9l desaparecer\u00eda y hac\u00eda amistad con las j\u00f3venes de Acci\u00f3n Cat\u00f3lica, hasta que nos dimos cuenta de su nuevo juego. Les insinuaba a aquellas se\u00f1oritas la posibilidad de <i>convertirse al catolicismo<\/i>, y las pobres consegu\u00edan su <i>bautizo<\/i> con gran alegr\u00eda, festejando y haci\u00e9ndole donativos. Cuatro veces, que sepamos, el muy sinverg\u00fcenza se bautiz\u00f3. En uno de los combates, mor\u00eda bravamente&#8230; cat\u00f3lico, musulm\u00e1n o laico, te dedico mi recuerdo y oraciones.<\/p>\n<p>&nbsp;<\/p>\n","protected":false},"excerpt":{"rendered":"<p>LA VII, VIII y IX EN LA GUERRA CIVIL MEDALLAS MILITARES Al hablar de las condecoraciones militares, individuales y colectivas, as\u00ed como de los hechos heroicos que motivaron su concesi\u00f3n, y no digamos ya de los ca\u00eddos, me han quedado muchos nombres y acciones en el tintero, en especial en lo que respecta a la [&hellip;]<\/p>\n","protected":false},"author":1,"featured_media":0,"parent":0,"menu_order":0,"comment_status":"closed","ping_status":"closed","template":"","meta":{"ocean_post_layout":"","ocean_both_sidebars_style":"","ocean_both_sidebars_content_width":0,"ocean_both_sidebars_sidebars_width":0,"ocean_sidebar":"","ocean_second_sidebar":"","ocean_disable_margins":"enable","ocean_add_body_class":"","ocean_shortcode_before_top_bar":"","ocean_shortcode_after_top_bar":"","ocean_shortcode_before_header":"","ocean_shortcode_after_header":"","ocean_has_shortcode":"","ocean_shortcode_after_title":"","ocean_shortcode_before_footer_widgets":"","ocean_shortcode_after_footer_widgets":"","ocean_shortcode_before_footer_bottom":"","ocean_shortcode_after_footer_bottom":"","ocean_display_top_bar":"default","ocean_display_header":"default","ocean_header_style":"","ocean_center_header_left_menu":"","ocean_custom_header_template":"","ocean_custom_logo":0,"ocean_custom_retina_logo":0,"ocean_custom_logo_max_width":0,"ocean_custom_logo_tablet_max_width":0,"ocean_custom_logo_mobile_max_width":0,"ocean_custom_logo_max_height":0,"ocean_custom_logo_tablet_max_height":0,"ocean_custom_logo_mobile_max_height":0,"ocean_header_custom_menu":"","ocean_menu_typo_font_family":"","ocean_menu_typo_font_subset":"","ocean_menu_typo_font_size":0,"ocean_menu_typo_font_size_tablet":0,"ocean_menu_typo_font_size_mobile":0,"ocean_menu_typo_font_size_unit":"px","ocean_menu_typo_font_weight":"","ocean_menu_typo_font_weight_tablet":"","ocean_menu_typo_font_weight_mobile":"","ocean_menu_typo_transform":"","ocean_menu_typo_transform_tablet":"","ocean_menu_typo_transform_mobile":"","ocean_menu_typo_line_height":0,"ocean_menu_typo_line_height_tablet":0,"ocean_menu_typo_line_height_mobile":0,"ocean_menu_typo_line_height_unit":"","ocean_menu_typo_spacing":0,"ocean_menu_typo_spacing_tablet":0,"ocean_menu_typo_spacing_mobile":0,"ocean_menu_typo_spacing_unit":"","ocean_menu_link_color":"","ocean_menu_link_color_hover":"","ocean_menu_link_color_active":"","ocean_menu_link_background":"","ocean_menu_link_hover_background":"","ocean_menu_link_active_background":"","ocean_menu_social_links_bg":"","ocean_menu_social_hover_links_bg":"","ocean_menu_social_links_color":"","ocean_menu_social_hover_links_color":"","ocean_disable_title":"default","ocean_disable_heading":"default","ocean_post_title":"","ocean_post_subheading":"","ocean_post_title_style":"","ocean_post_title_background_color":"","ocean_post_title_background":0,"ocean_post_title_bg_image_position":"","ocean_post_title_bg_image_attachment":"","ocean_post_title_bg_image_repeat":"","ocean_post_title_bg_image_size":"","ocean_post_title_height":0,"ocean_post_title_bg_overlay":0.5,"ocean_post_title_bg_overlay_color":"","ocean_disable_breadcrumbs":"default","ocean_breadcrumbs_color":"","ocean_breadcrumbs_separator_color":"","ocean_breadcrumbs_links_color":"","ocean_breadcrumbs_links_hover_color":"","ocean_display_footer_widgets":"default","ocean_display_footer_bottom":"default","ocean_custom_footer_template":"","footnotes":""},"class_list":["post-495","page","type-page","status-publish","hentry","entry"],"yoast_head":"<!-- This site is optimized with the Yoast SEO plugin v27.5 - https:\/\/yoast.com\/product\/yoast-seo-wordpress\/ -->\n<title>Medallas Militares y Anecdotas -<\/title>\n<meta name=\"robots\" content=\"index, follow, max-snippet:-1, max-image-preview:large, max-video-preview:-1\" \/>\n<link rel=\"canonical\" href=\"https:\/\/amigosdeltercertercio.com\/web\/medallas-militares-y-anecdotas\/\" \/>\n<meta property=\"og:locale\" content=\"es_ES\" \/>\n<meta property=\"og:type\" content=\"article\" \/>\n<meta property=\"og:title\" content=\"Medallas Militares y Anecdotas -\" \/>\n<meta property=\"og:description\" content=\"LA VII, VIII y IX EN LA GUERRA CIVIL MEDALLAS MILITARES Al hablar de las condecoraciones militares, individuales y colectivas, as\u00ed como de los hechos heroicos que motivaron su concesi\u00f3n, y no digamos ya de los ca\u00eddos, me han quedado muchos nombres y acciones en el tintero, en especial en lo que respecta a la [&hellip;]\" \/>\n<meta property=\"og:url\" content=\"https:\/\/amigosdeltercertercio.com\/web\/medallas-militares-y-anecdotas\/\" \/>\n<meta property=\"article:modified_time\" content=\"2014-04-21T16:12:07+00:00\" \/>\n<meta name=\"twitter:card\" content=\"summary_large_image\" \/>\n<meta name=\"twitter:label1\" content=\"Tiempo de lectura\" \/>\n\t<meta name=\"twitter:data1\" content=\"11 minutos\" \/>\n<script type=\"application\/ld+json\" class=\"yoast-schema-graph\">{\"@context\":\"https:\\\/\\\/schema.org\",\"@graph\":[{\"@type\":\"WebPage\",\"@id\":\"https:\\\/\\\/amigosdeltercertercio.com\\\/web\\\/medallas-militares-y-anecdotas\\\/\",\"url\":\"https:\\\/\\\/amigosdeltercertercio.com\\\/web\\\/medallas-militares-y-anecdotas\\\/\",\"name\":\"Medallas Militares y Anecdotas -\",\"isPartOf\":{\"@id\":\"https:\\\/\\\/amigosdeltercertercio.com\\\/web\\\/#website\"},\"datePublished\":\"2014-04-20T17:22:18+00:00\",\"dateModified\":\"2014-04-21T16:12:07+00:00\",\"breadcrumb\":{\"@id\":\"https:\\\/\\\/amigosdeltercertercio.com\\\/web\\\/medallas-militares-y-anecdotas\\\/#breadcrumb\"},\"inLanguage\":\"es\",\"potentialAction\":[{\"@type\":\"ReadAction\",\"target\":[\"https:\\\/\\\/amigosdeltercertercio.com\\\/web\\\/medallas-militares-y-anecdotas\\\/\"]}]},{\"@type\":\"BreadcrumbList\",\"@id\":\"https:\\\/\\\/amigosdeltercertercio.com\\\/web\\\/medallas-militares-y-anecdotas\\\/#breadcrumb\",\"itemListElement\":[{\"@type\":\"ListItem\",\"position\":1,\"name\":\"Home\",\"item\":\"https:\\\/\\\/amigosdeltercertercio.com\\\/web\\\/\"},{\"@type\":\"ListItem\",\"position\":2,\"name\":\"Medallas Militares y Anecdotas\"}]},{\"@type\":\"WebSite\",\"@id\":\"https:\\\/\\\/amigosdeltercertercio.com\\\/web\\\/#website\",\"url\":\"https:\\\/\\\/amigosdeltercertercio.com\\\/web\\\/\",\"name\":\"\",\"description\":\"\",\"potentialAction\":[{\"@type\":\"SearchAction\",\"target\":{\"@type\":\"EntryPoint\",\"urlTemplate\":\"https:\\\/\\\/amigosdeltercertercio.com\\\/web\\\/?s={search_term_string}\"},\"query-input\":{\"@type\":\"PropertyValueSpecification\",\"valueRequired\":true,\"valueName\":\"search_term_string\"}}],\"inLanguage\":\"es\"}]}<\/script>\n<!-- \/ Yoast SEO plugin. -->","yoast_head_json":{"title":"Medallas Militares y Anecdotas -","robots":{"index":"index","follow":"follow","max-snippet":"max-snippet:-1","max-image-preview":"max-image-preview:large","max-video-preview":"max-video-preview:-1"},"canonical":"https:\/\/amigosdeltercertercio.com\/web\/medallas-militares-y-anecdotas\/","og_locale":"es_ES","og_type":"article","og_title":"Medallas Militares y Anecdotas -","og_description":"LA VII, VIII y IX EN LA GUERRA CIVIL MEDALLAS MILITARES Al hablar de las condecoraciones militares, individuales y colectivas, as\u00ed como de los hechos heroicos que motivaron su concesi\u00f3n, y no digamos ya de los ca\u00eddos, me han quedado muchos nombres y acciones en el tintero, en especial en lo que respecta a la [&hellip;]","og_url":"https:\/\/amigosdeltercertercio.com\/web\/medallas-militares-y-anecdotas\/","article_modified_time":"2014-04-21T16:12:07+00:00","twitter_card":"summary_large_image","twitter_misc":{"Tiempo de lectura":"11 minutos"},"schema":{"@context":"https:\/\/schema.org","@graph":[{"@type":"WebPage","@id":"https:\/\/amigosdeltercertercio.com\/web\/medallas-militares-y-anecdotas\/","url":"https:\/\/amigosdeltercertercio.com\/web\/medallas-militares-y-anecdotas\/","name":"Medallas Militares y Anecdotas -","isPartOf":{"@id":"https:\/\/amigosdeltercertercio.com\/web\/#website"},"datePublished":"2014-04-20T17:22:18+00:00","dateModified":"2014-04-21T16:12:07+00:00","breadcrumb":{"@id":"https:\/\/amigosdeltercertercio.com\/web\/medallas-militares-y-anecdotas\/#breadcrumb"},"inLanguage":"es","potentialAction":[{"@type":"ReadAction","target":["https:\/\/amigosdeltercertercio.com\/web\/medallas-militares-y-anecdotas\/"]}]},{"@type":"BreadcrumbList","@id":"https:\/\/amigosdeltercertercio.com\/web\/medallas-militares-y-anecdotas\/#breadcrumb","itemListElement":[{"@type":"ListItem","position":1,"name":"Home","item":"https:\/\/amigosdeltercertercio.com\/web\/"},{"@type":"ListItem","position":2,"name":"Medallas Militares y Anecdotas"}]},{"@type":"WebSite","@id":"https:\/\/amigosdeltercertercio.com\/web\/#website","url":"https:\/\/amigosdeltercertercio.com\/web\/","name":"","description":"","potentialAction":[{"@type":"SearchAction","target":{"@type":"EntryPoint","urlTemplate":"https:\/\/amigosdeltercertercio.com\/web\/?s={search_term_string}"},"query-input":{"@type":"PropertyValueSpecification","valueRequired":true,"valueName":"search_term_string"}}],"inLanguage":"es"}]}},"_links":{"self":[{"href":"https:\/\/amigosdeltercertercio.com\/web\/wp-json\/wp\/v2\/pages\/495","targetHints":{"allow":["GET"]}}],"collection":[{"href":"https:\/\/amigosdeltercertercio.com\/web\/wp-json\/wp\/v2\/pages"}],"about":[{"href":"https:\/\/amigosdeltercertercio.com\/web\/wp-json\/wp\/v2\/types\/page"}],"author":[{"embeddable":true,"href":"https:\/\/amigosdeltercertercio.com\/web\/wp-json\/wp\/v2\/users\/1"}],"replies":[{"embeddable":true,"href":"https:\/\/amigosdeltercertercio.com\/web\/wp-json\/wp\/v2\/comments?post=495"}],"version-history":[{"count":2,"href":"https:\/\/amigosdeltercertercio.com\/web\/wp-json\/wp\/v2\/pages\/495\/revisions"}],"predecessor-version":[{"id":675,"href":"https:\/\/amigosdeltercertercio.com\/web\/wp-json\/wp\/v2\/pages\/495\/revisions\/675"}],"wp:attachment":[{"href":"https:\/\/amigosdeltercertercio.com\/web\/wp-json\/wp\/v2\/media?parent=495"}],"curies":[{"name":"wp","href":"https:\/\/api.w.org\/{rel}","templated":true}]}}