{"id":506,"date":"2014-04-20T17:39:29","date_gmt":"2014-04-20T17:39:29","guid":{"rendered":"https:\/\/amigosdeltercertercio.com\/web\/?page_id=506"},"modified":"2014-04-22T14:53:19","modified_gmt":"2014-04-22T14:53:19","slug":"antecedentes-de-la-vii-y-viii-la-ii-iv-y-vi","status":"publish","type":"page","link":"https:\/\/amigosdeltercertercio.com\/web\/antecedentes-de-la-vii-y-viii-la-ii-iv-y-vi\/","title":{"rendered":"Antecedentes de la VII y VIII: la II, IV y VI"},"content":{"rendered":"<p align=\"center\">LA 3 C\u00cdA Y IX BRA EN EL CONFLICTO DE IFNI-SAHARA, 1956-1958<\/p>\n<p align=\"JUSTIFY\"><strong>ANTECEDENTES DE LA VII Y VIII: LA II, IV Y VI<\/strong><\/p>\n<p align=\"JUSTIFY\">Como ya dije al principio de este cap\u00edtulo, tras la organizaci\u00f3n <i>urgente<\/i> de la XIII Bandera independiente en el verano de 1956, la situaci\u00f3n pol\u00edtica creada por la concesi\u00f3n de la independencia a Marruecos y los acontecimientos originados por la constituci\u00f3n de bandas armadas en Ifni y Sahara (algunas procedentes del reino alauita), motivaron el env\u00edo de fuerzas expedicionarias a este territorio. En lo que respecta a la Legi\u00f3n, la primera Bandera que se traslad\u00f3 desde el norte de Africa al Africa Occidental fue la IV del 2\u00ba Tercio en junio de 1957. Unos meses m\u00e1s tarde, en noviembre de ese mismo a\u00f1o, lo hicieron la II (1er Tercio) y la VI (2\u00ba Tercio). Por \u00faltimo, la IX del 3er Tercio march\u00f3 al Sahara en enero de 1958.<\/p>\n<p align=\"JUSTIFY\">De este modo, cuando el 1 de octubre de 1958 se crea el 3er Tercio sahariano, seg\u00fan hemos visto, la VII y VIII Banderas no se trasladan de Larache al Aai\u00fan sino que se le cambian los Guiones a la II y IV expedicionarias. Por su parte la VI, al disolverse, la mayor parte de sus componentes se integran en el 3er Tercio, de ah\u00ed que se relaten seguidamente los principales hechos de armas en los que intervinieron aquellos legionarios que unos meses m\u00e1s tarde iban a formar en las filas del 3er Tercio. Por otro lado, aunque solo fuera a modo de ambientaci\u00f3n, parece l\u00f3gico el relatar un resumen de lo que ocurri\u00f3 en estos territorios antes y durante la estancia de la IX Bandera en los mismos.<\/p>\n<p align=\"JUSTIFY\">IV Bandera<\/p>\n<p align=\"JUSTIFY\">El <i>General Mari\u00f1as<\/i> en el libro el <i>Sahara y La Legi\u00f3n <\/i>y el <i>General Alonso Baquer <\/i>en <i>La Infanter\u00eda de los tiempos modernos<\/i> nos hablan de la actuaci\u00f3n de estas Banderas expedicionarias:<\/p>\n<blockquote>\n<blockquote><p>&nbsp;<\/p>\n<p align=\"JUSTIFY\"><b><\/b><span style=\"font-family: 'Trebuchet MS'; font-size: large;\"><b>\u00ab<\/b>La IV en el mes de junio de 1957 embarc\u00f3 al mando del Comandante Alfonso Rodr\u00edguez Cullel en el crucero <i>M\u00e9ndez N\u00fa\u00f1ez<\/i> y en el transporte <i>Tarifa,<\/i> llegando los d\u00edas 20 y 26 a <i>Villa Cisneros. <\/i>Hasta finales del a\u00f1o 1957 todas las Compa\u00f1\u00edas realizaron extensos recorridos por la zona <i>El Aai\u00fan\u2013Villa Cisneros<\/i>, estableciendo contacto con las bandas armadas rebeldes en las proximidades de <i>El Aai\u00fan<\/i> el 20 de diciembre de 1957. El enemigo atac\u00f3 las posiciones ocupadas por la Bandera siendo en\u00e9rgicamente rechazado. El d\u00eda 22 del mismo mes, las bandas procedentes de la zona de dunas, divididas en varios grupos intentaron simult\u00e1neamente infiltrarse en las posiciones situadas en sector norte de <i>El Aai\u00fan<\/i>, siendo rechazadas y experimentando la Bandera las primeras bajas: 1 legionario muerto y 2 Cabos heridos.<\/span><\/p>\n<p align=\"JUSTIFY\">El 13 de enero de 1958, fecha en que tuvo lugar el <i>combate de Edchera<\/i>, la 2\u00aa C\u00eda de la Bandera acudi\u00f3 a reforzar a la XIII, sufriendo en la acci\u00f3n 2 bajas: 1 Cabo 1\u00ba muerto y 1 Cabo herido. El 10 de febrero, la Bandera formando parte de la <i>Agrupaci\u00f3n A<\/i> tom\u00f3 parte en las operaciones que se desarrollaron sobre la <i>Saguia<\/i>. El d\u00eda 12 ocup\u00f3 <i>Tafudart<\/i> y el morabito <i>del Chej Merebbi Rabbu <\/i>y posteriormente realiz\u00f3 acciones de limpieza por las zonas de <i>Bu Cr\u00e1a<\/i>, <i>Tigsert<\/i> y <i>Rayen Mansur<\/i>.<\/p>\n<p align=\"JUSTIFY\">Al t\u00e9rmino de las operaciones ya pod\u00eda decir que la resistencia de las bandas rebeldes en la cuenca de la <i>Saguia el Hamra<\/i> hab\u00eda terminado. A \u00faltimos de mayo la Bandera march\u00f3 a <i>Smara<\/i> donde qued\u00f3 de guarnici\u00f3n, realizando operaciones de limpieza en las zonas de <i>Guelta Zemmur<\/i> y <i>El Farsia<\/i>. La IV Bandera, seg\u00fan lo dicho, ya no habr\u00eda de incorporarse a la Plana Mayor del Tercio 2 en <i>Ceuta<\/i>. Al terminar su misi\u00f3n en el Sahara se integr\u00f3, el 1 de octubre de 1958 en el Tercio Sahariano<i> Don Juan de Austria<\/i> para constituirse en la VIII Bandera\u00bb.<\/p>\n<\/blockquote>\n<\/blockquote>\n<p align=\"JUSTIFY\">II Bandera<\/p>\n<p align=\"JUSTIFY\">En lo que respecta a la II Bandera, esta unidad del 1er Tercio, bajo el mando del Comandante Florencio Apell\u00e1niz Fern\u00e1ndez, fue transportada por el aire desde <i>Tahuima<\/i> y desembarc\u00f3 en <i>Villa Bens<\/i> a partir del 5 de noviembre de 1957 . El d\u00eda 10 de ese mismo mes, el Comandante Jefe de la Bandera se hizo cargo del mando militar del territorio del <i>Dr\u00e1a,<\/i> con los siguientes medios situados en <i>Villa Bens<\/i>: II Bandera de la Legi\u00f3n; dos Compa\u00f1\u00edas expedicionarias procedentes de Canarias; una Secci\u00f3n de ametralladoras del III T\u00e1bor de Tiradores de Ifni; una Secci\u00f3n de los Grupos N\u00f3madas de Polic\u00eda y otras unidades de los Servicios. En los primeros d\u00edas de diciembre, la Bandera efectu\u00f3 diversos reconocimientos por la pista de <i>El Aai\u00fan<\/i>, llegando el d\u00eda 11 a <i>Tah<\/i>, sin tomar contacto con el enemigo y regresando a <i>Villa Bens<\/i>.<\/p>\n<p align=\"JUSTIFY\">El 29 de enero de 1958 se recibieron noticias de que las bandas rebeldes merodeaban por las proximidades de <i>Tidrat.<\/i> La 7\u00aa C\u00eda efectu\u00f3 un reconocimiento sin encontrar al enemigo. El 1 de febrero, la Bandera, motorizada al completo, sali\u00f3 en direcci\u00f3n sur por la pista de <i>El Aai\u00fan<\/i> estableciendo contacto en la <i>Sebja Um Deboaa<\/i> con la IV Bandera que proced\u00eda de <i>El Aai\u00fan<\/i>. No habiendo podido localizar al enemigo, regres\u00f3 de nuevo a <i>Villa Bens.<\/i> El d\u00eda 9 de febrero, la Bandera formando parte de la <i>Agrupaci\u00f3n B<\/i> constituida para la <i>Operaci\u00f3n Teide<\/i> parti\u00f3 hacia la <i>Sebja de <\/i>Tah<i>.<\/i> Al d\u00eda siguiente lleg\u00f3 a <i>Daora <\/i>desde donde inici\u00f3 el avance en vanguardia de la Agrupaci\u00f3n.<\/p>\n<p align=\"JUSTIFY\">Despu\u00e9s de cruzar la llanura de <i>Iguetian<\/i>, la Bandera avanz\u00f3 a <i>Tafudart,<\/i> hacia donde se dirigi\u00f3 desde <i>As\u00e1tef<\/i> en la tarde del d\u00eda 11 junto con el Grupo de Caballer\u00eda <i>Pav\u00eda<\/i> y la Bater\u00eda de 105\/26. Conforme avanz\u00f3 la vanguardia, el enemigo repleg\u00f3 sus puestos avanzados del borde norte de la <i>Saguia<\/i>. Un destacamento de Caballer\u00eda compuesto por una Secci\u00f3n de carros y otra mecanizada, se dirig\u00eda hacia el oeste, sobre el espol\u00f3n al sur de la <i>Sebja de <\/i>Agueneiguin<i>,<\/i> cortando al enemigo la retirada por esta parte. La II Bandera progres\u00f3 sobre la <i>Saguia <\/i>en la zona de <i>Tafudart.<\/i> Los carros de la Caballer\u00eda la preced\u00edan y al mismo tiempo aparecieron los aviones T-6 que dispararon sus cohetes sobre las cuevas de las escarpaduras.<\/p>\n<p align=\"JUSTIFY\">El enemigo no aparec\u00eda por ninguna parte. Al d\u00eda siguiente, 12 de febrero, la 6\u00aa C\u00eda de la Bandera baj\u00f3 al cauce de la <i>Saguia<\/i> en la zona de <i>Tafudart<\/i>, para establecerse en defensiva. El d\u00eda 13 se ocup\u00f3 <i>Tuifidiret<\/i> por fuerzas de la II Bandera. El resultado fue sorprendente, no tanto por la resistencia del enemigo, sino por el gran bot\u00edn recogido. All\u00ed hab\u00eda elementos suficientes para una larga estancia de un millar de hombres durante un largo per\u00edodo de tiempo: municiones, v\u00edveres, una tienda hospital para veinte camas y restos de todas clases, abandonados con evidente precipitaci\u00f3n. Resultaron especialmente importantes los efectos causados por la aviaci\u00f3n y, m\u00e1s concretamente, por los cohetes de los T-6. En esta operaci\u00f3n result\u00f3 muerto un legionario de la 6\u00aa C\u00eda.<\/p>\n<p align=\"JUSTIFY\">Poco tiempo despu\u00e9s se orden\u00f3 que la Bandera cruzase la <i>Saguia el Hamra<\/i> y que progresase en direcci\u00f3n sur para establecer contacto con la <i>Agrupaci\u00f3n <\/i>A que avanzaba por el sur del gran <i>Uad.<\/i> Transcurri\u00f3 el d\u00eda siguiente sin ver a ninguna unidad, no pudiendo progresar debido a la fuerte tempestad de arena que se levant\u00f3 repentinamente. De nuevo se cruz\u00f3 la <i>Saguia<\/i> con verdadero esp\u00edritu de superaci\u00f3n y eso a pesar de que todos los componentes de la Bandera padec\u00edan fuerte sed y muchos marchaban casi descalzos. La Bandera pernoct\u00f3 a unos 12 kil\u00f3metros de <i>Tafudart<\/i> y el d\u00eda 15 lleg\u00f3 all\u00ed para trasladarse posteriormente a <i>Gaada<\/i>. Para cumplimentar lo dispuesto en la <i>Operaci\u00f3n Teide<\/i> en su 2\u00aa fase, que comprend\u00eda la limpieza de toda la regi\u00f3n norte, se dispuso la ocupaci\u00f3n de <i>Hagunia.<\/i><\/p>\n<p align=\"JUSTIFY\">La operaci\u00f3n tuvo lugar el d\u00eda 17 de febrero de 1958 y consisti\u00f3 en una acci\u00f3n combinada entre fuerzas de tierra y aire. Las de tierra estaban constituidas por la II Bandera del Tercio, el Batall\u00f3n del Regimiento Guadalajara 20 y el Grupo de Escuadrones del Regimiento Pav\u00eda 4. La participaci\u00f3n del Ej\u00e9rcito del Aire se basaba en una preparaci\u00f3n por el fuego de los aviones T-6 precediendo al lanzamiento de 2 Compa\u00f1\u00edas de paracaidistas. La maniobra consist\u00eda en lanzar, despu\u00e9s del desembarco de los paracaidistas, a 3 Grupos de Combate sobre el puesto. Dos de ellos a base de fuerzas de la Legi\u00f3n y el tercero constituido por unidades del Batall\u00f3n de Guadalajara y todos ellos reforzados por unidades del Grupo de Caballer\u00eda. Los Grupos de la Legi\u00f3n atacar\u00edan simult\u00e1neamente <i>Hagunia<\/i> desde el norte y desde el este; el otro lo har\u00eda posteriormente desde el sur. Cuando se produjo la confluencia de este importante conjunto de fuerzas sobre <i>Hagunia<\/i> no encontraron a nadie. El enemigo hab\u00eda desaparecido.<\/p>\n<p align=\"JUSTIFY\">El d\u00eda 19 la Bandera efectu\u00f3 reconocimientos por el cauce de la <i>Saguia,<\/i> recogi\u00e9ndose material abandonado por las bandas rebeldes. Ese mismo d\u00eda, por la tarde, la unidad, menos la 8\u00aa C\u00eda y una Secci\u00f3n de ametralladoras, se traslad\u00f3 a <i>Villa Bens<\/i>, efectuando un reconocimiento detallado por la cadena de dunas situada en la pista, pernoctando en <i>Tah<\/i> y llegando a <i>Villa Bens<\/i> el d\u00eda 20. El d\u00eda 11 de marzo regres\u00f3 de nuevo a <i>Hagunia<\/i>, haci\u00e9ndose cargo del destacamento el Jefe de la Bandera, que contaba, adem\u00e1s con un Pelot\u00f3n de carros M-24, una Secci\u00f3n de Polic\u00eda Ind\u00edgena y servicios de Intendencia y Transmisiones. Desde <i>Hagunia<\/i>, unidades y patrullas de la Bandera efectuaban servicios normales de campa\u00f1a.<\/p>\n<p align=\"JUSTIFY\">El d\u00eda 1 de abril de 1958 por el <i>Convenio de Cintra,<\/i> se entregaron al Reino de Marruecos los territorios situados al norte del paralelo 27\u00ba 40\u2019. Durante los d\u00edas 10 al 13 se produjo una gran tensi\u00f3n en la frontera al intentar cruzarla esta columna de las Fuerzas Reales Marroqu\u00edes, lo que dio lugar al llamado <i>incidente del Sequen<\/i>, en el que un Subgrupo T\u00e1ctico de la II Bandera tuvo una destacada actuaci\u00f3n. El 1 de octubre de 1958 esta Bandera, como ya se dijo, se denominar\u00e1 en lo sucesivo VII Bandera integr\u00e1ndose en el Tercio Sahariano<i> Don Juan de Austria <\/i>3\u00ba de la Legi\u00f3n.<\/p>\n<p align=\"JUSTIFY\">VI Bandera<\/p>\n<p align=\"JUSTIFY\">Por su parte<b> <\/b>la VI Bandera del 2\u00ba Tercio desembarc\u00f3 en <i>Las Palmas<\/i> el 7 de noviembre de 1957 procedente de <i>Riffien<\/i>. Por v\u00eda a\u00e9rea fue enviado su personal al <i>El Aai\u00fan<\/i>. Nada m\u00e1s instalarse en la Plaza fue trasladada a <i>Ifni<\/i>, debido a la tensi\u00f3n existente en este territorio. Del 1 al 6 de diciembre particip\u00f3, junto a otras unidades, en la <i>operaci\u00f3n Netol<\/i>, cuyo objetivo era levantar el cerco, liberar y replegar las guarniciones del v\u00e9rtice <i>Agri<\/i> (Secci\u00f3n de paracaidistas del Teniente Ortiz de Z\u00e1rate), <i>Telata y Tiliuin<\/i>.<\/p>\n<p align=\"JUSTIFY\">La operaci\u00f3n constituy\u00f3 un \u00e9xito. El d\u00eda 6, nada m\u00e1s alcanzar <i>Ifni<\/i>, se sum\u00f3 a la operaci\u00f3n <i>Gento<\/i>, iniciada el d\u00eda anterior por tres Batallones, cuyo objetivo consist\u00eda en la ruptura del cerco de <i>Zoco del Tenin<\/i> y <i>Tiugsa,<\/i> y el repliegue de sus guarniciones. La Bandera cubri\u00f3 el flanco norte del itinerario que hab\u00eda de seguir la Agrupaci\u00f3n, deteniendo al enemigo y facilitando tanto la progresi\u00f3n como el repliegue. El d\u00eda 7 tuvo que intervenir sobre la pista de <i>Tiugsa <\/i>para proteger los restos de una Secci\u00f3n del Batall\u00f3n del <i>Soria 9<\/i>, mandada por el Alf\u00e9rez Rojas Navarrete, pr\u00e1cticamente destruida sobre la zona.<\/p>\n<p align=\"JUSTIFY\"><span style=\"font-family: 'Trebuchet MS'; font-size: large;\">El 31 de enero de 1958 particip\u00f3 en la <i>operaci\u00f3n Diana<\/i>, ampliaci\u00f3n de la organizaci\u00f3n defensiva que rodeaba <i>Sidi Ifni<\/i>, progresando en vanguardia y con rapidez hasta alcanzar <i>Alas Ida Usugun<\/i>. Una vez all\u00ed organiz\u00f3, con el refuerzo de una Compa\u00f1\u00eda paracaidista y otra de ametralladoras, un centro de resistencia. Fue relevada el 16 de febrero. Tom\u00f3 parte tres d\u00edas despu\u00e9s de la <i>operaci\u00f3n Pegaso<\/i>, y en un reconocimiento armado sobre la costa norte del territorio. La Bandera, tras romper el despliegue enemigo en <i>Bullarifen<\/i>, progres\u00f3 hasta las inmediaciones de <i>Ercunt,<\/i> desde donde apoy\u00f3 el lanzamiento de una Compa\u00f1\u00eda paracaidista y posteriormente protegi\u00f3 su repliegue. Terminada la campa\u00f1a, el 27 de agosto de 1958, relev\u00f3 en <i>El Aai\u00fan<\/i> a la XIII Bandera, que pas\u00f3 a formar parte de la guarnici\u00f3n de Ifni. En octubre de 1958, al ser creado el 3er Tercio sahariano, gran parte de sus componentes, con motivo de la disoluci\u00f3n de la VI Bandera, se integraron en la VII y VIII.<\/span><\/p>\n","protected":false},"excerpt":{"rendered":"<p>LA 3 C\u00cdA Y IX BRA EN EL CONFLICTO DE IFNI-SAHARA, 1956-1958 ANTECEDENTES DE LA VII Y VIII: LA II, IV Y VI Como ya dije al principio de este cap\u00edtulo, tras la organizaci\u00f3n urgente de la XIII Bandera independiente en el verano de 1956, la situaci\u00f3n pol\u00edtica creada por la concesi\u00f3n de la independencia [&hellip;]<\/p>\n","protected":false},"author":1,"featured_media":0,"parent":0,"menu_order":0,"comment_status":"closed","ping_status":"closed","template":"","meta":{"ocean_post_layout":"","ocean_both_sidebars_style":"","ocean_both_sidebars_content_width":0,"ocean_both_sidebars_sidebars_width":0,"ocean_sidebar":"","ocean_second_sidebar":"","ocean_disable_margins":"enable","ocean_add_body_class":"","ocean_shortcode_before_top_bar":"","ocean_shortcode_after_top_bar":"","ocean_shortcode_before_header":"","ocean_shortcode_after_header":"","ocean_has_shortcode":"","ocean_shortcode_after_title":"","ocean_shortcode_before_footer_widgets":"","ocean_shortcode_after_footer_widgets":"","ocean_shortcode_before_footer_bottom":"","ocean_shortcode_after_footer_bottom":"","ocean_display_top_bar":"default","ocean_display_header":"default","ocean_header_style":"","ocean_center_header_left_menu":"","ocean_custom_header_template":"","ocean_custom_logo":0,"ocean_custom_retina_logo":0,"ocean_custom_logo_max_width":0,"ocean_custom_logo_tablet_max_width":0,"ocean_custom_logo_mobile_max_width":0,"ocean_custom_logo_max_height":0,"ocean_custom_logo_tablet_max_height":0,"ocean_custom_logo_mobile_max_height":0,"ocean_header_custom_menu":"","ocean_menu_typo_font_family":"","ocean_menu_typo_font_subset":"","ocean_menu_typo_font_size":0,"ocean_menu_typo_font_size_tablet":0,"ocean_menu_typo_font_size_mobile":0,"ocean_menu_typo_font_size_unit":"px","ocean_menu_typo_font_weight":"","ocean_menu_typo_font_weight_tablet":"","ocean_menu_typo_font_weight_mobile":"","ocean_menu_typo_transform":"","ocean_menu_typo_transform_tablet":"","ocean_menu_typo_transform_mobile":"","ocean_menu_typo_line_height":0,"ocean_menu_typo_line_height_tablet":0,"ocean_menu_typo_line_height_mobile":0,"ocean_menu_typo_line_height_unit":"","ocean_menu_typo_spacing":0,"ocean_menu_typo_spacing_tablet":0,"ocean_menu_typo_spacing_mobile":0,"ocean_menu_typo_spacing_unit":"","ocean_menu_link_color":"","ocean_menu_link_color_hover":"","ocean_menu_link_color_active":"","ocean_menu_link_background":"","ocean_menu_link_hover_background":"","ocean_menu_link_active_background":"","ocean_menu_social_links_bg":"","ocean_menu_social_hover_links_bg":"","ocean_menu_social_links_color":"","ocean_menu_social_hover_links_color":"","ocean_disable_title":"default","ocean_disable_heading":"default","ocean_post_title":"","ocean_post_subheading":"","ocean_post_title_style":"","ocean_post_title_background_color":"","ocean_post_title_background":0,"ocean_post_title_bg_image_position":"","ocean_post_title_bg_image_attachment":"","ocean_post_title_bg_image_repeat":"","ocean_post_title_bg_image_size":"","ocean_post_title_height":0,"ocean_post_title_bg_overlay":0.5,"ocean_post_title_bg_overlay_color":"","ocean_disable_breadcrumbs":"default","ocean_breadcrumbs_color":"","ocean_breadcrumbs_separator_color":"","ocean_breadcrumbs_links_color":"","ocean_breadcrumbs_links_hover_color":"","ocean_display_footer_widgets":"default","ocean_display_footer_bottom":"default","ocean_custom_footer_template":"","footnotes":""},"class_list":["post-506","page","type-page","status-publish","hentry","entry"],"yoast_head":"<!-- This site is optimized with the Yoast SEO plugin v27.4 - https:\/\/yoast.com\/product\/yoast-seo-wordpress\/ -->\n<title>Antecedentes de la VII y VIII: la II, IV y VI -<\/title>\n<meta name=\"description\" content=\"orde, en noviembre de ese mismo a\u00f1o, lo hicieron la II (1er Tercio) y la VI (2\u00ba Tercio). Por \u00faltimo, la IX del 3er Tercio march\u00f3 al Sahara en enero de 1958.\" \/>\n<meta name=\"robots\" content=\"index, follow, max-snippet:-1, max-image-preview:large, max-video-preview:-1\" \/>\n<link rel=\"canonical\" href=\"https:\/\/amigosdeltercertercio.com\/web\/antecedentes-de-la-vii-y-viii-la-ii-iv-y-vi\/\" \/>\n<meta property=\"og:locale\" content=\"es_ES\" \/>\n<meta property=\"og:type\" content=\"article\" \/>\n<meta property=\"og:title\" content=\"Antecedentes de la VII y VIII: la II, IV y VI -\" \/>\n<meta property=\"og:description\" content=\"orde, en noviembre de ese mismo a\u00f1o, lo hicieron la II (1er Tercio) y la VI (2\u00ba Tercio). Por \u00faltimo, la IX del 3er Tercio march\u00f3 al Sahara en enero de 1958.\" \/>\n<meta property=\"og:url\" content=\"https:\/\/amigosdeltercertercio.com\/web\/antecedentes-de-la-vii-y-viii-la-ii-iv-y-vi\/\" \/>\n<meta property=\"article:modified_time\" content=\"2014-04-22T14:53:19+00:00\" \/>\n<meta name=\"twitter:card\" content=\"summary_large_image\" \/>\n<meta name=\"twitter:label1\" content=\"Tiempo de lectura\" \/>\n\t<meta name=\"twitter:data1\" content=\"11 minutos\" \/>\n<script type=\"application\/ld+json\" class=\"yoast-schema-graph\">{\"@context\":\"https:\\\/\\\/schema.org\",\"@graph\":[{\"@type\":\"WebPage\",\"@id\":\"https:\\\/\\\/amigosdeltercertercio.com\\\/web\\\/antecedentes-de-la-vii-y-viii-la-ii-iv-y-vi\\\/\",\"url\":\"https:\\\/\\\/amigosdeltercertercio.com\\\/web\\\/antecedentes-de-la-vii-y-viii-la-ii-iv-y-vi\\\/\",\"name\":\"Antecedentes de la VII y VIII: la II, IV y VI -\",\"isPartOf\":{\"@id\":\"https:\\\/\\\/amigosdeltercertercio.com\\\/web\\\/#website\"},\"datePublished\":\"2014-04-20T17:39:29+00:00\",\"dateModified\":\"2014-04-22T14:53:19+00:00\",\"description\":\"orde, en noviembre de ese mismo a\u00f1o, lo hicieron la II (1er Tercio) y la VI (2\u00ba Tercio). Por \u00faltimo, la IX del 3er Tercio march\u00f3 al Sahara en enero de 1958.\",\"breadcrumb\":{\"@id\":\"https:\\\/\\\/amigosdeltercertercio.com\\\/web\\\/antecedentes-de-la-vii-y-viii-la-ii-iv-y-vi\\\/#breadcrumb\"},\"inLanguage\":\"es\",\"potentialAction\":[{\"@type\":\"ReadAction\",\"target\":[\"https:\\\/\\\/amigosdeltercertercio.com\\\/web\\\/antecedentes-de-la-vii-y-viii-la-ii-iv-y-vi\\\/\"]}]},{\"@type\":\"BreadcrumbList\",\"@id\":\"https:\\\/\\\/amigosdeltercertercio.com\\\/web\\\/antecedentes-de-la-vii-y-viii-la-ii-iv-y-vi\\\/#breadcrumb\",\"itemListElement\":[{\"@type\":\"ListItem\",\"position\":1,\"name\":\"Home\",\"item\":\"https:\\\/\\\/amigosdeltercertercio.com\\\/web\\\/\"},{\"@type\":\"ListItem\",\"position\":2,\"name\":\"Antecedentes de la VII y VIII: la II, IV y VI\"}]},{\"@type\":\"WebSite\",\"@id\":\"https:\\\/\\\/amigosdeltercertercio.com\\\/web\\\/#website\",\"url\":\"https:\\\/\\\/amigosdeltercertercio.com\\\/web\\\/\",\"name\":\"\",\"description\":\"\",\"potentialAction\":[{\"@type\":\"SearchAction\",\"target\":{\"@type\":\"EntryPoint\",\"urlTemplate\":\"https:\\\/\\\/amigosdeltercertercio.com\\\/web\\\/?s={search_term_string}\"},\"query-input\":{\"@type\":\"PropertyValueSpecification\",\"valueRequired\":true,\"valueName\":\"search_term_string\"}}],\"inLanguage\":\"es\"}]}<\/script>\n<!-- \/ Yoast SEO plugin. -->","yoast_head_json":{"title":"Antecedentes de la VII y VIII: la II, IV y VI -","description":"orde, en noviembre de ese mismo a\u00f1o, lo hicieron la II (1er Tercio) y la VI (2\u00ba Tercio). Por \u00faltimo, la IX del 3er Tercio march\u00f3 al Sahara en enero de 1958.","robots":{"index":"index","follow":"follow","max-snippet":"max-snippet:-1","max-image-preview":"max-image-preview:large","max-video-preview":"max-video-preview:-1"},"canonical":"https:\/\/amigosdeltercertercio.com\/web\/antecedentes-de-la-vii-y-viii-la-ii-iv-y-vi\/","og_locale":"es_ES","og_type":"article","og_title":"Antecedentes de la VII y VIII: la II, IV y VI -","og_description":"orde, en noviembre de ese mismo a\u00f1o, lo hicieron la II (1er Tercio) y la VI (2\u00ba Tercio). Por \u00faltimo, la IX del 3er Tercio march\u00f3 al Sahara en enero de 1958.","og_url":"https:\/\/amigosdeltercertercio.com\/web\/antecedentes-de-la-vii-y-viii-la-ii-iv-y-vi\/","article_modified_time":"2014-04-22T14:53:19+00:00","twitter_card":"summary_large_image","twitter_misc":{"Tiempo de lectura":"11 minutos"},"schema":{"@context":"https:\/\/schema.org","@graph":[{"@type":"WebPage","@id":"https:\/\/amigosdeltercertercio.com\/web\/antecedentes-de-la-vii-y-viii-la-ii-iv-y-vi\/","url":"https:\/\/amigosdeltercertercio.com\/web\/antecedentes-de-la-vii-y-viii-la-ii-iv-y-vi\/","name":"Antecedentes de la VII y VIII: la II, IV y VI -","isPartOf":{"@id":"https:\/\/amigosdeltercertercio.com\/web\/#website"},"datePublished":"2014-04-20T17:39:29+00:00","dateModified":"2014-04-22T14:53:19+00:00","description":"orde, en noviembre de ese mismo a\u00f1o, lo hicieron la II (1er Tercio) y la VI (2\u00ba Tercio). Por \u00faltimo, la IX del 3er Tercio march\u00f3 al Sahara en enero de 1958.","breadcrumb":{"@id":"https:\/\/amigosdeltercertercio.com\/web\/antecedentes-de-la-vii-y-viii-la-ii-iv-y-vi\/#breadcrumb"},"inLanguage":"es","potentialAction":[{"@type":"ReadAction","target":["https:\/\/amigosdeltercertercio.com\/web\/antecedentes-de-la-vii-y-viii-la-ii-iv-y-vi\/"]}]},{"@type":"BreadcrumbList","@id":"https:\/\/amigosdeltercertercio.com\/web\/antecedentes-de-la-vii-y-viii-la-ii-iv-y-vi\/#breadcrumb","itemListElement":[{"@type":"ListItem","position":1,"name":"Home","item":"https:\/\/amigosdeltercertercio.com\/web\/"},{"@type":"ListItem","position":2,"name":"Antecedentes de la VII y VIII: la II, IV y VI"}]},{"@type":"WebSite","@id":"https:\/\/amigosdeltercertercio.com\/web\/#website","url":"https:\/\/amigosdeltercertercio.com\/web\/","name":"","description":"","potentialAction":[{"@type":"SearchAction","target":{"@type":"EntryPoint","urlTemplate":"https:\/\/amigosdeltercertercio.com\/web\/?s={search_term_string}"},"query-input":{"@type":"PropertyValueSpecification","valueRequired":true,"valueName":"search_term_string"}}],"inLanguage":"es"}]}},"_links":{"self":[{"href":"https:\/\/amigosdeltercertercio.com\/web\/wp-json\/wp\/v2\/pages\/506","targetHints":{"allow":["GET"]}}],"collection":[{"href":"https:\/\/amigosdeltercertercio.com\/web\/wp-json\/wp\/v2\/pages"}],"about":[{"href":"https:\/\/amigosdeltercertercio.com\/web\/wp-json\/wp\/v2\/types\/page"}],"author":[{"embeddable":true,"href":"https:\/\/amigosdeltercertercio.com\/web\/wp-json\/wp\/v2\/users\/1"}],"replies":[{"embeddable":true,"href":"https:\/\/amigosdeltercertercio.com\/web\/wp-json\/wp\/v2\/comments?post=506"}],"version-history":[{"count":3,"href":"https:\/\/amigosdeltercertercio.com\/web\/wp-json\/wp\/v2\/pages\/506\/revisions"}],"predecessor-version":[{"id":789,"href":"https:\/\/amigosdeltercertercio.com\/web\/wp-json\/wp\/v2\/pages\/506\/revisions\/789"}],"wp:attachment":[{"href":"https:\/\/amigosdeltercertercio.com\/web\/wp-json\/wp\/v2\/media?parent=506"}],"curies":[{"name":"wp","href":"https:\/\/api.w.org\/{rel}","templated":true}]}}