{"id":508,"date":"2014-04-20T17:39:45","date_gmt":"2014-04-20T17:39:45","guid":{"rendered":"https:\/\/amigosdeltercertercio.com\/web\/?page_id=508"},"modified":"2014-04-21T16:17:47","modified_gmt":"2014-04-21T16:17:47","slug":"la-bandera-franco","status":"publish","type":"page","link":"https:\/\/amigosdeltercertercio.com\/web\/la-bandera-franco\/","title":{"rendered":"La Bandera \u00abFranco\u00bb"},"content":{"rendered":"<p align=\"center\"><span style=\"font-family: Tahoma;\">LA 3 C\u00cdA Y IX BRA EN EL CONFLICTO DE IFNI-SAHARA, 1956-1958<\/span><\/p>\n<p align=\"center\">\n<p align=\"JUSTIFY\"><b><span style=\"font-family: 'Trebuchet MS'; font-size: large;\">LA BANDERA \u00abFRANCO\u00bb<\/span><\/b><\/p>\n<p align=\"JUSTIFY\">Los or\u00edgenes<\/p>\n<p align=\"JUSTIFY\">La IX Bandera recordemos que se cre\u00f3 a primeros de diciembre de 1936, pocos meses despu\u00e9s de estallar la guerra civil, en <i>Talavera de la Reina<\/i> a las \u00f3rdenes del Comandante D. Jos\u00e9 Ni\u00f1o Gonz\u00e1lez, que muri\u00f3 al frente de su unidad durante el bautismo de fuego de la Bandera, el 3 de enero de 1937, en el avance sobre <i>Majadahonda<\/i>. Aunque durante este conflicto desde el punto de vista operativo \u00e9sta y el resto de Banderas estaban encuadradas en Columnas y Divisiones, que nada ten\u00edan que ver con la Legi\u00f3n, administrativamente pertenec\u00eda al 2\u00ba Tercio. En su Gui\u00f3n llevaba una Laureada con la palabra <i>Franco<\/i> y una leyenda en letras de azur que nos recuerda su destacada actuaci\u00f3n en esta guerra: <i>Badajoz, Toledo, Ciudad Universitaria,<\/i> 5 de agosto 1936, <i>Campa\u00f1a del Norte, Teruel, Ebro, Catalu\u00f1a, Brunete<\/i>, y el emblema de la Legi\u00f3n en los \u00e1ngulos exteriores.<\/p>\n<p align=\"JUSTIFY\">Esta Bandera al crearse estaba formada por las Compa\u00f1\u00edas 33 (luego 11 C\u00eda), al mando del Capit\u00e1n Jos\u00e9 Pe\u00f1arredonda Fern\u00e1ndez, la 34 (12 C\u00eda), con el Capit\u00e1n Felix Paredes Camino, la 35 (13 C\u00eda), cuyo primer jefe fue el Teniente Ram\u00f3n Luque Chamorro, y la 36 (15 C\u00eda) de ametralladoras, con el Capit\u00e1n Eduardo Capablanca Moreno. Si poco dur\u00f3 desgraciadamente su primer Comandante tambi\u00e9n lo fue el mandato del 2\u00ba Jefe, el Capit\u00e1n Pe\u00f1arredonda (luego ascendido a Comandante) que entreg\u00f3 el mando al Comandante Capablanca Moreno, quien a su vez al poco tiempo fue relevado por el Cte. D. Julio de la Torre Gal\u00e1n con el que la Bandera finaliz\u00f3 la campa\u00f1a.<\/p>\n<p align=\"JUSTIFY\">Al acabarse la guerra la IX Bandera pas\u00f3 a <i>Dar Riffien<\/i> y de all\u00ed se incorpor\u00f3 a Larache el 1\u00ba de enero de 1940 integr\u00e1ndose en el 3er Tercio donde prest\u00f3 los servicios propios de una unidad en guarnici\u00f3n, desplaz\u00e1ndose a los diferentes destacamentos de los alrededores de <i>Larache <\/i>(<i>T\u00b4Zenin<\/i>, <i>Aumara, Arcila<\/i>, etc.). Su distintivo de pecho o galleta era de color rojo con dos bastos cruzados de color blanco y negro.<\/p>\n<p align=\"JUSTIFY\">La IX Bandera, de las tres que constitu\u00edan <i>el D. Juan de Austria <\/i>le toc\u00f3 siempre salir del <i>Krimda <\/i>para misiones especiales o para <i>cambiar de Tercio<\/i>, coincidiendo que en dos ocasiones se transform\u00f3 en una Bandera del <i>Alejandro Farnesio<\/i>, en mayo de 1952 y en octubre de 1958, seg\u00fan veremos. Lo primero ocurri\u00f3 con ocasi\u00f3n de la creaci\u00f3n de la XII Bandera del 4\u00ba y esto \u00faltimo con motivo de ser la Bandera expedicionaria que el 3\u00ba mand\u00f3 al Africa Occidental durante el conflicto de <i>Ifni \u2013 Sahara<\/i>. Finalmente con la evacuaci\u00f3n del Sahara de nuevo a la IX le correspondi\u00f3 efectuar un <i>tercer cambio del Tercio<\/i>, marchando a <i>Ceuta <\/i>para convertirse en la VI Bandera del <i>Duque de Alba.<\/i><\/p>\n<p align=\"JUSTIFY\">La <i>Franco<\/i> en la \u00e9poca de <i>Larache<\/i> la mandaron el Cte. Carr\u00f3s hasta 1945 que le sustituy\u00f3 el Cte. Navas y a \u00e9ste en 1947 el Cte. D. Manuel Fern\u00e1ndez Pose, hasta la formaci\u00f3n del 4\u00ba Tercio en 1952. Luego fue su Jefe el Cte. D. Manuel Pati\u00f1o Montes hasta su ascenso a Tcol en 1956 o 57 siendo sustituido por el Comandante D. Pascual Herrera Sol\u00eds que al frente de la misma se incorpor\u00f3 en enero de 1958 al Sahara<i>. <\/i>Fueron Capitanes de la IX Bandera Tim\u00f3n Lara (33 C\u00eda), V\u00e1zquez Fern\u00e1ndez (34 C\u00eda), P\u00e9rez Pons (34 C\u00eda hasta 1945), Urqu\u00eda de la Iglesia (34 C\u00eda desde 1945), Cuchet Falceto (36 C\u00eda hasta 1945), Rivera Gonz\u00e1lez (36 C\u00eda desde 1945), D. Abraham Holgado Murillo, Pelaez Nu\u00f1ez, D. Nicomedes Bajo Mart\u00edn (11 C\u00eda), Pardi\u00f1as, D. Antonio Parejo R\u00edos, D. Jos\u00e9 de Francisco Asensio (15 C\u00eda), Salgado (12 C\u00eda), Ayudante de la IX lo fue el Tte. Rom\u00e1n P\u00e1ez Jer\u00f3nimo Garc\u00eda Fern\u00e1ndez (15 C\u00eda), Carlos Brunete, Mariano Ca\u00f1as, Fernando Fern\u00e1ndez, Fidel A\u00f1o, Garc\u00eda Calvo, Arturo Armada, Ram\u00f3n Mille, Alfonso Garc\u00eda, Angel Guti\u00e9rrez, P\u00e9rez Franco, Perlona, Lopera, Lago, Ad\u00e1n.<\/p>\n<p align=\"JUSTIFY\"><span style=\"font-family: 'Trebuchet MS'; font-size: large;\"><b>El 1<\/b><\/span><b><span style=\"font-family: 'Trebuchet MS'; font-size: large;\">er cambio de Tercio: de IX (3\u00ba) a XII (4\u00ba)<\/span><\/b><\/p>\n<p align=\"JUSTIFY\">Al fundarse originariamente el 4\u00ba Tercio en 1950 en <i>Villasanjurjo <\/i>(Marruecos), lo hizo teniendo como base una Bandera de los Tercios 1\u00ba, 2\u00ba y 3\u00ba. Del Tercero fue la IX Bandera, la m\u00e1s moderna de las que lo constitu\u00edan, que en aquel momento la mandaba el Comandante D. Manuel Fern\u00e1ndez Pose quien al cubrirse los mandos en el 4\u00ba Tercio continu\u00f3 en el 3\u00ba, junto con el resto de Oficiales y Suboficiales que marcharon con \u00e9l a <i>Villasanjurjo<\/i>. Es decir que el <i>Alejandro Farnesio <\/i>no estuvo al completo de sus efectivos hasta de 5 de mayo de 1952, fecha en la que incorporaron las fuerzas procedentes del Tercio 3\u00ba de Larache (IX Bra).<\/p>\n<p align=\"JUSTIFY\">La <i>Franco<\/i> hab\u00eda iniciado su marcha el 2 de mayo desde el<i> T\u2019Zen\u00edn <\/i>donde estaba destacada y fueron los componentes de la Agrupaci\u00f3n de reclutas (agregados a la VII en <i>Krimda<\/i>) los que ocuparon el destacamento junto con los escasos hombres de la IX que se hab\u00eda quedado en el Tercio 3\u00ba. Esta Bandera al llegar al 4\u00ba tom\u00f3 la numeraci\u00f3n de XII Bra. En el 3\u00ba se organiz\u00f3 de nuevo la IX con las aportaciones de mandos y veteranos de las otras unidades del Tercio y con la incorporaci\u00f3n masiva de reclutas llegados en abril anterior. Tras unos meses de rodaje, la IX pronto estuvo en pleno funcionamiento, continuando con su instrucci\u00f3n y adiestramiento diario y con la realizaci\u00f3n de destacamentos.<\/p>\n<p align=\"JUSTIFY\">Al Africa Occidental<\/p>\n<p align=\"JUSTIFY\">Recordemos que tras el primer ataque de las bandas rebeldes en octubre de 1957 el Gobierno espa\u00f1ol decidi\u00f3 incrementar el n\u00famero de unidades expedicionarias a Ifni-Sahara (ya se hab\u00eda trasladado la IV en junio) enviando a la II y VI Banderas en noviembre junto a otras fuerzas de Caballer\u00eda y Artiller\u00eda. El 3er Tercio estaba ansioso de participar tambi\u00e9n en este conflicto, al igual que el 1\u00ba y 2\u00ba, que ya se hab\u00edan estrenado. La nueva amenaza continu\u00f3 en diciembre por lo que a lo largo del mes de enero de 1958 y primeros d\u00edas de febrero se fue completando el dispositivo espa\u00f1ol, tanto en refuerzo de tropas como de abastecimientos. Por fin le lleg\u00f3 la hora de actuar el Tercero y el d\u00eda 9 de enero embarc\u00f3 en Ceuta en el <i>Virgen de Africa<\/i> la IX Bandera y tras hacer escala en Algeciras y Las Palmas, lleg\u00f3 a <i>Villacisneros<\/i> el 14. El d\u00eda anterior se acababa de producir el desafortunado <i>combate de Edchera <\/i>en el que hab\u00edan muerto \u00f3 sido heridos muchos compa\u00f1eros procedentes del<i> Krimda <\/i>c\u00f3mo el Teniente Gamborino \u00f3 el Brigada Fadrique, y cabe pensar que muchos componentes de la IX estuvieron pensando en entrar en combate y vengarse de los compa\u00f1eros ca\u00eddos.<\/p>\n<p align=\"JUSTIFY\">El mismo buque a su vez desembarc\u00f3 en <i>Aai\u00fan<\/i> una Secci\u00f3n de transmisiones y en <i>Villabens<\/i> otra de camiones Ford-K. Pero el d\u00eda 17 el Gobernador solicit\u00f3 de Capitan\u00eda, ante las informaciones de un ataque a <i>Aai\u00fan<\/i>, que fuera enviada a esta plaza la IX Bandera (595) hombres, adem\u00e1s de otros relevos de unidades que no se realizaron. En el transporte franc\u00e9s LST-1 la Bandera se traslad\u00f3 al <i>Aai\u00fan <\/i>el d\u00eda 30, pero debido al mal estado de la mar no pudo desembarcar hasta el d\u00eda 7 de febrero, tres d\u00edas antes del comienzo de las operaciones que m\u00e1s adelante expongo. Una vez m\u00e1s se puso de manifiesto que el escal\u00f3n intermedio del mando de Canarias, que no iba a llevar directamente la ejecuci\u00f3n de las operaciones, no era el mejor sistema de organizaci\u00f3n para un rendimiento pleno. .<\/p>\n<p align=\"JUSTIFY\">En<b> <\/b>un espacio de terreno igual en extensi\u00f3n a media pen\u00ednsula Ib\u00e9rica, no es dif\u00edcil imaginar las dificultades operativas y, sobre todo, log\u00edsticas a las que tuvieron que hacer frente, con destacamentos de entidad Secci\u00f3n a cientos de kil\u00f3metros de las bases principales (Aai\u00fan y Villa Cisneros), a las que era incluso dif\u00edcil avituallar por la falta de instalaciones portuarias adecuadas, lo que imped\u00eda efectuar las operaciones de desembarco durante los frecuentes d\u00edas de temporal.<\/p>\n<p align=\"JUSTIFY\">As\u00ed nos cuenta el <i>Tte. Girona <\/i>como fue alertada la IX Bandera:<\/p>\n<blockquote>\n<blockquote>\n<p align=\"JUSTIFY\">\u00abDeb\u00edan ser poco m\u00e1s de las 10:00 de la noche; un ligero y discreto golpe me llam\u00f3 la atenci\u00f3n. Me acerque y vi el rostro de un legionario conocido, abr\u00ed la ventana y casi en un susurro me dijo: mi Teniente, de orden del Teniente Coronel Jefe que se presente Vd. de inmediato en la <i>Representaci\u00f3n<\/i>. No dijo m\u00e1s. Y como sombra se alej\u00f3. Al entrar al despacho del Capit\u00e1n Torreiro, Jefe de la <i>Representaci\u00f3n<\/i>, ya se encontraban all\u00ed los Mandos del Tercio; nada m\u00e1s entrar el Teniente Coronel Molina, Jefe Accidental, me dijo \u00abGirona, tenemos que mandar inmediatamente a la IX Bandera a Riffien; en Ceuta embarcar\u00e1n hacia el territorio de <i>Africa Occidental<\/i>. Prep\u00e1ralo todo, como hiciste cuando se fue la 3\u00aa Compa\u00f1\u00eda. Al amanecer estar\u00e1n en Krimda los camiones para el transporte\u00bb.<\/p>\n<p align=\"JUSTIFY\">Fue una noche interminable, no se acababa nunca <i>Trabajamos lo indecible<\/i>, Pero la IX Bandera quedo preparada perfectamente para su salida, empaquetado y dispuesto todo el material de acuartelamiento y campamento, que era lo m\u00edo. Lo mismo hicieron los dem\u00e1s, los de armamento con la munici\u00f3n, los de transmisiones con sus equipos. Una vez que les facilitamos las raciones de pienso para el ganado, qued\u00f3 todo concluido. Llegaron los camiones, todos <i>Ford-K <\/i>de caja alta; el \u00fanico inconveniente fue el de <i>embarcar a los mulos<\/i>, alguno salt\u00f3 la alta caja y hubo que volver a meterlo y sujetarlo bien. Era casi mediod\u00eda cuando emprendi\u00f3 la marcha la IX Bandera. Hab\u00eda cumplido mi cometido. Volver\u00eda a verme con los de la IX Bandera pasados unos meses, en <i>Villacisneros<\/i>. Ya llegar\u00e1\u00bb.<\/p>\n<\/blockquote>\n<\/blockquote>\n","protected":false},"excerpt":{"rendered":"<p>LA 3 C\u00cdA Y IX BRA EN EL CONFLICTO DE IFNI-SAHARA, 1956-1958 LA BANDERA \u00abFRANCO\u00bb Los or\u00edgenes La IX Bandera recordemos que se cre\u00f3 a primeros de diciembre de 1936, pocos meses despu\u00e9s de estallar la guerra civil, en Talavera de la Reina a las \u00f3rdenes del Comandante D. Jos\u00e9 Ni\u00f1o Gonz\u00e1lez, que muri\u00f3 al [&hellip;]<\/p>\n","protected":false},"author":1,"featured_media":0,"parent":0,"menu_order":0,"comment_status":"closed","ping_status":"closed","template":"","meta":{"ocean_post_layout":"","ocean_both_sidebars_style":"","ocean_both_sidebars_content_width":0,"ocean_both_sidebars_sidebars_width":0,"ocean_sidebar":"","ocean_second_sidebar":"","ocean_disable_margins":"enable","ocean_add_body_class":"","ocean_shortcode_before_top_bar":"","ocean_shortcode_after_top_bar":"","ocean_shortcode_before_header":"","ocean_shortcode_after_header":"","ocean_has_shortcode":"","ocean_shortcode_after_title":"","ocean_shortcode_before_footer_widgets":"","ocean_shortcode_after_footer_widgets":"","ocean_shortcode_before_footer_bottom":"","ocean_shortcode_after_footer_bottom":"","ocean_display_top_bar":"default","ocean_display_header":"default","ocean_header_style":"","ocean_center_header_left_menu":"","ocean_custom_header_template":"","ocean_custom_logo":0,"ocean_custom_retina_logo":0,"ocean_custom_logo_max_width":0,"ocean_custom_logo_tablet_max_width":0,"ocean_custom_logo_mobile_max_width":0,"ocean_custom_logo_max_height":0,"ocean_custom_logo_tablet_max_height":0,"ocean_custom_logo_mobile_max_height":0,"ocean_header_custom_menu":"","ocean_menu_typo_font_family":"","ocean_menu_typo_font_subset":"","ocean_menu_typo_font_size":0,"ocean_menu_typo_font_size_tablet":0,"ocean_menu_typo_font_size_mobile":0,"ocean_menu_typo_font_size_unit":"px","ocean_menu_typo_font_weight":"","ocean_menu_typo_font_weight_tablet":"","ocean_menu_typo_font_weight_mobile":"","ocean_menu_typo_transform":"","ocean_menu_typo_transform_tablet":"","ocean_menu_typo_transform_mobile":"","ocean_menu_typo_line_height":0,"ocean_menu_typo_line_height_tablet":0,"ocean_menu_typo_line_height_mobile":0,"ocean_menu_typo_line_height_unit":"","ocean_menu_typo_spacing":0,"ocean_menu_typo_spacing_tablet":0,"ocean_menu_typo_spacing_mobile":0,"ocean_menu_typo_spacing_unit":"","ocean_menu_link_color":"","ocean_menu_link_color_hover":"","ocean_menu_link_color_active":"","ocean_menu_link_background":"","ocean_menu_link_hover_background":"","ocean_menu_link_active_background":"","ocean_menu_social_links_bg":"","ocean_menu_social_hover_links_bg":"","ocean_menu_social_links_color":"","ocean_menu_social_hover_links_color":"","ocean_disable_title":"default","ocean_disable_heading":"default","ocean_post_title":"","ocean_post_subheading":"","ocean_post_title_style":"","ocean_post_title_background_color":"","ocean_post_title_background":0,"ocean_post_title_bg_image_position":"","ocean_post_title_bg_image_attachment":"","ocean_post_title_bg_image_repeat":"","ocean_post_title_bg_image_size":"","ocean_post_title_height":0,"ocean_post_title_bg_overlay":0.5,"ocean_post_title_bg_overlay_color":"","ocean_disable_breadcrumbs":"default","ocean_breadcrumbs_color":"","ocean_breadcrumbs_separator_color":"","ocean_breadcrumbs_links_color":"","ocean_breadcrumbs_links_hover_color":"","ocean_display_footer_widgets":"default","ocean_display_footer_bottom":"default","ocean_custom_footer_template":"","footnotes":""},"class_list":["post-508","page","type-page","status-publish","hentry","entry"],"yoast_head":"<!-- This site is optimized with the Yoast SEO plugin v27.4 - https:\/\/yoast.com\/product\/yoast-seo-wordpress\/ -->\n<title>La Bandera &quot;Franco&quot; -<\/title>\n<meta name=\"robots\" content=\"index, follow, max-snippet:-1, max-image-preview:large, max-video-preview:-1\" \/>\n<link rel=\"canonical\" href=\"https:\/\/amigosdeltercertercio.com\/web\/la-bandera-franco\/\" \/>\n<meta property=\"og:locale\" content=\"es_ES\" \/>\n<meta property=\"og:type\" content=\"article\" \/>\n<meta property=\"og:title\" content=\"La Bandera &quot;Franco&quot; -\" \/>\n<meta property=\"og:description\" content=\"LA 3 C\u00cdA Y IX BRA EN EL CONFLICTO DE IFNI-SAHARA, 1956-1958 LA BANDERA \u00abFRANCO\u00bb Los or\u00edgenes La IX Bandera recordemos que se cre\u00f3 a primeros de diciembre de 1936, pocos meses despu\u00e9s de estallar la guerra civil, en Talavera de la Reina a las \u00f3rdenes del Comandante D. Jos\u00e9 Ni\u00f1o Gonz\u00e1lez, que muri\u00f3 al [&hellip;]\" \/>\n<meta property=\"og:url\" content=\"https:\/\/amigosdeltercertercio.com\/web\/la-bandera-franco\/\" \/>\n<meta property=\"article:modified_time\" content=\"2014-04-21T16:17:47+00:00\" \/>\n<meta name=\"twitter:card\" content=\"summary_large_image\" \/>\n<meta name=\"twitter:label1\" content=\"Tiempo de lectura\" \/>\n\t<meta name=\"twitter:data1\" content=\"8 minutos\" \/>\n<script type=\"application\/ld+json\" class=\"yoast-schema-graph\">{\"@context\":\"https:\\\/\\\/schema.org\",\"@graph\":[{\"@type\":\"WebPage\",\"@id\":\"https:\\\/\\\/amigosdeltercertercio.com\\\/web\\\/la-bandera-franco\\\/\",\"url\":\"https:\\\/\\\/amigosdeltercertercio.com\\\/web\\\/la-bandera-franco\\\/\",\"name\":\"La Bandera \\\"Franco\\\" -\",\"isPartOf\":{\"@id\":\"https:\\\/\\\/amigosdeltercertercio.com\\\/web\\\/#website\"},\"datePublished\":\"2014-04-20T17:39:45+00:00\",\"dateModified\":\"2014-04-21T16:17:47+00:00\",\"breadcrumb\":{\"@id\":\"https:\\\/\\\/amigosdeltercertercio.com\\\/web\\\/la-bandera-franco\\\/#breadcrumb\"},\"inLanguage\":\"es\",\"potentialAction\":[{\"@type\":\"ReadAction\",\"target\":[\"https:\\\/\\\/amigosdeltercertercio.com\\\/web\\\/la-bandera-franco\\\/\"]}]},{\"@type\":\"BreadcrumbList\",\"@id\":\"https:\\\/\\\/amigosdeltercertercio.com\\\/web\\\/la-bandera-franco\\\/#breadcrumb\",\"itemListElement\":[{\"@type\":\"ListItem\",\"position\":1,\"name\":\"Home\",\"item\":\"https:\\\/\\\/amigosdeltercertercio.com\\\/web\\\/\"},{\"@type\":\"ListItem\",\"position\":2,\"name\":\"La Bandera \u00abFranco\u00bb\"}]},{\"@type\":\"WebSite\",\"@id\":\"https:\\\/\\\/amigosdeltercertercio.com\\\/web\\\/#website\",\"url\":\"https:\\\/\\\/amigosdeltercertercio.com\\\/web\\\/\",\"name\":\"\",\"description\":\"\",\"potentialAction\":[{\"@type\":\"SearchAction\",\"target\":{\"@type\":\"EntryPoint\",\"urlTemplate\":\"https:\\\/\\\/amigosdeltercertercio.com\\\/web\\\/?s={search_term_string}\"},\"query-input\":{\"@type\":\"PropertyValueSpecification\",\"valueRequired\":true,\"valueName\":\"search_term_string\"}}],\"inLanguage\":\"es\"}]}<\/script>\n<!-- \/ Yoast SEO plugin. -->","yoast_head_json":{"title":"La Bandera \"Franco\" -","robots":{"index":"index","follow":"follow","max-snippet":"max-snippet:-1","max-image-preview":"max-image-preview:large","max-video-preview":"max-video-preview:-1"},"canonical":"https:\/\/amigosdeltercertercio.com\/web\/la-bandera-franco\/","og_locale":"es_ES","og_type":"article","og_title":"La Bandera \"Franco\" -","og_description":"LA 3 C\u00cdA Y IX BRA EN EL CONFLICTO DE IFNI-SAHARA, 1956-1958 LA BANDERA \u00abFRANCO\u00bb Los or\u00edgenes La IX Bandera recordemos que se cre\u00f3 a primeros de diciembre de 1936, pocos meses despu\u00e9s de estallar la guerra civil, en Talavera de la Reina a las \u00f3rdenes del Comandante D. Jos\u00e9 Ni\u00f1o Gonz\u00e1lez, que muri\u00f3 al [&hellip;]","og_url":"https:\/\/amigosdeltercertercio.com\/web\/la-bandera-franco\/","article_modified_time":"2014-04-21T16:17:47+00:00","twitter_card":"summary_large_image","twitter_misc":{"Tiempo de lectura":"8 minutos"},"schema":{"@context":"https:\/\/schema.org","@graph":[{"@type":"WebPage","@id":"https:\/\/amigosdeltercertercio.com\/web\/la-bandera-franco\/","url":"https:\/\/amigosdeltercertercio.com\/web\/la-bandera-franco\/","name":"La Bandera \"Franco\" -","isPartOf":{"@id":"https:\/\/amigosdeltercertercio.com\/web\/#website"},"datePublished":"2014-04-20T17:39:45+00:00","dateModified":"2014-04-21T16:17:47+00:00","breadcrumb":{"@id":"https:\/\/amigosdeltercertercio.com\/web\/la-bandera-franco\/#breadcrumb"},"inLanguage":"es","potentialAction":[{"@type":"ReadAction","target":["https:\/\/amigosdeltercertercio.com\/web\/la-bandera-franco\/"]}]},{"@type":"BreadcrumbList","@id":"https:\/\/amigosdeltercertercio.com\/web\/la-bandera-franco\/#breadcrumb","itemListElement":[{"@type":"ListItem","position":1,"name":"Home","item":"https:\/\/amigosdeltercertercio.com\/web\/"},{"@type":"ListItem","position":2,"name":"La Bandera \u00abFranco\u00bb"}]},{"@type":"WebSite","@id":"https:\/\/amigosdeltercertercio.com\/web\/#website","url":"https:\/\/amigosdeltercertercio.com\/web\/","name":"","description":"","potentialAction":[{"@type":"SearchAction","target":{"@type":"EntryPoint","urlTemplate":"https:\/\/amigosdeltercertercio.com\/web\/?s={search_term_string}"},"query-input":{"@type":"PropertyValueSpecification","valueRequired":true,"valueName":"search_term_string"}}],"inLanguage":"es"}]}},"_links":{"self":[{"href":"https:\/\/amigosdeltercertercio.com\/web\/wp-json\/wp\/v2\/pages\/508","targetHints":{"allow":["GET"]}}],"collection":[{"href":"https:\/\/amigosdeltercertercio.com\/web\/wp-json\/wp\/v2\/pages"}],"about":[{"href":"https:\/\/amigosdeltercertercio.com\/web\/wp-json\/wp\/v2\/types\/page"}],"author":[{"embeddable":true,"href":"https:\/\/amigosdeltercertercio.com\/web\/wp-json\/wp\/v2\/users\/1"}],"replies":[{"embeddable":true,"href":"https:\/\/amigosdeltercertercio.com\/web\/wp-json\/wp\/v2\/comments?post=508"}],"version-history":[{"count":2,"href":"https:\/\/amigosdeltercertercio.com\/web\/wp-json\/wp\/v2\/pages\/508\/revisions"}],"predecessor-version":[{"id":681,"href":"https:\/\/amigosdeltercertercio.com\/web\/wp-json\/wp\/v2\/pages\/508\/revisions\/681"}],"wp:attachment":[{"href":"https:\/\/amigosdeltercertercio.com\/web\/wp-json\/wp\/v2\/media?parent=508"}],"curies":[{"name":"wp","href":"https:\/\/api.w.org\/{rel}","templated":true}]}}