{"id":512,"date":"2014-04-20T17:40:27","date_gmt":"2014-04-20T17:40:27","guid":{"rendered":"https:\/\/amigosdeltercertercio.com\/web\/?page_id=512"},"modified":"2014-04-21T16:19:25","modified_gmt":"2014-04-21T16:19:25","slug":"destacamentos-de-la-ix-en-el-sahara","status":"publish","type":"page","link":"https:\/\/amigosdeltercertercio.com\/web\/destacamentos-de-la-ix-en-el-sahara\/","title":{"rendered":"Destacamentos de la IX en el S\u00e1hara"},"content":{"rendered":"<p align=\"center\"><span style=\"font-family: 'Trebuchet MS'; font-size: small;\">\u00a0<\/span><span style=\"font-family: Tahoma;\">LA 3 C\u00cdA Y IX BRA EN EL CONFLICTO DE IFNI-SAHARA, 1956-1958<\/span><\/p>\n<p align=\"center\">\n<p align=\"JUSTIFY\"><strong>LOS DESTACAMENTOS DE LA IX BRA EN EL SAHARA<\/strong><\/p>\n<p align=\"JUSTIFY\">El campamento de Aargub<\/p>\n<p align=\"JUSTIFY\">Seg\u00fan hemos visto tras unos recorridos <i>con tiros<\/i> por diferentes partes del desierto, incluida la zona norte, la IX Bandera se estableci\u00f3 en <i>Aargub,<\/i> de modo que una Compa\u00f1\u00eda de fusiles permanec\u00eda junto a la Plana Mayor en el campamento, otra desplegaba en el per\u00edmetro defensivo y la tercera destacaba una Secci\u00f3n a cada uno de los puestos de <i>Bir-Enzaran, Ausert<\/i> y <i>Tichla. <\/i>Aargub en hassan\u00eda significa <i>cantil<\/i> pues el campamento se encuentra al p\u00ede de un acantilado al otro lado de la bah\u00eda del <i>R\u00edo de Oro.<\/i> Un embarcadero permit\u00eda ir por mar a Villa Cisneros. El Tte. Franco de la IX Bandera del 3er Tercio en el libro <i>Sahara 1958<\/i> nos describe el campamento de <i>Aargub<\/i>:<\/p>\n<p align=\"JUSTIFY\">\u00abMe hab\u00eda imaginado otra cosa, m\u00e1s extenso, m\u00e1s casas. No era un fuerte sahariano ni un cuartel como ser\u00eda despu\u00e9s por largo tiempo. Hab\u00eda una edificaci\u00f3n central con un patio interior, un pozo cegado, del que posiblemente pudo manar agua dulce en \u00e9poca de fuertes lluvias, pero que por la proximidad al mar se hab\u00eda desechado. Cinco estancias separadas por muros de adobe completaban aquel conato de fuerte. En una viv\u00edan un Oficial de Polic\u00eda Ind\u00edgena y dos Tenientes de autom\u00f3viles y talleres, en otra similar se alojaron los cinco Capitanes de la Bandera. La habitaci\u00f3n m\u00e1s grande, con vistas al mar, se destin\u00f3 a comedor de Oficiales y una contigua servir\u00eda de dormitorio de Oficiales. Por \u00faltimo, otra, albergaba el botiqu\u00edn y una peque\u00f1a enfermer\u00eda con cuatro o cinco camas que, posteriormente, hubo que ampliar con literas de a tres.<\/p>\n<p align=\"JUSTIFY\">Al otro lado de la vaguada hab\u00eda una hilera de huevos que se prolongaba hasta la playa y, junto a \u00e9sta, la \u00fanica edificaci\u00f3n formal, construida al estilo saharaui por fuera pero que interiormente era una vivienda en condiciones europeas donde pod\u00eda vivir una familia. Era el \u00fanico habit\u00e1culo amueblado. Los legionarios se aposentaron primero en tiendas <i>Cima<\/i> y, poco despu\u00e9s, en las <i>c\u00f3nicas<\/i> que, con charnaques y colchonetas de borra, supon\u00edan una leve mejora en la calidad de vida errante que durante varios meses hab\u00edan llevado por el desierto. El agua seguir\u00eda siendo suministro cr\u00edtico, pero estaba el mar a pie de planta y con un jab\u00f3n especial se resolv\u00eda el aseo personal\u00bb.<\/p>\n<p align=\"JUSTIFY\">El fuerte de Ausert<\/p>\n<p align=\"JUSTIFY\">Respecto al destacamento de <i>Ausert, <\/i>seg\u00fan lo dicho, una Secci\u00f3n del Tercio se destacaba peri\u00f3dicamente para reforzar a una Compa\u00f1\u00eda del Grupo N\u00f3mada <i>La G\u00e1ndara<\/i> que guarnecer\u00e1 el fuerte. <i>Ausert<\/i> estaba rodeado por varios c\u00edrculos de monta\u00f1as negras, bas\u00e1lticas, de unos 200 m. de altitud, con un contraste impresionante entre la arena clara y las rocas negras. Dispon\u00eda de un pozo de agua dulce, permanente y abundante, el <i>Hasi Ausert, <\/i>de 10 m de profundidad provisto de brocal. <i>Jos\u00e9 Falc<\/i>\u00f3 nos describe en el libro <i>Sahara 1958<\/i> como era aquella zona des\u00e9rtica rodeada de monta\u00f1as negras:<\/p>\n<blockquote>\n<blockquote>\n<p align=\"JUSTIFY\"><span style=\"font-family: 'Trebuchet MS'; font-size: large;\">\u00abLos antiguos fuertes del Sahara surgieron junto a los pozos, no se cav\u00f3 el pozo despu\u00e9s de construir el fuerte. Esta es la raz\u00f3n por la que hab\u00eda que disculpar la torpeza t\u00e1ctica del que eligi\u00f3 donde se asentar\u00eda <i>Ausert <\/i>rodeado de alturas considerables por un cerco en forma de herradura y, en su centro geom\u00e9trico, la construcci\u00f3n de recios muros de piedra negra extra\u00edda de sus propias monta\u00f1as. El puesto ofrec\u00eda un objetivo inm\u00f3vil para un simple mortero de calibre 81mm. o superior, que en un radio de unos 2000 m. podr\u00eda batirlo e ir cambiando de asentamiento a sus anchas. Distaba unos 260 km. de <i>Aargub <\/i>y 200 km. de <i>Villa Cisneros<\/i> y estaba en el punto medio de una l\u00ednea que uniera <i>Bir Enzaran<\/i> y <i>Tichla<\/i> (el puesto m\u00e1s meridional del Subsector Sur). Estos dos puestos estaban sin embargo situados en unas enormes llanuras donde parec\u00eda imposible fueran sorprendidos, a\u00fan de noche, ni ser hostigados con fuegos lejanos por carecer el atacante de la protecci\u00f3n que en <i>Ausert <\/i>le ofrec\u00edan las monta\u00f1as.<\/span><\/p>\n<p align=\"JUSTIFY\"><i>Ausert <\/i>no era m\u00e1s bonito que <i>Tichla<\/i> ni m\u00e1s feo que <i>Bir Enzaran<\/i>, era distinto. Contrastaba su enorme mancha de piedra negra sobre el uniforme color de la arena. Alguien lo compar\u00f3 con una enorme cacerola como para cocer a todo ser viviente que estuviera en su interior, pero la realidad es que tambi\u00e9n era como un gran recipiente de recogida de aguas, que en \u00e9poca de lluvias bajaba de las alturas para filtrarse en el subsuelo y hacer reverdecer a <i>taljas <\/i>cincuentenarias. Prueba de ello era el pozo de gran calidad del que se abastec\u00edan todas las tribus de la zona. Al Teniente Franco le caus\u00f3 buena impresi\u00f3n aquel capricho pict\u00f3rico de arena y negro con tonos verdes y, en medio, el toque blanco del fuerte, cabecera de la citada Compa\u00f1\u00eda de N\u00f3madas.<\/p>\n<p align=\"JUSTIFY\"><span style=\"font-family: 'Trebuchet MS'; font-size: large;\">La defensa perimetral de <i>Ausert<\/i> consist\u00eda en una primera l\u00ednea de subelementos de resistencia, con su triple alambrada a modo de posici\u00f3n erizo, una segunda l\u00ednea constituida por la muralla de piedra negra a medio construir y, en su interior, como \u00faltimo reducto, el primitivo fuerte. El fallo o punto d\u00e9bil era que el pozo quedaba fuera del recinto, aunque eso s\u00ed, f\u00e1cilmente batible con el fuego propio llegado el caso. <i>Ausert<\/i> era igualmente una cacerola desde el punto de vista t\u00e1ctico, aunque sus murallas ofrecieran una virtual protecci\u00f3n moral. Otra caracter\u00edstica diferencial de este puesto es que no ten\u00eda poblaci\u00f3n ind\u00edgena en sus inmediaciones, aunque todos los d\u00edas hab\u00eda trashumantes alrededor del pozo, solo unas pocas <i>jaimas<\/i> albergaban familias de los polic\u00edas saharauis como presencia testimonial de los numerosos <i>frigs<\/i> que hab\u00eda en torno a otros fuertes del interior\u00bb.<\/span><\/p>\n<p><b> <\/b><\/p><\/blockquote>\n<p><b> <\/b><\/p><\/blockquote>\n<p align=\"JUSTIFY\">El puesto deTichla<\/p>\n<p align=\"JUSTIFY\">En cuanto a Tichla nos dice:<\/p>\n<blockquote>\n<blockquote>\n<p align=\"JUSTIFY\">\u00abEra el puesto militar m\u00e1s meridional del Subsector Sur, a unos 160 km. de <i>Ausert<\/i> y 30 de la zona francesa (Mauritania). Estaba comunicado por unas pistas en buenas condiciones con <i>Bir Gandus<\/i> al oeste y en su misma latitud y <i>Zug<\/i> al este. Estos dos puestos se encontraban sin guarnici\u00f3n europea en 1958. Podr\u00eda pensarse que se trataba de un nudo de comunicaciones, pero el lector ya hab\u00eda intuido que en el Sahara se hace camino al andar de pozo a pozo. Por la proximidad con la frontera eran muy frecuentes las visitas de Patrullas de Oficiales franceses y las relaciones eran francamente cordiales. Su guarnici\u00f3n la constitu\u00eda una Secci\u00f3n de fusiles del Tercio y un Pelot\u00f3n de Polic\u00eda Ind\u00edgena dependiente de la Compa\u00f1\u00eda Montada. El Teniente que le tocaba este puesto ostentaba durante su permanencia el mando pleno y su autonom\u00eda era casi absoluta. <i>Tichla<\/i> era un cauce seco que daba nombre al fuerte que, como todos, se construy\u00f3 junto a un pozo, \u00fanica ubicaci\u00f3n posible para subsistir. Ten\u00eda su propio campo de aterrizaje y estafeta quincenal\u00bb.<\/p>\n<\/blockquote>\n<\/blockquote>\n<p align=\"JUSTIFY\">El pozo del cristiano: Bir Enzaran<\/p>\n<p align=\"JUSTIFY\">Por \u00faltimo la IX Bandera del 3er Tercio tambi\u00e9n mantuvo en 1958 una Secci\u00f3n destacada en <i>Bir Enzar\u00e1n <\/i>(el pozo del cristiano) pues seg\u00fan se dec\u00eda lo hab\u00eda excavado un cristiano, de ah\u00ed su nombre. Ten\u00eda unos 85 m. de profundidad y para sacar agua hab\u00eda que valerse de un procedimiento primitivo, casi b\u00edblico. Un camello tiraba de una maroma, de cuyo extremo opuesto pend\u00eda una girba, recipiente de considerable capacidad, como si fuera un odre con un aro de madera por gollete.<\/p>\n<p align=\"JUSTIFY\"><i>Bir Enzaran<\/i> se encontraba en medio de una inmensa llanura a unos 180 Km. al NE. de <i>Villacisneros<\/i>.<\/p>\n<p>&nbsp;<\/p>\n","protected":false},"excerpt":{"rendered":"<p>\u00a0LA 3 C\u00cdA Y IX BRA EN EL CONFLICTO DE IFNI-SAHARA, 1956-1958 LOS DESTACAMENTOS DE LA IX BRA EN EL SAHARA El campamento de Aargub Seg\u00fan hemos visto tras unos recorridos con tiros por diferentes partes del desierto, incluida la zona norte, la IX Bandera se estableci\u00f3 en Aargub, de modo que una Compa\u00f1\u00eda de [&hellip;]<\/p>\n","protected":false},"author":1,"featured_media":0,"parent":0,"menu_order":0,"comment_status":"closed","ping_status":"closed","template":"","meta":{"ocean_post_layout":"","ocean_both_sidebars_style":"","ocean_both_sidebars_content_width":0,"ocean_both_sidebars_sidebars_width":0,"ocean_sidebar":"","ocean_second_sidebar":"","ocean_disable_margins":"enable","ocean_add_body_class":"","ocean_shortcode_before_top_bar":"","ocean_shortcode_after_top_bar":"","ocean_shortcode_before_header":"","ocean_shortcode_after_header":"","ocean_has_shortcode":"","ocean_shortcode_after_title":"","ocean_shortcode_before_footer_widgets":"","ocean_shortcode_after_footer_widgets":"","ocean_shortcode_before_footer_bottom":"","ocean_shortcode_after_footer_bottom":"","ocean_display_top_bar":"default","ocean_display_header":"default","ocean_header_style":"","ocean_center_header_left_menu":"","ocean_custom_header_template":"","ocean_custom_logo":0,"ocean_custom_retina_logo":0,"ocean_custom_logo_max_width":0,"ocean_custom_logo_tablet_max_width":0,"ocean_custom_logo_mobile_max_width":0,"ocean_custom_logo_max_height":0,"ocean_custom_logo_tablet_max_height":0,"ocean_custom_logo_mobile_max_height":0,"ocean_header_custom_menu":"","ocean_menu_typo_font_family":"","ocean_menu_typo_font_subset":"","ocean_menu_typo_font_size":0,"ocean_menu_typo_font_size_tablet":0,"ocean_menu_typo_font_size_mobile":0,"ocean_menu_typo_font_size_unit":"px","ocean_menu_typo_font_weight":"","ocean_menu_typo_font_weight_tablet":"","ocean_menu_typo_font_weight_mobile":"","ocean_menu_typo_transform":"","ocean_menu_typo_transform_tablet":"","ocean_menu_typo_transform_mobile":"","ocean_menu_typo_line_height":0,"ocean_menu_typo_line_height_tablet":0,"ocean_menu_typo_line_height_mobile":0,"ocean_menu_typo_line_height_unit":"","ocean_menu_typo_spacing":0,"ocean_menu_typo_spacing_tablet":0,"ocean_menu_typo_spacing_mobile":0,"ocean_menu_typo_spacing_unit":"","ocean_menu_link_color":"","ocean_menu_link_color_hover":"","ocean_menu_link_color_active":"","ocean_menu_link_background":"","ocean_menu_link_hover_background":"","ocean_menu_link_active_background":"","ocean_menu_social_links_bg":"","ocean_menu_social_hover_links_bg":"","ocean_menu_social_links_color":"","ocean_menu_social_hover_links_color":"","ocean_disable_title":"default","ocean_disable_heading":"default","ocean_post_title":"","ocean_post_subheading":"","ocean_post_title_style":"","ocean_post_title_background_color":"","ocean_post_title_background":0,"ocean_post_title_bg_image_position":"","ocean_post_title_bg_image_attachment":"","ocean_post_title_bg_image_repeat":"","ocean_post_title_bg_image_size":"","ocean_post_title_height":0,"ocean_post_title_bg_overlay":0.5,"ocean_post_title_bg_overlay_color":"","ocean_disable_breadcrumbs":"default","ocean_breadcrumbs_color":"","ocean_breadcrumbs_separator_color":"","ocean_breadcrumbs_links_color":"","ocean_breadcrumbs_links_hover_color":"","ocean_display_footer_widgets":"default","ocean_display_footer_bottom":"default","ocean_custom_footer_template":"","footnotes":""},"class_list":["post-512","page","type-page","status-publish","hentry","entry"],"yoast_head":"<!-- This site is optimized with the Yoast SEO plugin v27.4 - https:\/\/yoast.com\/product\/yoast-seo-wordpress\/ -->\n<title>Destacamentos de la IX en el S\u00e1hara -<\/title>\n<meta name=\"robots\" content=\"index, follow, max-snippet:-1, max-image-preview:large, max-video-preview:-1\" \/>\n<link rel=\"canonical\" href=\"https:\/\/amigosdeltercertercio.com\/web\/destacamentos-de-la-ix-en-el-sahara\/\" \/>\n<meta property=\"og:locale\" content=\"es_ES\" \/>\n<meta property=\"og:type\" content=\"article\" \/>\n<meta property=\"og:title\" content=\"Destacamentos de la IX en el S\u00e1hara -\" \/>\n<meta property=\"og:description\" content=\"\u00a0LA 3 C\u00cdA Y IX BRA EN EL CONFLICTO DE IFNI-SAHARA, 1956-1958 LOS DESTACAMENTOS DE LA IX BRA EN EL SAHARA El campamento de Aargub Seg\u00fan hemos visto tras unos recorridos con tiros por diferentes partes del desierto, incluida la zona norte, la IX Bandera se estableci\u00f3 en Aargub, de modo que una Compa\u00f1\u00eda de [&hellip;]\" \/>\n<meta property=\"og:url\" content=\"https:\/\/amigosdeltercertercio.com\/web\/destacamentos-de-la-ix-en-el-sahara\/\" \/>\n<meta property=\"article:modified_time\" content=\"2014-04-21T16:19:25+00:00\" \/>\n<meta name=\"twitter:card\" content=\"summary_large_image\" \/>\n<meta name=\"twitter:label1\" content=\"Tiempo de lectura\" \/>\n\t<meta name=\"twitter:data1\" content=\"7 minutos\" \/>\n<script type=\"application\/ld+json\" class=\"yoast-schema-graph\">{\"@context\":\"https:\\\/\\\/schema.org\",\"@graph\":[{\"@type\":\"WebPage\",\"@id\":\"https:\\\/\\\/amigosdeltercertercio.com\\\/web\\\/destacamentos-de-la-ix-en-el-sahara\\\/\",\"url\":\"https:\\\/\\\/amigosdeltercertercio.com\\\/web\\\/destacamentos-de-la-ix-en-el-sahara\\\/\",\"name\":\"Destacamentos de la IX en el S\u00e1hara -\",\"isPartOf\":{\"@id\":\"https:\\\/\\\/amigosdeltercertercio.com\\\/web\\\/#website\"},\"datePublished\":\"2014-04-20T17:40:27+00:00\",\"dateModified\":\"2014-04-21T16:19:25+00:00\",\"breadcrumb\":{\"@id\":\"https:\\\/\\\/amigosdeltercertercio.com\\\/web\\\/destacamentos-de-la-ix-en-el-sahara\\\/#breadcrumb\"},\"inLanguage\":\"es\",\"potentialAction\":[{\"@type\":\"ReadAction\",\"target\":[\"https:\\\/\\\/amigosdeltercertercio.com\\\/web\\\/destacamentos-de-la-ix-en-el-sahara\\\/\"]}]},{\"@type\":\"BreadcrumbList\",\"@id\":\"https:\\\/\\\/amigosdeltercertercio.com\\\/web\\\/destacamentos-de-la-ix-en-el-sahara\\\/#breadcrumb\",\"itemListElement\":[{\"@type\":\"ListItem\",\"position\":1,\"name\":\"Home\",\"item\":\"https:\\\/\\\/amigosdeltercertercio.com\\\/web\\\/\"},{\"@type\":\"ListItem\",\"position\":2,\"name\":\"Destacamentos de la IX en el S\u00e1hara\"}]},{\"@type\":\"WebSite\",\"@id\":\"https:\\\/\\\/amigosdeltercertercio.com\\\/web\\\/#website\",\"url\":\"https:\\\/\\\/amigosdeltercertercio.com\\\/web\\\/\",\"name\":\"\",\"description\":\"\",\"potentialAction\":[{\"@type\":\"SearchAction\",\"target\":{\"@type\":\"EntryPoint\",\"urlTemplate\":\"https:\\\/\\\/amigosdeltercertercio.com\\\/web\\\/?s={search_term_string}\"},\"query-input\":{\"@type\":\"PropertyValueSpecification\",\"valueRequired\":true,\"valueName\":\"search_term_string\"}}],\"inLanguage\":\"es\"}]}<\/script>\n<!-- \/ Yoast SEO plugin. -->","yoast_head_json":{"title":"Destacamentos de la IX en el S\u00e1hara -","robots":{"index":"index","follow":"follow","max-snippet":"max-snippet:-1","max-image-preview":"max-image-preview:large","max-video-preview":"max-video-preview:-1"},"canonical":"https:\/\/amigosdeltercertercio.com\/web\/destacamentos-de-la-ix-en-el-sahara\/","og_locale":"es_ES","og_type":"article","og_title":"Destacamentos de la IX en el S\u00e1hara -","og_description":"\u00a0LA 3 C\u00cdA Y IX BRA EN EL CONFLICTO DE IFNI-SAHARA, 1956-1958 LOS DESTACAMENTOS DE LA IX BRA EN EL SAHARA El campamento de Aargub Seg\u00fan hemos visto tras unos recorridos con tiros por diferentes partes del desierto, incluida la zona norte, la IX Bandera se estableci\u00f3 en Aargub, de modo que una Compa\u00f1\u00eda de [&hellip;]","og_url":"https:\/\/amigosdeltercertercio.com\/web\/destacamentos-de-la-ix-en-el-sahara\/","article_modified_time":"2014-04-21T16:19:25+00:00","twitter_card":"summary_large_image","twitter_misc":{"Tiempo de lectura":"7 minutos"},"schema":{"@context":"https:\/\/schema.org","@graph":[{"@type":"WebPage","@id":"https:\/\/amigosdeltercertercio.com\/web\/destacamentos-de-la-ix-en-el-sahara\/","url":"https:\/\/amigosdeltercertercio.com\/web\/destacamentos-de-la-ix-en-el-sahara\/","name":"Destacamentos de la IX en el S\u00e1hara -","isPartOf":{"@id":"https:\/\/amigosdeltercertercio.com\/web\/#website"},"datePublished":"2014-04-20T17:40:27+00:00","dateModified":"2014-04-21T16:19:25+00:00","breadcrumb":{"@id":"https:\/\/amigosdeltercertercio.com\/web\/destacamentos-de-la-ix-en-el-sahara\/#breadcrumb"},"inLanguage":"es","potentialAction":[{"@type":"ReadAction","target":["https:\/\/amigosdeltercertercio.com\/web\/destacamentos-de-la-ix-en-el-sahara\/"]}]},{"@type":"BreadcrumbList","@id":"https:\/\/amigosdeltercertercio.com\/web\/destacamentos-de-la-ix-en-el-sahara\/#breadcrumb","itemListElement":[{"@type":"ListItem","position":1,"name":"Home","item":"https:\/\/amigosdeltercertercio.com\/web\/"},{"@type":"ListItem","position":2,"name":"Destacamentos de la IX en el S\u00e1hara"}]},{"@type":"WebSite","@id":"https:\/\/amigosdeltercertercio.com\/web\/#website","url":"https:\/\/amigosdeltercertercio.com\/web\/","name":"","description":"","potentialAction":[{"@type":"SearchAction","target":{"@type":"EntryPoint","urlTemplate":"https:\/\/amigosdeltercertercio.com\/web\/?s={search_term_string}"},"query-input":{"@type":"PropertyValueSpecification","valueRequired":true,"valueName":"search_term_string"}}],"inLanguage":"es"}]}},"_links":{"self":[{"href":"https:\/\/amigosdeltercertercio.com\/web\/wp-json\/wp\/v2\/pages\/512","targetHints":{"allow":["GET"]}}],"collection":[{"href":"https:\/\/amigosdeltercertercio.com\/web\/wp-json\/wp\/v2\/pages"}],"about":[{"href":"https:\/\/amigosdeltercertercio.com\/web\/wp-json\/wp\/v2\/types\/page"}],"author":[{"embeddable":true,"href":"https:\/\/amigosdeltercertercio.com\/web\/wp-json\/wp\/v2\/users\/1"}],"replies":[{"embeddable":true,"href":"https:\/\/amigosdeltercertercio.com\/web\/wp-json\/wp\/v2\/comments?post=512"}],"version-history":[{"count":3,"href":"https:\/\/amigosdeltercertercio.com\/web\/wp-json\/wp\/v2\/pages\/512\/revisions"}],"predecessor-version":[{"id":683,"href":"https:\/\/amigosdeltercertercio.com\/web\/wp-json\/wp\/v2\/pages\/512\/revisions\/683"}],"wp:attachment":[{"href":"https:\/\/amigosdeltercertercio.com\/web\/wp-json\/wp\/v2\/media?parent=512"}],"curies":[{"name":"wp","href":"https:\/\/api.w.org\/{rel}","templated":true}]}}