{"id":528,"date":"2014-04-20T17:51:09","date_gmt":"2014-04-20T17:51:09","guid":{"rendered":"https:\/\/amigosdeltercertercio.com\/web\/?page_id=528"},"modified":"2014-04-21T16:23:12","modified_gmt":"2014-04-21T16:23:12","slug":"unidades-de-larache-desaparecidas","status":"publish","type":"page","link":"https:\/\/amigosdeltercertercio.com\/web\/unidades-de-larache-desaparecidas\/","title":{"rendered":"Unidades de Larache desaparecidas"},"content":{"rendered":"<p align=\"center\">CREACI\u00d3N DEL TERCIO Y PRIMEROS A\u00d1OS: LARACHE, 1940 &#8211; 58<\/p>\n<p align=\"center\">\n<p align=\"JUSTIFY\"><strong>UNIDADES DEL LARACHE YA DESAPARECIDAS<\/strong><\/p>\n<p align=\"JUSTIFY\">Larache vi\u00f3 nacer, crecer y morir a dos unidades del 3er Tercio, la Bandera de Posici\u00f3n, de corta vida, creada con motivo de los incidentes de T\u00e1nger, y la Agrupaci\u00f3n Mixta, disuelta en 1958, poco antes de que el Tercio marchara al Sahara. Estas unidades son exclusivamente del territorio marroqu\u00ed pues no emprendieron el nomadeo de la VII, VIII y IX. Tambi\u00e9n incluyo en este cap\u00edtulo como unidades ya desaparecidas a dos Compa\u00f1\u00edas, la de Plana Mayor (19 C\u00eda) y la de destinos (20 C\u00eda), nacidas en Marruecos y n\u00f3madas, pues \u00e9stas si que emprendieron el viaje del Sahara y luego en Fuerteventura, isla donde fueron enterradas, valga la expresi\u00f3n.<\/p>\n<p align=\"JUSTIFY\">La Agrupaci\u00f3n Mixta<\/p>\n<p align=\"JUSTIFY\">En el mes de julio de 1943, el Ministerio del Ej\u00e9rcito aprob\u00f3 las<i> plantillas<\/i> <i>verdes<\/i> cre\u00e1ndose la <i>Agrupaci\u00f3n Mixta<\/i> del 3er Tercio, que llevaba las armas y el nombre del <i>Capit\u00e1n Garc\u00eda Paredes<\/i>, a base de una Compa\u00f1\u00eda de ca\u00f1ones <i>contracarro<\/i>, otra de <i>ca\u00f1ones de Infanter\u00eda<\/i> y una \u00faltima de ametralladoras <i>antia\u00e9reas<\/i>, m\u00e1s una Secci\u00f3n de <i>destrucciones<\/i>. Adem\u00e1s de estas armas de <i>acompa\u00f1amiento <\/i>a nivel Tercio, en cada Bandera exist\u00eda una quinta Compa\u00f1\u00eda (a sumar a las cuatro de fusiles) que se denominaba de<i> ametralladoras<\/i> por contar con 8 ametralladoras medias, adem\u00e1s de 4 morteros de 81mm. La <i>galleta<\/i> o distintivo de pecho de la Mixta era igual que el de la Plana del Tercio, blanco-negro con dos aspas cruzadas. Su Gui\u00f3n llevaba en el anverso el \u00e1guila imperial bic\u00e9fala sobre fondo blanco con las siglas de las tres Compa\u00f1\u00edas que componen la Agrupaci\u00f3n: CCC, AAA y CI. En el reverso el emblema de la Legi\u00f3n con dos bastos rojos cruzados sobre fondo blanco-negro y el nombre de Garc\u00eda de Paredes.<\/p>\n<p align=\"JUSTIFY\">La Compa\u00f1\u00eda <i>contracarro<\/i> dispon\u00eda de 8 ca\u00f1ones de 45 mm., la Compa\u00f1\u00eda <i>antia\u00e9rea <\/i>de 8 ametralladoras Oerlikon de 20 mm. y la Compa\u00f1\u00eda de <i>ca\u00f1ones <\/i>de 4 piezas de 75 mm. Estas \u00faltimas piezas pasaron luego, tras disolverse la Agrupaci\u00f3n, a ser de dotaci\u00f3n en las unidades de Artiller\u00eda. De hecho, f\u00edsicamente el ob\u00fas de 75 mm ten\u00eda una configuraci\u00f3n, en lo relativo a sus ruedas de madera, caja, protector,&#8230; muy similar a los ca\u00f1ones de 105\/11 que luego tuvo la Bater\u00eda Transportada, solo que el tubo del 75 mm era l\u00f3gicamente m\u00e1s largo y de menor calibre.<\/p>\n<p align=\"JUSTIFY\">Hay que tener en cuenta que a pesar del considerable peso de estas armas, con la excepci\u00f3n de los ca\u00f1ones de 75 mm, cuyas cargas iban sobre mulos, el resto de armamento desfilaba a paso legionario sobre el hombro y sin almohadilla, los ca\u00f1ones de 45 mm. con sus cuerdas de tiro a las ruedas y en bandolera cruzando el pecho de sus sirvientes legionarios y lo mismo ocurr\u00eda con las antia\u00e9reas. En definitiva, resultaba todo un espect\u00e1culo de esfuerzo y sudores el ver desfilar a los de la <i>Mixta<\/i>, detr\u00e1s de los fusileros, con las armas pesadas sobre el hombro o arrastrando ca\u00f1ones. Lo mismo ocurr\u00eda, aunque con menos peso, con las Compa\u00f1\u00edas de <i>ametralladoras<\/i> de las Banderas, pues cada m\u00e1quina se compon\u00eda de tres partes, el cuerpo, que se llevaba al hombro sin almohadilla, el tr\u00edpode tambien al hombro mientras que los proveedores s\u00f3lo llevaban una caja de munici\u00f3n (se eliminaban otros accesorios por lo antiest\u00e9tico de su transporte). Tambien al hombro.<\/p>\n<p align=\"JUSTIFY\">En la \u00faltima etapa de su existencia la Agrupaci\u00f3n Mixta al parecer lleg\u00f3 a denominarse <i>Bandera Mixta<\/i>, o de <i>Especialidades<\/i> y estuvo mandada por los Comandantes D. Juan Romero, luego por D. Jos\u00e9 M\u00aa Tim\u00f3n Lara siendo su \u00faltimo Comandante hasta su disoluci\u00f3n D. Antonio de Furundarena Gil. El Capit\u00e1n D. Faustino Alonso Suarez estaba a cargo de la 18 C\u00eda (<i>ca\u00f1ones<\/i>), el Capit\u00e1n Miguel Urqu\u00eda de la Iglesia y luego Jos\u00e9 M. Rodr\u00edguez Troncoso de la 17\u00aa (<i>contracarro<\/i>), y el Capit\u00e1n D. Edmundo Voigt Dick de la 16\u00aa Compa\u00f1\u00eda (<i>antia\u00e9reas<\/i>), en sus \u00faltimos a\u00f1os hasta su disoluci\u00f3n la mand\u00f3 el Capit\u00e1n D. Eduardo Rodr\u00edguez Moreno. Tambi\u00e9n esperamos obtener informaci\u00f3n de los lectores y veteranos sobre el resto de jefes que tuvo esta Agrupaci\u00f3n.<\/p>\n<p align=\"JUSTIFY\">Estas unidades de la Bandera Mixta se disolvieron en julio de 1958, poco antes de crearse el 3er Tercio sahariano, completando con su personal la PLM del Tercio que marchaba al Sahara, as\u00ed como a las Banderas VII y VIII que durante unos meses (a partir de septiembre cuando el Coronel se traslad\u00f3 al Sahara), constituyeron la <i>Agrupaci\u00f3n de Banderas<\/i> bajo el mando del Tcol. Jefe de Instrucci\u00f3n del Tercio. A su vez, esta Agrupaci\u00f3n se disolvi\u00f3 en octubre de ese mismo a\u00f1o al integrarse la VII y la VIII en el 2\u00ba Tercio (<i>Dar-Riffien<\/i>) pasando a ser, seg\u00fan ya dije, la IV y VI Banderas respectivamente. Por contra, se cre\u00f3 la <i>Agrupaci\u00f3n de Planas Mayores<\/i> que abarcaba la Plana Mayor de Mando y Plana Mayor Administrativa que junto con la C\u00eda de Plana Mayor (19\u00aa C\u00eda) y la C\u00eda de Destinos (20 C\u00eda) s\u00ed acompa\u00f1aron al completo de sus efectivos al Coronel hasta el Aai\u00fan. En realidad estas dos Compa\u00f1\u00edas fueron las \u00fanicas del 3er Tercio de Marruecos que se trasladaron al desierto para constituir Tercio sahariano.<\/p>\n<p align=\"JUSTIFY\">El entonces Teniente <i>Fern\u00e1ndez Tenreiro<\/i> nos habla de la \u00e9poca de la Mixta:<\/p>\n<blockquote>\n<blockquote>\n<p align=\"JUSTIFY\">\u00abEn la Agrupaci\u00f3n Mixta, la 17 C\u00eda de ca\u00f1ones <i>contracarros<\/i> (CCC) dispon\u00eda de piezas del 45, de las cuales, al crearse el 4\u00ba Tercio en<i> Villasanjurjo<\/i> a base de unidades de los dem\u00e1s Tercios, recib\u00ed orden de cooperar con un Pelot\u00f3n. Al poco tiempo se sustituyeron por CCC de 75 mm. y, \u00e9stos si que era una maravilla verlos desfilar a brazo, ya a paso legionario, ya a paso ligero. Esta Compa\u00f1\u00eda la mand\u00e9 durante casi un a\u00f1o, por enfermedad del Capit\u00e1n que era por aquel entonces D. Miguel Urquia de la Iglesia, hasta la incorporaci\u00f3n del Capit\u00e1n D. Jos\u00e9 Manuel Rodr\u00edguez Troncoso, a quien entregu\u00e9 el mando. El mando de la Agrupaci\u00f3n Mixta o Bandera de Especialidades (la de los <i>brillantinas<\/i>, como nos llamaban), estaba mandada por el Comandante D. Juan Romero y el Capit\u00e1n de la 16 (AAA), era D. Edmundo Voigt Dick. Al Cte. Romero le sucedi\u00f3 Tim\u00f3n Lara\u00bb.<\/p>\n<\/blockquote>\n<\/blockquote>\n<p align=\"JUSTIFY\">La Bandera de Posici\u00f3n<\/p>\n<p align=\"JUSTIFY\">La Bandera de Posici\u00f3n fue creada en 1944 y disuelta el 30 de julio de 1945. Seg\u00fan el entonces Tte. D. <i>Jos\u00e9 Miranda Calvo<\/i> que estuvo en el Tercio en 1944\u201350 la Bandera de Posici\u00f3n se cre\u00f3 para cubrir destacamentos especiales originales con motivo de la ocupaci\u00f3n de <i>T\u00e1nger.<\/i> As\u00ed durante un tiempo se mantuvieron guarnecidos el <i>Fondak de Ain Yedia y Ras Remel<\/i>. Esta Bandera solo contaba con 2 Compa\u00f1\u00edas, mandadas por los Capitanes Albizn (sustituido luego por Rivera) y V\u00e1zquez.<\/p>\n<p align=\"JUSTIFY\"><b>C\u00edas de PLM y Destinos: de la Agrupaci\u00f3n a la UAPO<\/b><\/p>\n<p align=\"JUSTIFY\">Veamos seguidamente como evolucionaron las unidades de <i>Plana Mayor y Destinos o Servicios<\/i>, nacidas en la \u00e9poca de Larache y que sufrieron significativas transformaciones a lo largo de la historia del Tercio. Perm\u00edtame el lector que para <i>hilar <\/i>mejor esta evoluci\u00f3n, adelant\u00e1ndonos a posteriores cap\u00edtulos, hable tambi\u00e9n aqu\u00ed de estas unidades en el Sahara, Fuerteventura y Almer\u00eda.<\/p>\n<p align=\"JUSTIFY\">Cuando se cre\u00f3 el 3er Tercio en 1940, adem\u00e1s de las VII, VIII y IX Banderas, el Tercio dispon\u00eda de una <i>Plana Mayor de Mando <\/i>y una <i>Plana Mayor Administrativa<\/i>. La primera, que depend\u00eda directamente del Coronel Jefe del Tercio, constaba de una <i>Agrupaci\u00f3n de Mando<\/i> con un Capit\u00e1n (pienso que era el Ayudante del Sr. Coronel), un Equipo de <i>Transmisiones<\/i> y otro Equipo de <i>Observaci\u00f3n<\/i>, <i>Informaci\u00f3n<\/i> y <i>Enlace<\/i>, mandados ambos por Tenientes. Luego exist\u00eda una <i>Compa\u00f1\u00eda Mixta<\/i> que se compon\u00eda de una Secci\u00f3n de <i>Obreros y Explosivos<\/i> y una Secci\u00f3n de <i>Dep\u00f3sito<\/i> (que posiblemente tambi\u00e9n administraba a los Equipos de Transmisiones y Observaci\u00f3n). Por \u00faltimo, el <i>Tren de Tercio<\/i> lo mandaba un Teniente y curiosamente no le auxiliaba ning\u00fan Suboficial, sino que tan solo dispon\u00eda de un Cabo, 10 legionarios y 7 mulos de carga para apoyar log\u00edsticamente al Tercio (excepto a las Banderas que contaban, a su vez, con su Tren log\u00edstico propio).<\/p>\n<p align=\"JUSTIFY\">Por su parte, la <i>Plana Mayor Administrativa<\/i>, al frente de un Teniente Coronel (el \u00fanico de este empleo en el Tercio hasta que a\u00f1os m\u00e1s tarde apareci\u00f3 la figura del Tcol. Jefe de Instrucci\u00f3n), constaba de una <i>Mayor\u00eda<\/i>, un <i>Juzgado<\/i> y una <i>Compa\u00f1\u00eda de Destinos<\/i>. En la citada PLM Administrativa, se encuadraban un Cte. Auxiliar y 2 Capitanes (el <i>Cajero<\/i> y el del <i>Almac\u00e9n<\/i>) mas el Servicio Sanitario de todo el Tercio (1 Cap., 2 Tte,s <i>M\u00e9dicos<\/i>, m\u00e1s 1 <i>Veterinario<\/i>) y los Suboficiales Especialistas (<i>Armero, Herrador y Guarnicionero<\/i>). El Juzgado lo compon\u00edan un Oficial y un Brigada. La Compa\u00f1\u00eda de <i>Destinos<\/i>, al mando de un Capit\u00e1n, dispon\u00eda de un Oficial, 3 Brigadas, 5 Sargentos, 1 <i>Maestro de Banda <\/i>y 112 legionarios.<\/p>\n<p align=\"JUSTIFY\">En lo que respecta a las Banderas, \u00e9stas estaban mandadas por un Comandante Jefe, y su <i>Plana Mayor de Mando<\/i> se reduc\u00eda a un Tte. Ayudante auxiliado por un Suboficial Subayudante y encargado de la oficina, un <i>Armero<\/i>, un <i>Herrador<\/i>, un <i>Cabo de Banda<\/i>, un Corneta, 3 Cabos y 12 legionarios, adem\u00e1s de un Pelot\u00f3n de <i>Transmisiones<\/i> con un Sargento, 1 Cabo, 9 legionarios y un <i>Tren de Bandera<\/i> (el equivalente a la C\u00eda. de Servicios actual) con un Sargento, un Cabo, 2 Legionarios y 23 mulos, sin ning\u00fan veh\u00edculo.<\/p>\n<p align=\"JUSTIFY\">Cuatro a\u00f1os m\u00e1s tarde, en enero de 1944 (O.C. del 21 de diciembre de 1943, DO.n\u00ba1 de 1944), el Tercio sufri\u00f3 una importante remodelaci\u00f3n. A la <i>Plana Mayor de Mando<\/i> fueron destinados un Teniente Coronel (con lo cual en el Tercio ya existir\u00e1n dos, junto con el de la Plana Mayor Administrativa) y 2 Comandantes. La Secci\u00f3n de <i>Obreros y Explosivos<\/i> se traslad\u00f3 como Secci\u00f3n de <i>Destrucciones<\/i> a la Agrupaci\u00f3n Mixta (que adem\u00e1s ten\u00eda seg\u00fan lo dicho una C\u00eda. de <i>ca\u00f1ones contracarro<\/i>, otra de <i>ametralladoras antia\u00e9reas<\/i> y otra de <i>ca\u00f1ones de Infanter\u00eda<\/i>). Apareci\u00f3 adem\u00e1s una Secci\u00f3n de M\u00fasica. Y si bien la <i>Plana Mayor Administrativa<\/i> era similar, el Servicio de <i>Sanidad<\/i> (con 1 <i>Practicante<\/i> de nueva incorporaci\u00f3n) y de <i>Veterinaria<\/i>, junto con el <i>Herrador, Picador, Mec\u00e1nico de Auto<\/i>s (tambi\u00e9n de nueva incorporaci\u00f3n en la plantilla) pasaron a depender de la PLM de Mando.<\/p>\n<p align=\"JUSTIFY\">Cabe se\u00f1alar que la Secci\u00f3n de Destrucciones (mandada en 1954 por el Tte Brunete) pas\u00f3 luego a formar parte de la C\u00eda. de PLM del Tercio, donde tambi\u00e9n se encontraban las Secciones de Transporte, Observaci\u00f3n e Informaci\u00f3n y Transmisiones que en 1953 estaban bajo las \u00f3rdenes de los Tenientes Quintas, Camacho y Calvo Pic\u00f3, respectivamente. Por su parte, las Banderas, adem\u00e1s de las tres C\u00eda,s. de fusiles, dispon\u00edan de 1 C\u00eda. de <i>ametralladoras y morteros<\/i> (algo as\u00ed como la <i>C\u00eda de Apoyo<\/i>), pero no de una C\u00eda. de <i>PLM y Servicios<\/i>. Esta C\u00eda. de PLM se organiz\u00f3 en 1948, a\u00f1o en el que las Banderas pasaron a tener cinco Compa\u00f1\u00edas, las tres primeras de fusiles, la cuarta de <i>PLM <\/i>y la 5\u00aa de <i>ametralladoras y morteros<\/i>.<\/p>\n<p align=\"JUSTIFY\">Al crearse el 3er Tercio sahariano el 1 de octubre de 1958, seg\u00fan Instrucci\u00f3n B-13-58, se constituy\u00f3, como ya dije, una <i>Agrupaci\u00f3n de Planas Mayores<\/i>, con una de Plana Mayor de Mando y una Plana Mayor Administrativa. Al Sahara se trasladaron con el Coronel Jefe del Tercio, la citada Agrupaci\u00f3n de Planas Mayores m\u00e1s la C\u00eda. de PLM (19 C\u00eda) y la C\u00eda de <i>Destinos<\/i> (20 C\u00eda). La C\u00eda de <i>PLM <\/i>estaba compuesta por la Secci\u00f3n de<i> Mando, Transmisiones, Destrucciones, Observaci\u00f3n e Informaci\u00f3n<\/i>. Por cierto que a la incorporaci\u00f3n al Sahara, la Secci\u00f3n de Transmisiones estuvo mandada por un Teniente del Arma de Ingenieros, durante un par de a\u00f1os, dejando bien alto el pabell\u00f3n.<\/p>\n<p align=\"JUSTIFY\">Su Bander\u00edn llevaba los dos bastos cruzados del Tercio con los colores blanco (mitad izquierda arriba) y negro (mitad derecha abajo) en ambos lados la de PLM, y al rev\u00e9s, negro y blanco, la de Destinos. Lo mismo ocurr\u00eda con el color de la <i>galleta<\/i> o distintivo de pecho. Su <i>pepito<\/i> fue luego el del Tercio.<\/p>\n<p align=\"JUSTIFY\">En aquella \u00e9poca del Sahara las Banderas solo ten\u00edan 3 C\u00eda,s. de Fusiles y una C\u00eda. de <i>PLM y Servicios<\/i> con 7 Secciones, incluida la Secci\u00f3n de <i>Mando<\/i>. Por Orden del 2\u00ba JEME seg\u00fan escrito n\u00ba302905 de 09 de octubre de 1980 la C\u00eda. de PLM se dividi\u00f3 en Compa\u00f1\u00eda <i>de Apoyo<\/i> y Compa\u00f1\u00eda <i>de Mando y Servicios<\/i>, mientras que los radares pasaron a la Secci\u00f3n de Reconocimiento.<\/p>\n<p align=\"JUSTIFY\">A partir de 1985 el 3er Tercio (en Fuerteventura) qued\u00f3 constituido con arreglo al Plan Meta (IG.10\/1985) con la C\u00eda. de <i>PLM<\/i> y la C\u00eda. de <i>Destinos<\/i> (adem\u00e1s de la VII y VIII Banderas). Desconozco de qu\u00e9 unidades se compon\u00edan cada una de estas Compa\u00f1\u00edas. La posterior reorganizaci\u00f3n de las plantillas del Ej\u00e9rcito obligaron a disolver las C\u00eda,s. <i>PLM y Destinos<\/i>, cre\u00e1ndose a cambio una <i>Unidad de Apoyo (UAPO) <\/i>del Tercio (al mando de un Teniente) y una <i>Unidad de Servicios de Acuartelamiento (USAC),<\/i> al mando de un Capit\u00e1n, unidad ajena a la Legi\u00f3n, pero dependiendo del Jefe del Tercio como Jefe del Acuartelamiento. Al trasladarse el Tercio a Almer\u00eda, sede de la base de la Brigada de la Legi\u00f3n (BRILEG), permaneci\u00f3 en la Plana Mayor su <i>Unidad de Apoyo<\/i> pero no as\u00ed la USAC, que qued\u00f3 en Fuerteventura constituy\u00e9ndose en Almer\u00eda una <i>USBA (Unidad de Servicios de Base)<\/i> con un Coronel al frente y bajo las \u00f3rdenes directas del General Jefe de la Base y a la vez Jefe de la BRILEG.<\/p>\n<p>&nbsp;<\/p>\n","protected":false},"excerpt":{"rendered":"<p>CREACI\u00d3N DEL TERCIO Y PRIMEROS A\u00d1OS: LARACHE, 1940 &#8211; 58 UNIDADES DEL LARACHE YA DESAPARECIDAS Larache vi\u00f3 nacer, crecer y morir a dos unidades del 3er Tercio, la Bandera de Posici\u00f3n, de corta vida, creada con motivo de los incidentes de T\u00e1nger, y la Agrupaci\u00f3n Mixta, disuelta en 1958, poco antes de que el Tercio [&hellip;]<\/p>\n","protected":false},"author":1,"featured_media":0,"parent":0,"menu_order":0,"comment_status":"closed","ping_status":"closed","template":"","meta":{"ocean_post_layout":"","ocean_both_sidebars_style":"","ocean_both_sidebars_content_width":0,"ocean_both_sidebars_sidebars_width":0,"ocean_sidebar":"","ocean_second_sidebar":"","ocean_disable_margins":"enable","ocean_add_body_class":"","ocean_shortcode_before_top_bar":"","ocean_shortcode_after_top_bar":"","ocean_shortcode_before_header":"","ocean_shortcode_after_header":"","ocean_has_shortcode":"","ocean_shortcode_after_title":"","ocean_shortcode_before_footer_widgets":"","ocean_shortcode_after_footer_widgets":"","ocean_shortcode_before_footer_bottom":"","ocean_shortcode_after_footer_bottom":"","ocean_display_top_bar":"default","ocean_display_header":"default","ocean_header_style":"","ocean_center_header_left_menu":"","ocean_custom_header_template":"","ocean_custom_logo":0,"ocean_custom_retina_logo":0,"ocean_custom_logo_max_width":0,"ocean_custom_logo_tablet_max_width":0,"ocean_custom_logo_mobile_max_width":0,"ocean_custom_logo_max_height":0,"ocean_custom_logo_tablet_max_height":0,"ocean_custom_logo_mobile_max_height":0,"ocean_header_custom_menu":"","ocean_menu_typo_font_family":"","ocean_menu_typo_font_subset":"","ocean_menu_typo_font_size":0,"ocean_menu_typo_font_size_tablet":0,"ocean_menu_typo_font_size_mobile":0,"ocean_menu_typo_font_size_unit":"px","ocean_menu_typo_font_weight":"","ocean_menu_typo_font_weight_tablet":"","ocean_menu_typo_font_weight_mobile":"","ocean_menu_typo_transform":"","ocean_menu_typo_transform_tablet":"","ocean_menu_typo_transform_mobile":"","ocean_menu_typo_line_height":0,"ocean_menu_typo_line_height_tablet":0,"ocean_menu_typo_line_height_mobile":0,"ocean_menu_typo_line_height_unit":"","ocean_menu_typo_spacing":0,"ocean_menu_typo_spacing_tablet":0,"ocean_menu_typo_spacing_mobile":0,"ocean_menu_typo_spacing_unit":"","ocean_menu_link_color":"","ocean_menu_link_color_hover":"","ocean_menu_link_color_active":"","ocean_menu_link_background":"","ocean_menu_link_hover_background":"","ocean_menu_link_active_background":"","ocean_menu_social_links_bg":"","ocean_menu_social_hover_links_bg":"","ocean_menu_social_links_color":"","ocean_menu_social_hover_links_color":"","ocean_disable_title":"default","ocean_disable_heading":"default","ocean_post_title":"","ocean_post_subheading":"","ocean_post_title_style":"","ocean_post_title_background_color":"","ocean_post_title_background":0,"ocean_post_title_bg_image_position":"","ocean_post_title_bg_image_attachment":"","ocean_post_title_bg_image_repeat":"","ocean_post_title_bg_image_size":"","ocean_post_title_height":0,"ocean_post_title_bg_overlay":0.5,"ocean_post_title_bg_overlay_color":"","ocean_disable_breadcrumbs":"default","ocean_breadcrumbs_color":"","ocean_breadcrumbs_separator_color":"","ocean_breadcrumbs_links_color":"","ocean_breadcrumbs_links_hover_color":"","ocean_display_footer_widgets":"default","ocean_display_footer_bottom":"default","ocean_custom_footer_template":"","footnotes":""},"class_list":["post-528","page","type-page","status-publish","hentry","entry"],"yoast_head":"<!-- This site is optimized with the Yoast SEO plugin v27.4 - https:\/\/yoast.com\/product\/yoast-seo-wordpress\/ -->\n<title>Unidades de Larache desaparecidas -<\/title>\n<meta name=\"robots\" content=\"index, follow, max-snippet:-1, max-image-preview:large, max-video-preview:-1\" \/>\n<link rel=\"canonical\" href=\"https:\/\/amigosdeltercertercio.com\/web\/unidades-de-larache-desaparecidas\/\" \/>\n<meta property=\"og:locale\" content=\"es_ES\" \/>\n<meta property=\"og:type\" content=\"article\" \/>\n<meta property=\"og:title\" content=\"Unidades de Larache desaparecidas -\" \/>\n<meta property=\"og:description\" content=\"CREACI\u00d3N DEL TERCIO Y PRIMEROS A\u00d1OS: LARACHE, 1940 &#8211; 58 UNIDADES DEL LARACHE YA DESAPARECIDAS Larache vi\u00f3 nacer, crecer y morir a dos unidades del 3er Tercio, la Bandera de Posici\u00f3n, de corta vida, creada con motivo de los incidentes de T\u00e1nger, y la Agrupaci\u00f3n Mixta, disuelta en 1958, poco antes de que el Tercio [&hellip;]\" \/>\n<meta property=\"og:url\" content=\"https:\/\/amigosdeltercertercio.com\/web\/unidades-de-larache-desaparecidas\/\" \/>\n<meta property=\"article:modified_time\" content=\"2014-04-21T16:23:12+00:00\" \/>\n<meta name=\"twitter:card\" content=\"summary_large_image\" \/>\n<meta name=\"twitter:label1\" content=\"Tiempo de lectura\" \/>\n\t<meta name=\"twitter:data1\" content=\"12 minutos\" \/>\n<script type=\"application\/ld+json\" class=\"yoast-schema-graph\">{\"@context\":\"https:\\\/\\\/schema.org\",\"@graph\":[{\"@type\":\"WebPage\",\"@id\":\"https:\\\/\\\/amigosdeltercertercio.com\\\/web\\\/unidades-de-larache-desaparecidas\\\/\",\"url\":\"https:\\\/\\\/amigosdeltercertercio.com\\\/web\\\/unidades-de-larache-desaparecidas\\\/\",\"name\":\"Unidades de Larache desaparecidas -\",\"isPartOf\":{\"@id\":\"https:\\\/\\\/amigosdeltercertercio.com\\\/web\\\/#website\"},\"datePublished\":\"2014-04-20T17:51:09+00:00\",\"dateModified\":\"2014-04-21T16:23:12+00:00\",\"breadcrumb\":{\"@id\":\"https:\\\/\\\/amigosdeltercertercio.com\\\/web\\\/unidades-de-larache-desaparecidas\\\/#breadcrumb\"},\"inLanguage\":\"es\",\"potentialAction\":[{\"@type\":\"ReadAction\",\"target\":[\"https:\\\/\\\/amigosdeltercertercio.com\\\/web\\\/unidades-de-larache-desaparecidas\\\/\"]}]},{\"@type\":\"BreadcrumbList\",\"@id\":\"https:\\\/\\\/amigosdeltercertercio.com\\\/web\\\/unidades-de-larache-desaparecidas\\\/#breadcrumb\",\"itemListElement\":[{\"@type\":\"ListItem\",\"position\":1,\"name\":\"Home\",\"item\":\"https:\\\/\\\/amigosdeltercertercio.com\\\/web\\\/\"},{\"@type\":\"ListItem\",\"position\":2,\"name\":\"Unidades de Larache desaparecidas\"}]},{\"@type\":\"WebSite\",\"@id\":\"https:\\\/\\\/amigosdeltercertercio.com\\\/web\\\/#website\",\"url\":\"https:\\\/\\\/amigosdeltercertercio.com\\\/web\\\/\",\"name\":\"\",\"description\":\"\",\"potentialAction\":[{\"@type\":\"SearchAction\",\"target\":{\"@type\":\"EntryPoint\",\"urlTemplate\":\"https:\\\/\\\/amigosdeltercertercio.com\\\/web\\\/?s={search_term_string}\"},\"query-input\":{\"@type\":\"PropertyValueSpecification\",\"valueRequired\":true,\"valueName\":\"search_term_string\"}}],\"inLanguage\":\"es\"}]}<\/script>\n<!-- \/ Yoast SEO plugin. -->","yoast_head_json":{"title":"Unidades de Larache desaparecidas -","robots":{"index":"index","follow":"follow","max-snippet":"max-snippet:-1","max-image-preview":"max-image-preview:large","max-video-preview":"max-video-preview:-1"},"canonical":"https:\/\/amigosdeltercertercio.com\/web\/unidades-de-larache-desaparecidas\/","og_locale":"es_ES","og_type":"article","og_title":"Unidades de Larache desaparecidas -","og_description":"CREACI\u00d3N DEL TERCIO Y PRIMEROS A\u00d1OS: LARACHE, 1940 &#8211; 58 UNIDADES DEL LARACHE YA DESAPARECIDAS Larache vi\u00f3 nacer, crecer y morir a dos unidades del 3er Tercio, la Bandera de Posici\u00f3n, de corta vida, creada con motivo de los incidentes de T\u00e1nger, y la Agrupaci\u00f3n Mixta, disuelta en 1958, poco antes de que el Tercio [&hellip;]","og_url":"https:\/\/amigosdeltercertercio.com\/web\/unidades-de-larache-desaparecidas\/","article_modified_time":"2014-04-21T16:23:12+00:00","twitter_card":"summary_large_image","twitter_misc":{"Tiempo de lectura":"12 minutos"},"schema":{"@context":"https:\/\/schema.org","@graph":[{"@type":"WebPage","@id":"https:\/\/amigosdeltercertercio.com\/web\/unidades-de-larache-desaparecidas\/","url":"https:\/\/amigosdeltercertercio.com\/web\/unidades-de-larache-desaparecidas\/","name":"Unidades de Larache desaparecidas -","isPartOf":{"@id":"https:\/\/amigosdeltercertercio.com\/web\/#website"},"datePublished":"2014-04-20T17:51:09+00:00","dateModified":"2014-04-21T16:23:12+00:00","breadcrumb":{"@id":"https:\/\/amigosdeltercertercio.com\/web\/unidades-de-larache-desaparecidas\/#breadcrumb"},"inLanguage":"es","potentialAction":[{"@type":"ReadAction","target":["https:\/\/amigosdeltercertercio.com\/web\/unidades-de-larache-desaparecidas\/"]}]},{"@type":"BreadcrumbList","@id":"https:\/\/amigosdeltercertercio.com\/web\/unidades-de-larache-desaparecidas\/#breadcrumb","itemListElement":[{"@type":"ListItem","position":1,"name":"Home","item":"https:\/\/amigosdeltercertercio.com\/web\/"},{"@type":"ListItem","position":2,"name":"Unidades de Larache desaparecidas"}]},{"@type":"WebSite","@id":"https:\/\/amigosdeltercertercio.com\/web\/#website","url":"https:\/\/amigosdeltercertercio.com\/web\/","name":"","description":"","potentialAction":[{"@type":"SearchAction","target":{"@type":"EntryPoint","urlTemplate":"https:\/\/amigosdeltercertercio.com\/web\/?s={search_term_string}"},"query-input":{"@type":"PropertyValueSpecification","valueRequired":true,"valueName":"search_term_string"}}],"inLanguage":"es"}]}},"_links":{"self":[{"href":"https:\/\/amigosdeltercertercio.com\/web\/wp-json\/wp\/v2\/pages\/528","targetHints":{"allow":["GET"]}}],"collection":[{"href":"https:\/\/amigosdeltercertercio.com\/web\/wp-json\/wp\/v2\/pages"}],"about":[{"href":"https:\/\/amigosdeltercertercio.com\/web\/wp-json\/wp\/v2\/types\/page"}],"author":[{"embeddable":true,"href":"https:\/\/amigosdeltercertercio.com\/web\/wp-json\/wp\/v2\/users\/1"}],"replies":[{"embeddable":true,"href":"https:\/\/amigosdeltercertercio.com\/web\/wp-json\/wp\/v2\/comments?post=528"}],"version-history":[{"count":2,"href":"https:\/\/amigosdeltercertercio.com\/web\/wp-json\/wp\/v2\/pages\/528\/revisions"}],"predecessor-version":[{"id":688,"href":"https:\/\/amigosdeltercertercio.com\/web\/wp-json\/wp\/v2\/pages\/528\/revisions\/688"}],"wp:attachment":[{"href":"https:\/\/amigosdeltercertercio.com\/web\/wp-json\/wp\/v2\/media?parent=528"}],"curies":[{"name":"wp","href":"https:\/\/api.w.org\/{rel}","templated":true}]}}