{"id":717,"date":"2014-04-21T17:26:54","date_gmt":"2014-04-21T17:26:54","guid":{"rendered":"https:\/\/amigosdeltercertercio.com\/web\/?page_id=717"},"modified":"2014-05-16T16:49:51","modified_gmt":"2014-05-16T16:49:51","slug":"uapre","status":"publish","type":"page","link":"https:\/\/amigosdeltercertercio.com\/web\/uapre\/","title":{"rendered":"UAPRE      (Instalaciones)"},"content":{"rendered":"<h3 align=\"center\"><a href=\"https:\/\/amigosdeltercertercio.com\/web\/wp-content\/uploads\/2014\/04\/uapre.jpg\"><img loading=\"lazy\" decoding=\"async\" class=\"aligncenter size-full wp-image-1103\" alt=\"uapre\" src=\"https:\/\/amigosdeltercertercio.com\/web\/wp-content\/uploads\/2014\/04\/uapre.jpg\" width=\"76\" height=\"123\" \/><\/a><\/h3>\n<h3 align=\"center\"><strong>\u00abUAPRE\u00bb<\/strong><\/h3>\n<h3 style=\"text-align: center;\"><strong>UNIDAD DE APOYO A LA PREPARACI\u00d3N<\/strong><\/h3>\n<p>&nbsp;<\/p>\n<p style=\"text-align: justify;\" align=\"center\">Esta Unidad fue creada, bajo el Mando del Coronel Bataller (2002), aut\u00e9ntico impulsor de la misma.<\/p>\n<p style=\"text-align: justify;\" align=\"center\">En sus inicios, su denominaci\u00f3n era \u00abUIZU\u00bb (Unidad de Instrucci\u00f3n en Zonas Urbanizadas), a la que pertenec\u00edan el Cap. Alvarez, y el Cabo 1\u00ba Andrade, entre otros, estos fueron los verdaderos art\u00edfices de que esta Unidad sea hoy en d\u00eda como es y fueron la primera piedra, para que sus instalaciones poco a poco\u00a0y d\u00eda a d\u00eda, fuesen conocidas en el \u00e1mbito del Ejercito y propulsores de la Unidad que con su nueva denominaci\u00f3n \u00abUAPRE\u00bb se ha convertido y que \u00a0hoy en d\u00eda con el aumento de Estaciones, con lo que conlleva en la gran posibilidad de adiestramiento en el desarrollo de procedimientos que son empleados posteriormente en Zona de Operaciones, en referente para la construcci\u00f3n en otras Unidades del Ejercito de estas instalaciones as\u00ed como para su utilizaci\u00f3n \u00a0por parte de numerosas Unidades del Ejercito y Cuerpos de Seguridad del Estado.<\/p>\n<h5 align=\"center\">Las im\u00e1genes expuestas son una muestra de las instalaciones de que se dispone para la instrucci\u00f3n en CZURB.<\/h5>\n<p>&nbsp;<\/p>\n<p>&nbsp;<\/p>\n","protected":false},"excerpt":{"rendered":"<p>\u00abUAPRE\u00bb UNIDAD DE APOYO A LA PREPARACI\u00d3N &nbsp; Esta Unidad fue creada, bajo el Mando del Coronel Bataller (2002), aut\u00e9ntico impulsor de la misma. En sus inicios, su denominaci\u00f3n era \u00abUIZU\u00bb (Unidad de Instrucci\u00f3n en Zonas Urbanizadas), a la que pertenec\u00edan el Cap. Alvarez, y el Cabo 1\u00ba Andrade, entre otros, estos fueron los verdaderos [&hellip;]<\/p>\n","protected":false},"author":1,"featured_media":0,"parent":0,"menu_order":0,"comment_status":"closed","ping_status":"closed","template":"","meta":{"ocean_post_layout":"","ocean_both_sidebars_style":"","ocean_both_sidebars_content_width":0,"ocean_both_sidebars_sidebars_width":0,"ocean_sidebar":"","ocean_second_sidebar":"","ocean_disable_margins":"enable","ocean_add_body_class":"","ocean_shortcode_before_top_bar":"","ocean_shortcode_after_top_bar":"","ocean_shortcode_before_header":"","ocean_shortcode_after_header":"","ocean_has_shortcode":"","ocean_shortcode_after_title":"","ocean_shortcode_before_footer_widgets":"","ocean_shortcode_after_footer_widgets":"","ocean_shortcode_before_footer_bottom":"","ocean_shortcode_after_footer_bottom":"","ocean_display_top_bar":"default","ocean_display_header":"default","ocean_header_style":"","ocean_center_header_left_menu":"","ocean_custom_header_template":"","ocean_custom_logo":0,"ocean_custom_retina_logo":0,"ocean_custom_logo_max_width":0,"ocean_custom_logo_tablet_max_width":0,"ocean_custom_logo_mobile_max_width":0,"ocean_custom_logo_max_height":0,"ocean_custom_logo_tablet_max_height":0,"ocean_custom_logo_mobile_max_height":0,"ocean_header_custom_menu":"","ocean_menu_typo_font_family":"","ocean_menu_typo_font_subset":"","ocean_menu_typo_font_size":0,"ocean_menu_typo_font_size_tablet":0,"ocean_menu_typo_font_size_mobile":0,"ocean_menu_typo_font_size_unit":"px","ocean_menu_typo_font_weight":"","ocean_menu_typo_font_weight_tablet":"","ocean_menu_typo_font_weight_mobile":"","ocean_menu_typo_transform":"","ocean_menu_typo_transform_tablet":"","ocean_menu_typo_transform_mobile":"","ocean_menu_typo_line_height":0,"ocean_menu_typo_line_height_tablet":0,"ocean_menu_typo_line_height_mobile":0,"ocean_menu_typo_line_height_unit":"","ocean_menu_typo_spacing":0,"ocean_menu_typo_spacing_tablet":0,"ocean_menu_typo_spacing_mobile":0,"ocean_menu_typo_spacing_unit":"","ocean_menu_link_color":"","ocean_menu_link_color_hover":"","ocean_menu_link_color_active":"","ocean_menu_link_background":"","ocean_menu_link_hover_background":"","ocean_menu_link_active_background":"","ocean_menu_social_links_bg":"","ocean_menu_social_hover_links_bg":"","ocean_menu_social_links_color":"","ocean_menu_social_hover_links_color":"","ocean_disable_title":"default","ocean_disable_heading":"default","ocean_post_title":"","ocean_post_subheading":"","ocean_post_title_style":"","ocean_post_title_background_color":"","ocean_post_title_background":0,"ocean_post_title_bg_image_position":"","ocean_post_title_bg_image_attachment":"","ocean_post_title_bg_image_repeat":"","ocean_post_title_bg_image_size":"","ocean_post_title_height":0,"ocean_post_title_bg_overlay":0.5,"ocean_post_title_bg_overlay_color":"","ocean_disable_breadcrumbs":"default","ocean_breadcrumbs_color":"","ocean_breadcrumbs_separator_color":"","ocean_breadcrumbs_links_color":"","ocean_breadcrumbs_links_hover_color":"","ocean_display_footer_widgets":"default","ocean_display_footer_bottom":"default","ocean_custom_footer_template":"","footnotes":""},"class_list":["post-717","page","type-page","status-publish","hentry","entry"],"yoast_head":"<!-- This site is optimized with the Yoast SEO plugin v27.4 - https:\/\/yoast.com\/product\/yoast-seo-wordpress\/ -->\n<title>UAPRE   (Instalaciones) -<\/title>\n<meta name=\"description\" content=\"poco a poco y d\u00eda a d\u00eda, fuesen conocidas en el \u00e1mbito del Ejercito y propulsores de la Unidad que con su nueva denominaci\u00f3n &quot;UAPRE&quot; se ha convertido y que\" \/>\n<meta name=\"robots\" content=\"index, follow, max-snippet:-1, max-image-preview:large, max-video-preview:-1\" \/>\n<link rel=\"canonical\" href=\"https:\/\/amigosdeltercertercio.com\/web\/uapre\/\" \/>\n<meta property=\"og:locale\" content=\"es_ES\" \/>\n<meta property=\"og:type\" content=\"article\" \/>\n<meta property=\"og:title\" content=\"UAPRE   (Instalaciones) -\" \/>\n<meta property=\"og:description\" content=\"poco a poco y d\u00eda a d\u00eda, fuesen conocidas en el \u00e1mbito del Ejercito y propulsores de la Unidad que con su nueva denominaci\u00f3n &quot;UAPRE&quot; se ha convertido y que\" \/>\n<meta property=\"og:url\" content=\"https:\/\/amigosdeltercertercio.com\/web\/uapre\/\" \/>\n<meta property=\"article:modified_time\" content=\"2014-05-16T16:49:51+00:00\" \/>\n<meta property=\"og:image\" content=\"https:\/\/amigosdeltercertercio.com\/web\/wp-content\/uploads\/2014\/04\/uapre.jpg\" \/>\n<meta name=\"twitter:card\" content=\"summary_large_image\" \/>\n<meta name=\"twitter:label1\" content=\"Tiempo de lectura\" \/>\n\t<meta name=\"twitter:data1\" content=\"1 minuto\" \/>\n<script type=\"application\/ld+json\" class=\"yoast-schema-graph\">{\"@context\":\"https:\\\/\\\/schema.org\",\"@graph\":[{\"@type\":\"WebPage\",\"@id\":\"https:\\\/\\\/amigosdeltercertercio.com\\\/web\\\/uapre\\\/\",\"url\":\"https:\\\/\\\/amigosdeltercertercio.com\\\/web\\\/uapre\\\/\",\"name\":\"UAPRE (Instalaciones) -\",\"isPartOf\":{\"@id\":\"https:\\\/\\\/amigosdeltercertercio.com\\\/web\\\/#website\"},\"primaryImageOfPage\":{\"@id\":\"https:\\\/\\\/amigosdeltercertercio.com\\\/web\\\/uapre\\\/#primaryimage\"},\"image\":{\"@id\":\"https:\\\/\\\/amigosdeltercertercio.com\\\/web\\\/uapre\\\/#primaryimage\"},\"thumbnailUrl\":\"https:\\\/\\\/amigosdeltercertercio.com\\\/web\\\/wp-content\\\/uploads\\\/2014\\\/04\\\/uapre.jpg\",\"datePublished\":\"2014-04-21T17:26:54+00:00\",\"dateModified\":\"2014-05-16T16:49:51+00:00\",\"description\":\"poco a poco y d\u00eda a d\u00eda, fuesen conocidas en el \u00e1mbito del Ejercito y propulsores de la Unidad que con su nueva denominaci\u00f3n \\\"UAPRE\\\" se ha convertido y que\",\"breadcrumb\":{\"@id\":\"https:\\\/\\\/amigosdeltercertercio.com\\\/web\\\/uapre\\\/#breadcrumb\"},\"inLanguage\":\"es\",\"potentialAction\":[{\"@type\":\"ReadAction\",\"target\":[\"https:\\\/\\\/amigosdeltercertercio.com\\\/web\\\/uapre\\\/\"]}]},{\"@type\":\"ImageObject\",\"inLanguage\":\"es\",\"@id\":\"https:\\\/\\\/amigosdeltercertercio.com\\\/web\\\/uapre\\\/#primaryimage\",\"url\":\"https:\\\/\\\/amigosdeltercertercio.com\\\/web\\\/wp-content\\\/uploads\\\/2014\\\/04\\\/uapre.jpg\",\"contentUrl\":\"https:\\\/\\\/amigosdeltercertercio.com\\\/web\\\/wp-content\\\/uploads\\\/2014\\\/04\\\/uapre.jpg\",\"width\":76,\"height\":123},{\"@type\":\"BreadcrumbList\",\"@id\":\"https:\\\/\\\/amigosdeltercertercio.com\\\/web\\\/uapre\\\/#breadcrumb\",\"itemListElement\":[{\"@type\":\"ListItem\",\"position\":1,\"name\":\"Home\",\"item\":\"https:\\\/\\\/amigosdeltercertercio.com\\\/web\\\/\"},{\"@type\":\"ListItem\",\"position\":2,\"name\":\"UAPRE (Instalaciones)\"}]},{\"@type\":\"WebSite\",\"@id\":\"https:\\\/\\\/amigosdeltercertercio.com\\\/web\\\/#website\",\"url\":\"https:\\\/\\\/amigosdeltercertercio.com\\\/web\\\/\",\"name\":\"\",\"description\":\"\",\"potentialAction\":[{\"@type\":\"SearchAction\",\"target\":{\"@type\":\"EntryPoint\",\"urlTemplate\":\"https:\\\/\\\/amigosdeltercertercio.com\\\/web\\\/?s={search_term_string}\"},\"query-input\":{\"@type\":\"PropertyValueSpecification\",\"valueRequired\":true,\"valueName\":\"search_term_string\"}}],\"inLanguage\":\"es\"}]}<\/script>\n<!-- \/ Yoast SEO plugin. -->","yoast_head_json":{"title":"UAPRE   (Instalaciones) -","description":"poco a poco y d\u00eda a d\u00eda, fuesen conocidas en el \u00e1mbito del Ejercito y propulsores de la Unidad que con su nueva denominaci\u00f3n \"UAPRE\" se ha convertido y que","robots":{"index":"index","follow":"follow","max-snippet":"max-snippet:-1","max-image-preview":"max-image-preview:large","max-video-preview":"max-video-preview:-1"},"canonical":"https:\/\/amigosdeltercertercio.com\/web\/uapre\/","og_locale":"es_ES","og_type":"article","og_title":"UAPRE   (Instalaciones) -","og_description":"poco a poco y d\u00eda a d\u00eda, fuesen conocidas en el \u00e1mbito del Ejercito y propulsores de la Unidad que con su nueva denominaci\u00f3n \"UAPRE\" se ha convertido y que","og_url":"https:\/\/amigosdeltercertercio.com\/web\/uapre\/","article_modified_time":"2014-05-16T16:49:51+00:00","og_image":[{"url":"https:\/\/amigosdeltercertercio.com\/web\/wp-content\/uploads\/2014\/04\/uapre.jpg","type":"","width":"","height":""}],"twitter_card":"summary_large_image","twitter_misc":{"Tiempo de lectura":"1 minuto"},"schema":{"@context":"https:\/\/schema.org","@graph":[{"@type":"WebPage","@id":"https:\/\/amigosdeltercertercio.com\/web\/uapre\/","url":"https:\/\/amigosdeltercertercio.com\/web\/uapre\/","name":"UAPRE (Instalaciones) -","isPartOf":{"@id":"https:\/\/amigosdeltercertercio.com\/web\/#website"},"primaryImageOfPage":{"@id":"https:\/\/amigosdeltercertercio.com\/web\/uapre\/#primaryimage"},"image":{"@id":"https:\/\/amigosdeltercertercio.com\/web\/uapre\/#primaryimage"},"thumbnailUrl":"https:\/\/amigosdeltercertercio.com\/web\/wp-content\/uploads\/2014\/04\/uapre.jpg","datePublished":"2014-04-21T17:26:54+00:00","dateModified":"2014-05-16T16:49:51+00:00","description":"poco a poco y d\u00eda a d\u00eda, fuesen conocidas en el \u00e1mbito del Ejercito y propulsores de la Unidad que con su nueva denominaci\u00f3n \"UAPRE\" se ha convertido y que","breadcrumb":{"@id":"https:\/\/amigosdeltercertercio.com\/web\/uapre\/#breadcrumb"},"inLanguage":"es","potentialAction":[{"@type":"ReadAction","target":["https:\/\/amigosdeltercertercio.com\/web\/uapre\/"]}]},{"@type":"ImageObject","inLanguage":"es","@id":"https:\/\/amigosdeltercertercio.com\/web\/uapre\/#primaryimage","url":"https:\/\/amigosdeltercertercio.com\/web\/wp-content\/uploads\/2014\/04\/uapre.jpg","contentUrl":"https:\/\/amigosdeltercertercio.com\/web\/wp-content\/uploads\/2014\/04\/uapre.jpg","width":76,"height":123},{"@type":"BreadcrumbList","@id":"https:\/\/amigosdeltercertercio.com\/web\/uapre\/#breadcrumb","itemListElement":[{"@type":"ListItem","position":1,"name":"Home","item":"https:\/\/amigosdeltercertercio.com\/web\/"},{"@type":"ListItem","position":2,"name":"UAPRE (Instalaciones)"}]},{"@type":"WebSite","@id":"https:\/\/amigosdeltercertercio.com\/web\/#website","url":"https:\/\/amigosdeltercertercio.com\/web\/","name":"","description":"","potentialAction":[{"@type":"SearchAction","target":{"@type":"EntryPoint","urlTemplate":"https:\/\/amigosdeltercertercio.com\/web\/?s={search_term_string}"},"query-input":{"@type":"PropertyValueSpecification","valueRequired":true,"valueName":"search_term_string"}}],"inLanguage":"es"}]}},"_links":{"self":[{"href":"https:\/\/amigosdeltercertercio.com\/web\/wp-json\/wp\/v2\/pages\/717","targetHints":{"allow":["GET"]}}],"collection":[{"href":"https:\/\/amigosdeltercertercio.com\/web\/wp-json\/wp\/v2\/pages"}],"about":[{"href":"https:\/\/amigosdeltercertercio.com\/web\/wp-json\/wp\/v2\/types\/page"}],"author":[{"embeddable":true,"href":"https:\/\/amigosdeltercertercio.com\/web\/wp-json\/wp\/v2\/users\/1"}],"replies":[{"embeddable":true,"href":"https:\/\/amigosdeltercertercio.com\/web\/wp-json\/wp\/v2\/comments?post=717"}],"version-history":[{"count":25,"href":"https:\/\/amigosdeltercertercio.com\/web\/wp-json\/wp\/v2\/pages\/717\/revisions"}],"predecessor-version":[{"id":2043,"href":"https:\/\/amigosdeltercertercio.com\/web\/wp-json\/wp\/v2\/pages\/717\/revisions\/2043"}],"wp:attachment":[{"href":"https:\/\/amigosdeltercertercio.com\/web\/wp-json\/wp\/v2\/media?parent=717"}],"curies":[{"name":"wp","href":"https:\/\/api.w.org\/{rel}","templated":true}]}}