{"id":721,"date":"2014-04-21T17:27:21","date_gmt":"2014-04-21T17:27:21","guid":{"rendered":"https:\/\/amigosdeltercertercio.com\/web\/?page_id=721"},"modified":"2014-05-01T10:17:48","modified_gmt":"2014-05-01T10:17:48","slug":"curso-de-asalto","status":"publish","type":"page","link":"https:\/\/amigosdeltercertercio.com\/web\/curso-de-asalto\/","title":{"rendered":"Curso de Asalto"},"content":{"rendered":"<p style=\"text-align: center;\"><strong>VIDEO DEL 1\u00ba CURSO DE ASALTO<\/strong><\/p>\n<p class=\"responsive-video-wrap clr\">\n<div class=\"\"><iframe loading=\"lazy\" title=\"Legi\u00f3n Espa\u00f1ola.\" width=\"1200\" height=\"900\" src=\"https:\/\/www.youtube.com\/embed\/n3P8QE2EoZw?feature=oembed\" frameborder=\"0\" allow=\"accelerometer; autoplay; clipboard-write; encrypted-media; gyroscope; picture-in-picture\" allowfullscreen><\/iframe><\/div>\n<\/p>\n<p style=\"text-align: center;\"><a href=\"https:\/\/amigosdeltercertercio.com\/web\/wp-content\/uploads\/2014\/04\/curso-asalto.jpg\"><img loading=\"lazy\" decoding=\"async\" class=\"aligncenter size-full wp-image-1021\" src=\"https:\/\/amigosdeltercertercio.com\/web\/wp-content\/uploads\/2014\/04\/curso-asalto.jpg\" alt=\"Curso Asalto\" width=\"445\" height=\"210\" srcset=\"https:\/\/amigosdeltercertercio.com\/web\/wp-content\/uploads\/2014\/04\/curso-asalto.jpg 445w, https:\/\/amigosdeltercertercio.com\/web\/wp-content\/uploads\/2014\/04\/curso-asalto-300x141.jpg 300w\" sizes=\"auto, (max-width: 445px) 100vw, 445px\" \/><\/a><\/p>\n<h3 style=\"text-align: center;\"><strong>CURSO DE ASALTO<\/strong><\/h3>\n<p style=\"text-align: justify;\"><em><strong>El Tercio 3\u00ba, lidera el curso de asalto, organizado e impulsado por el Coronel D. Pedro P\u00e9rez Garc\u00eda.<\/strong><\/em><\/p>\n<p style=\"text-align: justify;\">La creaci\u00f3n del Curso de Asalto se basa en la necesidad de disponer de una unidad capaz de hacer frente a cualquier tipo de misi\u00f3n, en cualquier lugar, en cualquier momento.<\/p>\n<p style=\"text-align: justify;\">A lo anterior hay que a\u00f1adir la conveniencia de contar en el empleo de los medios terrestres de un escalonamiento adecuado. As\u00ed, en operaciones como ISAF nos hemos encontrado con que se han planeado operaciones contra la oposici\u00f3n (OMF) en las que ha faltado la posibilidad de incrementar el nivel de fuerza aplicada. Esto es, en ocasiones las Fuerzas de Operaciones Especiales (SOF) han lanzado acciones ofensivas contra las OMF; sin embargo, estas acciones se quedaban en un nivel de resistencia muy bajo, ya que las capacidades reales de enfrentamiento de las SOF son muy limitadas. En esos momentos habr\u00eda hecho falta disponer de unas unidades capaces de elevar las capacidades ofensivas propias.<\/p>\n<p style=\"text-align: justify;\">Este concepto de fuerza de \u201cintervenci\u00f3n\u201d ni es nuevo ni \u00fanico en nuestro Ej\u00e9rcito. La mayor\u00eda de los dem\u00e1s tiene alguna unidad similar. El caso m\u00e1s semejante ser\u00eda el de los \u201cRangers\u201d de Estados Unidos. Se trata de un \u00fanico Regimiento (el 75\u00ba), compuesto por 3 Batallones. Su misi\u00f3n, tal como la expuso el JEME General Sullivan en la d\u00e9cada de los 90, es \u201cser capaz de combatir en todo momento, en todo lugar, contra cualquier enemigo, y vencer\u201d (\u00abThe Regiment must remain capable of fighting anytime, anywhere, against any enemy, and winning.\u00bb).<\/p>\n<p style=\"text-align: justify;\">Este concepto de \u201ccontra cualquier enemigo\u201d es importante. Las operaciones no convencionales son las mismas que las convencionales, pero llevadas a cabo en circunstancias distintas.<\/p>\n<p style=\"text-align: justify;\">Lo anterior lleva a la necesidad de prepararse de forma que se sea capaz de enfrentarse a cualquier tipo de adversario, convencional o no. Tampoco, es algo revolucionario: el infante marcha, ataca o se defiende. S\u00f3lo hay que prepararlo para que lo haga con eficacia en cualquier tipo de escenario.<\/p>\n<p style=\"text-align: justify;\">El curso pretende ser, solamente, el primer paso (e individual, esto es, es instrucci\u00f3n) de los componentes de esas unidades de Asalto, que les permitir\u00eda iniciar los pasos correspondientes al Adiestramiento, con la intenci\u00f3n de llegar claramente al nivel Batall\u00f3n.<\/p>\n<p style=\"text-align: justify;\">En resumen, la idea que subyace en todo lo anterior puede resumirse en la necesidad de contar permanentemente disponible con una fuerza capaz de vencer cualquier oposici\u00f3n en cualquier escenario. Para ello, hay que asumir la realizaci\u00f3n de la fase m\u00e1s dif\u00edcil y sacrificada de cualquier operaci\u00f3n: el asalto y combate en el seno de la organizaci\u00f3n del adversario. La preparaci\u00f3n de nuestras fuerzas para ello en la fase de Adiestramiento requiere de una fase previa individual de Instrucci\u00f3n, el Curso de Asalto.<\/p>\n<p style=\"text-align: justify;\">Con el curso se pretende que su superaci\u00f3n suponga tambi\u00e9n un respaldo moral significativo que convierta a los graduados\u201d en verdaderos l\u00edderes que irradien ejemplo a todos los que les rodean.<\/p>\n","protected":false},"excerpt":{"rendered":"<p>VIDEO DEL 1\u00ba CURSO DE ASALTO CURSO DE ASALTO El Tercio 3\u00ba, lidera el curso de asalto, organizado e impulsado por el Coronel D. Pedro P\u00e9rez Garc\u00eda. La creaci\u00f3n del Curso de Asalto se basa en la necesidad de disponer de una unidad capaz de hacer frente a cualquier tipo de misi\u00f3n, en cualquier lugar, [&hellip;]<\/p>\n","protected":false},"author":1,"featured_media":0,"parent":0,"menu_order":0,"comment_status":"closed","ping_status":"closed","template":"","meta":{"ocean_post_layout":"","ocean_both_sidebars_style":"","ocean_both_sidebars_content_width":0,"ocean_both_sidebars_sidebars_width":0,"ocean_sidebar":"","ocean_second_sidebar":"","ocean_disable_margins":"enable","ocean_add_body_class":"","ocean_shortcode_before_top_bar":"","ocean_shortcode_after_top_bar":"","ocean_shortcode_before_header":"","ocean_shortcode_after_header":"","ocean_has_shortcode":"","ocean_shortcode_after_title":"","ocean_shortcode_before_footer_widgets":"","ocean_shortcode_after_footer_widgets":"","ocean_shortcode_before_footer_bottom":"","ocean_shortcode_after_footer_bottom":"","ocean_display_top_bar":"default","ocean_display_header":"default","ocean_header_style":"","ocean_center_header_left_menu":"","ocean_custom_header_template":"","ocean_custom_logo":0,"ocean_custom_retina_logo":0,"ocean_custom_logo_max_width":0,"ocean_custom_logo_tablet_max_width":0,"ocean_custom_logo_mobile_max_width":0,"ocean_custom_logo_max_height":0,"ocean_custom_logo_tablet_max_height":0,"ocean_custom_logo_mobile_max_height":0,"ocean_header_custom_menu":"","ocean_menu_typo_font_family":"","ocean_menu_typo_font_subset":"","ocean_menu_typo_font_size":0,"ocean_menu_typo_font_size_tablet":0,"ocean_menu_typo_font_size_mobile":0,"ocean_menu_typo_font_size_unit":"px","ocean_menu_typo_font_weight":"","ocean_menu_typo_font_weight_tablet":"","ocean_menu_typo_font_weight_mobile":"","ocean_menu_typo_transform":"","ocean_menu_typo_transform_tablet":"","ocean_menu_typo_transform_mobile":"","ocean_menu_typo_line_height":0,"ocean_menu_typo_line_height_tablet":0,"ocean_menu_typo_line_height_mobile":0,"ocean_menu_typo_line_height_unit":"","ocean_menu_typo_spacing":0,"ocean_menu_typo_spacing_tablet":0,"ocean_menu_typo_spacing_mobile":0,"ocean_menu_typo_spacing_unit":"","ocean_menu_link_color":"","ocean_menu_link_color_hover":"","ocean_menu_link_color_active":"","ocean_menu_link_background":"","ocean_menu_link_hover_background":"","ocean_menu_link_active_background":"","ocean_menu_social_links_bg":"","ocean_menu_social_hover_links_bg":"","ocean_menu_social_links_color":"","ocean_menu_social_hover_links_color":"","ocean_disable_title":"default","ocean_disable_heading":"default","ocean_post_title":"","ocean_post_subheading":"","ocean_post_title_style":"","ocean_post_title_background_color":"","ocean_post_title_background":0,"ocean_post_title_bg_image_position":"","ocean_post_title_bg_image_attachment":"","ocean_post_title_bg_image_repeat":"","ocean_post_title_bg_image_size":"","ocean_post_title_height":0,"ocean_post_title_bg_overlay":0.5,"ocean_post_title_bg_overlay_color":"","ocean_disable_breadcrumbs":"default","ocean_breadcrumbs_color":"","ocean_breadcrumbs_separator_color":"","ocean_breadcrumbs_links_color":"","ocean_breadcrumbs_links_hover_color":"","ocean_display_footer_widgets":"default","ocean_display_footer_bottom":"default","ocean_custom_footer_template":"","footnotes":""},"class_list":["post-721","page","type-page","status-publish","hentry","entry"],"yoast_head":"<!-- This site is optimized with the Yoast SEO plugin v27.4 - https:\/\/yoast.com\/product\/yoast-seo-wordpress\/ -->\n<title>Curso de Asalto -<\/title>\n<meta name=\"robots\" content=\"index, follow, max-snippet:-1, max-image-preview:large, max-video-preview:-1\" \/>\n<link rel=\"canonical\" href=\"https:\/\/amigosdeltercertercio.com\/web\/curso-de-asalto\/\" \/>\n<meta property=\"og:locale\" content=\"es_ES\" \/>\n<meta property=\"og:type\" content=\"article\" \/>\n<meta property=\"og:title\" content=\"Curso de Asalto -\" \/>\n<meta property=\"og:description\" content=\"VIDEO DEL 1\u00ba CURSO DE ASALTO CURSO DE ASALTO El Tercio 3\u00ba, lidera el curso de asalto, organizado e impulsado por el Coronel D. Pedro P\u00e9rez Garc\u00eda. La creaci\u00f3n del Curso de Asalto se basa en la necesidad de disponer de una unidad capaz de hacer frente a cualquier tipo de misi\u00f3n, en cualquier lugar, [&hellip;]\" \/>\n<meta property=\"og:url\" content=\"https:\/\/amigosdeltercertercio.com\/web\/curso-de-asalto\/\" \/>\n<meta property=\"article:modified_time\" content=\"2014-05-01T10:17:48+00:00\" \/>\n<meta property=\"og:image\" content=\"https:\/\/amigosdeltercertercio.com\/web\/wp-content\/uploads\/2014\/04\/curso-asalto.jpg\" \/>\n<meta name=\"twitter:card\" content=\"summary_large_image\" \/>\n<meta name=\"twitter:label1\" content=\"Tiempo de lectura\" \/>\n\t<meta name=\"twitter:data1\" content=\"3 minutos\" \/>\n<script type=\"application\/ld+json\" class=\"yoast-schema-graph\">{\"@context\":\"https:\\\/\\\/schema.org\",\"@graph\":[{\"@type\":\"WebPage\",\"@id\":\"https:\\\/\\\/amigosdeltercertercio.com\\\/web\\\/curso-de-asalto\\\/\",\"url\":\"https:\\\/\\\/amigosdeltercertercio.com\\\/web\\\/curso-de-asalto\\\/\",\"name\":\"Curso de Asalto -\",\"isPartOf\":{\"@id\":\"https:\\\/\\\/amigosdeltercertercio.com\\\/web\\\/#website\"},\"primaryImageOfPage\":{\"@id\":\"https:\\\/\\\/amigosdeltercertercio.com\\\/web\\\/curso-de-asalto\\\/#primaryimage\"},\"image\":{\"@id\":\"https:\\\/\\\/amigosdeltercertercio.com\\\/web\\\/curso-de-asalto\\\/#primaryimage\"},\"thumbnailUrl\":\"https:\\\/\\\/amigosdeltercertercio.com\\\/web\\\/wp-content\\\/uploads\\\/2014\\\/04\\\/curso-asalto.jpg\",\"datePublished\":\"2014-04-21T17:27:21+00:00\",\"dateModified\":\"2014-05-01T10:17:48+00:00\",\"breadcrumb\":{\"@id\":\"https:\\\/\\\/amigosdeltercertercio.com\\\/web\\\/curso-de-asalto\\\/#breadcrumb\"},\"inLanguage\":\"es\",\"potentialAction\":[{\"@type\":\"ReadAction\",\"target\":[\"https:\\\/\\\/amigosdeltercertercio.com\\\/web\\\/curso-de-asalto\\\/\"]}]},{\"@type\":\"ImageObject\",\"inLanguage\":\"es\",\"@id\":\"https:\\\/\\\/amigosdeltercertercio.com\\\/web\\\/curso-de-asalto\\\/#primaryimage\",\"url\":\"https:\\\/\\\/amigosdeltercertercio.com\\\/web\\\/wp-content\\\/uploads\\\/2014\\\/04\\\/curso-asalto.jpg\",\"contentUrl\":\"https:\\\/\\\/amigosdeltercertercio.com\\\/web\\\/wp-content\\\/uploads\\\/2014\\\/04\\\/curso-asalto.jpg\",\"width\":445,\"height\":210},{\"@type\":\"BreadcrumbList\",\"@id\":\"https:\\\/\\\/amigosdeltercertercio.com\\\/web\\\/curso-de-asalto\\\/#breadcrumb\",\"itemListElement\":[{\"@type\":\"ListItem\",\"position\":1,\"name\":\"Home\",\"item\":\"https:\\\/\\\/amigosdeltercertercio.com\\\/web\\\/\"},{\"@type\":\"ListItem\",\"position\":2,\"name\":\"Curso de Asalto\"}]},{\"@type\":\"WebSite\",\"@id\":\"https:\\\/\\\/amigosdeltercertercio.com\\\/web\\\/#website\",\"url\":\"https:\\\/\\\/amigosdeltercertercio.com\\\/web\\\/\",\"name\":\"\",\"description\":\"\",\"potentialAction\":[{\"@type\":\"SearchAction\",\"target\":{\"@type\":\"EntryPoint\",\"urlTemplate\":\"https:\\\/\\\/amigosdeltercertercio.com\\\/web\\\/?s={search_term_string}\"},\"query-input\":{\"@type\":\"PropertyValueSpecification\",\"valueRequired\":true,\"valueName\":\"search_term_string\"}}],\"inLanguage\":\"es\"}]}<\/script>\n<!-- \/ Yoast SEO plugin. -->","yoast_head_json":{"title":"Curso de Asalto -","robots":{"index":"index","follow":"follow","max-snippet":"max-snippet:-1","max-image-preview":"max-image-preview:large","max-video-preview":"max-video-preview:-1"},"canonical":"https:\/\/amigosdeltercertercio.com\/web\/curso-de-asalto\/","og_locale":"es_ES","og_type":"article","og_title":"Curso de Asalto -","og_description":"VIDEO DEL 1\u00ba CURSO DE ASALTO CURSO DE ASALTO El Tercio 3\u00ba, lidera el curso de asalto, organizado e impulsado por el Coronel D. Pedro P\u00e9rez Garc\u00eda. La creaci\u00f3n del Curso de Asalto se basa en la necesidad de disponer de una unidad capaz de hacer frente a cualquier tipo de misi\u00f3n, en cualquier lugar, [&hellip;]","og_url":"https:\/\/amigosdeltercertercio.com\/web\/curso-de-asalto\/","article_modified_time":"2014-05-01T10:17:48+00:00","og_image":[{"url":"https:\/\/amigosdeltercertercio.com\/web\/wp-content\/uploads\/2014\/04\/curso-asalto.jpg","type":"","width":"","height":""}],"twitter_card":"summary_large_image","twitter_misc":{"Tiempo de lectura":"3 minutos"},"schema":{"@context":"https:\/\/schema.org","@graph":[{"@type":"WebPage","@id":"https:\/\/amigosdeltercertercio.com\/web\/curso-de-asalto\/","url":"https:\/\/amigosdeltercertercio.com\/web\/curso-de-asalto\/","name":"Curso de Asalto -","isPartOf":{"@id":"https:\/\/amigosdeltercertercio.com\/web\/#website"},"primaryImageOfPage":{"@id":"https:\/\/amigosdeltercertercio.com\/web\/curso-de-asalto\/#primaryimage"},"image":{"@id":"https:\/\/amigosdeltercertercio.com\/web\/curso-de-asalto\/#primaryimage"},"thumbnailUrl":"https:\/\/amigosdeltercertercio.com\/web\/wp-content\/uploads\/2014\/04\/curso-asalto.jpg","datePublished":"2014-04-21T17:27:21+00:00","dateModified":"2014-05-01T10:17:48+00:00","breadcrumb":{"@id":"https:\/\/amigosdeltercertercio.com\/web\/curso-de-asalto\/#breadcrumb"},"inLanguage":"es","potentialAction":[{"@type":"ReadAction","target":["https:\/\/amigosdeltercertercio.com\/web\/curso-de-asalto\/"]}]},{"@type":"ImageObject","inLanguage":"es","@id":"https:\/\/amigosdeltercertercio.com\/web\/curso-de-asalto\/#primaryimage","url":"https:\/\/amigosdeltercertercio.com\/web\/wp-content\/uploads\/2014\/04\/curso-asalto.jpg","contentUrl":"https:\/\/amigosdeltercertercio.com\/web\/wp-content\/uploads\/2014\/04\/curso-asalto.jpg","width":445,"height":210},{"@type":"BreadcrumbList","@id":"https:\/\/amigosdeltercertercio.com\/web\/curso-de-asalto\/#breadcrumb","itemListElement":[{"@type":"ListItem","position":1,"name":"Home","item":"https:\/\/amigosdeltercertercio.com\/web\/"},{"@type":"ListItem","position":2,"name":"Curso de Asalto"}]},{"@type":"WebSite","@id":"https:\/\/amigosdeltercertercio.com\/web\/#website","url":"https:\/\/amigosdeltercertercio.com\/web\/","name":"","description":"","potentialAction":[{"@type":"SearchAction","target":{"@type":"EntryPoint","urlTemplate":"https:\/\/amigosdeltercertercio.com\/web\/?s={search_term_string}"},"query-input":{"@type":"PropertyValueSpecification","valueRequired":true,"valueName":"search_term_string"}}],"inLanguage":"es"}]}},"_links":{"self":[{"href":"https:\/\/amigosdeltercertercio.com\/web\/wp-json\/wp\/v2\/pages\/721","targetHints":{"allow":["GET"]}}],"collection":[{"href":"https:\/\/amigosdeltercertercio.com\/web\/wp-json\/wp\/v2\/pages"}],"about":[{"href":"https:\/\/amigosdeltercertercio.com\/web\/wp-json\/wp\/v2\/types\/page"}],"author":[{"embeddable":true,"href":"https:\/\/amigosdeltercertercio.com\/web\/wp-json\/wp\/v2\/users\/1"}],"replies":[{"embeddable":true,"href":"https:\/\/amigosdeltercertercio.com\/web\/wp-json\/wp\/v2\/comments?post=721"}],"version-history":[{"count":13,"href":"https:\/\/amigosdeltercertercio.com\/web\/wp-json\/wp\/v2\/pages\/721\/revisions"}],"predecessor-version":[{"id":1642,"href":"https:\/\/amigosdeltercertercio.com\/web\/wp-json\/wp\/v2\/pages\/721\/revisions\/1642"}],"wp:attachment":[{"href":"https:\/\/amigosdeltercertercio.com\/web\/wp-json\/wp\/v2\/media?parent=721"}],"curies":[{"name":"wp","href":"https:\/\/api.w.org\/{rel}","templated":true}]}}