{"id":856,"date":"2014-04-22T17:51:53","date_gmt":"2014-04-22T17:51:53","guid":{"rendered":"https:\/\/amigosdeltercertercio.com\/web\/?page_id=856"},"modified":"2014-08-06T16:25:10","modified_gmt":"2014-08-06T16:25:10","slug":"recorrido-de-iniciacion","status":"publish","type":"page","link":"https:\/\/amigosdeltercertercio.com\/web\/recorrido-de-iniciacion\/","title":{"rendered":"Recorrido de Iniciaci\u00f3n"},"content":{"rendered":"<p style=\"text-align: center;\">EN FASE DE REMODELACI\u00d3N<\/p>\n<p style=\"text-align: justify;\"><b>(1)<\/b> <b><span style=\"text-decoration: underline;\">Descripci\u00f3n<\/span><\/b><\/p>\n<p style=\"text-align: justify;\">\u00a0Se encuentra situada en la explanada anexa a la antigua piscina de la Base (actual Aula de Iniciaci\u00f3n). Esta estaci\u00f3n es apta para hacer instrucci\u00f3n con fusil el\u00e9ctrico.<\/p>\n<p style=\"text-align: justify;\">\u00a0Consta de una superficie de 50 metros de largo por 8 de ancho, donde se puede distribuir, en diferentes disposiciones 12 pantallas simulando paredes con ventanas y troneras (confeccionadas con madera, metal y lona).<\/p>\n<p style=\"text-align: justify;\">\u00a0El ejecutante realizar\u00e1 el ejercicio disparando con un fusil el\u00e9ctrico de bolas a trav\u00e9s de las diferentes ventanas y troneras que se va encontrando durante su recorrido, teniendo que encarar el arma con ambos hombros simult\u00e1neamente \u00a0para batir al \u201cenemigo\u201d.<\/p>\n<p style=\"text-align: justify;\">\u00a0El instructor verificar\u00e1 la ejecuci\u00f3n del Ejercicio y comprobar\u00e1 los blancos abatidos.<\/p>\n<p style=\"text-align: justify;\">\u00a0<b>(2) <span style=\"text-decoration: underline;\">Finalidad<\/span><\/b><\/p>\n<p style=\"text-align: justify;\">\u00a0\u00a0 \u00a0 \u00a0 La finalidad es que el combatiente se acostumbre a realizar instrucci\u00f3n del el tiro desde las distintas posiciones posibles en el combate urbano, as\u00ed como la utilizaci\u00f3n de su arma sin hacer uso de los elementos de punter\u00eda. As\u00ed como, conseguir el apoyo de fuego y movimiento entre el binomio, en su caso.<\/p>\n","protected":false},"excerpt":{"rendered":"<p>EN FASE DE REMODELACI\u00d3N (1) Descripci\u00f3n \u00a0Se encuentra situada en la explanada anexa a la antigua piscina de la Base (actual Aula de Iniciaci\u00f3n). Esta estaci\u00f3n es apta para hacer instrucci\u00f3n con fusil el\u00e9ctrico. \u00a0Consta de una superficie de 50 metros de largo por 8 de ancho, donde se puede distribuir, en diferentes disposiciones 12 [&hellip;]<\/p>\n","protected":false},"author":1,"featured_media":0,"parent":0,"menu_order":0,"comment_status":"closed","ping_status":"closed","template":"","meta":{"ocean_post_layout":"","ocean_both_sidebars_style":"","ocean_both_sidebars_content_width":0,"ocean_both_sidebars_sidebars_width":0,"ocean_sidebar":"","ocean_second_sidebar":"","ocean_disable_margins":"enable","ocean_add_body_class":"","ocean_shortcode_before_top_bar":"","ocean_shortcode_after_top_bar":"","ocean_shortcode_before_header":"","ocean_shortcode_after_header":"","ocean_has_shortcode":"","ocean_shortcode_after_title":"","ocean_shortcode_before_footer_widgets":"","ocean_shortcode_after_footer_widgets":"","ocean_shortcode_before_footer_bottom":"","ocean_shortcode_after_footer_bottom":"","ocean_display_top_bar":"default","ocean_display_header":"default","ocean_header_style":"","ocean_center_header_left_menu":"","ocean_custom_header_template":"","ocean_custom_logo":0,"ocean_custom_retina_logo":0,"ocean_custom_logo_max_width":0,"ocean_custom_logo_tablet_max_width":0,"ocean_custom_logo_mobile_max_width":0,"ocean_custom_logo_max_height":0,"ocean_custom_logo_tablet_max_height":0,"ocean_custom_logo_mobile_max_height":0,"ocean_header_custom_menu":"","ocean_menu_typo_font_family":"","ocean_menu_typo_font_subset":"","ocean_menu_typo_font_size":0,"ocean_menu_typo_font_size_tablet":0,"ocean_menu_typo_font_size_mobile":0,"ocean_menu_typo_font_size_unit":"px","ocean_menu_typo_font_weight":"","ocean_menu_typo_font_weight_tablet":"","ocean_menu_typo_font_weight_mobile":"","ocean_menu_typo_transform":"","ocean_menu_typo_transform_tablet":"","ocean_menu_typo_transform_mobile":"","ocean_menu_typo_line_height":0,"ocean_menu_typo_line_height_tablet":0,"ocean_menu_typo_line_height_mobile":0,"ocean_menu_typo_line_height_unit":"","ocean_menu_typo_spacing":0,"ocean_menu_typo_spacing_tablet":0,"ocean_menu_typo_spacing_mobile":0,"ocean_menu_typo_spacing_unit":"","ocean_menu_link_color":"","ocean_menu_link_color_hover":"","ocean_menu_link_color_active":"","ocean_menu_link_background":"","ocean_menu_link_hover_background":"","ocean_menu_link_active_background":"","ocean_menu_social_links_bg":"","ocean_menu_social_hover_links_bg":"","ocean_menu_social_links_color":"","ocean_menu_social_hover_links_color":"","ocean_disable_title":"default","ocean_disable_heading":"default","ocean_post_title":"","ocean_post_subheading":"","ocean_post_title_style":"","ocean_post_title_background_color":"","ocean_post_title_background":0,"ocean_post_title_bg_image_position":"","ocean_post_title_bg_image_attachment":"","ocean_post_title_bg_image_repeat":"","ocean_post_title_bg_image_size":"","ocean_post_title_height":0,"ocean_post_title_bg_overlay":0.5,"ocean_post_title_bg_overlay_color":"","ocean_disable_breadcrumbs":"default","ocean_breadcrumbs_color":"","ocean_breadcrumbs_separator_color":"","ocean_breadcrumbs_links_color":"","ocean_breadcrumbs_links_hover_color":"","ocean_display_footer_widgets":"default","ocean_display_footer_bottom":"default","ocean_custom_footer_template":"","footnotes":""},"class_list":["post-856","page","type-page","status-publish","hentry","entry"],"yoast_head":"<!-- This site is optimized with the Yoast SEO plugin v27.3 - https:\/\/yoast.com\/product\/yoast-seo-wordpress\/ -->\n<title>Recorrido de Iniciaci\u00f3n -<\/title>\n<meta name=\"robots\" content=\"index, follow, max-snippet:-1, max-image-preview:large, max-video-preview:-1\" \/>\n<link rel=\"canonical\" href=\"https:\/\/amigosdeltercertercio.com\/web\/recorrido-de-iniciacion\/\" \/>\n<meta property=\"og:locale\" content=\"es_ES\" \/>\n<meta property=\"og:type\" content=\"article\" \/>\n<meta property=\"og:title\" content=\"Recorrido de Iniciaci\u00f3n -\" \/>\n<meta property=\"og:description\" content=\"EN FASE DE REMODELACI\u00d3N (1) Descripci\u00f3n \u00a0Se encuentra situada en la explanada anexa a la antigua piscina de la Base (actual Aula de Iniciaci\u00f3n). Esta estaci\u00f3n es apta para hacer instrucci\u00f3n con fusil el\u00e9ctrico. \u00a0Consta de una superficie de 50 metros de largo por 8 de ancho, donde se puede distribuir, en diferentes disposiciones 12 [&hellip;]\" \/>\n<meta property=\"og:url\" content=\"https:\/\/amigosdeltercertercio.com\/web\/recorrido-de-iniciacion\/\" \/>\n<meta property=\"article:modified_time\" content=\"2014-08-06T16:25:10+00:00\" \/>\n<meta name=\"twitter:card\" content=\"summary_large_image\" \/>\n<meta name=\"twitter:label1\" content=\"Tiempo de lectura\" \/>\n\t<meta name=\"twitter:data1\" content=\"1 minuto\" \/>\n<script type=\"application\/ld+json\" class=\"yoast-schema-graph\">{\"@context\":\"https:\\\/\\\/schema.org\",\"@graph\":[{\"@type\":\"WebPage\",\"@id\":\"https:\\\/\\\/amigosdeltercertercio.com\\\/web\\\/recorrido-de-iniciacion\\\/\",\"url\":\"https:\\\/\\\/amigosdeltercertercio.com\\\/web\\\/recorrido-de-iniciacion\\\/\",\"name\":\"Recorrido de Iniciaci\u00f3n -\",\"isPartOf\":{\"@id\":\"https:\\\/\\\/amigosdeltercertercio.com\\\/web\\\/#website\"},\"datePublished\":\"2014-04-22T17:51:53+00:00\",\"dateModified\":\"2014-08-06T16:25:10+00:00\",\"breadcrumb\":{\"@id\":\"https:\\\/\\\/amigosdeltercertercio.com\\\/web\\\/recorrido-de-iniciacion\\\/#breadcrumb\"},\"inLanguage\":\"es\",\"potentialAction\":[{\"@type\":\"ReadAction\",\"target\":[\"https:\\\/\\\/amigosdeltercertercio.com\\\/web\\\/recorrido-de-iniciacion\\\/\"]}]},{\"@type\":\"BreadcrumbList\",\"@id\":\"https:\\\/\\\/amigosdeltercertercio.com\\\/web\\\/recorrido-de-iniciacion\\\/#breadcrumb\",\"itemListElement\":[{\"@type\":\"ListItem\",\"position\":1,\"name\":\"Home\",\"item\":\"https:\\\/\\\/amigosdeltercertercio.com\\\/web\\\/\"},{\"@type\":\"ListItem\",\"position\":2,\"name\":\"Recorrido de Iniciaci\u00f3n\"}]},{\"@type\":\"WebSite\",\"@id\":\"https:\\\/\\\/amigosdeltercertercio.com\\\/web\\\/#website\",\"url\":\"https:\\\/\\\/amigosdeltercertercio.com\\\/web\\\/\",\"name\":\"\",\"description\":\"\",\"potentialAction\":[{\"@type\":\"SearchAction\",\"target\":{\"@type\":\"EntryPoint\",\"urlTemplate\":\"https:\\\/\\\/amigosdeltercertercio.com\\\/web\\\/?s={search_term_string}\"},\"query-input\":{\"@type\":\"PropertyValueSpecification\",\"valueRequired\":true,\"valueName\":\"search_term_string\"}}],\"inLanguage\":\"es\"}]}<\/script>\n<!-- \/ Yoast SEO plugin. -->","yoast_head_json":{"title":"Recorrido de Iniciaci\u00f3n -","robots":{"index":"index","follow":"follow","max-snippet":"max-snippet:-1","max-image-preview":"max-image-preview:large","max-video-preview":"max-video-preview:-1"},"canonical":"https:\/\/amigosdeltercertercio.com\/web\/recorrido-de-iniciacion\/","og_locale":"es_ES","og_type":"article","og_title":"Recorrido de Iniciaci\u00f3n -","og_description":"EN FASE DE REMODELACI\u00d3N (1) Descripci\u00f3n \u00a0Se encuentra situada en la explanada anexa a la antigua piscina de la Base (actual Aula de Iniciaci\u00f3n). Esta estaci\u00f3n es apta para hacer instrucci\u00f3n con fusil el\u00e9ctrico. \u00a0Consta de una superficie de 50 metros de largo por 8 de ancho, donde se puede distribuir, en diferentes disposiciones 12 [&hellip;]","og_url":"https:\/\/amigosdeltercertercio.com\/web\/recorrido-de-iniciacion\/","article_modified_time":"2014-08-06T16:25:10+00:00","twitter_card":"summary_large_image","twitter_misc":{"Tiempo de lectura":"1 minuto"},"schema":{"@context":"https:\/\/schema.org","@graph":[{"@type":"WebPage","@id":"https:\/\/amigosdeltercertercio.com\/web\/recorrido-de-iniciacion\/","url":"https:\/\/amigosdeltercertercio.com\/web\/recorrido-de-iniciacion\/","name":"Recorrido de Iniciaci\u00f3n -","isPartOf":{"@id":"https:\/\/amigosdeltercertercio.com\/web\/#website"},"datePublished":"2014-04-22T17:51:53+00:00","dateModified":"2014-08-06T16:25:10+00:00","breadcrumb":{"@id":"https:\/\/amigosdeltercertercio.com\/web\/recorrido-de-iniciacion\/#breadcrumb"},"inLanguage":"es","potentialAction":[{"@type":"ReadAction","target":["https:\/\/amigosdeltercertercio.com\/web\/recorrido-de-iniciacion\/"]}]},{"@type":"BreadcrumbList","@id":"https:\/\/amigosdeltercertercio.com\/web\/recorrido-de-iniciacion\/#breadcrumb","itemListElement":[{"@type":"ListItem","position":1,"name":"Home","item":"https:\/\/amigosdeltercertercio.com\/web\/"},{"@type":"ListItem","position":2,"name":"Recorrido de Iniciaci\u00f3n"}]},{"@type":"WebSite","@id":"https:\/\/amigosdeltercertercio.com\/web\/#website","url":"https:\/\/amigosdeltercertercio.com\/web\/","name":"","description":"","potentialAction":[{"@type":"SearchAction","target":{"@type":"EntryPoint","urlTemplate":"https:\/\/amigosdeltercertercio.com\/web\/?s={search_term_string}"},"query-input":{"@type":"PropertyValueSpecification","valueRequired":true,"valueName":"search_term_string"}}],"inLanguage":"es"}]}},"_links":{"self":[{"href":"https:\/\/amigosdeltercertercio.com\/web\/wp-json\/wp\/v2\/pages\/856","targetHints":{"allow":["GET"]}}],"collection":[{"href":"https:\/\/amigosdeltercertercio.com\/web\/wp-json\/wp\/v2\/pages"}],"about":[{"href":"https:\/\/amigosdeltercertercio.com\/web\/wp-json\/wp\/v2\/types\/page"}],"author":[{"embeddable":true,"href":"https:\/\/amigosdeltercertercio.com\/web\/wp-json\/wp\/v2\/users\/1"}],"replies":[{"embeddable":true,"href":"https:\/\/amigosdeltercertercio.com\/web\/wp-json\/wp\/v2\/comments?post=856"}],"version-history":[{"count":5,"href":"https:\/\/amigosdeltercertercio.com\/web\/wp-json\/wp\/v2\/pages\/856\/revisions"}],"predecessor-version":[{"id":3138,"href":"https:\/\/amigosdeltercertercio.com\/web\/wp-json\/wp\/v2\/pages\/856\/revisions\/3138"}],"wp:attachment":[{"href":"https:\/\/amigosdeltercertercio.com\/web\/wp-json\/wp\/v2\/media?parent=856"}],"curies":[{"name":"wp","href":"https:\/\/api.w.org\/{rel}","templated":true}]}}