{"id":864,"date":"2014-04-22T17:52:41","date_gmt":"2014-04-22T17:52:41","guid":{"rendered":"https:\/\/amigosdeltercertercio.com\/web\/?page_id=864"},"modified":"2014-08-06T17:04:48","modified_gmt":"2014-08-06T17:04:48","slug":"sts-v2","status":"publish","type":"page","link":"https:\/\/amigosdeltercertercio.com\/web\/sts-v2\/","title":{"rendered":"STS-V2"},"content":{"rendered":"<p><span style=\"color: #444444;\"><div class=\"flagallery amron_skin\" id=\"FlaGallery_sc1_152\" ><script type=\"application\/json\" class=\"FlaGallery_sc1_152\">{\"settings\":{\"collectionThumbColumns\":\"3\",\"collectionThumbRecomendedWidth\":\"260\",\"collectionPreloaderColor\":\"#333333\",\"linkTargetWindow\":\"_blank\",\"thumbSpacing\":\"10\",\"tagsFilter\":\"1\",\"tagCloudSort\":\"1\",\"tagCloudAll\":\"All\",\"tagCloudAllTagPresented\":\"1\",\"tagCloudStartIndex\":\"0\",\"tagCloudTextColor\":\"#000000\",\"tagCloudBgColor\":\"#eeeeee\",\"collectionThumbHoverColor\":\"rgba(0, 0, 0, .7)\",\"collectionThumbContentBGColor\":\"rgba(245,245,245,1)\",\"collectionThumbTitleShow\":\"1\",\"collectionThumbTitleColor\":\"rgba(0,0,0,1)\",\"collectionThumbFontSize\":\"18\",\"collectionThumbDescriptionShow\":\"1\",\"collectionThumbDescriptionColor\":\"rgba(0,0,0,1)\",\"collectionThumbDescriptionFontSize\":\"15\",\"collectionReadMoreButtonLabel\":\"Read More\",\"collectionReadMoreButtonLabelColor\":\"rgba(255, 255, 255, 1)\",\"collectionReadMoreButtonBGColor\":\"rgba(0, 0, 0, 1)\",\"collectionReadMoreButtonLabelColorHover\":\"rgba(0, 0, 0, 1)\",\"collectionReadMoreButtonBGColorHover\":\"rgba(235,235,235,1)\",\"modaBgColor\":\"rgba(0,0,0,0.9)\",\"modalInfoBoxBgColor\":\"rgba(255,255,255,1)\",\"modalInfoBoxTitleTextColor\":\"rgba(0,0,0,1)\",\"modalInfoBoxTextColor\":\"rgba(70,70,70,1)\",\"infoBarExifEnable\":\"1\",\"infoBarCountersEnable\":\"1\",\"infoBarDateInfoEnable\":\"1\",\"lightBoxEnable\":\"1\",\"copyR_Protection\":\"1\",\"copyR_Alert\":\"Hello, this photo is mine!\",\"sliderScrollNavi\":\"0\",\"sliderNextPrevAnimation\":\"animation\",\"sliderPreloaderColor\":\"#ffffff\",\"sliderBgColor\":\"rgba(0,0,0,0.8)\",\"sliderHeaderFooterBgColor\":\"#000000\",\"sliderNavigationColor\":\"rgba(0,0,0,1)\",\"sliderNavigationIconColor\":\"rgba(255,255,255,1)\",\"sliderNavigationColorOver\":\"rgba(255,255,255,1)\",\"sliderNavigationIconColorOver\":\"rgba(0,0,0,1)\",\"sliderItemTitleEnable\":\"1\",\"sliderItemTitleFontSize\":\"24\",\"sliderItemTitleTextColor\":\"#ffffff\",\"sliderThumbBarEnable\":\"1\",\"sliderThumbBarHoverColor\":\"#ffffff\",\"sliderThumbSubMenuBackgroundColor\":\"rgba(0,0,0,1)\",\"sliderThumbSubMenuBackgroundColorOver\":\"rgba(255,255,255,1)\",\"sliderThumbSubMenuIconColor\":\"rgba(255,255,255,1)\",\"sliderThumbSubMenuIconHoverColor\":\"rgba(0,0,0,1)\",\"sliderPlayButton\":\"1\",\"slideshowDelay\":\"8\",\"slideshowProgressBarColor\":\"rgba(255,255,255,1)\",\"slideshowProgressBarBGColor\":\"rgba(255,255,255,0.6)\",\"sliderInfoEnable\":\"1\",\"sliderZoomButton\":\"1\",\"sliderItemDownload\":\"1\",\"sliderSocialShareEnabled\":\"1\",\"sliderLikesEnabled\":\"1\",\"sliderFullScreen\":\"1\",\"customCSS\":\"\",\"key\":\"\",\"name\":\"\",\"galleryID\":\"sc1_152\",\"post_url\":\"https:\\\/\\\/amigosdeltercertercio.com\\\/web\\\/wp-json\\\/wp\\\/v2\\\/pages\\\/864\",\"module_url\":\"https:\\\/\\\/amigosdeltercertercio.com\\\/web\\\/wp-content\\\/plugins\\\/flagallery-skins\\\/amron\\\/\"}, \"data\":[{\"gallery\":{\"gid\":\"152\",\"name\":\"sts-v2\",\"path\":\"https:\\\/\\\/amigosdeltercertercio.com\\\/web\\\/wp-content\\\/flagallery\\\/sts-v2\",\"title\":\"STS-V2\",\"galdesc\":\"\"},\"data\":[{\"pid\":\"17213\",\"filename\":\"p1030662.jpg\",\"description\":\"\",\"alttext\":\"\",\"link\":null,\"imagedate\":\"2014-08-06 17:00:20\",\"hitcounter\":\"94\",\"total_value\":\"0\",\"total_votes\":\"0\",\"meta_data\":{\"aperture\":false,\"credit\":false,\"camera\":false,\"caption\":false,\"created_timestamp\":false,\"copyright\":false,\"focal_length\":false,\"iso\":false,\"shutter_speed\":false,\"flash\":false,\"title\":false,\"keywords\":false,\"width\":748,\"height\":561,\"saved\":true,\"thumbnail\":{\"width\":100,\"height\":100},\"webview\":{\"0\":748,\"1\":561,\"2\":2,\"3\":\"width=\\\"748\\\" height=\\\"561\\\"\",\"bits\":8,\"channels\":3,\"mime\":\"image\\\/jpeg\"}}},{\"pid\":\"17214\",\"filename\":\"p1030663.jpg\",\"description\":\"\",\"alttext\":\"\",\"link\":null,\"imagedate\":\"2014-08-06 17:00:22\",\"hitcounter\":\"76\",\"total_value\":\"0\",\"total_votes\":\"0\",\"meta_data\":{\"aperture\":false,\"credit\":false,\"camera\":false,\"caption\":false,\"created_timestamp\":false,\"copyright\":false,\"focal_length\":false,\"iso\":false,\"shutter_speed\":false,\"flash\":false,\"title\":false,\"keywords\":false,\"width\":748,\"height\":561,\"saved\":true,\"thumbnail\":{\"width\":100,\"height\":100},\"webview\":{\"0\":748,\"1\":561,\"2\":2,\"3\":\"width=\\\"748\\\" height=\\\"561\\\"\",\"bits\":8,\"channels\":3,\"mime\":\"image\\\/jpeg\"}}},{\"pid\":\"17215\",\"filename\":\"p1030664.jpg\",\"description\":\"\",\"alttext\":\"\",\"link\":null,\"imagedate\":\"2014-08-06 17:00:23\",\"hitcounter\":\"61\",\"total_value\":\"0\",\"total_votes\":\"0\",\"meta_data\":{\"aperture\":false,\"credit\":false,\"camera\":false,\"caption\":false,\"created_timestamp\":false,\"copyright\":false,\"focal_length\":false,\"iso\":false,\"shutter_speed\":false,\"flash\":false,\"title\":false,\"keywords\":false,\"width\":748,\"height\":561,\"saved\":true,\"thumbnail\":{\"width\":100,\"height\":100},\"webview\":{\"0\":748,\"1\":561,\"2\":2,\"3\":\"width=\\\"748\\\" height=\\\"561\\\"\",\"bits\":8,\"channels\":3,\"mime\":\"image\\\/jpeg\"}}},{\"pid\":\"17216\",\"filename\":\"p1030659.jpg\",\"description\":\"\",\"alttext\":\"\",\"link\":null,\"imagedate\":\"2014-08-06 17:04:27\",\"hitcounter\":\"68\",\"total_value\":\"0\",\"total_votes\":\"0\",\"meta_data\":{\"aperture\":false,\"credit\":false,\"camera\":false,\"caption\":false,\"created_timestamp\":false,\"copyright\":false,\"focal_length\":false,\"iso\":false,\"shutter_speed\":false,\"flash\":false,\"title\":false,\"keywords\":false,\"width\":748,\"height\":561,\"saved\":true,\"thumbnail\":{\"width\":100,\"height\":100},\"webview\":{\"0\":748,\"1\":561,\"2\":2,\"3\":\"width=\\\"748\\\" height=\\\"561\\\"\",\"bits\":8,\"channels\":3,\"mime\":\"image\\\/jpeg\"}}}]}]}<\/script><\/div><noscript id=\"noscript_FlaGallery_sc1_152\"><img class=\"skip-lazy no-lazyload noLazy\" data-lazy-src=\"\" src =\"https:\/\/amigosdeltercertercio.com\/web\/wp-content\/flagallery\/sts-v2\/p1030662.jpg\" alt=\"\" \/><img class=\"skip-lazy no-lazyload noLazy\" data-lazy-src=\"\" src =\"https:\/\/amigosdeltercertercio.com\/web\/wp-content\/flagallery\/sts-v2\/p1030663.jpg\" alt=\"\" \/><img class=\"skip-lazy no-lazyload noLazy\" data-lazy-src=\"\" src =\"https:\/\/amigosdeltercertercio.com\/web\/wp-content\/flagallery\/sts-v2\/p1030664.jpg\" alt=\"\" \/><img class=\"skip-lazy no-lazyload noLazy\" data-lazy-src=\"\" src =\"https:\/\/amigosdeltercertercio.com\/web\/wp-content\/flagallery\/sts-v2\/p1030659.jpg\" alt=\"\" \/><\/noscript><\/span><\/p>\n<p style=\"text-align: justify;\">\u00a0<b>(1) <span style=\"text-decoration: underline;\">Descripci\u00f3n<\/span><\/b><\/p>\n<p style=\"text-align: justify;\"><span style=\"line-height: 1.5em;\">Consta de una sala dotada de unos simuladores (NOPTEL y STS) para ejecuci\u00f3n el tiro de precisi\u00f3n mediante acople de un kit al arma real.<\/span><\/p>\n<p style=\"text-align: justify;\">\u00a0<span style=\"line-height: 1.5em;\">B\u00e1sicamente se compone de una unidad \u00f3ptica (transmisor\/receptor) acoplada al arma, un retrorreflector acoplado a la diana y un ordenador. Permitiendo al instructor introducir variables en los ejercicios de tiro (arma, distancia, viento).<\/span><\/p>\n<p style=\"text-align: justify;\">\u00a0<span style=\"line-height: 1.5em;\">Con este simulador se pueden detectar los fallos que cometen los tiradores en la punter\u00eda, respiraci\u00f3n, colocaci\u00f3n frente al blanco, encare del arma despu\u00e9s de una pausa, acci\u00f3n sobre el disparador (\u201cgatillazos\u201d) etc. y por tanto permitir\u00e1 al instructor corregir al tirador de forma puntual e individualizada.<\/span><\/p>\n<p style=\"text-align: justify;\">\u00a0<b style=\"line-height: 1.5em;\">(2) <span style=\"text-decoration: underline;\">Finalidad<\/span><\/b><\/p>\n<p style=\"text-align: justify;\">\u00a0<span style=\"line-height: 1.5em;\">La finalidad es instruir al combatiente en el tiro de precisi\u00f3n sobre diana, desde las distintas posiciones de tiro.<\/span><\/p>\n<p><span style=\"color: #444444;\">\u00a0<\/span><\/p>\n","protected":false},"excerpt":{"rendered":"<p>\u00a0(1) Descripci\u00f3n Consta de una sala dotada de unos simuladores (NOPTEL y STS) para ejecuci\u00f3n el tiro de precisi\u00f3n mediante acople de un kit al arma real. \u00a0B\u00e1sicamente se compone de una unidad \u00f3ptica (transmisor\/receptor) acoplada al arma, un retrorreflector acoplado a la diana y un ordenador. Permitiendo al instructor introducir variables en los ejercicios [&hellip;]<\/p>\n","protected":false},"author":1,"featured_media":0,"parent":0,"menu_order":0,"comment_status":"closed","ping_status":"closed","template":"","meta":{"ocean_post_layout":"","ocean_both_sidebars_style":"","ocean_both_sidebars_content_width":0,"ocean_both_sidebars_sidebars_width":0,"ocean_sidebar":"","ocean_second_sidebar":"","ocean_disable_margins":"enable","ocean_add_body_class":"","ocean_shortcode_before_top_bar":"","ocean_shortcode_after_top_bar":"","ocean_shortcode_before_header":"","ocean_shortcode_after_header":"","ocean_has_shortcode":"","ocean_shortcode_after_title":"","ocean_shortcode_before_footer_widgets":"","ocean_shortcode_after_footer_widgets":"","ocean_shortcode_before_footer_bottom":"","ocean_shortcode_after_footer_bottom":"","ocean_display_top_bar":"default","ocean_display_header":"default","ocean_header_style":"","ocean_center_header_left_menu":"","ocean_custom_header_template":"","ocean_custom_logo":0,"ocean_custom_retina_logo":0,"ocean_custom_logo_max_width":0,"ocean_custom_logo_tablet_max_width":0,"ocean_custom_logo_mobile_max_width":0,"ocean_custom_logo_max_height":0,"ocean_custom_logo_tablet_max_height":0,"ocean_custom_logo_mobile_max_height":0,"ocean_header_custom_menu":"","ocean_menu_typo_font_family":"","ocean_menu_typo_font_subset":"","ocean_menu_typo_font_size":0,"ocean_menu_typo_font_size_tablet":0,"ocean_menu_typo_font_size_mobile":0,"ocean_menu_typo_font_size_unit":"px","ocean_menu_typo_font_weight":"","ocean_menu_typo_font_weight_tablet":"","ocean_menu_typo_font_weight_mobile":"","ocean_menu_typo_transform":"","ocean_menu_typo_transform_tablet":"","ocean_menu_typo_transform_mobile":"","ocean_menu_typo_line_height":0,"ocean_menu_typo_line_height_tablet":0,"ocean_menu_typo_line_height_mobile":0,"ocean_menu_typo_line_height_unit":"","ocean_menu_typo_spacing":0,"ocean_menu_typo_spacing_tablet":0,"ocean_menu_typo_spacing_mobile":0,"ocean_menu_typo_spacing_unit":"","ocean_menu_link_color":"","ocean_menu_link_color_hover":"","ocean_menu_link_color_active":"","ocean_menu_link_background":"","ocean_menu_link_hover_background":"","ocean_menu_link_active_background":"","ocean_menu_social_links_bg":"","ocean_menu_social_hover_links_bg":"","ocean_menu_social_links_color":"","ocean_menu_social_hover_links_color":"","ocean_disable_title":"default","ocean_disable_heading":"default","ocean_post_title":"","ocean_post_subheading":"","ocean_post_title_style":"","ocean_post_title_background_color":"","ocean_post_title_background":0,"ocean_post_title_bg_image_position":"","ocean_post_title_bg_image_attachment":"","ocean_post_title_bg_image_repeat":"","ocean_post_title_bg_image_size":"","ocean_post_title_height":0,"ocean_post_title_bg_overlay":0.5,"ocean_post_title_bg_overlay_color":"","ocean_disable_breadcrumbs":"default","ocean_breadcrumbs_color":"","ocean_breadcrumbs_separator_color":"","ocean_breadcrumbs_links_color":"","ocean_breadcrumbs_links_hover_color":"","ocean_display_footer_widgets":"default","ocean_display_footer_bottom":"default","ocean_custom_footer_template":"","footnotes":""},"class_list":["post-864","page","type-page","status-publish","hentry","entry"],"yoast_head":"<!-- This site is optimized with the Yoast SEO plugin v27.4 - https:\/\/yoast.com\/product\/yoast-seo-wordpress\/ -->\n<title>STS-V2 -<\/title>\n<meta name=\"robots\" content=\"index, follow, max-snippet:-1, max-image-preview:large, max-video-preview:-1\" \/>\n<link rel=\"canonical\" href=\"https:\/\/amigosdeltercertercio.com\/web\/sts-v2\/\" \/>\n<meta property=\"og:locale\" content=\"es_ES\" \/>\n<meta property=\"og:type\" content=\"article\" \/>\n<meta property=\"og:title\" content=\"STS-V2 -\" \/>\n<meta property=\"og:description\" content=\"\u00a0(1) Descripci\u00f3n Consta de una sala dotada de unos simuladores (NOPTEL y STS) para ejecuci\u00f3n el tiro de precisi\u00f3n mediante acople de un kit al arma real. \u00a0B\u00e1sicamente se compone de una unidad \u00f3ptica (transmisor\/receptor) acoplada al arma, un retrorreflector acoplado a la diana y un ordenador. Permitiendo al instructor introducir variables en los ejercicios [&hellip;]\" \/>\n<meta property=\"og:url\" content=\"https:\/\/amigosdeltercertercio.com\/web\/sts-v2\/\" \/>\n<meta property=\"article:modified_time\" content=\"2014-08-06T17:04:48+00:00\" \/>\n<meta name=\"twitter:card\" content=\"summary_large_image\" \/>\n<meta name=\"twitter:label1\" content=\"Tiempo de lectura\" \/>\n\t<meta name=\"twitter:data1\" content=\"1 minuto\" \/>\n<script type=\"application\/ld+json\" class=\"yoast-schema-graph\">{\"@context\":\"https:\\\/\\\/schema.org\",\"@graph\":[{\"@type\":\"WebPage\",\"@id\":\"https:\\\/\\\/amigosdeltercertercio.com\\\/web\\\/sts-v2\\\/\",\"url\":\"https:\\\/\\\/amigosdeltercertercio.com\\\/web\\\/sts-v2\\\/\",\"name\":\"STS-V2 -\",\"isPartOf\":{\"@id\":\"https:\\\/\\\/amigosdeltercertercio.com\\\/web\\\/#website\"},\"datePublished\":\"2014-04-22T17:52:41+00:00\",\"dateModified\":\"2014-08-06T17:04:48+00:00\",\"breadcrumb\":{\"@id\":\"https:\\\/\\\/amigosdeltercertercio.com\\\/web\\\/sts-v2\\\/#breadcrumb\"},\"inLanguage\":\"es\",\"potentialAction\":[{\"@type\":\"ReadAction\",\"target\":[\"https:\\\/\\\/amigosdeltercertercio.com\\\/web\\\/sts-v2\\\/\"]}]},{\"@type\":\"BreadcrumbList\",\"@id\":\"https:\\\/\\\/amigosdeltercertercio.com\\\/web\\\/sts-v2\\\/#breadcrumb\",\"itemListElement\":[{\"@type\":\"ListItem\",\"position\":1,\"name\":\"Home\",\"item\":\"https:\\\/\\\/amigosdeltercertercio.com\\\/web\\\/\"},{\"@type\":\"ListItem\",\"position\":2,\"name\":\"STS-V2\"}]},{\"@type\":\"WebSite\",\"@id\":\"https:\\\/\\\/amigosdeltercertercio.com\\\/web\\\/#website\",\"url\":\"https:\\\/\\\/amigosdeltercertercio.com\\\/web\\\/\",\"name\":\"\",\"description\":\"\",\"potentialAction\":[{\"@type\":\"SearchAction\",\"target\":{\"@type\":\"EntryPoint\",\"urlTemplate\":\"https:\\\/\\\/amigosdeltercertercio.com\\\/web\\\/?s={search_term_string}\"},\"query-input\":{\"@type\":\"PropertyValueSpecification\",\"valueRequired\":true,\"valueName\":\"search_term_string\"}}],\"inLanguage\":\"es\"}]}<\/script>\n<!-- \/ Yoast SEO plugin. -->","yoast_head_json":{"title":"STS-V2 -","robots":{"index":"index","follow":"follow","max-snippet":"max-snippet:-1","max-image-preview":"max-image-preview:large","max-video-preview":"max-video-preview:-1"},"canonical":"https:\/\/amigosdeltercertercio.com\/web\/sts-v2\/","og_locale":"es_ES","og_type":"article","og_title":"STS-V2 -","og_description":"\u00a0(1) Descripci\u00f3n Consta de una sala dotada de unos simuladores (NOPTEL y STS) para ejecuci\u00f3n el tiro de precisi\u00f3n mediante acople de un kit al arma real. \u00a0B\u00e1sicamente se compone de una unidad \u00f3ptica (transmisor\/receptor) acoplada al arma, un retrorreflector acoplado a la diana y un ordenador. Permitiendo al instructor introducir variables en los ejercicios [&hellip;]","og_url":"https:\/\/amigosdeltercertercio.com\/web\/sts-v2\/","article_modified_time":"2014-08-06T17:04:48+00:00","twitter_card":"summary_large_image","twitter_misc":{"Tiempo de lectura":"1 minuto"},"schema":{"@context":"https:\/\/schema.org","@graph":[{"@type":"WebPage","@id":"https:\/\/amigosdeltercertercio.com\/web\/sts-v2\/","url":"https:\/\/amigosdeltercertercio.com\/web\/sts-v2\/","name":"STS-V2 -","isPartOf":{"@id":"https:\/\/amigosdeltercertercio.com\/web\/#website"},"datePublished":"2014-04-22T17:52:41+00:00","dateModified":"2014-08-06T17:04:48+00:00","breadcrumb":{"@id":"https:\/\/amigosdeltercertercio.com\/web\/sts-v2\/#breadcrumb"},"inLanguage":"es","potentialAction":[{"@type":"ReadAction","target":["https:\/\/amigosdeltercertercio.com\/web\/sts-v2\/"]}]},{"@type":"BreadcrumbList","@id":"https:\/\/amigosdeltercertercio.com\/web\/sts-v2\/#breadcrumb","itemListElement":[{"@type":"ListItem","position":1,"name":"Home","item":"https:\/\/amigosdeltercertercio.com\/web\/"},{"@type":"ListItem","position":2,"name":"STS-V2"}]},{"@type":"WebSite","@id":"https:\/\/amigosdeltercertercio.com\/web\/#website","url":"https:\/\/amigosdeltercertercio.com\/web\/","name":"","description":"","potentialAction":[{"@type":"SearchAction","target":{"@type":"EntryPoint","urlTemplate":"https:\/\/amigosdeltercertercio.com\/web\/?s={search_term_string}"},"query-input":{"@type":"PropertyValueSpecification","valueRequired":true,"valueName":"search_term_string"}}],"inLanguage":"es"}]}},"_links":{"self":[{"href":"https:\/\/amigosdeltercertercio.com\/web\/wp-json\/wp\/v2\/pages\/864","targetHints":{"allow":["GET"]}}],"collection":[{"href":"https:\/\/amigosdeltercertercio.com\/web\/wp-json\/wp\/v2\/pages"}],"about":[{"href":"https:\/\/amigosdeltercertercio.com\/web\/wp-json\/wp\/v2\/types\/page"}],"author":[{"embeddable":true,"href":"https:\/\/amigosdeltercertercio.com\/web\/wp-json\/wp\/v2\/users\/1"}],"replies":[{"embeddable":true,"href":"https:\/\/amigosdeltercertercio.com\/web\/wp-json\/wp\/v2\/comments?post=864"}],"version-history":[{"count":6,"href":"https:\/\/amigosdeltercertercio.com\/web\/wp-json\/wp\/v2\/pages\/864\/revisions"}],"predecessor-version":[{"id":3154,"href":"https:\/\/amigosdeltercertercio.com\/web\/wp-json\/wp\/v2\/pages\/864\/revisions\/3154"}],"wp:attachment":[{"href":"https:\/\/amigosdeltercertercio.com\/web\/wp-json\/wp\/v2\/media?parent=864"}],"curies":[{"name":"wp","href":"https:\/\/api.w.org\/{rel}","templated":true}]}}