{"id":872,"date":"2014-04-22T17:55:09","date_gmt":"2014-04-22T17:55:09","guid":{"rendered":"https:\/\/amigosdeltercertercio.com\/web\/?page_id=872"},"modified":"2014-08-06T17:21:33","modified_gmt":"2014-08-06T17:21:33","slug":"smarskman-2-salas","status":"publish","type":"page","link":"https:\/\/amigosdeltercertercio.com\/web\/smarskman-2-salas\/","title":{"rendered":"IMARSKMAN (2 Salas)"},"content":{"rendered":"<p><span style=\"color: #444444;\"><div class=\"flagallery amron_skin\" id=\"FlaGallery_sc1_149\" ><script type=\"application\/json\" class=\"FlaGallery_sc1_149\">{\"settings\":{\"collectionThumbColumns\":\"3\",\"collectionThumbRecomendedWidth\":\"260\",\"collectionPreloaderColor\":\"#333333\",\"linkTargetWindow\":\"_blank\",\"thumbSpacing\":\"10\",\"tagsFilter\":\"1\",\"tagCloudSort\":\"1\",\"tagCloudAll\":\"All\",\"tagCloudAllTagPresented\":\"1\",\"tagCloudStartIndex\":\"0\",\"tagCloudTextColor\":\"#000000\",\"tagCloudBgColor\":\"#eeeeee\",\"collectionThumbHoverColor\":\"rgba(0, 0, 0, .7)\",\"collectionThumbContentBGColor\":\"rgba(245,245,245,1)\",\"collectionThumbTitleShow\":\"1\",\"collectionThumbTitleColor\":\"rgba(0,0,0,1)\",\"collectionThumbFontSize\":\"18\",\"collectionThumbDescriptionShow\":\"1\",\"collectionThumbDescriptionColor\":\"rgba(0,0,0,1)\",\"collectionThumbDescriptionFontSize\":\"15\",\"collectionReadMoreButtonLabel\":\"Read More\",\"collectionReadMoreButtonLabelColor\":\"rgba(255, 255, 255, 1)\",\"collectionReadMoreButtonBGColor\":\"rgba(0, 0, 0, 1)\",\"collectionReadMoreButtonLabelColorHover\":\"rgba(0, 0, 0, 1)\",\"collectionReadMoreButtonBGColorHover\":\"rgba(235,235,235,1)\",\"modaBgColor\":\"rgba(0,0,0,0.9)\",\"modalInfoBoxBgColor\":\"rgba(255,255,255,1)\",\"modalInfoBoxTitleTextColor\":\"rgba(0,0,0,1)\",\"modalInfoBoxTextColor\":\"rgba(70,70,70,1)\",\"infoBarExifEnable\":\"1\",\"infoBarCountersEnable\":\"1\",\"infoBarDateInfoEnable\":\"1\",\"lightBoxEnable\":\"1\",\"copyR_Protection\":\"1\",\"copyR_Alert\":\"Hello, this photo is mine!\",\"sliderScrollNavi\":\"0\",\"sliderNextPrevAnimation\":\"animation\",\"sliderPreloaderColor\":\"#ffffff\",\"sliderBgColor\":\"rgba(0,0,0,0.8)\",\"sliderHeaderFooterBgColor\":\"#000000\",\"sliderNavigationColor\":\"rgba(0,0,0,1)\",\"sliderNavigationIconColor\":\"rgba(255,255,255,1)\",\"sliderNavigationColorOver\":\"rgba(255,255,255,1)\",\"sliderNavigationIconColorOver\":\"rgba(0,0,0,1)\",\"sliderItemTitleEnable\":\"1\",\"sliderItemTitleFontSize\":\"24\",\"sliderItemTitleTextColor\":\"#ffffff\",\"sliderThumbBarEnable\":\"1\",\"sliderThumbBarHoverColor\":\"#ffffff\",\"sliderThumbSubMenuBackgroundColor\":\"rgba(0,0,0,1)\",\"sliderThumbSubMenuBackgroundColorOver\":\"rgba(255,255,255,1)\",\"sliderThumbSubMenuIconColor\":\"rgba(255,255,255,1)\",\"sliderThumbSubMenuIconHoverColor\":\"rgba(0,0,0,1)\",\"sliderPlayButton\":\"1\",\"slideshowDelay\":\"8\",\"slideshowProgressBarColor\":\"rgba(255,255,255,1)\",\"slideshowProgressBarBGColor\":\"rgba(255,255,255,0.6)\",\"sliderInfoEnable\":\"1\",\"sliderZoomButton\":\"1\",\"sliderItemDownload\":\"1\",\"sliderSocialShareEnabled\":\"1\",\"sliderLikesEnabled\":\"1\",\"sliderFullScreen\":\"1\",\"customCSS\":\"\",\"key\":\"\",\"name\":\"\",\"galleryID\":\"sc1_149\",\"post_url\":\"https:\\\/\\\/amigosdeltercertercio.com\\\/web\\\/wp-json\\\/wp\\\/v2\\\/pages\\\/872\",\"module_url\":\"https:\\\/\\\/amigosdeltercertercio.com\\\/web\\\/wp-content\\\/plugins\\\/flagallery-skins\\\/amron\\\/\"}, \"data\":[{\"gallery\":{\"gid\":\"149\",\"name\":\"imarskman\",\"path\":\"https:\\\/\\\/amigosdeltercertercio.com\\\/web\\\/wp-content\\\/flagallery\\\/imarskman\",\"title\":\"IMARSKMAN\",\"galdesc\":\"\"},\"data\":[{\"pid\":\"17188\",\"filename\":\"p1030474.jpg\",\"description\":\"\",\"alttext\":\"\",\"link\":null,\"imagedate\":\"2014-08-06 16:31:33\",\"hitcounter\":\"74\",\"total_value\":\"0\",\"total_votes\":\"0\",\"meta_data\":{\"aperture\":false,\"credit\":false,\"camera\":false,\"caption\":false,\"created_timestamp\":false,\"copyright\":false,\"focal_length\":false,\"iso\":false,\"shutter_speed\":false,\"flash\":false,\"title\":false,\"keywords\":false,\"width\":421,\"height\":561,\"saved\":true,\"thumbnail\":{\"width\":100,\"height\":100},\"webview\":{\"0\":421,\"1\":561,\"2\":2,\"3\":\"width=\\\"421\\\" height=\\\"561\\\"\",\"bits\":8,\"channels\":3,\"mime\":\"image\\\/jpeg\"}}},{\"pid\":\"17189\",\"filename\":\"p1030476.jpg\",\"description\":\"\",\"alttext\":\"\",\"link\":null,\"imagedate\":\"2014-08-06 16:31:35\",\"hitcounter\":\"57\",\"total_value\":\"0\",\"total_votes\":\"0\",\"meta_data\":{\"aperture\":false,\"credit\":false,\"camera\":false,\"caption\":false,\"created_timestamp\":false,\"copyright\":false,\"focal_length\":false,\"iso\":false,\"shutter_speed\":false,\"flash\":false,\"title\":false,\"keywords\":false,\"width\":748,\"height\":561,\"saved\":true,\"thumbnail\":{\"width\":100,\"height\":100},\"webview\":{\"0\":748,\"1\":561,\"2\":2,\"3\":\"width=\\\"748\\\" height=\\\"561\\\"\",\"bits\":8,\"channels\":3,\"mime\":\"image\\\/jpeg\"}}},{\"pid\":\"17190\",\"filename\":\"p1030477.jpg\",\"description\":\"\",\"alttext\":\"\",\"link\":null,\"imagedate\":\"2014-08-06 16:31:38\",\"hitcounter\":\"44\",\"total_value\":\"0\",\"total_votes\":\"0\",\"meta_data\":{\"aperture\":false,\"credit\":false,\"camera\":false,\"caption\":false,\"created_timestamp\":false,\"copyright\":false,\"focal_length\":false,\"iso\":false,\"shutter_speed\":false,\"flash\":false,\"title\":false,\"keywords\":false,\"width\":748,\"height\":561,\"saved\":true,\"thumbnail\":{\"width\":100,\"height\":100},\"webview\":{\"0\":748,\"1\":561,\"2\":2,\"3\":\"width=\\\"748\\\" height=\\\"561\\\"\",\"bits\":8,\"channels\":3,\"mime\":\"image\\\/jpeg\"}}},{\"pid\":\"17191\",\"filename\":\"p1030478.jpg\",\"description\":\"\",\"alttext\":\"\",\"link\":null,\"imagedate\":\"2014-08-06 16:31:39\",\"hitcounter\":\"44\",\"total_value\":\"0\",\"total_votes\":\"0\",\"meta_data\":{\"aperture\":false,\"credit\":false,\"camera\":false,\"caption\":false,\"created_timestamp\":false,\"copyright\":false,\"focal_length\":false,\"iso\":false,\"shutter_speed\":false,\"flash\":false,\"title\":false,\"keywords\":false,\"width\":421,\"height\":561,\"saved\":true,\"thumbnail\":{\"width\":100,\"height\":100},\"webview\":{\"0\":421,\"1\":561,\"2\":2,\"3\":\"width=\\\"421\\\" height=\\\"561\\\"\",\"bits\":8,\"channels\":3,\"mime\":\"image\\\/jpeg\"}}},{\"pid\":\"17192\",\"filename\":\"p1030479.jpg\",\"description\":\"\",\"alttext\":\"\",\"link\":null,\"imagedate\":\"2014-08-06 16:31:41\",\"hitcounter\":\"37\",\"total_value\":\"0\",\"total_votes\":\"0\",\"meta_data\":{\"aperture\":false,\"credit\":false,\"camera\":false,\"caption\":false,\"created_timestamp\":false,\"copyright\":false,\"focal_length\":false,\"iso\":false,\"shutter_speed\":false,\"flash\":false,\"title\":false,\"keywords\":false,\"width\":748,\"height\":561,\"saved\":true,\"thumbnail\":{\"width\":100,\"height\":100},\"webview\":{\"0\":748,\"1\":561,\"2\":2,\"3\":\"width=\\\"748\\\" height=\\\"561\\\"\",\"bits\":8,\"channels\":3,\"mime\":\"image\\\/jpeg\"}}},{\"pid\":\"17193\",\"filename\":\"p1030480.jpg\",\"description\":\"\",\"alttext\":\"\",\"link\":null,\"imagedate\":\"2014-08-06 16:31:43\",\"hitcounter\":\"42\",\"total_value\":\"0\",\"total_votes\":\"0\",\"meta_data\":{\"aperture\":false,\"credit\":false,\"camera\":false,\"caption\":false,\"created_timestamp\":false,\"copyright\":false,\"focal_length\":false,\"iso\":false,\"shutter_speed\":false,\"flash\":false,\"title\":false,\"keywords\":false,\"width\":748,\"height\":561,\"saved\":true,\"thumbnail\":{\"width\":100,\"height\":100},\"webview\":{\"0\":748,\"1\":561,\"2\":2,\"3\":\"width=\\\"748\\\" height=\\\"561\\\"\",\"bits\":8,\"channels\":3,\"mime\":\"image\\\/jpeg\"}}},{\"pid\":\"17230\",\"filename\":\"p1030671.jpg\",\"description\":\"\",\"alttext\":\"\",\"link\":null,\"imagedate\":\"2014-08-06 17:20:50\",\"hitcounter\":\"39\",\"total_value\":\"0\",\"total_votes\":\"0\",\"meta_data\":{\"aperture\":false,\"credit\":false,\"camera\":false,\"caption\":false,\"created_timestamp\":false,\"copyright\":false,\"focal_length\":false,\"iso\":false,\"shutter_speed\":false,\"flash\":false,\"title\":false,\"keywords\":false,\"width\":748,\"height\":561,\"saved\":true,\"thumbnail\":{\"width\":100,\"height\":100},\"webview\":{\"0\":748,\"1\":561,\"2\":2,\"3\":\"width=\\\"748\\\" height=\\\"561\\\"\",\"bits\":8,\"channels\":3,\"mime\":\"image\\\/jpeg\"}}},{\"pid\":\"17231\",\"filename\":\"p1030672.jpg\",\"description\":\"\",\"alttext\":\"\",\"link\":null,\"imagedate\":\"2014-08-06 17:20:51\",\"hitcounter\":\"37\",\"total_value\":\"0\",\"total_votes\":\"0\",\"meta_data\":{\"aperture\":false,\"credit\":false,\"camera\":false,\"caption\":false,\"created_timestamp\":false,\"copyright\":false,\"focal_length\":false,\"iso\":false,\"shutter_speed\":false,\"flash\":false,\"title\":false,\"keywords\":false,\"width\":748,\"height\":561,\"saved\":true,\"thumbnail\":{\"width\":100,\"height\":100},\"webview\":{\"0\":748,\"1\":561,\"2\":2,\"3\":\"width=\\\"748\\\" height=\\\"561\\\"\",\"bits\":8,\"channels\":3,\"mime\":\"image\\\/jpeg\"}}},{\"pid\":\"17232\",\"filename\":\"p1030675.jpg\",\"description\":\"\",\"alttext\":\"\",\"link\":null,\"imagedate\":\"2014-08-06 17:20:52\",\"hitcounter\":\"37\",\"total_value\":\"0\",\"total_votes\":\"0\",\"meta_data\":{\"aperture\":false,\"credit\":false,\"camera\":false,\"caption\":false,\"created_timestamp\":false,\"copyright\":false,\"focal_length\":false,\"iso\":false,\"shutter_speed\":false,\"flash\":false,\"title\":false,\"keywords\":false,\"width\":748,\"height\":561,\"saved\":true,\"thumbnail\":{\"width\":100,\"height\":100},\"webview\":{\"0\":748,\"1\":561,\"2\":2,\"3\":\"width=\\\"748\\\" height=\\\"561\\\"\",\"bits\":8,\"channels\":3,\"mime\":\"image\\\/jpeg\"}}}]}]}<\/script><\/div><noscript id=\"noscript_FlaGallery_sc1_149\"><img class=\"skip-lazy no-lazyload noLazy\" data-lazy-src=\"\" src =\"https:\/\/amigosdeltercertercio.com\/web\/wp-content\/flagallery\/imarskman\/p1030474.jpg\" alt=\"\" \/><img class=\"skip-lazy no-lazyload noLazy\" data-lazy-src=\"\" src =\"https:\/\/amigosdeltercertercio.com\/web\/wp-content\/flagallery\/imarskman\/p1030476.jpg\" alt=\"\" \/><img class=\"skip-lazy no-lazyload noLazy\" data-lazy-src=\"\" src =\"https:\/\/amigosdeltercertercio.com\/web\/wp-content\/flagallery\/imarskman\/p1030477.jpg\" alt=\"\" \/><img class=\"skip-lazy no-lazyload noLazy\" data-lazy-src=\"\" src =\"https:\/\/amigosdeltercertercio.com\/web\/wp-content\/flagallery\/imarskman\/p1030478.jpg\" alt=\"\" \/><img class=\"skip-lazy no-lazyload noLazy\" data-lazy-src=\"\" src =\"https:\/\/amigosdeltercertercio.com\/web\/wp-content\/flagallery\/imarskman\/p1030479.jpg\" alt=\"\" \/><img class=\"skip-lazy no-lazyload noLazy\" data-lazy-src=\"\" src =\"https:\/\/amigosdeltercertercio.com\/web\/wp-content\/flagallery\/imarskman\/p1030480.jpg\" alt=\"\" \/><img class=\"skip-lazy no-lazyload noLazy\" data-lazy-src=\"\" src =\"https:\/\/amigosdeltercertercio.com\/web\/wp-content\/flagallery\/imarskman\/p1030671.jpg\" alt=\"\" \/><img class=\"skip-lazy no-lazyload noLazy\" data-lazy-src=\"\" src =\"https:\/\/amigosdeltercertercio.com\/web\/wp-content\/flagallery\/imarskman\/p1030672.jpg\" alt=\"\" \/><img class=\"skip-lazy no-lazyload noLazy\" data-lazy-src=\"\" src =\"https:\/\/amigosdeltercertercio.com\/web\/wp-content\/flagallery\/imarskman\/p1030675.jpg\" alt=\"\" \/><\/noscript>\u00a0<\/span><\/p>\n<p style=\"text-align: justify;\"><b>(1) <span style=\"text-decoration: underline;\">Descripci\u00f3n<\/span><\/b><\/p>\n<p style=\"text-align: justify;\">Situada en el interior del Local de Simuladores de la UAPRE. Esta Estaci\u00f3n permite hacer \u00abfuego simulado\u00bb con l\u00e1ser acoplado al arma real.<\/p>\n<p style=\"text-align: justify;\">Consta de una sala dotada de un ordenador con proyector, proyect\u00e1ndose diferentes escenarios t\u00e1cticos (urbanos y terreno abierto), donde se deber\u00e1n ir abatiendo los diferentes enemigos para poder continuar el ejercicio hasta el final.<\/p>\n<p style=\"text-align: justify;\">El instructor comunicar\u00e1 al ejecutante el final del ejercicio en caso de no eliminar a los distintos enemigos, tras detenerse la proyecci\u00f3n en la escena no superada.<\/p>\n<p style=\"text-align: justify;\"><b>(2) <span style=\"text-decoration: underline;\">Finalidad<\/span><\/b><\/p>\n<p style=\"text-align: justify;\">La finalidad es instruir al combatiente en el tiro instintivo sobre blancos fijos y m\u00f3viles, consiguiendo que el ejecutante aprenda y automatice las posiciones de tiro instintivo y principalmente, a distinguir instant\u00e1neamente entre \u00abamigo\u00bb y \u00abenemigo\u00bb.<\/p>\n<h1 style=\"text-align: justify;\"><\/h1>\n","protected":false},"excerpt":{"rendered":"<p>\u00a0 (1) Descripci\u00f3n Situada en el interior del Local de Simuladores de la UAPRE. Esta Estaci\u00f3n permite hacer \u00abfuego simulado\u00bb con l\u00e1ser acoplado al arma real. Consta de una sala dotada de un ordenador con proyector, proyect\u00e1ndose diferentes escenarios t\u00e1cticos (urbanos y terreno abierto), donde se deber\u00e1n ir abatiendo los diferentes enemigos para poder continuar [&hellip;]<\/p>\n","protected":false},"author":1,"featured_media":0,"parent":0,"menu_order":0,"comment_status":"closed","ping_status":"closed","template":"","meta":{"ocean_post_layout":"","ocean_both_sidebars_style":"","ocean_both_sidebars_content_width":0,"ocean_both_sidebars_sidebars_width":0,"ocean_sidebar":"","ocean_second_sidebar":"","ocean_disable_margins":"enable","ocean_add_body_class":"","ocean_shortcode_before_top_bar":"","ocean_shortcode_after_top_bar":"","ocean_shortcode_before_header":"","ocean_shortcode_after_header":"","ocean_has_shortcode":"","ocean_shortcode_after_title":"","ocean_shortcode_before_footer_widgets":"","ocean_shortcode_after_footer_widgets":"","ocean_shortcode_before_footer_bottom":"","ocean_shortcode_after_footer_bottom":"","ocean_display_top_bar":"default","ocean_display_header":"default","ocean_header_style":"","ocean_center_header_left_menu":"","ocean_custom_header_template":"","ocean_custom_logo":0,"ocean_custom_retina_logo":0,"ocean_custom_logo_max_width":0,"ocean_custom_logo_tablet_max_width":0,"ocean_custom_logo_mobile_max_width":0,"ocean_custom_logo_max_height":0,"ocean_custom_logo_tablet_max_height":0,"ocean_custom_logo_mobile_max_height":0,"ocean_header_custom_menu":"","ocean_menu_typo_font_family":"","ocean_menu_typo_font_subset":"","ocean_menu_typo_font_size":0,"ocean_menu_typo_font_size_tablet":0,"ocean_menu_typo_font_size_mobile":0,"ocean_menu_typo_font_size_unit":"px","ocean_menu_typo_font_weight":"","ocean_menu_typo_font_weight_tablet":"","ocean_menu_typo_font_weight_mobile":"","ocean_menu_typo_transform":"","ocean_menu_typo_transform_tablet":"","ocean_menu_typo_transform_mobile":"","ocean_menu_typo_line_height":0,"ocean_menu_typo_line_height_tablet":0,"ocean_menu_typo_line_height_mobile":0,"ocean_menu_typo_line_height_unit":"","ocean_menu_typo_spacing":0,"ocean_menu_typo_spacing_tablet":0,"ocean_menu_typo_spacing_mobile":0,"ocean_menu_typo_spacing_unit":"","ocean_menu_link_color":"","ocean_menu_link_color_hover":"","ocean_menu_link_color_active":"","ocean_menu_link_background":"","ocean_menu_link_hover_background":"","ocean_menu_link_active_background":"","ocean_menu_social_links_bg":"","ocean_menu_social_hover_links_bg":"","ocean_menu_social_links_color":"","ocean_menu_social_hover_links_color":"","ocean_disable_title":"default","ocean_disable_heading":"default","ocean_post_title":"","ocean_post_subheading":"","ocean_post_title_style":"","ocean_post_title_background_color":"","ocean_post_title_background":0,"ocean_post_title_bg_image_position":"","ocean_post_title_bg_image_attachment":"","ocean_post_title_bg_image_repeat":"","ocean_post_title_bg_image_size":"","ocean_post_title_height":0,"ocean_post_title_bg_overlay":0.5,"ocean_post_title_bg_overlay_color":"","ocean_disable_breadcrumbs":"default","ocean_breadcrumbs_color":"","ocean_breadcrumbs_separator_color":"","ocean_breadcrumbs_links_color":"","ocean_breadcrumbs_links_hover_color":"","ocean_display_footer_widgets":"default","ocean_display_footer_bottom":"default","ocean_custom_footer_template":"","footnotes":""},"class_list":["post-872","page","type-page","status-publish","hentry","entry"],"yoast_head":"<!-- This site is optimized with the Yoast SEO plugin v27.3 - https:\/\/yoast.com\/product\/yoast-seo-wordpress\/ -->\n<title>IMARSKMAN (2 Salas) -<\/title>\n<meta name=\"robots\" content=\"index, follow, max-snippet:-1, max-image-preview:large, max-video-preview:-1\" \/>\n<link rel=\"canonical\" href=\"https:\/\/amigosdeltercertercio.com\/web\/smarskman-2-salas\/\" \/>\n<meta property=\"og:locale\" content=\"es_ES\" \/>\n<meta property=\"og:type\" content=\"article\" \/>\n<meta property=\"og:title\" content=\"IMARSKMAN (2 Salas) -\" \/>\n<meta property=\"og:description\" content=\"\u00a0 (1) Descripci\u00f3n Situada en el interior del Local de Simuladores de la UAPRE. Esta Estaci\u00f3n permite hacer \u00abfuego simulado\u00bb con l\u00e1ser acoplado al arma real. Consta de una sala dotada de un ordenador con proyector, proyect\u00e1ndose diferentes escenarios t\u00e1cticos (urbanos y terreno abierto), donde se deber\u00e1n ir abatiendo los diferentes enemigos para poder continuar [&hellip;]\" \/>\n<meta property=\"og:url\" content=\"https:\/\/amigosdeltercertercio.com\/web\/smarskman-2-salas\/\" \/>\n<meta property=\"article:modified_time\" content=\"2014-08-06T17:21:33+00:00\" \/>\n<meta name=\"twitter:card\" content=\"summary_large_image\" \/>\n<meta name=\"twitter:label1\" content=\"Tiempo de lectura\" \/>\n\t<meta name=\"twitter:data1\" content=\"1 minuto\" \/>\n<script type=\"application\/ld+json\" class=\"yoast-schema-graph\">{\"@context\":\"https:\\\/\\\/schema.org\",\"@graph\":[{\"@type\":\"WebPage\",\"@id\":\"https:\\\/\\\/amigosdeltercertercio.com\\\/web\\\/smarskman-2-salas\\\/\",\"url\":\"https:\\\/\\\/amigosdeltercertercio.com\\\/web\\\/smarskman-2-salas\\\/\",\"name\":\"IMARSKMAN (2 Salas) -\",\"isPartOf\":{\"@id\":\"https:\\\/\\\/amigosdeltercertercio.com\\\/web\\\/#website\"},\"datePublished\":\"2014-04-22T17:55:09+00:00\",\"dateModified\":\"2014-08-06T17:21:33+00:00\",\"breadcrumb\":{\"@id\":\"https:\\\/\\\/amigosdeltercertercio.com\\\/web\\\/smarskman-2-salas\\\/#breadcrumb\"},\"inLanguage\":\"es\",\"potentialAction\":[{\"@type\":\"ReadAction\",\"target\":[\"https:\\\/\\\/amigosdeltercertercio.com\\\/web\\\/smarskman-2-salas\\\/\"]}]},{\"@type\":\"BreadcrumbList\",\"@id\":\"https:\\\/\\\/amigosdeltercertercio.com\\\/web\\\/smarskman-2-salas\\\/#breadcrumb\",\"itemListElement\":[{\"@type\":\"ListItem\",\"position\":1,\"name\":\"Home\",\"item\":\"https:\\\/\\\/amigosdeltercertercio.com\\\/web\\\/\"},{\"@type\":\"ListItem\",\"position\":2,\"name\":\"IMARSKMAN (2 Salas)\"}]},{\"@type\":\"WebSite\",\"@id\":\"https:\\\/\\\/amigosdeltercertercio.com\\\/web\\\/#website\",\"url\":\"https:\\\/\\\/amigosdeltercertercio.com\\\/web\\\/\",\"name\":\"\",\"description\":\"\",\"potentialAction\":[{\"@type\":\"SearchAction\",\"target\":{\"@type\":\"EntryPoint\",\"urlTemplate\":\"https:\\\/\\\/amigosdeltercertercio.com\\\/web\\\/?s={search_term_string}\"},\"query-input\":{\"@type\":\"PropertyValueSpecification\",\"valueRequired\":true,\"valueName\":\"search_term_string\"}}],\"inLanguage\":\"es\"}]}<\/script>\n<!-- \/ Yoast SEO plugin. -->","yoast_head_json":{"title":"IMARSKMAN (2 Salas) -","robots":{"index":"index","follow":"follow","max-snippet":"max-snippet:-1","max-image-preview":"max-image-preview:large","max-video-preview":"max-video-preview:-1"},"canonical":"https:\/\/amigosdeltercertercio.com\/web\/smarskman-2-salas\/","og_locale":"es_ES","og_type":"article","og_title":"IMARSKMAN (2 Salas) -","og_description":"\u00a0 (1) Descripci\u00f3n Situada en el interior del Local de Simuladores de la UAPRE. Esta Estaci\u00f3n permite hacer \u00abfuego simulado\u00bb con l\u00e1ser acoplado al arma real. Consta de una sala dotada de un ordenador con proyector, proyect\u00e1ndose diferentes escenarios t\u00e1cticos (urbanos y terreno abierto), donde se deber\u00e1n ir abatiendo los diferentes enemigos para poder continuar [&hellip;]","og_url":"https:\/\/amigosdeltercertercio.com\/web\/smarskman-2-salas\/","article_modified_time":"2014-08-06T17:21:33+00:00","twitter_card":"summary_large_image","twitter_misc":{"Tiempo de lectura":"1 minuto"},"schema":{"@context":"https:\/\/schema.org","@graph":[{"@type":"WebPage","@id":"https:\/\/amigosdeltercertercio.com\/web\/smarskman-2-salas\/","url":"https:\/\/amigosdeltercertercio.com\/web\/smarskman-2-salas\/","name":"IMARSKMAN (2 Salas) -","isPartOf":{"@id":"https:\/\/amigosdeltercertercio.com\/web\/#website"},"datePublished":"2014-04-22T17:55:09+00:00","dateModified":"2014-08-06T17:21:33+00:00","breadcrumb":{"@id":"https:\/\/amigosdeltercertercio.com\/web\/smarskman-2-salas\/#breadcrumb"},"inLanguage":"es","potentialAction":[{"@type":"ReadAction","target":["https:\/\/amigosdeltercertercio.com\/web\/smarskman-2-salas\/"]}]},{"@type":"BreadcrumbList","@id":"https:\/\/amigosdeltercertercio.com\/web\/smarskman-2-salas\/#breadcrumb","itemListElement":[{"@type":"ListItem","position":1,"name":"Home","item":"https:\/\/amigosdeltercertercio.com\/web\/"},{"@type":"ListItem","position":2,"name":"IMARSKMAN (2 Salas)"}]},{"@type":"WebSite","@id":"https:\/\/amigosdeltercertercio.com\/web\/#website","url":"https:\/\/amigosdeltercertercio.com\/web\/","name":"","description":"","potentialAction":[{"@type":"SearchAction","target":{"@type":"EntryPoint","urlTemplate":"https:\/\/amigosdeltercertercio.com\/web\/?s={search_term_string}"},"query-input":{"@type":"PropertyValueSpecification","valueRequired":true,"valueName":"search_term_string"}}],"inLanguage":"es"}]}},"_links":{"self":[{"href":"https:\/\/amigosdeltercertercio.com\/web\/wp-json\/wp\/v2\/pages\/872","targetHints":{"allow":["GET"]}}],"collection":[{"href":"https:\/\/amigosdeltercertercio.com\/web\/wp-json\/wp\/v2\/pages"}],"about":[{"href":"https:\/\/amigosdeltercertercio.com\/web\/wp-json\/wp\/v2\/types\/page"}],"author":[{"embeddable":true,"href":"https:\/\/amigosdeltercertercio.com\/web\/wp-json\/wp\/v2\/users\/1"}],"replies":[{"embeddable":true,"href":"https:\/\/amigosdeltercertercio.com\/web\/wp-json\/wp\/v2\/comments?post=872"}],"version-history":[{"count":9,"href":"https:\/\/amigosdeltercertercio.com\/web\/wp-json\/wp\/v2\/pages\/872\/revisions"}],"predecessor-version":[{"id":3159,"href":"https:\/\/amigosdeltercertercio.com\/web\/wp-json\/wp\/v2\/pages\/872\/revisions\/3159"}],"wp:attachment":[{"href":"https:\/\/amigosdeltercertercio.com\/web\/wp-json\/wp\/v2\/media?parent=872"}],"curies":[{"name":"wp","href":"https:\/\/api.w.org\/{rel}","templated":true}]}}