{"id":874,"date":"2014-04-22T17:55:31","date_gmt":"2014-04-22T17:55:31","guid":{"rendered":"https:\/\/amigosdeltercertercio.com\/web\/?page_id=874"},"modified":"2014-08-06T17:18:13","modified_gmt":"2014-08-06T17:18:13","slug":"victrix","status":"publish","type":"page","link":"https:\/\/amigosdeltercertercio.com\/web\/victrix\/","title":{"rendered":"VICTRIX  \u00abSimulador Armas Ligeras\u00bb"},"content":{"rendered":"<p><span style=\"color: #444444;\"><div class=\"flagallery amron_skin\" id=\"FlaGallery_sc1_153\" ><script type=\"application\/json\" class=\"FlaGallery_sc1_153\">{\"settings\":{\"collectionThumbColumns\":\"3\",\"collectionThumbRecomendedWidth\":\"260\",\"collectionPreloaderColor\":\"#333333\",\"linkTargetWindow\":\"_blank\",\"thumbSpacing\":\"10\",\"tagsFilter\":\"1\",\"tagCloudSort\":\"1\",\"tagCloudAll\":\"All\",\"tagCloudAllTagPresented\":\"1\",\"tagCloudStartIndex\":\"0\",\"tagCloudTextColor\":\"#000000\",\"tagCloudBgColor\":\"#eeeeee\",\"collectionThumbHoverColor\":\"rgba(0, 0, 0, .7)\",\"collectionThumbContentBGColor\":\"rgba(245,245,245,1)\",\"collectionThumbTitleShow\":\"1\",\"collectionThumbTitleColor\":\"rgba(0,0,0,1)\",\"collectionThumbFontSize\":\"18\",\"collectionThumbDescriptionShow\":\"1\",\"collectionThumbDescriptionColor\":\"rgba(0,0,0,1)\",\"collectionThumbDescriptionFontSize\":\"15\",\"collectionReadMoreButtonLabel\":\"Read More\",\"collectionReadMoreButtonLabelColor\":\"rgba(255, 255, 255, 1)\",\"collectionReadMoreButtonBGColor\":\"rgba(0, 0, 0, 1)\",\"collectionReadMoreButtonLabelColorHover\":\"rgba(0, 0, 0, 1)\",\"collectionReadMoreButtonBGColorHover\":\"rgba(235,235,235,1)\",\"modaBgColor\":\"rgba(0,0,0,0.9)\",\"modalInfoBoxBgColor\":\"rgba(255,255,255,1)\",\"modalInfoBoxTitleTextColor\":\"rgba(0,0,0,1)\",\"modalInfoBoxTextColor\":\"rgba(70,70,70,1)\",\"infoBarExifEnable\":\"1\",\"infoBarCountersEnable\":\"1\",\"infoBarDateInfoEnable\":\"1\",\"lightBoxEnable\":\"1\",\"copyR_Protection\":\"1\",\"copyR_Alert\":\"Hello, this photo is mine!\",\"sliderScrollNavi\":\"0\",\"sliderNextPrevAnimation\":\"animation\",\"sliderPreloaderColor\":\"#ffffff\",\"sliderBgColor\":\"rgba(0,0,0,0.8)\",\"sliderHeaderFooterBgColor\":\"#000000\",\"sliderNavigationColor\":\"rgba(0,0,0,1)\",\"sliderNavigationIconColor\":\"rgba(255,255,255,1)\",\"sliderNavigationColorOver\":\"rgba(255,255,255,1)\",\"sliderNavigationIconColorOver\":\"rgba(0,0,0,1)\",\"sliderItemTitleEnable\":\"1\",\"sliderItemTitleFontSize\":\"24\",\"sliderItemTitleTextColor\":\"#ffffff\",\"sliderThumbBarEnable\":\"1\",\"sliderThumbBarHoverColor\":\"#ffffff\",\"sliderThumbSubMenuBackgroundColor\":\"rgba(0,0,0,1)\",\"sliderThumbSubMenuBackgroundColorOver\":\"rgba(255,255,255,1)\",\"sliderThumbSubMenuIconColor\":\"rgba(255,255,255,1)\",\"sliderThumbSubMenuIconHoverColor\":\"rgba(0,0,0,1)\",\"sliderPlayButton\":\"1\",\"slideshowDelay\":\"8\",\"slideshowProgressBarColor\":\"rgba(255,255,255,1)\",\"slideshowProgressBarBGColor\":\"rgba(255,255,255,0.6)\",\"sliderInfoEnable\":\"1\",\"sliderZoomButton\":\"1\",\"sliderItemDownload\":\"1\",\"sliderSocialShareEnabled\":\"1\",\"sliderLikesEnabled\":\"1\",\"sliderFullScreen\":\"1\",\"customCSS\":\"\",\"key\":\"\",\"name\":\"\",\"galleryID\":\"sc1_153\",\"post_url\":\"https:\\\/\\\/amigosdeltercertercio.com\\\/web\\\/wp-json\\\/wp\\\/v2\\\/pages\\\/874\",\"module_url\":\"https:\\\/\\\/amigosdeltercertercio.com\\\/web\\\/wp-content\\\/plugins\\\/flagallery-skins\\\/amron\\\/\"}, \"data\":[{\"gallery\":{\"gid\":\"153\",\"name\":\"victrix-simulador-armas-ligeras\",\"path\":\"https:\\\/\\\/amigosdeltercertercio.com\\\/web\\\/wp-content\\\/flagallery\\\/victrix-simulador-armas-ligeras\",\"title\":\"VICTRIX \\u201cSimulador Armas Ligeras\\u201d\",\"galdesc\":\"\"},\"data\":[{\"pid\":\"17221\",\"filename\":\"p1030677.jpg\",\"description\":\"\",\"alttext\":\"\",\"link\":\"\",\"imagedate\":\"2014-08-06 17:15:53\",\"hitcounter\":\"366\",\"total_value\":\"0\",\"total_votes\":\"0\",\"meta_data\":{\"aperture\":false,\"credit\":false,\"camera\":false,\"caption\":false,\"created_timestamp\":false,\"copyright\":false,\"focal_length\":false,\"iso\":false,\"shutter_speed\":false,\"flash\":false,\"title\":false,\"keywords\":false,\"width\":748,\"height\":561,\"saved\":true,\"thumbnail\":{\"width\":100,\"height\":100},\"webview\":{\"0\":748,\"1\":561,\"2\":2,\"3\":\"width=\\\"748\\\" height=\\\"561\\\"\",\"bits\":8,\"channels\":3,\"mime\":\"image\\\/jpeg\"}}},{\"pid\":\"17222\",\"filename\":\"p1030678.jpg\",\"description\":\"\",\"alttext\":\"\",\"link\":\"\",\"imagedate\":\"2014-08-06 17:15:55\",\"hitcounter\":\"303\",\"total_value\":\"0\",\"total_votes\":\"0\",\"meta_data\":{\"aperture\":false,\"credit\":false,\"camera\":false,\"caption\":false,\"created_timestamp\":false,\"copyright\":false,\"focal_length\":false,\"iso\":false,\"shutter_speed\":false,\"flash\":false,\"title\":false,\"keywords\":false,\"width\":748,\"height\":561,\"saved\":true,\"thumbnail\":{\"width\":100,\"height\":100},\"webview\":{\"0\":748,\"1\":561,\"2\":2,\"3\":\"width=\\\"748\\\" height=\\\"561\\\"\",\"bits\":8,\"channels\":3,\"mime\":\"image\\\/jpeg\"}}},{\"pid\":\"17223\",\"filename\":\"p1030679.jpg\",\"description\":\"\",\"alttext\":\"\",\"link\":\"\",\"imagedate\":\"2014-08-06 17:15:56\",\"hitcounter\":\"273\",\"total_value\":\"0\",\"total_votes\":\"0\",\"meta_data\":{\"aperture\":false,\"credit\":false,\"camera\":false,\"caption\":false,\"created_timestamp\":false,\"copyright\":false,\"focal_length\":false,\"iso\":false,\"shutter_speed\":false,\"flash\":false,\"title\":false,\"keywords\":false,\"width\":748,\"height\":561,\"saved\":true,\"thumbnail\":{\"width\":100,\"height\":100},\"webview\":{\"0\":748,\"1\":561,\"2\":2,\"3\":\"width=\\\"748\\\" height=\\\"561\\\"\",\"bits\":8,\"channels\":3,\"mime\":\"image\\\/jpeg\"}}},{\"pid\":\"17224\",\"filename\":\"p1030680.jpg\",\"description\":\"\",\"alttext\":\"\",\"link\":\"\",\"imagedate\":\"2014-08-06 17:15:57\",\"hitcounter\":\"261\",\"total_value\":\"0\",\"total_votes\":\"0\",\"meta_data\":{\"aperture\":false,\"credit\":false,\"camera\":false,\"caption\":false,\"created_timestamp\":false,\"copyright\":false,\"focal_length\":false,\"iso\":false,\"shutter_speed\":false,\"flash\":false,\"title\":false,\"keywords\":false,\"width\":748,\"height\":561,\"saved\":true,\"thumbnail\":{\"width\":100,\"height\":100},\"webview\":{\"0\":748,\"1\":561,\"2\":2,\"3\":\"width=\\\"748\\\" height=\\\"561\\\"\",\"bits\":8,\"channels\":3,\"mime\":\"image\\\/jpeg\"}}},{\"pid\":\"17225\",\"filename\":\"p1030681.jpg\",\"description\":\"\",\"alttext\":\"\",\"link\":\"\",\"imagedate\":\"2014-08-06 17:15:58\",\"hitcounter\":\"245\",\"total_value\":\"0\",\"total_votes\":\"0\",\"meta_data\":{\"aperture\":false,\"credit\":false,\"camera\":false,\"caption\":false,\"created_timestamp\":false,\"copyright\":false,\"focal_length\":false,\"iso\":false,\"shutter_speed\":false,\"flash\":false,\"title\":false,\"keywords\":false,\"width\":748,\"height\":561,\"saved\":true,\"thumbnail\":{\"width\":100,\"height\":100},\"webview\":{\"0\":748,\"1\":561,\"2\":2,\"3\":\"width=\\\"748\\\" height=\\\"561\\\"\",\"bits\":8,\"channels\":3,\"mime\":\"image\\\/jpeg\"}}},{\"pid\":\"17226\",\"filename\":\"p1030682.jpg\",\"description\":\"\",\"alttext\":\"\",\"link\":\"\",\"imagedate\":\"2014-08-06 17:15:59\",\"hitcounter\":\"225\",\"total_value\":\"0\",\"total_votes\":\"0\",\"meta_data\":{\"aperture\":false,\"credit\":false,\"camera\":false,\"caption\":false,\"created_timestamp\":false,\"copyright\":false,\"focal_length\":false,\"iso\":false,\"shutter_speed\":false,\"flash\":false,\"title\":false,\"keywords\":false,\"width\":748,\"height\":561,\"saved\":true,\"thumbnail\":{\"width\":100,\"height\":100},\"webview\":{\"0\":748,\"1\":561,\"2\":2,\"3\":\"width=\\\"748\\\" height=\\\"561\\\"\",\"bits\":8,\"channels\":3,\"mime\":\"image\\\/jpeg\"}}},{\"pid\":\"17227\",\"filename\":\"p1000213.jpg\",\"description\":\"\",\"alttext\":\"\",\"link\":\"\",\"imagedate\":\"2014-08-06 17:16:01\",\"hitcounter\":\"202\",\"total_value\":\"0\",\"total_votes\":\"0\",\"meta_data\":{\"aperture\":false,\"credit\":false,\"camera\":false,\"caption\":false,\"created_timestamp\":false,\"copyright\":false,\"focal_length\":false,\"iso\":false,\"shutter_speed\":false,\"flash\":false,\"title\":false,\"keywords\":false,\"width\":748,\"height\":561,\"saved\":true,\"thumbnail\":{\"width\":100,\"height\":100},\"webview\":{\"0\":748,\"1\":561,\"2\":2,\"3\":\"width=\\\"748\\\" height=\\\"561\\\"\",\"bits\":8,\"channels\":3,\"mime\":\"image\\\/jpeg\"}}},{\"pid\":\"17228\",\"filename\":\"p1000215.jpg\",\"description\":\"\",\"alttext\":\"\",\"link\":\"\",\"imagedate\":\"2014-08-06 17:16:05\",\"hitcounter\":\"207\",\"total_value\":\"0\",\"total_votes\":\"0\",\"meta_data\":{\"aperture\":false,\"credit\":false,\"camera\":false,\"caption\":false,\"created_timestamp\":false,\"copyright\":false,\"focal_length\":false,\"iso\":false,\"shutter_speed\":false,\"flash\":false,\"title\":false,\"keywords\":false,\"width\":748,\"height\":561,\"saved\":true,\"thumbnail\":{\"width\":100,\"height\":100},\"webview\":{\"0\":748,\"1\":561,\"2\":2,\"3\":\"width=\\\"748\\\" height=\\\"561\\\"\",\"bits\":8,\"channels\":3,\"mime\":\"image\\\/jpeg\"}}},{\"pid\":\"17229\",\"filename\":\"p1000217.jpg\",\"description\":\"\",\"alttext\":\"\",\"link\":\"\",\"imagedate\":\"2014-08-06 17:16:07\",\"hitcounter\":\"200\",\"total_value\":\"0\",\"total_votes\":\"0\",\"meta_data\":{\"aperture\":false,\"credit\":false,\"camera\":false,\"caption\":false,\"created_timestamp\":false,\"copyright\":false,\"focal_length\":false,\"iso\":false,\"shutter_speed\":false,\"flash\":false,\"title\":false,\"keywords\":false,\"width\":748,\"height\":561,\"saved\":true,\"thumbnail\":{\"width\":100,\"height\":100},\"webview\":{\"0\":748,\"1\":561,\"2\":2,\"3\":\"width=\\\"748\\\" height=\\\"561\\\"\",\"bits\":8,\"channels\":3,\"mime\":\"image\\\/jpeg\"}}}]}]}<\/script><\/div><noscript id=\"noscript_FlaGallery_sc1_153\"><img class=\"skip-lazy no-lazyload noLazy\" data-lazy-src=\"\" src =\"https:\/\/amigosdeltercertercio.com\/web\/wp-content\/flagallery\/victrix-simulador-armas-ligeras\/p1030677.jpg\" alt=\"\" \/><img class=\"skip-lazy no-lazyload noLazy\" data-lazy-src=\"\" src =\"https:\/\/amigosdeltercertercio.com\/web\/wp-content\/flagallery\/victrix-simulador-armas-ligeras\/p1030678.jpg\" alt=\"\" \/><img class=\"skip-lazy no-lazyload noLazy\" data-lazy-src=\"\" src =\"https:\/\/amigosdeltercertercio.com\/web\/wp-content\/flagallery\/victrix-simulador-armas-ligeras\/p1030679.jpg\" alt=\"\" \/><img class=\"skip-lazy no-lazyload noLazy\" data-lazy-src=\"\" src =\"https:\/\/amigosdeltercertercio.com\/web\/wp-content\/flagallery\/victrix-simulador-armas-ligeras\/p1030680.jpg\" alt=\"\" \/><img class=\"skip-lazy no-lazyload noLazy\" data-lazy-src=\"\" src =\"https:\/\/amigosdeltercertercio.com\/web\/wp-content\/flagallery\/victrix-simulador-armas-ligeras\/p1030681.jpg\" alt=\"\" \/><img class=\"skip-lazy no-lazyload noLazy\" data-lazy-src=\"\" src =\"https:\/\/amigosdeltercertercio.com\/web\/wp-content\/flagallery\/victrix-simulador-armas-ligeras\/p1030682.jpg\" alt=\"\" \/><img class=\"skip-lazy no-lazyload noLazy\" data-lazy-src=\"\" src =\"https:\/\/amigosdeltercertercio.com\/web\/wp-content\/flagallery\/victrix-simulador-armas-ligeras\/p1000213.jpg\" alt=\"\" \/><img class=\"skip-lazy no-lazyload noLazy\" data-lazy-src=\"\" src =\"https:\/\/amigosdeltercertercio.com\/web\/wp-content\/flagallery\/victrix-simulador-armas-ligeras\/p1000215.jpg\" alt=\"\" \/><img class=\"skip-lazy no-lazyload noLazy\" data-lazy-src=\"\" src =\"https:\/\/amigosdeltercertercio.com\/web\/wp-content\/flagallery\/victrix-simulador-armas-ligeras\/p1000217.jpg\" alt=\"\" \/><\/noscript><\/span><\/p>\n<p><b>(1) <span style=\"text-decoration: underline;\">Descripci\u00f3n<\/span><\/b><\/p>\n<p style=\"text-align: justify;\"><span style=\"line-height: 1.5em;\">Consta de una sala dotada de un ordenador con proyector y pantalla de grandes dimensiones.<\/span><\/p>\n<p style=\"text-align: justify;\">\u00a0<span style=\"line-height: 1.5em;\">El Simulador permite simular cualquier entrenamiento que se realice en campos de tiro convencionales, as\u00ed como los realizados en galer\u00edas de tiro preparadas para el combate en poblaci\u00f3n.<\/span><\/p>\n<p style=\"text-align: justify;\">\u00a0<span style=\"line-height: 1.5em;\">Para llevar a cabo estas funcionalidades, se proyecta en pantalla los escenarios virtuales necesarios y se permite a los tiradores interactuar mediante sus propias armas adaptadas para emitir disparos l\u00e1ser (HK G-36E, pistola Llama M-82, fusil Accuracy y Barret) as\u00ed como con una r\u00e9plica de la ametralladora MG4.<\/span><\/p>\n<p style=\"text-align: justify;\">\u00a0<span style=\"line-height: 1.5em;\">El Simulador dispone de un puesto de control, donde el instructor puede \u00a0crear, planificar los ejercicios y definir las condiciones de entrenamiento que se consideren oportunas.<\/span><\/p>\n<p style=\"text-align: justify;\">\u00a0<span style=\"line-height: 1.5em;\">Todos los ejercicios t\u00e1cticos est\u00e1n dotados de un sistema de enfrentamiento inteligente que da realismo y complejidad durante la ejecuci\u00f3n de los ejercicios.<\/span><\/p>\n<p style=\"text-align: justify;\">\u00a0<span style=\"line-height: 1.5em;\">El Simulador permite la simulaci\u00f3n de intensificadores de visi\u00f3n nocturna, permitiendo a los tiradores entrenar usando sus propios dispositivos de visi\u00f3n. Igualmente permite reproducir los cuatro niveles de la noche definidos en el \u201cR-0-0-4 Reglamento Combate Nocturno\u201d.<\/span><\/p>\n<p style=\"text-align: justify;\">\u00a0<b style=\"line-height: 1.5em;\">(2) <span style=\"text-decoration: underline;\">Finalidad<\/span><\/b><\/p>\n<p style=\"text-align: justify;\">\u00a0<span style=\"line-height: 1.5em;\">La finalidad es instruir al combatiente en el tiro instintivo\/convencional en distintos escenarios, consiguiendo una perfecta combinaci\u00f3n de tirador\/arma, al utilizarse el armamento real.<\/span><\/p>\n<p style=\"text-align: justify;\">\u00a0<span style=\"line-height: 1.5em;\">Desarrollar procedimientos coordinando hasta nivel escuadra fuego\/movimiento, para alcanzar el nivel optimo para su aplicaci\u00f3n en escenario real.<\/span><\/p>\n<p><span style=\"color: #444444;\">\u00a0<\/span><\/p>\n","protected":false},"excerpt":{"rendered":"<p>(1) Descripci\u00f3n Consta de una sala dotada de un ordenador con proyector y pantalla de grandes dimensiones. \u00a0El Simulador permite simular cualquier entrenamiento que se realice en campos de tiro convencionales, as\u00ed como los realizados en galer\u00edas de tiro preparadas para el combate en poblaci\u00f3n. \u00a0Para llevar a cabo estas funcionalidades, se proyecta en pantalla [&hellip;]<\/p>\n","protected":false},"author":1,"featured_media":0,"parent":0,"menu_order":0,"comment_status":"closed","ping_status":"closed","template":"","meta":{"ocean_post_layout":"","ocean_both_sidebars_style":"","ocean_both_sidebars_content_width":0,"ocean_both_sidebars_sidebars_width":0,"ocean_sidebar":"","ocean_second_sidebar":"","ocean_disable_margins":"enable","ocean_add_body_class":"","ocean_shortcode_before_top_bar":"","ocean_shortcode_after_top_bar":"","ocean_shortcode_before_header":"","ocean_shortcode_after_header":"","ocean_has_shortcode":"","ocean_shortcode_after_title":"","ocean_shortcode_before_footer_widgets":"","ocean_shortcode_after_footer_widgets":"","ocean_shortcode_before_footer_bottom":"","ocean_shortcode_after_footer_bottom":"","ocean_display_top_bar":"default","ocean_display_header":"default","ocean_header_style":"","ocean_center_header_left_menu":"","ocean_custom_header_template":"","ocean_custom_logo":0,"ocean_custom_retina_logo":0,"ocean_custom_logo_max_width":0,"ocean_custom_logo_tablet_max_width":0,"ocean_custom_logo_mobile_max_width":0,"ocean_custom_logo_max_height":0,"ocean_custom_logo_tablet_max_height":0,"ocean_custom_logo_mobile_max_height":0,"ocean_header_custom_menu":"","ocean_menu_typo_font_family":"","ocean_menu_typo_font_subset":"","ocean_menu_typo_font_size":0,"ocean_menu_typo_font_size_tablet":0,"ocean_menu_typo_font_size_mobile":0,"ocean_menu_typo_font_size_unit":"px","ocean_menu_typo_font_weight":"","ocean_menu_typo_font_weight_tablet":"","ocean_menu_typo_font_weight_mobile":"","ocean_menu_typo_transform":"","ocean_menu_typo_transform_tablet":"","ocean_menu_typo_transform_mobile":"","ocean_menu_typo_line_height":0,"ocean_menu_typo_line_height_tablet":0,"ocean_menu_typo_line_height_mobile":0,"ocean_menu_typo_line_height_unit":"","ocean_menu_typo_spacing":0,"ocean_menu_typo_spacing_tablet":0,"ocean_menu_typo_spacing_mobile":0,"ocean_menu_typo_spacing_unit":"","ocean_menu_link_color":"","ocean_menu_link_color_hover":"","ocean_menu_link_color_active":"","ocean_menu_link_background":"","ocean_menu_link_hover_background":"","ocean_menu_link_active_background":"","ocean_menu_social_links_bg":"","ocean_menu_social_hover_links_bg":"","ocean_menu_social_links_color":"","ocean_menu_social_hover_links_color":"","ocean_disable_title":"default","ocean_disable_heading":"default","ocean_post_title":"","ocean_post_subheading":"","ocean_post_title_style":"","ocean_post_title_background_color":"","ocean_post_title_background":0,"ocean_post_title_bg_image_position":"","ocean_post_title_bg_image_attachment":"","ocean_post_title_bg_image_repeat":"","ocean_post_title_bg_image_size":"","ocean_post_title_height":0,"ocean_post_title_bg_overlay":0.5,"ocean_post_title_bg_overlay_color":"","ocean_disable_breadcrumbs":"default","ocean_breadcrumbs_color":"","ocean_breadcrumbs_separator_color":"","ocean_breadcrumbs_links_color":"","ocean_breadcrumbs_links_hover_color":"","ocean_display_footer_widgets":"default","ocean_display_footer_bottom":"default","ocean_custom_footer_template":"","footnotes":""},"class_list":["post-874","page","type-page","status-publish","hentry","entry"],"yoast_head":"<!-- This site is optimized with the Yoast SEO plugin v27.4 - https:\/\/yoast.com\/product\/yoast-seo-wordpress\/ -->\n<title>VICTRIX &quot;Simulador Armas Ligeras&quot; -<\/title>\n<meta name=\"robots\" content=\"index, follow, max-snippet:-1, max-image-preview:large, max-video-preview:-1\" \/>\n<link rel=\"canonical\" href=\"https:\/\/amigosdeltercertercio.com\/web\/victrix\/\" \/>\n<meta property=\"og:locale\" content=\"es_ES\" \/>\n<meta property=\"og:type\" content=\"article\" \/>\n<meta property=\"og:title\" content=\"VICTRIX &quot;Simulador Armas Ligeras&quot; -\" \/>\n<meta property=\"og:description\" content=\"(1) Descripci\u00f3n Consta de una sala dotada de un ordenador con proyector y pantalla de grandes dimensiones. \u00a0El Simulador permite simular cualquier entrenamiento que se realice en campos de tiro convencionales, as\u00ed como los realizados en galer\u00edas de tiro preparadas para el combate en poblaci\u00f3n. \u00a0Para llevar a cabo estas funcionalidades, se proyecta en pantalla [&hellip;]\" \/>\n<meta property=\"og:url\" content=\"https:\/\/amigosdeltercertercio.com\/web\/victrix\/\" \/>\n<meta property=\"article:modified_time\" content=\"2014-08-06T17:18:13+00:00\" \/>\n<meta name=\"twitter:card\" content=\"summary_large_image\" \/>\n<meta name=\"twitter:label1\" content=\"Tiempo de lectura\" \/>\n\t<meta name=\"twitter:data1\" content=\"1 minuto\" \/>\n<script type=\"application\/ld+json\" class=\"yoast-schema-graph\">{\"@context\":\"https:\\\/\\\/schema.org\",\"@graph\":[{\"@type\":\"WebPage\",\"@id\":\"https:\\\/\\\/amigosdeltercertercio.com\\\/web\\\/victrix\\\/\",\"url\":\"https:\\\/\\\/amigosdeltercertercio.com\\\/web\\\/victrix\\\/\",\"name\":\"VICTRIX \\\"Simulador Armas Ligeras\\\" -\",\"isPartOf\":{\"@id\":\"https:\\\/\\\/amigosdeltercertercio.com\\\/web\\\/#website\"},\"datePublished\":\"2014-04-22T17:55:31+00:00\",\"dateModified\":\"2014-08-06T17:18:13+00:00\",\"breadcrumb\":{\"@id\":\"https:\\\/\\\/amigosdeltercertercio.com\\\/web\\\/victrix\\\/#breadcrumb\"},\"inLanguage\":\"es\",\"potentialAction\":[{\"@type\":\"ReadAction\",\"target\":[\"https:\\\/\\\/amigosdeltercertercio.com\\\/web\\\/victrix\\\/\"]}]},{\"@type\":\"BreadcrumbList\",\"@id\":\"https:\\\/\\\/amigosdeltercertercio.com\\\/web\\\/victrix\\\/#breadcrumb\",\"itemListElement\":[{\"@type\":\"ListItem\",\"position\":1,\"name\":\"Home\",\"item\":\"https:\\\/\\\/amigosdeltercertercio.com\\\/web\\\/\"},{\"@type\":\"ListItem\",\"position\":2,\"name\":\"VICTRIX \u00abSimulador Armas Ligeras\u00bb\"}]},{\"@type\":\"WebSite\",\"@id\":\"https:\\\/\\\/amigosdeltercertercio.com\\\/web\\\/#website\",\"url\":\"https:\\\/\\\/amigosdeltercertercio.com\\\/web\\\/\",\"name\":\"\",\"description\":\"\",\"potentialAction\":[{\"@type\":\"SearchAction\",\"target\":{\"@type\":\"EntryPoint\",\"urlTemplate\":\"https:\\\/\\\/amigosdeltercertercio.com\\\/web\\\/?s={search_term_string}\"},\"query-input\":{\"@type\":\"PropertyValueSpecification\",\"valueRequired\":true,\"valueName\":\"search_term_string\"}}],\"inLanguage\":\"es\"}]}<\/script>\n<!-- \/ Yoast SEO plugin. -->","yoast_head_json":{"title":"VICTRIX \"Simulador Armas Ligeras\" -","robots":{"index":"index","follow":"follow","max-snippet":"max-snippet:-1","max-image-preview":"max-image-preview:large","max-video-preview":"max-video-preview:-1"},"canonical":"https:\/\/amigosdeltercertercio.com\/web\/victrix\/","og_locale":"es_ES","og_type":"article","og_title":"VICTRIX \"Simulador Armas Ligeras\" -","og_description":"(1) Descripci\u00f3n Consta de una sala dotada de un ordenador con proyector y pantalla de grandes dimensiones. \u00a0El Simulador permite simular cualquier entrenamiento que se realice en campos de tiro convencionales, as\u00ed como los realizados en galer\u00edas de tiro preparadas para el combate en poblaci\u00f3n. \u00a0Para llevar a cabo estas funcionalidades, se proyecta en pantalla [&hellip;]","og_url":"https:\/\/amigosdeltercertercio.com\/web\/victrix\/","article_modified_time":"2014-08-06T17:18:13+00:00","twitter_card":"summary_large_image","twitter_misc":{"Tiempo de lectura":"1 minuto"},"schema":{"@context":"https:\/\/schema.org","@graph":[{"@type":"WebPage","@id":"https:\/\/amigosdeltercertercio.com\/web\/victrix\/","url":"https:\/\/amigosdeltercertercio.com\/web\/victrix\/","name":"VICTRIX \"Simulador Armas Ligeras\" -","isPartOf":{"@id":"https:\/\/amigosdeltercertercio.com\/web\/#website"},"datePublished":"2014-04-22T17:55:31+00:00","dateModified":"2014-08-06T17:18:13+00:00","breadcrumb":{"@id":"https:\/\/amigosdeltercertercio.com\/web\/victrix\/#breadcrumb"},"inLanguage":"es","potentialAction":[{"@type":"ReadAction","target":["https:\/\/amigosdeltercertercio.com\/web\/victrix\/"]}]},{"@type":"BreadcrumbList","@id":"https:\/\/amigosdeltercertercio.com\/web\/victrix\/#breadcrumb","itemListElement":[{"@type":"ListItem","position":1,"name":"Home","item":"https:\/\/amigosdeltercertercio.com\/web\/"},{"@type":"ListItem","position":2,"name":"VICTRIX \u00abSimulador Armas Ligeras\u00bb"}]},{"@type":"WebSite","@id":"https:\/\/amigosdeltercertercio.com\/web\/#website","url":"https:\/\/amigosdeltercertercio.com\/web\/","name":"","description":"","potentialAction":[{"@type":"SearchAction","target":{"@type":"EntryPoint","urlTemplate":"https:\/\/amigosdeltercertercio.com\/web\/?s={search_term_string}"},"query-input":{"@type":"PropertyValueSpecification","valueRequired":true,"valueName":"search_term_string"}}],"inLanguage":"es"}]}},"_links":{"self":[{"href":"https:\/\/amigosdeltercertercio.com\/web\/wp-json\/wp\/v2\/pages\/874","targetHints":{"allow":["GET"]}}],"collection":[{"href":"https:\/\/amigosdeltercertercio.com\/web\/wp-json\/wp\/v2\/pages"}],"about":[{"href":"https:\/\/amigosdeltercertercio.com\/web\/wp-json\/wp\/v2\/types\/page"}],"author":[{"embeddable":true,"href":"https:\/\/amigosdeltercertercio.com\/web\/wp-json\/wp\/v2\/users\/1"}],"replies":[{"embeddable":true,"href":"https:\/\/amigosdeltercertercio.com\/web\/wp-json\/wp\/v2\/comments?post=874"}],"version-history":[{"count":7,"href":"https:\/\/amigosdeltercertercio.com\/web\/wp-json\/wp\/v2\/pages\/874\/revisions"}],"predecessor-version":[{"id":3158,"href":"https:\/\/amigosdeltercertercio.com\/web\/wp-json\/wp\/v2\/pages\/874\/revisions\/3158"}],"wp:attachment":[{"href":"https:\/\/amigosdeltercertercio.com\/web\/wp-json\/wp\/v2\/media?parent=874"}],"curies":[{"name":"wp","href":"https:\/\/api.w.org\/{rel}","templated":true}]}}